{"id":334,"date":"2025-12-23T04:15:27","date_gmt":"2025-12-23T04:15:27","guid":{"rendered":"https:\/\/marriageagencyru.com\/product\/%d1%88%d1%83%d0%ba%d0%b0%d1%94%d0%bc%d0%be-%d0%bd%d0%b0%d1%80%d0%b5%d1%87%d0%b5%d0%bd%d0%b8%d1%85-%d0%b4%d0%be-30-%d1%80%d0%be%d0%ba%d1%96%d0%b2-vip-%d0%b7%d0%bd%d0%b0%d0%b9%d0%be%d0%bc%d1%81%d1%82\/"},"modified":"2025-12-23T04:15:27","modified_gmt":"2025-12-23T04:15:27","slug":"%d1%88%d1%83%d0%ba%d0%b0%d1%94%d0%bc%d0%be-%d0%bd%d0%b0%d1%80%d0%b5%d1%87%d0%b5%d0%bd%d0%b8%d1%85-%d0%b4%d0%be-30-%d1%80%d0%be%d0%ba%d1%96%d0%b2-vip-%d0%b7%d0%bd%d0%b0%d0%b9%d0%be%d0%bc%d1%81%d1%82","status":"publish","type":"product","link":"https:\/\/marriageagencyru.com\/fr\/produit\/%d1%88%d1%83%d0%ba%d0%b0%d1%94%d0%bc%d0%be-%d0%bd%d0%b0%d1%80%d0%b5%d1%87%d0%b5%d0%bd%d0%b8%d1%85-%d0%b4%d0%be-30-%d1%80%d0%be%d0%ba%d1%96%d0%b2-vip-%d0%b7%d0%bd%d0%b0%d0%b9%d0%be%d0%bc%d1%81%d1%82\/","title":{"rendered":"Recherche de partenaires de moins de 30 ans : rencontres VIP en Chine."},"content":{"rendered":"<h3 data-path-to-node=\"3\">Focus sur les enfants et l'\u00e9ducation (L'avenir des enfants)<\/h3>\n<p data-path-to-node=\"4\"><i data-path-to-node=\"4\" data-index-in-node=\"0\">Les Ukrainiennes sont des m\u00e8res tr\u00e8s attentionn\u00e9es. L'argument d'un avenir merveilleux pour les enfants en Chine est l'un des plus forts.<\/i><\/p>\n<p data-path-to-node=\"5\"><b data-path-to-node=\"5\" data-index-in-node=\"0\">Titre : Le meilleur avenir pour vos enfants.<\/b><\/p>\n<p data-path-to-node=\"6\">Chaque femme, lorsqu'elle fonde une famille, pense \u00e0 ses enfants. O\u00f9 seront-ils en s\u00e9curit\u00e9 ? O\u00f9 recevront-ils la meilleure \u00e9ducation ? La r\u00e9ponse est la Chine.<\/p>\n<p data-path-to-node=\"7\">Il existe un culte de l'enfant. Il y a les \u00e9coles et les universit\u00e9s les plus modernes du monde. Et le plus important, c'est la s\u00e9curit\u00e9. Vous n'avez pas \u00e0 craindre que votre enfant joue dans la rue.<\/p>\n<p data-path-to-node=\"8\"><b data-path-to-node=\"8\" data-index-in-node=\"0\">Dans la ville de Foshan, nous r\u00e9cup\u00e9rons des hommes, Iki :<\/b><\/p>\n<ul data-path-to-node=\"9\">\n<li>\n<p data-path-to-node=\"9,0,0\">R\u00eaver de devenir p\u00e8re.<\/p>\n<\/li>\n<li>\n<p data-path-to-node=\"9,1,0\">Pr\u00eat \u00e0 offrir aux enfants tout ce qu'il y a de mieux (\u00e9coles priv\u00e9es, movi, podorozhi).<\/p>\n<\/li>\n<li>\n<p data-path-to-node=\"9,2,0\">Ils consid\u00e8rent les enfants m\u00e9tis (issus d'un couple europ\u00e9en et chinois) comme les plus beaux et les plus intelligents du monde.<\/p>\n<\/li>\n<\/ul>\n<p data-path-to-node=\"10\">Si vous voulez avoir confiance en l'avenir de votre famille, \u00e9crivez-nous. Agence <b data-path-to-node=\"10\" data-index-in-node=\"85\">R\u00e9unionLes deux<\/b>. Gratuit pour les filles de moins de 30 ans.<\/p>\n<p data-path-to-node=\"11\">\ud83d\udce9 <b data-path-to-node=\"11\" data-index-in-node=\"3\">Courriel :<\/b> nolan@meetingboth.com<\/p>\n<hr data-path-to-node=\"12\" \/>\n<h3 data-path-to-node=\"13\">Option 14 : Esth\u00e9tique et \u00abg\u00e8nes\u00bb (Beautiful Genes)<\/h3>\n<p data-path-to-node=\"14\"><i data-path-to-node=\"14\" data-index-in-node=\"0\">En Asie, on pense que les enfants issus de mariages mixtes sont les plus beaux. Il est bon que les filles sachent que leurs g\u00e8nes sont appr\u00e9ci\u00e9s.<\/i><\/p>\n<p data-path-to-node=\"15\"><b data-path-to-node=\"15\" data-index-in-node=\"0\">Titre : \"Why do Chinese millionaires look for Ukrainian women ?<\/b><\/p>\n<p data-path-to-node=\"16\">Le secret est simple : ils r\u00eavent de beaux enfants. En Chine, il existe une id\u00e9e selon laquelle les enfants qui ont des relations sexuelles avec des Europ\u00e9ennes (en particulier des Slov\u00e8nes) prennent le meilleur des deux p\u00e8res : l'intelligence de l'Orient et la beaut\u00e9 de l'Occident.<\/p>\n<p data-path-to-node=\"17\">C'est pourquoi les hommes de Foshan sont pr\u00eats \u00e0 porter une amie ukrainienne dans leurs bras. Pour eux, vous \u00eates un tr\u00e9sor. N'est-ce pas l'attitude que vous esp\u00e9riez ?<\/p>\n<p data-path-to-node=\"18\"><b data-path-to-node=\"18\" data-index-in-node=\"0\">R\u00e9union d'agenceLes deux offres :<\/b><\/p>\n<ul data-path-to-node=\"19\">\n<li>\n<p data-path-to-node=\"19,0,0\">\u00catre la muse d'un homme \u00e0 succ\u00e8s.<\/p>\n<\/li>\n<li>\n<p data-path-to-node=\"19,1,0\">Vivre dans la prosp\u00e9rit\u00e9 et l'amour.<\/p>\n<\/li>\n<li>\n<p data-path-to-node=\"19,2,0\">Me r\u00e9aliser en tant que femme et m\u00e8re.<\/p>\n<\/li>\n<\/ul>\n<p data-path-to-node=\"20\">Nous v\u00e9rifions votre questionnaire, nous vous demandons de r\u00e9pondre \u00e0 30 questions et vous \u00eates pr\u00eats \u00e0 vous lancer dans une s\u00e9rie d'actions.<\/p>\n<p data-path-to-node=\"21\">\ud83d\udc49 <b data-path-to-node=\"21\" data-index-in-node=\"3\">Photo de Nadsilai ici :<\/b> nolan@meetingboth.com<\/p>","protected":false},"excerpt":{"rendered":"<p>\u0410\u043a\u0446\u0435\u043d\u0442 \u043d\u0430 \u0434\u0435\u0442\u0435\u0439 \u0438 \u043e\u0431\u0440\u0430\u0437\u043e\u0432\u0430\u043d\u0438\u0435 (Future of Children) \u0423\u043a\u0440\u0430\u0438\u043d\u0441\u043a\u0438\u0435 \u0436\u0435\u043d\u0449\u0438\u043d\u044b \u043e\u0447\u0435\u043d\u044c \u0437\u0430\u0431\u043e\u0442\u043b\u0438\u0432\u044b\u0435 \u043c\u0430\u0442\u0435\u0440\u0438. \u0410\u0440\u0433\u0443\u043c\u0435\u043d\u0442 \u043e \u043f\u0440\u0435\u043a\u0440\u0430\u0441\u043d\u043e\u043c \u0431\u0443\u0434\u0443\u0449\u0435\u043c \u0434\u043b\u044f \u0434\u0435\u0442\u0435\u0439 \u0432 \u041a\u0438\u0442\u0430\u0435 \u2014 \u043e\u0434\u0438\u043d \u0438\u0437 \u0441\u0430\u043c\u044b\u0445 \u0441\u0438\u043b\u044c\u043d\u044b\u0445. \u0417\u0430\u0433\u043e\u043b\u043e\u0432\u043e\u043a: \u041d\u0430\u0439\u043a\u0440\u0430\u0449\u0435 \u043c\u0430\u0439\u0431\u0443\u0442\u043d\u0454 \u0434\u043b\u044f \u0442\u0432\u043e\u0457\u0445 \u0434\u0456\u0442\u0435\u0439. \u041a\u043e\u0436\u043d\u0430 \u0436\u0456\u043d\u043a\u0430, \u0441\u0442\u0432\u043e\u0440\u044e\u044e\u0447\u0438 \u0441\u0456\u043c&#8217;\u044e, \u0434\u0443\u043c\u0430\u0454 \u043f\u0440\u043e \u0434\u0456\u0442\u0435\u0439. \u0414\u0435 \u0457\u043c \u0431\u0443\u0434\u0435 \u0431\u0435\u0437\u043f\u0435\u0447\u043d\u043e? \u0414\u0435 \u0432\u043e\u043d\u0438 \u043e\u0442\u0440\u0438\u043c\u0430\u044e\u0442\u044c \u043d\u0430\u0439\u043a\u0440\u0430\u0449\u0443 \u043e\u0441\u0432\u0456\u0442\u0443? \u0412\u0456\u0434\u043f\u043e\u0432\u0456\u0434\u044c \u2014 \u041a\u0438\u0442\u0430\u0439. \u0422\u0443\u0442 \u043a\u0443\u043b\u044c\u0442 \u0434\u0456\u0442\u0435\u0439. \u0422\u0443\u0442 [&hellip;]<\/p>","protected":false},"featured_media":127,"comment_status":"open","ping_status":"closed","template":"","meta":{"_et_pb_use_builder":"","_et_pb_old_content":"","_et_gb_content_width":""},"product_brand":[],"product_cat":[],"product_tag":[],"class_list":{"0":"post-334","1":"product","2":"type-product","3":"status-publish","4":"has-post-thumbnail","7":"first","8":"instock","9":"shipping-taxable","10":"purchasable","11":"product-type-simple"},"yoast_head":"<!-- This site is optimized with the Yoast SEO plugin v26.6 - https:\/\/yoast.com\/wordpress\/plugins\/seo\/ -->\n<title>\u0428\u0443\u043a\u0430\u0454\u043c\u043e \u043d\u0430\u0440\u0435\u0447\u0435\u043d\u0438\u0445 \u0434\u043e 30 \u0440\u043e\u043a\u0456\u0432: VIP-\u0437\u043d\u0430\u0439\u043e\u043c\u0441\u0442\u0432\u0430 \u0443 \u041a\u0438\u0442\u0430\u0457. \u041c\u0435\u0436\u0434\u0443\u043d\u0430\u0440\u043e\u0434\u043d\u043e\u0435 \u0431\u0440\u0430\u0447\u043d\u043e\u0435 \u0430\u0433\u0435\u043d\u0442\u0441\u0442\u0432\u043e: \u0417\u043d\u0430\u043a\u043e\u043c\u0441\u0442\u0432\u0430 \u0420\u043e\u0441\u0441\u0438\u044f, \u0423\u043a\u0440\u0430\u0438\u043d\u0430, \u0411\u0435\u043b\u0430\u0440\u0443\u0441\u044c \u0438 \u041a\u0438\u0442\u0430\u0439<\/title>\n<meta name=\"robots\" content=\"index, follow, max-snippet:-1, max-image-preview:large, max-video-preview:-1\" \/>\n<link rel=\"canonical\" href=\"https:\/\/marriageagencyru.com\/fr\/produit\/\u0448\u0443\u043a\u0430\u0454\u043c\u043e-\u043d\u0430\u0440\u0435\u0447\u0435\u043d\u0438\u0445-\u0434\u043e-30-\u0440\u043e\u043a\u0456\u0432-vip-\u0437\u043d\u0430\u0439\u043e\u043c\u0441\u0442\/\" \/>\n<meta property=\"og:locale\" content=\"fr_FR\" \/>\n<meta property=\"og:type\" content=\"article\" \/>\n<meta property=\"og:title\" content=\"\u0428\u0443\u043a\u0430\u0454\u043c\u043e \u043d\u0430\u0440\u0435\u0447\u0435\u043d\u0438\u0445 \u0434\u043e 30 \u0440\u043e\u043a\u0456\u0432: VIP-\u0437\u043d\u0430\u0439\u043e\u043c\u0441\u0442\u0432\u0430 \u0443 \u041a\u0438\u0442\u0430\u0457. \u041c\u0435\u0436\u0434\u0443\u043d\u0430\u0440\u043e\u0434\u043d\u043e\u0435 \u0431\u0440\u0430\u0447\u043d\u043e\u0435 \u0430\u0433\u0435\u043d\u0442\u0441\u0442\u0432\u043e: \u0417\u043d\u0430\u043a\u043e\u043c\u0441\u0442\u0432\u0430 \u0420\u043e\u0441\u0441\u0438\u044f, \u0423\u043a\u0440\u0430\u0438\u043d\u0430, \u0411\u0435\u043b\u0430\u0440\u0443\u0441\u044c \u0438 \u041a\u0438\u0442\u0430\u0439\" \/>\n<meta property=\"og:description\" content=\"\u0410\u043a\u0446\u0435\u043d\u0442 \u043d\u0430 \u0434\u0435\u0442\u0435\u0439 \u0438 \u043e\u0431\u0440\u0430\u0437\u043e\u0432\u0430\u043d\u0438\u0435 (Future of Children) \u0423\u043a\u0440\u0430\u0438\u043d\u0441\u043a\u0438\u0435 \u0436\u0435\u043d\u0449\u0438\u043d\u044b \u043e\u0447\u0435\u043d\u044c \u0437\u0430\u0431\u043e\u0442\u043b\u0438\u0432\u044b\u0435 \u043c\u0430\u0442\u0435\u0440\u0438. \u0410\u0440\u0433\u0443\u043c\u0435\u043d\u0442 \u043e \u043f\u0440\u0435\u043a\u0440\u0430\u0441\u043d\u043e\u043c \u0431\u0443\u0434\u0443\u0449\u0435\u043c \u0434\u043b\u044f \u0434\u0435\u0442\u0435\u0439 \u0432 \u041a\u0438\u0442\u0430\u0435 \u2014 \u043e\u0434\u0438\u043d \u0438\u0437 \u0441\u0430\u043c\u044b\u0445 \u0441\u0438\u043b\u044c\u043d\u044b\u0445. \u0417\u0430\u0433\u043e\u043b\u043e\u0432\u043e\u043a: \u041d\u0430\u0439\u043a\u0440\u0430\u0449\u0435 \u043c\u0430\u0439\u0431\u0443\u0442\u043d\u0454 \u0434\u043b\u044f \u0442\u0432\u043e\u0457\u0445 \u0434\u0456\u0442\u0435\u0439. \u041a\u043e\u0436\u043d\u0430 \u0436\u0456\u043d\u043a\u0430, \u0441\u0442\u0432\u043e\u0440\u044e\u044e\u0447\u0438 \u0441\u0456\u043c&#8217;\u044e, \u0434\u0443\u043c\u0430\u0454 \u043f\u0440\u043e \u0434\u0456\u0442\u0435\u0439. \u0414\u0435 \u0457\u043c \u0431\u0443\u0434\u0435 \u0431\u0435\u0437\u043f\u0435\u0447\u043d\u043e? \u0414\u0435 \u0432\u043e\u043d\u0438 \u043e\u0442\u0440\u0438\u043c\u0430\u044e\u0442\u044c \u043d\u0430\u0439\u043a\u0440\u0430\u0449\u0443 \u043e\u0441\u0432\u0456\u0442\u0443? \u0412\u0456\u0434\u043f\u043e\u0432\u0456\u0434\u044c \u2014 \u041a\u0438\u0442\u0430\u0439. \u0422\u0443\u0442 \u043a\u0443\u043b\u044c\u0442 \u0434\u0456\u0442\u0435\u0439. \u0422\u0443\u0442 [&hellip;]\" \/>\n<meta property=\"og:url\" content=\"https:\/\/marriageagencyru.com\/fr\/produit\/\u0448\u0443\u043a\u0430\u0454\u043c\u043e-\u043d\u0430\u0440\u0435\u0447\u0435\u043d\u0438\u0445-\u0434\u043e-30-\u0440\u043e\u043a\u0456\u0432-vip-\u0437\u043d\u0430\u0439\u043e\u043c\u0441\u0442\/\" \/>\n<meta property=\"og:site_name\" content=\"marriageagencyru.com\" \/>\n<meta property=\"og:image\" content=\"https:\/\/marriageagencyru.com\/wp-content\/uploads\/2025\/12\/4.jpg\" \/>\n\t<meta property=\"og:image:width\" content=\"1024\" \/>\n\t<meta property=\"og:image:height\" content=\"1024\" \/>\n\t<meta property=\"og:image:type\" content=\"image\/jpeg\" \/>\n<meta name=\"twitter:card\" content=\"summary_large_image\" \/>\n<script type=\"application\/ld+json\" class=\"yoast-schema-graph\">{\"@context\":\"https:\/\/schema.org\",\"@graph\":[{\"@type\":\"WebPage\",\"@id\":\"https:\/\/marriageagencyru.com\/fr\/produit\/%d1%88%d1%83%d0%ba%d0%b0%d1%94%d0%bc%d0%be-%d0%bd%d0%b0%d1%80%d0%b5%d1%87%d0%b5%d0%bd%d0%b8%d1%85-%d0%b4%d0%be-30-%d1%80%d0%be%d0%ba%d1%96%d0%b2-vip-%d0%b7%d0%bd%d0%b0%d0%b9%d0%be%d0%bc%d1%81%d1%82\/\",\"url\":\"https:\/\/marriageagencyru.com\/fr\/produit\/%d1%88%d1%83%d0%ba%d0%b0%d1%94%d0%bc%d0%be-%d0%bd%d0%b0%d1%80%d0%b5%d1%87%d0%b5%d0%bd%d0%b8%d1%85-%d0%b4%d0%be-30-%d1%80%d0%be%d0%ba%d1%96%d0%b2-vip-%d0%b7%d0%bd%d0%b0%d0%b9%d0%be%d0%bc%d1%81%d1%82\/\",\"name\":\"\u0428\u0443\u043a\u0430\u0454\u043c\u043e \u043d\u0430\u0440\u0435\u0447\u0435\u043d\u0438\u0445 \u0434\u043e 30 \u0440\u043e\u043a\u0456\u0432: VIP-\u0437\u043d\u0430\u0439\u043e\u043c\u0441\u0442\u0432\u0430 \u0443 \u041a\u0438\u0442\u0430\u0457. \u041c\u0435\u0436\u0434\u0443\u043d\u0430\u0440\u043e\u0434\u043d\u043e\u0435 \u0431\u0440\u0430\u0447\u043d\u043e\u0435 \u0430\u0433\u0435\u043d\u0442\u0441\u0442\u0432\u043e: \u0417\u043d\u0430\u043a\u043e\u043c\u0441\u0442\u0432\u0430 \u0420\u043e\u0441\u0441\u0438\u044f, \u0423\u043a\u0440\u0430\u0438\u043d\u0430, \u0411\u0435\u043b\u0430\u0440\u0443\u0441\u044c \u0438 \u041a\u0438\u0442\u0430\u0439\",\"isPartOf\":{\"@id\":\"https:\/\/marriageagencyru.com\/#website\"},\"primaryImageOfPage\":{\"@id\":\"https:\/\/marriageagencyru.com\/fr\/produit\/%d1%88%d1%83%d0%ba%d0%b0%d1%94%d0%bc%d0%be-%d0%bd%d0%b0%d1%80%d0%b5%d1%87%d0%b5%d0%bd%d0%b8%d1%85-%d0%b4%d0%be-30-%d1%80%d0%be%d0%ba%d1%96%d0%b2-vip-%d0%b7%d0%bd%d0%b0%d0%b9%d0%be%d0%bc%d1%81%d1%82\/#primaryimage\"},\"image\":{\"@id\":\"https:\/\/marriageagencyru.com\/fr\/produit\/%d1%88%d1%83%d0%ba%d0%b0%d1%94%d0%bc%d0%be-%d0%bd%d0%b0%d1%80%d0%b5%d1%87%d0%b5%d0%bd%d0%b8%d1%85-%d0%b4%d0%be-30-%d1%80%d0%be%d0%ba%d1%96%d0%b2-vip-%d0%b7%d0%bd%d0%b0%d0%b9%d0%be%d0%bc%d1%81%d1%82\/#primaryimage\"},\"thumbnailUrl\":\"https:\/\/marriageagencyru.com\/wp-content\/uploads\/2025\/12\/4.jpg\",\"datePublished\":\"2025-12-23T04:15:27+00:00\",\"breadcrumb\":{\"@id\":\"https:\/\/marriageagencyru.com\/fr\/produit\/%d1%88%d1%83%d0%ba%d0%b0%d1%94%d0%bc%d0%be-%d0%bd%d0%b0%d1%80%d0%b5%d1%87%d0%b5%d0%bd%d0%b8%d1%85-%d0%b4%d0%be-30-%d1%80%d0%be%d0%ba%d1%96%d0%b2-vip-%d0%b7%d0%bd%d0%b0%d0%b9%d0%be%d0%bc%d1%81%d1%82\/#breadcrumb\"},\"inLanguage\":\"fr-FR\",\"potentialAction\":[{\"@type\":\"ReadAction\",\"target\":[\"https:\/\/marriageagencyru.com\/fr\/produit\/%d1%88%d1%83%d0%ba%d0%b0%d1%94%d0%bc%d0%be-%d0%bd%d0%b0%d1%80%d0%b5%d1%87%d0%b5%d0%bd%d0%b8%d1%85-%d0%b4%d0%be-30-%d1%80%d0%be%d0%ba%d1%96%d0%b2-vip-%d0%b7%d0%bd%d0%b0%d0%b9%d0%be%d0%bc%d1%81%d1%82\/\"]}]},{\"@type\":\"ImageObject\",\"inLanguage\":\"fr-FR\",\"@id\":\"https:\/\/marriageagencyru.com\/fr\/produit\/%d1%88%d1%83%d0%ba%d0%b0%d1%94%d0%bc%d0%be-%d0%bd%d0%b0%d1%80%d0%b5%d1%87%d0%b5%d0%bd%d0%b8%d1%85-%d0%b4%d0%be-30-%d1%80%d0%be%d0%ba%d1%96%d0%b2-vip-%d0%b7%d0%bd%d0%b0%d0%b9%d0%be%d0%bc%d1%81%d1%82\/#primaryimage\",\"url\":\"https:\/\/marriageagencyru.com\/wp-content\/uploads\/2025\/12\/4.jpg\",\"contentUrl\":\"https:\/\/marriageagencyru.com\/wp-content\/uploads\/2025\/12\/4.jpg\",\"width\":1024,\"height\":1024},{\"@type\":\"BreadcrumbList\",\"@id\":\"https:\/\/marriageagencyru.com\/fr\/produit\/%d1%88%d1%83%d0%ba%d0%b0%d1%94%d0%bc%d0%be-%d0%bd%d0%b0%d1%80%d0%b5%d1%87%d0%b5%d0%bd%d0%b8%d1%85-%d0%b4%d0%be-30-%d1%80%d0%be%d0%ba%d1%96%d0%b2-vip-%d0%b7%d0%bd%d0%b0%d0%b9%d0%be%d0%bc%d1%81%d1%82\/#breadcrumb\",\"itemListElement\":[{\"@type\":\"ListItem\",\"position\":1,\"name\":\"Home\",\"item\":\"https:\/\/marriageagencyru.com\/\"},{\"@type\":\"ListItem\",\"position\":2,\"name\":\"Shop\",\"item\":\"https:\/\/marriageagencyru.com\/shop\/\"},{\"@type\":\"ListItem\",\"position\":3,\"name\":\"\u0428\u0443\u043a\u0430\u0454\u043c\u043e \u043d\u0430\u0440\u0435\u0447\u0435\u043d\u0438\u0445 \u0434\u043e 30 \u0440\u043e\u043a\u0456\u0432: VIP-\u0437\u043d\u0430\u0439\u043e\u043c\u0441\u0442\u0432\u0430 \u0443 \u041a\u0438\u0442\u0430\u0457.\"}]},{\"@type\":\"WebSite\",\"@id\":\"https:\/\/marriageagencyru.com\/#website\",\"url\":\"https:\/\/marriageagencyru.com\/\",\"name\":\"marriageagencyru.com\",\"description\":\"\u041c\u0435\u0436\u0434\u0443\u043d\u0430\u0440\u043e\u0434\u043d\u043e\u0435 \u0431\u0440\u0430\u0447\u043d\u043e\u0435 \u0430\u0433\u0435\u043d\u0442\u0441\u0442\u0432\u043e marriageagencyru | \u0420\u043e\u0441\u0441\u0438\u044f, \u0411\u0435\u043b\u0430\u0440\u0443\u0441\u044c, \u0423\u043a\u0440\u0430\u0438\u043d\u0430 | \u042d\u043b\u0438\u0442\u043d\u044b\u0435 \u0437\u043d\u0430\u043a\u043e\u043c\u0441\u0442\u0432\u0430 \u0432 \u041a\u0438\u0442\u0430\u0435\",\"alternateName\":\"\u0412\u044b\u0439\u0442\u0438 \u0437\u0430\u043c\u0443\u0436 \u0432 \u041a\u0438\u0442\u0430\u0439: \u0411\u0440\u0430\u0447\u043d\u043e\u0435 \u0430\u0433\u0435\u043d\u0442\u0441\u0442\u0432\u043e \u0434\u043b\u044f \u0420\u043e\u0441\u0441\u0438\u0438, \u0423\u043a\u0440\u0430\u0438\u043d\u044b \u0438 \u0411\u0435\u043b\u0430\u0440\u0443\u0441\u0438 | marriageagencyru\",\"potentialAction\":[{\"@type\":\"SearchAction\",\"target\":{\"@type\":\"EntryPoint\",\"urlTemplate\":\"https:\/\/marriageagencyru.com\/?s={search_term_string}\"},\"query-input\":{\"@type\":\"PropertyValueSpecification\",\"valueRequired\":true,\"valueName\":\"search_term_string\"}}],\"inLanguage\":\"fr-FR\"}]}<\/script>\n<!-- \/ Yoast SEO plugin. -->","yoast_head_json":{"title":"\u0428\u0443\u043a\u0430\u0454\u043c\u043e \u043d\u0430\u0440\u0435\u0447\u0435\u043d\u0438\u0445 \u0434\u043e 30 \u0440\u043e\u043a\u0456\u0432: VIP-\u0437\u043d\u0430\u0439\u043e\u043c\u0441\u0442\u0432\u0430 \u0443 \u041a\u0438\u0442\u0430\u0457. \u041c\u0435\u0436\u0434\u0443\u043d\u0430\u0440\u043e\u0434\u043d\u043e\u0435 \u0431\u0440\u0430\u0447\u043d\u043e\u0435 \u0430\u0433\u0435\u043d\u0442\u0441\u0442\u0432\u043e: \u0417\u043d\u0430\u043a\u043e\u043c\u0441\u0442\u0432\u0430 \u0420\u043e\u0441\u0441\u0438\u044f, \u0423\u043a\u0440\u0430\u0438\u043d\u0430, \u0411\u0435\u043b\u0430\u0440\u0443\u0441\u044c \u0438 \u041a\u0438\u0442\u0430\u0439","robots":{"index":"index","follow":"follow","max-snippet":"max-snippet:-1","max-image-preview":"max-image-preview:large","max-video-preview":"max-video-preview:-1"},"canonical":"https:\/\/marriageagencyru.com\/fr\/produit\/\u0448\u0443\u043a\u0430\u0454\u043c\u043e-\u043d\u0430\u0440\u0435\u0447\u0435\u043d\u0438\u0445-\u0434\u043e-30-\u0440\u043e\u043a\u0456\u0432-vip-\u0437\u043d\u0430\u0439\u043e\u043c\u0441\u0442\/","og_locale":"fr_FR","og_type":"article","og_title":"\u0428\u0443\u043a\u0430\u0454\u043c\u043e \u043d\u0430\u0440\u0435\u0447\u0435\u043d\u0438\u0445 \u0434\u043e 30 \u0440\u043e\u043a\u0456\u0432: VIP-\u0437\u043d\u0430\u0439\u043e\u043c\u0441\u0442\u0432\u0430 \u0443 \u041a\u0438\u0442\u0430\u0457. \u041c\u0435\u0436\u0434\u0443\u043d\u0430\u0440\u043e\u0434\u043d\u043e\u0435 \u0431\u0440\u0430\u0447\u043d\u043e\u0435 \u0430\u0433\u0435\u043d\u0442\u0441\u0442\u0432\u043e: \u0417\u043d\u0430\u043a\u043e\u043c\u0441\u0442\u0432\u0430 \u0420\u043e\u0441\u0441\u0438\u044f, \u0423\u043a\u0440\u0430\u0438\u043d\u0430, \u0411\u0435\u043b\u0430\u0440\u0443\u0441\u044c \u0438 \u041a\u0438\u0442\u0430\u0439","og_description":"\u0410\u043a\u0446\u0435\u043d\u0442 \u043d\u0430 \u0434\u0435\u0442\u0435\u0439 \u0438 \u043e\u0431\u0440\u0430\u0437\u043e\u0432\u0430\u043d\u0438\u0435 (Future of Children) \u0423\u043a\u0440\u0430\u0438\u043d\u0441\u043a\u0438\u0435 \u0436\u0435\u043d\u0449\u0438\u043d\u044b \u043e\u0447\u0435\u043d\u044c \u0437\u0430\u0431\u043e\u0442\u043b\u0438\u0432\u044b\u0435 \u043c\u0430\u0442\u0435\u0440\u0438. \u0410\u0440\u0433\u0443\u043c\u0435\u043d\u0442 \u043e \u043f\u0440\u0435\u043a\u0440\u0430\u0441\u043d\u043e\u043c \u0431\u0443\u0434\u0443\u0449\u0435\u043c \u0434\u043b\u044f \u0434\u0435\u0442\u0435\u0439 \u0432 \u041a\u0438\u0442\u0430\u0435 \u2014 \u043e\u0434\u0438\u043d \u0438\u0437 \u0441\u0430\u043c\u044b\u0445 \u0441\u0438\u043b\u044c\u043d\u044b\u0445. \u0417\u0430\u0433\u043e\u043b\u043e\u0432\u043e\u043a: \u041d\u0430\u0439\u043a\u0440\u0430\u0449\u0435 \u043c\u0430\u0439\u0431\u0443\u0442\u043d\u0454 \u0434\u043b\u044f \u0442\u0432\u043e\u0457\u0445 \u0434\u0456\u0442\u0435\u0439. \u041a\u043e\u0436\u043d\u0430 \u0436\u0456\u043d\u043a\u0430, \u0441\u0442\u0432\u043e\u0440\u044e\u044e\u0447\u0438 \u0441\u0456\u043c&#8217;\u044e, \u0434\u0443\u043c\u0430\u0454 \u043f\u0440\u043e \u0434\u0456\u0442\u0435\u0439. \u0414\u0435 \u0457\u043c \u0431\u0443\u0434\u0435 \u0431\u0435\u0437\u043f\u0435\u0447\u043d\u043e? \u0414\u0435 \u0432\u043e\u043d\u0438 \u043e\u0442\u0440\u0438\u043c\u0430\u044e\u0442\u044c \u043d\u0430\u0439\u043a\u0440\u0430\u0449\u0443 \u043e\u0441\u0432\u0456\u0442\u0443? \u0412\u0456\u0434\u043f\u043e\u0432\u0456\u0434\u044c \u2014 \u041a\u0438\u0442\u0430\u0439. \u0422\u0443\u0442 \u043a\u0443\u043b\u044c\u0442 \u0434\u0456\u0442\u0435\u0439. \u0422\u0443\u0442 [&hellip;]","og_url":"https:\/\/marriageagencyru.com\/fr\/produit\/\u0448\u0443\u043a\u0430\u0454\u043c\u043e-\u043d\u0430\u0440\u0435\u0447\u0435\u043d\u0438\u0445-\u0434\u043e-30-\u0440\u043e\u043a\u0456\u0432-vip-\u0437\u043d\u0430\u0439\u043e\u043c\u0441\u0442\/","og_site_name":"marriageagencyru.com","og_image":[{"width":1024,"height":1024,"url":"https:\/\/marriageagencyru.com\/wp-content\/uploads\/2025\/12\/4.jpg","type":"image\/jpeg"}],"twitter_card":"summary_large_image","schema":{"@context":"https:\/\/schema.org","@graph":[{"@type":"WebPage","@id":"https:\/\/marriageagencyru.com\/fr\/produit\/%d1%88%d1%83%d0%ba%d0%b0%d1%94%d0%bc%d0%be-%d0%bd%d0%b0%d1%80%d0%b5%d1%87%d0%b5%d0%bd%d0%b8%d1%85-%d0%b4%d0%be-30-%d1%80%d0%be%d0%ba%d1%96%d0%b2-vip-%d0%b7%d0%bd%d0%b0%d0%b9%d0%be%d0%bc%d1%81%d1%82\/","url":"https:\/\/marriageagencyru.com\/fr\/produit\/%d1%88%d1%83%d0%ba%d0%b0%d1%94%d0%bc%d0%be-%d0%bd%d0%b0%d1%80%d0%b5%d1%87%d0%b5%d0%bd%d0%b8%d1%85-%d0%b4%d0%be-30-%d1%80%d0%be%d0%ba%d1%96%d0%b2-vip-%d0%b7%d0%bd%d0%b0%d0%b9%d0%be%d0%bc%d1%81%d1%82\/","name":"\u0428\u0443\u043a\u0430\u0454\u043c\u043e \u043d\u0430\u0440\u0435\u0447\u0435\u043d\u0438\u0445 \u0434\u043e 30 \u0440\u043e\u043a\u0456\u0432: VIP-\u0437\u043d\u0430\u0439\u043e\u043c\u0441\u0442\u0432\u0430 \u0443 \u041a\u0438\u0442\u0430\u0457. \u041c\u0435\u0436\u0434\u0443\u043d\u0430\u0440\u043e\u0434\u043d\u043e\u0435 \u0431\u0440\u0430\u0447\u043d\u043e\u0435 \u0430\u0433\u0435\u043d\u0442\u0441\u0442\u0432\u043e: \u0417\u043d\u0430\u043a\u043e\u043c\u0441\u0442\u0432\u0430 \u0420\u043e\u0441\u0441\u0438\u044f, \u0423\u043a\u0440\u0430\u0438\u043d\u0430, \u0411\u0435\u043b\u0430\u0440\u0443\u0441\u044c \u0438 \u041a\u0438\u0442\u0430\u0439","isPartOf":{"@id":"https:\/\/marriageagencyru.com\/#website"},"primaryImageOfPage":{"@id":"https:\/\/marriageagencyru.com\/fr\/produit\/%d1%88%d1%83%d0%ba%d0%b0%d1%94%d0%bc%d0%be-%d0%bd%d0%b0%d1%80%d0%b5%d1%87%d0%b5%d0%bd%d0%b8%d1%85-%d0%b4%d0%be-30-%d1%80%d0%be%d0%ba%d1%96%d0%b2-vip-%d0%b7%d0%bd%d0%b0%d0%b9%d0%be%d0%bc%d1%81%d1%82\/#primaryimage"},"image":{"@id":"https:\/\/marriageagencyru.com\/fr\/produit\/%d1%88%d1%83%d0%ba%d0%b0%d1%94%d0%bc%d0%be-%d0%bd%d0%b0%d1%80%d0%b5%d1%87%d0%b5%d0%bd%d0%b8%d1%85-%d0%b4%d0%be-30-%d1%80%d0%be%d0%ba%d1%96%d0%b2-vip-%d0%b7%d0%bd%d0%b0%d0%b9%d0%be%d0%bc%d1%81%d1%82\/#primaryimage"},"thumbnailUrl":"https:\/\/marriageagencyru.com\/wp-content\/uploads\/2025\/12\/4.jpg","datePublished":"2025-12-23T04:15:27+00:00","breadcrumb":{"@id":"https:\/\/marriageagencyru.com\/fr\/produit\/%d1%88%d1%83%d0%ba%d0%b0%d1%94%d0%bc%d0%be-%d0%bd%d0%b0%d1%80%d0%b5%d1%87%d0%b5%d0%bd%d0%b8%d1%85-%d0%b4%d0%be-30-%d1%80%d0%be%d0%ba%d1%96%d0%b2-vip-%d0%b7%d0%bd%d0%b0%d0%b9%d0%be%d0%bc%d1%81%d1%82\/#breadcrumb"},"inLanguage":"fr-FR","potentialAction":[{"@type":"ReadAction","target":["https:\/\/marriageagencyru.com\/fr\/produit\/%d1%88%d1%83%d0%ba%d0%b0%d1%94%d0%bc%d0%be-%d0%bd%d0%b0%d1%80%d0%b5%d1%87%d0%b5%d0%bd%d0%b8%d1%85-%d0%b4%d0%be-30-%d1%80%d0%be%d0%ba%d1%96%d0%b2-vip-%d0%b7%d0%bd%d0%b0%d0%b9%d0%be%d0%bc%d1%81%d1%82\/"]}]},{"@type":"ImageObject","inLanguage":"fr-FR","@id":"https:\/\/marriageagencyru.com\/fr\/produit\/%d1%88%d1%83%d0%ba%d0%b0%d1%94%d0%bc%d0%be-%d0%bd%d0%b0%d1%80%d0%b5%d1%87%d0%b5%d0%bd%d0%b8%d1%85-%d0%b4%d0%be-30-%d1%80%d0%be%d0%ba%d1%96%d0%b2-vip-%d0%b7%d0%bd%d0%b0%d0%b9%d0%be%d0%bc%d1%81%d1%82\/#primaryimage","url":"https:\/\/marriageagencyru.com\/wp-content\/uploads\/2025\/12\/4.jpg","contentUrl":"https:\/\/marriageagencyru.com\/wp-content\/uploads\/2025\/12\/4.jpg","width":1024,"height":1024},{"@type":"BreadcrumbList","@id":"https:\/\/marriageagencyru.com\/fr\/produit\/%d1%88%d1%83%d0%ba%d0%b0%d1%94%d0%bc%d0%be-%d0%bd%d0%b0%d1%80%d0%b5%d1%87%d0%b5%d0%bd%d0%b8%d1%85-%d0%b4%d0%be-30-%d1%80%d0%be%d0%ba%d1%96%d0%b2-vip-%d0%b7%d0%bd%d0%b0%d0%b9%d0%be%d0%bc%d1%81%d1%82\/#breadcrumb","itemListElement":[{"@type":"ListItem","position":1,"name":"Home","item":"https:\/\/marriageagencyru.com\/"},{"@type":"ListItem","position":2,"name":"Shop","item":"https:\/\/marriageagencyru.com\/shop\/"},{"@type":"ListItem","position":3,"name":"\u0428\u0443\u043a\u0430\u0454\u043c\u043e \u043d\u0430\u0440\u0435\u0447\u0435\u043d\u0438\u0445 \u0434\u043e 30 \u0440\u043e\u043a\u0456\u0432: VIP-\u0437\u043d\u0430\u0439\u043e\u043c\u0441\u0442\u0432\u0430 \u0443 \u041a\u0438\u0442\u0430\u0457."}]},{"@type":"WebSite","@id":"https:\/\/marriageagencyru.com\/#website","url":"https:\/\/marriageagencyru.com\/","name":"agence matrimonialeru.com","description":"Agence matrimoniale internationale marriageagencyru | Russie, Bi\u00e9lorussie, Ukraine | Elite Dating in China","alternateName":"\u0412\u044b\u0439\u0442\u0438 \u0437\u0430\u043c\u0443\u0436 \u0432 \u041a\u0438\u0442\u0430\u0439: \u0411\u0440\u0430\u0447\u043d\u043e\u0435 \u0430\u0433\u0435\u043d\u0442\u0441\u0442\u0432\u043e \u0434\u043b\u044f \u0420\u043e\u0441\u0441\u0438\u0438, \u0423\u043a\u0440\u0430\u0438\u043d\u044b \u0438 \u0411\u0435\u043b\u0430\u0440\u0443\u0441\u0438 | marriageagencyru","potentialAction":[{"@type":"SearchAction","target":{"@type":"EntryPoint","urlTemplate":"https:\/\/marriageagencyru.com\/?s={search_term_string}"},"query-input":{"@type":"PropertyValueSpecification","valueRequired":true,"valueName":"search_term_string"}}],"inLanguage":"fr-FR"}]}},"_links":{"self":[{"href":"https:\/\/marriageagencyru.com\/fr\/wp-json\/wp\/v2\/product\/334","targetHints":{"allow":["GET"]}}],"collection":[{"href":"https:\/\/marriageagencyru.com\/fr\/wp-json\/wp\/v2\/product"}],"about":[{"href":"https:\/\/marriageagencyru.com\/fr\/wp-json\/wp\/v2\/types\/product"}],"replies":[{"embeddable":true,"href":"https:\/\/marriageagencyru.com\/fr\/wp-json\/wp\/v2\/comments?post=334"}],"wp:featuredmedia":[{"embeddable":true,"href":"https:\/\/marriageagencyru.com\/fr\/wp-json\/wp\/v2\/media\/127"}],"wp:attachment":[{"href":"https:\/\/marriageagencyru.com\/fr\/wp-json\/wp\/v2\/media?parent=334"}],"wp:term":[{"taxonomy":"product_brand","embeddable":true,"href":"https:\/\/marriageagencyru.com\/fr\/wp-json\/wp\/v2\/product_brand?post=334"},{"taxonomy":"product_cat","embeddable":true,"href":"https:\/\/marriageagencyru.com\/fr\/wp-json\/wp\/v2\/product_cat?post=334"},{"taxonomy":"product_tag","embeddable":true,"href":"https:\/\/marriageagencyru.com\/fr\/wp-json\/wp\/v2\/product_tag?post=334"}],"curies":[{"name":"wp","href":"https:\/\/api.w.org\/{rel}","templated":true}]}}