{"id":264,"date":"2025-12-23T04:08:03","date_gmt":"2025-12-23T04:08:03","guid":{"rendered":"https:\/\/marriageagencyru.com\/product\/%d1%86%d0%b5%d0%bd%d1%82%d1%80-%d1%81%d0%b5%d0%bc%d1%8c%d0%b8-%d0%b8-%d0%b1%d1%80%d0%b0%d0%ba%d0%b0\/"},"modified":"2025-12-23T04:08:03","modified_gmt":"2025-12-23T04:08:03","slug":"%d1%86%d0%b5%d0%bd%d1%82%d1%80-%d1%81%d0%b5%d0%bc%d1%8c%d0%b8-%d0%b8-%d0%b1%d1%80%d0%b0%d0%ba%d0%b0","status":"publish","type":"product","link":"https:\/\/marriageagencyru.com\/fr\/produit\/%d1%86%d0%b5%d0%bd%d1%82%d1%80-%d1%81%d0%b5%d0%bc%d1%8c%d0%b8-%d0%b8-%d0%b1%d1%80%d0%b0%d0%ba%d0%b0\/","title":{"rendered":"\u0426\u0435\u043d\u0442\u0440 \u0441\u0435\u043c\u044c\u0438 \u0438 \u0431\u0440\u0430\u043a\u0430"},"content":{"rendered":"<h3 data-path-to-node=\"2\">Jackpot d\u00e9mographique (approche statistique\/d\u00e9mographique)<\/h3>\n<p data-path-to-node=\"3\"><i data-path-to-node=\"3\" data-index-in-node=\"0\">Un argument logique tr\u00e8s fort. Il joue sur le fait qu'il y a plus de femmes que d'hommes dans la CEI, et inversement en Chine.<\/i><\/p>\n<p data-path-to-node=\"4\"><b data-path-to-node=\"4\" data-index-in-node=\"0\">Titre : \" Why compete at home when you're the queen here ?<\/b><\/p>\n<p data-path-to-node=\"5\">Les statistiques ne mentent pas. En Russie et dans les pays de la CEI, comme le dit la chanson, \u00abstatistiquement, il y a 9 hommes pour 10 filles\u00bb. Et il y a encore moins de filles de qualit\u00e9, libres et ais\u00e9es. La concurrence est \u00e9norme.<\/p>\n<p data-path-to-node=\"6\">En Chine, la situation est inverse. Il y a une \u00e9norme p\u00e9nurie de femmes. Il y a des dizaines de millions d'hommes en plus ! <b data-path-to-node=\"6\" data-index-in-node=\"104\">C'est votre \u00abmarch\u00e9 d'acheteurs\u00bb.<\/b><\/p>\n<p data-path-to-node=\"7\">Dans la ville de Foshan (Foshan), les hommes prosp\u00e8res, sains et athl\u00e9tiques ne trouvent pas d'\u00e9pouse depuis des ann\u00e9es, parce qu'il n'y a tout simplement pas assez de mari\u00e9es. Ils r\u00eavent d'une fille d'apparence slave. Pour eux, vous \u00eates exotique, un id\u00e9al de beaut\u00e9 pour lequel ils sont pr\u00eats \u00e0 se battre.<\/p>\n<p data-path-to-node=\"8\"><b data-path-to-node=\"8\" data-index-in-node=\"0\">R\u00e9unionLes deux<\/b> vous offre la possibilit\u00e9 de la saisir.<\/p>\n<ul data-path-to-node=\"9\">\n<li>\n<p data-path-to-node=\"9,0,0\"><b data-path-to-node=\"9,0,0\" data-index-in-node=\"0\">Nous trouvons les meilleurs.<\/b><\/p>\n<\/li>\n<li>\n<p data-path-to-node=\"9,1,0\"><b data-path-to-node=\"9,1,0\" data-index-in-node=\"0\">C'est vous qui choisissez.<\/b><\/p>\n<\/li>\n<li>\n<p data-path-to-node=\"9,2,0\"><b data-path-to-node=\"9,2,0\" data-index-in-node=\"0\">Un homme paie.<\/b><\/p>\n<\/li>\n<\/ul>\n<p data-path-to-node=\"10\">Arr\u00eatez de vous battre \u00e0 la maison pour attirer l'attention des hommes. Venez dans un endroit o\u00f9 ils se battront pour votre attention.<\/p>\n<p data-path-to-node=\"11\">\ud83d\udce9 <b data-path-to-node=\"11\" data-index-in-node=\"3\">Les candidatures (photo + \u00e2ge) doivent \u00eatre envoy\u00e9es \u00e0<\/b> nolan@meetingboth.com<\/p>\n<hr data-path-to-node=\"12\" \/>\n<h3 data-path-to-node=\"13\">Option 22 : Portrait du mari\u00e9 (Avatar du mari\u00e9)<\/h3>\n<p data-path-to-node=\"14\"><i data-path-to-node=\"14\" data-index-in-node=\"0\">Un texte qui vend non pas l'id\u00e9e m\u00eame du mouvement, mais une image pr\u00e9cise d'un homme d\u00e9truisant des doutes.<\/i><\/p>\n<p data-path-to-node=\"15\"><b data-path-to-node=\"15\" data-index-in-node=\"0\">L\u00e9gende : Qui est-il - votre futur mari de Foshan ?<\/b><\/p>\n<p data-path-to-node=\"16\">Beaucoup de filles se demandent : \u00abComment sont-ils, les hommes chinois ?\u00bb. Dressons le portrait de nos clients au sein de l'agence <b data-path-to-node=\"16\" data-index-in-node=\"114\">R\u00e9unionLes deux<\/b>.<\/p>\n<ol start=\"1\" data-path-to-node=\"17\">\n<li>\n<p data-path-to-node=\"17,0,0\"><b data-path-to-node=\"17,0,0\" data-index-in-node=\"0\">Il ne boit pas.<\/b> Contrairement \u00e0 beaucoup de nos compatriotes, les Chinois n'ont pas le culte de l'alcool.<\/p>\n<\/li>\n<li>\n<p data-path-to-node=\"17,1,0\"><b data-path-to-node=\"17,1,0\" data-index-in-node=\"0\">C'est un bourreau de travail.<\/b> Il a sa propre entreprise ou une position \u00e9lev\u00e9e. Il sait comment gagner de l'argent.<\/p>\n<\/li>\n<li>\n<p data-path-to-node=\"17,2,0\"><b data-path-to-node=\"17,2,0\" data-index-in-node=\"0\">Il aime les enfants.<\/b> La Chine voue un culte \u00e0 l'enfant. Un p\u00e8re se promenant avec un landau dans le parc est la norme.<\/p>\n<\/li>\n<li>\n<p data-path-to-node=\"17,3,0\"><b data-path-to-node=\"17,3,0\" data-index-in-node=\"0\">Il est g\u00e9n\u00e9reux.<\/b> Dans la culture chinoise, l'homme est tenu de subvenir aux besoins de la femme (logement, nourriture, v\u00eatements, d\u00e9placements). Le concept de \u00abmoiti\u00e9-moiti\u00e9\u00bb est pratiquement inexistant.<\/p>\n<\/li>\n<\/ol>\n<p data-path-to-node=\"18\">Nous recrutons des candidats de ce type dans la ville de Foshan. <b data-path-to-node=\"18\" data-index-in-node=\"54\">Exigences pour vous :<\/b> \u00c2ge jusqu'\u00e0 30 ans, apparence agr\u00e9able, intentions s\u00e9rieuses.<\/p>\n<p data-path-to-node=\"19\">Vous voulez un mari avec ces qualit\u00e9s ? \u00c9crivez-nous. C'est gratuit.<\/p>\n<p data-path-to-node=\"20\">\ud83d\udc49 <b data-path-to-node=\"20\" data-index-in-node=\"3\">Courriel :<\/b> nolan@meetingboth.com<\/p>","protected":false},"excerpt":{"rendered":"<p>\u0414\u0435\u043c\u043e\u0433\u0440\u0430\u0444\u0438\u0447\u0435\u0441\u043a\u0438\u0439 \u0434\u0436\u0435\u043a\u043f\u043e\u0442 (Statistical \/ Demographic Approach) \u041e\u0447\u0435\u043d\u044c \u0441\u0438\u043b\u044c\u043d\u044b\u0439 \u043b\u043e\u0433\u0438\u0447\u0435\u0441\u043a\u0438\u0439 \u0430\u0440\u0433\u0443\u043c\u0435\u043d\u0442. \u0418\u0433\u0440\u0430\u0435\u0442 \u043d\u0430 \u0442\u043e\u043c, \u0447\u0442\u043e \u0432 \u0421\u041d\u0413 \u0436\u0435\u043d\u0449\u0438\u043d \u0431\u043e\u043b\u044c\u0448\u0435, \u0447\u0435\u043c \u043c\u0443\u0436\u0447\u0438\u043d, \u0430 \u0432 \u041a\u0438\u0442\u0430\u0435 \u2014 \u043d\u0430\u043e\u0431\u043e\u0440\u043e\u0442. \u0417\u0430\u0433\u043e\u043b\u043e\u0432\u043e\u043a: \u0417\u0430\u0447\u0435\u043c \u043a\u043e\u043d\u043a\u0443\u0440\u0438\u0440\u043e\u0432\u0430\u0442\u044c \u0434\u043e\u043c\u0430, \u0435\u0441\u043b\u0438 \u0437\u0434\u0435\u0441\u044c \u0432\u044b \u2014 \u043a\u043e\u0440\u043e\u043b\u0435\u0432\u0430? \u0421\u0442\u0430\u0442\u0438\u0441\u0442\u0438\u043a\u0430 \u043d\u0435 \u0432\u0440\u0435\u0442. \u0412 \u0420\u043e\u0441\u0441\u0438\u0438 \u0438 \u0441\u0442\u0440\u0430\u043d\u0430\u0445 \u0421\u041d\u0413 \u043d\u0430 10 \u0434\u0435\u0432\u0447\u043e\u043d\u043e\u043a, \u043a\u0430\u043a \u0432 \u043f\u0435\u0441\u043d\u0435, &#171;\u043f\u043e \u0441\u0442\u0430\u0442\u0438\u0441\u0442\u0438\u043a\u0435 9 \u0440\u0435\u0431\u044f\u0442&#187;. \u0410 \u043a\u0430\u0447\u0435\u0441\u0442\u0432\u0435\u043d\u043d\u044b\u0445, \u0441\u0432\u043e\u0431\u043e\u0434\u043d\u044b\u0445 [&hellip;]<\/p>","protected":false},"featured_media":199,"comment_status":"open","ping_status":"closed","template":"","meta":{"_et_pb_use_builder":"","_et_pb_old_content":"","_et_gb_content_width":""},"product_brand":[],"product_cat":[],"product_tag":[],"class_list":{"0":"post-264","1":"product","2":"type-product","3":"status-publish","4":"has-post-thumbnail","7":"first","8":"instock","9":"shipping-taxable","10":"purchasable","11":"product-type-simple"},"yoast_head":"<!-- This site is optimized with the Yoast SEO plugin v26.6 - https:\/\/yoast.com\/wordpress\/plugins\/seo\/ -->\n<title>\u0426\u0435\u043d\u0442\u0440 \u0441\u0435\u043c\u044c\u0438 \u0438 \u0431\u0440\u0430\u043a\u0430 \u041c\u0435\u0436\u0434\u0443\u043d\u0430\u0440\u043e\u0434\u043d\u043e\u0435 \u0431\u0440\u0430\u0447\u043d\u043e\u0435 \u0430\u0433\u0435\u043d\u0442\u0441\u0442\u0432\u043e: \u0417\u043d\u0430\u043a\u043e\u043c\u0441\u0442\u0432\u0430 \u0420\u043e\u0441\u0441\u0438\u044f, \u0423\u043a\u0440\u0430\u0438\u043d\u0430, \u0411\u0435\u043b\u0430\u0440\u0443\u0441\u044c \u0438 \u041a\u0438\u0442\u0430\u0439<\/title>\n<meta name=\"robots\" content=\"index, follow, max-snippet:-1, max-image-preview:large, max-video-preview:-1\" \/>\n<link rel=\"canonical\" href=\"https:\/\/marriageagencyru.com\/fr\/produit\/\u0446\u0435\u043d\u0442\u0440-\u0441\u0435\u043c\u044c\u0438-\u0438-\u0431\u0440\u0430\u043a\u0430\/\" \/>\n<meta property=\"og:locale\" content=\"fr_FR\" \/>\n<meta property=\"og:type\" content=\"article\" \/>\n<meta property=\"og:title\" content=\"\u0426\u0435\u043d\u0442\u0440 \u0441\u0435\u043c\u044c\u0438 \u0438 \u0431\u0440\u0430\u043a\u0430 \u041c\u0435\u0436\u0434\u0443\u043d\u0430\u0440\u043e\u0434\u043d\u043e\u0435 \u0431\u0440\u0430\u0447\u043d\u043e\u0435 \u0430\u0433\u0435\u043d\u0442\u0441\u0442\u0432\u043e: \u0417\u043d\u0430\u043a\u043e\u043c\u0441\u0442\u0432\u0430 \u0420\u043e\u0441\u0441\u0438\u044f, \u0423\u043a\u0440\u0430\u0438\u043d\u0430, \u0411\u0435\u043b\u0430\u0440\u0443\u0441\u044c \u0438 \u041a\u0438\u0442\u0430\u0439\" \/>\n<meta property=\"og:description\" content=\"\u0414\u0435\u043c\u043e\u0433\u0440\u0430\u0444\u0438\u0447\u0435\u0441\u043a\u0438\u0439 \u0434\u0436\u0435\u043a\u043f\u043e\u0442 (Statistical \/ Demographic Approach) \u041e\u0447\u0435\u043d\u044c \u0441\u0438\u043b\u044c\u043d\u044b\u0439 \u043b\u043e\u0433\u0438\u0447\u0435\u0441\u043a\u0438\u0439 \u0430\u0440\u0433\u0443\u043c\u0435\u043d\u0442. \u0418\u0433\u0440\u0430\u0435\u0442 \u043d\u0430 \u0442\u043e\u043c, \u0447\u0442\u043e \u0432 \u0421\u041d\u0413 \u0436\u0435\u043d\u0449\u0438\u043d \u0431\u043e\u043b\u044c\u0448\u0435, \u0447\u0435\u043c \u043c\u0443\u0436\u0447\u0438\u043d, \u0430 \u0432 \u041a\u0438\u0442\u0430\u0435 \u2014 \u043d\u0430\u043e\u0431\u043e\u0440\u043e\u0442. \u0417\u0430\u0433\u043e\u043b\u043e\u0432\u043e\u043a: \u0417\u0430\u0447\u0435\u043c \u043a\u043e\u043d\u043a\u0443\u0440\u0438\u0440\u043e\u0432\u0430\u0442\u044c \u0434\u043e\u043c\u0430, \u0435\u0441\u043b\u0438 \u0437\u0434\u0435\u0441\u044c \u0432\u044b \u2014 \u043a\u043e\u0440\u043e\u043b\u0435\u0432\u0430? \u0421\u0442\u0430\u0442\u0438\u0441\u0442\u0438\u043a\u0430 \u043d\u0435 \u0432\u0440\u0435\u0442. \u0412 \u0420\u043e\u0441\u0441\u0438\u0438 \u0438 \u0441\u0442\u0440\u0430\u043d\u0430\u0445 \u0421\u041d\u0413 \u043d\u0430 10 \u0434\u0435\u0432\u0447\u043e\u043d\u043e\u043a, \u043a\u0430\u043a \u0432 \u043f\u0435\u0441\u043d\u0435, &#171;\u043f\u043e \u0441\u0442\u0430\u0442\u0438\u0441\u0442\u0438\u043a\u0435 9 \u0440\u0435\u0431\u044f\u0442&#187;. \u0410 \u043a\u0430\u0447\u0435\u0441\u0442\u0432\u0435\u043d\u043d\u044b\u0445, \u0441\u0432\u043e\u0431\u043e\u0434\u043d\u044b\u0445 [&hellip;]\" \/>\n<meta property=\"og:url\" content=\"https:\/\/marriageagencyru.com\/fr\/produit\/\u0446\u0435\u043d\u0442\u0440-\u0441\u0435\u043c\u044c\u0438-\u0438-\u0431\u0440\u0430\u043a\u0430\/\" \/>\n<meta property=\"og:site_name\" content=\"marriageagencyru.com\" \/>\n<meta property=\"og:image\" content=\"https:\/\/marriageagencyru.com\/wp-content\/uploads\/2025\/12\/5.jpg\" \/>\n\t<meta property=\"og:image:width\" content=\"1024\" \/>\n\t<meta property=\"og:image:height\" content=\"1024\" \/>\n\t<meta property=\"og:image:type\" content=\"image\/jpeg\" \/>\n<meta name=\"twitter:card\" content=\"summary_large_image\" \/>\n<script type=\"application\/ld+json\" class=\"yoast-schema-graph\">{\"@context\":\"https:\/\/schema.org\",\"@graph\":[{\"@type\":\"WebPage\",\"@id\":\"https:\/\/marriageagencyru.com\/product\/%d1%86%d0%b5%d0%bd%d1%82%d1%80-%d1%81%d0%b5%d0%bc%d1%8c%d0%b8-%d0%b8-%d0%b1%d1%80%d0%b0%d0%ba%d0%b0\/\",\"url\":\"https:\/\/marriageagencyru.com\/product\/%d1%86%d0%b5%d0%bd%d1%82%d1%80-%d1%81%d0%b5%d0%bc%d1%8c%d0%b8-%d0%b8-%d0%b1%d1%80%d0%b0%d0%ba%d0%b0\/\",\"name\":\"\u0426\u0435\u043d\u0442\u0440 \u0441\u0435\u043c\u044c\u0438 \u0438 \u0431\u0440\u0430\u043a\u0430 \u041c\u0435\u0436\u0434\u0443\u043d\u0430\u0440\u043e\u0434\u043d\u043e\u0435 \u0431\u0440\u0430\u0447\u043d\u043e\u0435 \u0430\u0433\u0435\u043d\u0442\u0441\u0442\u0432\u043e: \u0417\u043d\u0430\u043a\u043e\u043c\u0441\u0442\u0432\u0430 \u0420\u043e\u0441\u0441\u0438\u044f, \u0423\u043a\u0440\u0430\u0438\u043d\u0430, \u0411\u0435\u043b\u0430\u0440\u0443\u0441\u044c \u0438 \u041a\u0438\u0442\u0430\u0439\",\"isPartOf\":{\"@id\":\"https:\/\/marriageagencyru.com\/#website\"},\"primaryImageOfPage\":{\"@id\":\"https:\/\/marriageagencyru.com\/product\/%d1%86%d0%b5%d0%bd%d1%82%d1%80-%d1%81%d0%b5%d0%bc%d1%8c%d0%b8-%d0%b8-%d0%b1%d1%80%d0%b0%d0%ba%d0%b0\/#primaryimage\"},\"image\":{\"@id\":\"https:\/\/marriageagencyru.com\/product\/%d1%86%d0%b5%d0%bd%d1%82%d1%80-%d1%81%d0%b5%d0%bc%d1%8c%d0%b8-%d0%b8-%d0%b1%d1%80%d0%b0%d0%ba%d0%b0\/#primaryimage\"},\"thumbnailUrl\":\"https:\/\/marriageagencyru.com\/wp-content\/uploads\/2025\/12\/5.jpg\",\"datePublished\":\"2025-12-23T04:08:03+00:00\",\"breadcrumb\":{\"@id\":\"https:\/\/marriageagencyru.com\/product\/%d1%86%d0%b5%d0%bd%d1%82%d1%80-%d1%81%d0%b5%d0%bc%d1%8c%d0%b8-%d0%b8-%d0%b1%d1%80%d0%b0%d0%ba%d0%b0\/#breadcrumb\"},\"inLanguage\":\"fr-FR\",\"potentialAction\":[{\"@type\":\"ReadAction\",\"target\":[\"https:\/\/marriageagencyru.com\/product\/%d1%86%d0%b5%d0%bd%d1%82%d1%80-%d1%81%d0%b5%d0%bc%d1%8c%d0%b8-%d0%b8-%d0%b1%d1%80%d0%b0%d0%ba%d0%b0\/\"]}]},{\"@type\":\"ImageObject\",\"inLanguage\":\"fr-FR\",\"@id\":\"https:\/\/marriageagencyru.com\/product\/%d1%86%d0%b5%d0%bd%d1%82%d1%80-%d1%81%d0%b5%d0%bc%d1%8c%d0%b8-%d0%b8-%d0%b1%d1%80%d0%b0%d0%ba%d0%b0\/#primaryimage\",\"url\":\"https:\/\/marriageagencyru.com\/wp-content\/uploads\/2025\/12\/5.jpg\",\"contentUrl\":\"https:\/\/marriageagencyru.com\/wp-content\/uploads\/2025\/12\/5.jpg\",\"width\":1024,\"height\":1024},{\"@type\":\"BreadcrumbList\",\"@id\":\"https:\/\/marriageagencyru.com\/product\/%d1%86%d0%b5%d0%bd%d1%82%d1%80-%d1%81%d0%b5%d0%bc%d1%8c%d0%b8-%d0%b8-%d0%b1%d1%80%d0%b0%d0%ba%d0%b0\/#breadcrumb\",\"itemListElement\":[{\"@type\":\"ListItem\",\"position\":1,\"name\":\"Home\",\"item\":\"https:\/\/marriageagencyru.com\/\"},{\"@type\":\"ListItem\",\"position\":2,\"name\":\"Shop\",\"item\":\"https:\/\/marriageagencyru.com\/shop\/\"},{\"@type\":\"ListItem\",\"position\":3,\"name\":\"\u0426\u0435\u043d\u0442\u0440 \u0441\u0435\u043c\u044c\u0438 \u0438 \u0431\u0440\u0430\u043a\u0430\"}]},{\"@type\":\"WebSite\",\"@id\":\"https:\/\/marriageagencyru.com\/#website\",\"url\":\"https:\/\/marriageagencyru.com\/\",\"name\":\"marriageagencyru.com\",\"description\":\"\u041c\u0435\u0436\u0434\u0443\u043d\u0430\u0440\u043e\u0434\u043d\u043e\u0435 \u0431\u0440\u0430\u0447\u043d\u043e\u0435 \u0430\u0433\u0435\u043d\u0442\u0441\u0442\u0432\u043e marriageagencyru | \u0420\u043e\u0441\u0441\u0438\u044f, \u0411\u0435\u043b\u0430\u0440\u0443\u0441\u044c, \u0423\u043a\u0440\u0430\u0438\u043d\u0430 | \u042d\u043b\u0438\u0442\u043d\u044b\u0435 \u0437\u043d\u0430\u043a\u043e\u043c\u0441\u0442\u0432\u0430 \u0432 \u041a\u0438\u0442\u0430\u0435\",\"alternateName\":\"\u0412\u044b\u0439\u0442\u0438 \u0437\u0430\u043c\u0443\u0436 \u0432 \u041a\u0438\u0442\u0430\u0439: \u0411\u0440\u0430\u0447\u043d\u043e\u0435 \u0430\u0433\u0435\u043d\u0442\u0441\u0442\u0432\u043e \u0434\u043b\u044f \u0420\u043e\u0441\u0441\u0438\u0438, \u0423\u043a\u0440\u0430\u0438\u043d\u044b \u0438 \u0411\u0435\u043b\u0430\u0440\u0443\u0441\u0438 | marriageagencyru\",\"potentialAction\":[{\"@type\":\"SearchAction\",\"target\":{\"@type\":\"EntryPoint\",\"urlTemplate\":\"https:\/\/marriageagencyru.com\/?s={search_term_string}\"},\"query-input\":{\"@type\":\"PropertyValueSpecification\",\"valueRequired\":true,\"valueName\":\"search_term_string\"}}],\"inLanguage\":\"fr-FR\"}]}<\/script>\n<!-- \/ Yoast SEO plugin. -->","yoast_head_json":{"title":"\u0426\u0435\u043d\u0442\u0440 \u0441\u0435\u043c\u044c\u0438 \u0438 \u0431\u0440\u0430\u043a\u0430 \u041c\u0435\u0436\u0434\u0443\u043d\u0430\u0440\u043e\u0434\u043d\u043e\u0435 \u0431\u0440\u0430\u0447\u043d\u043e\u0435 \u0430\u0433\u0435\u043d\u0442\u0441\u0442\u0432\u043e: \u0417\u043d\u0430\u043a\u043e\u043c\u0441\u0442\u0432\u0430 \u0420\u043e\u0441\u0441\u0438\u044f, \u0423\u043a\u0440\u0430\u0438\u043d\u0430, \u0411\u0435\u043b\u0430\u0440\u0443\u0441\u044c \u0438 \u041a\u0438\u0442\u0430\u0439","robots":{"index":"index","follow":"follow","max-snippet":"max-snippet:-1","max-image-preview":"max-image-preview:large","max-video-preview":"max-video-preview:-1"},"canonical":"https:\/\/marriageagencyru.com\/fr\/produit\/\u0446\u0435\u043d\u0442\u0440-\u0441\u0435\u043c\u044c\u0438-\u0438-\u0431\u0440\u0430\u043a\u0430\/","og_locale":"fr_FR","og_type":"article","og_title":"\u0426\u0435\u043d\u0442\u0440 \u0441\u0435\u043c\u044c\u0438 \u0438 \u0431\u0440\u0430\u043a\u0430 \u041c\u0435\u0436\u0434\u0443\u043d\u0430\u0440\u043e\u0434\u043d\u043e\u0435 \u0431\u0440\u0430\u0447\u043d\u043e\u0435 \u0430\u0433\u0435\u043d\u0442\u0441\u0442\u0432\u043e: \u0417\u043d\u0430\u043a\u043e\u043c\u0441\u0442\u0432\u0430 \u0420\u043e\u0441\u0441\u0438\u044f, \u0423\u043a\u0440\u0430\u0438\u043d\u0430, \u0411\u0435\u043b\u0430\u0440\u0443\u0441\u044c \u0438 \u041a\u0438\u0442\u0430\u0439","og_description":"\u0414\u0435\u043c\u043e\u0433\u0440\u0430\u0444\u0438\u0447\u0435\u0441\u043a\u0438\u0439 \u0434\u0436\u0435\u043a\u043f\u043e\u0442 (Statistical \/ Demographic Approach) \u041e\u0447\u0435\u043d\u044c \u0441\u0438\u043b\u044c\u043d\u044b\u0439 \u043b\u043e\u0433\u0438\u0447\u0435\u0441\u043a\u0438\u0439 \u0430\u0440\u0433\u0443\u043c\u0435\u043d\u0442. \u0418\u0433\u0440\u0430\u0435\u0442 \u043d\u0430 \u0442\u043e\u043c, \u0447\u0442\u043e \u0432 \u0421\u041d\u0413 \u0436\u0435\u043d\u0449\u0438\u043d \u0431\u043e\u043b\u044c\u0448\u0435, \u0447\u0435\u043c \u043c\u0443\u0436\u0447\u0438\u043d, \u0430 \u0432 \u041a\u0438\u0442\u0430\u0435 \u2014 \u043d\u0430\u043e\u0431\u043e\u0440\u043e\u0442. \u0417\u0430\u0433\u043e\u043b\u043e\u0432\u043e\u043a: \u0417\u0430\u0447\u0435\u043c \u043a\u043e\u043d\u043a\u0443\u0440\u0438\u0440\u043e\u0432\u0430\u0442\u044c \u0434\u043e\u043c\u0430, \u0435\u0441\u043b\u0438 \u0437\u0434\u0435\u0441\u044c \u0432\u044b \u2014 \u043a\u043e\u0440\u043e\u043b\u0435\u0432\u0430? \u0421\u0442\u0430\u0442\u0438\u0441\u0442\u0438\u043a\u0430 \u043d\u0435 \u0432\u0440\u0435\u0442. \u0412 \u0420\u043e\u0441\u0441\u0438\u0438 \u0438 \u0441\u0442\u0440\u0430\u043d\u0430\u0445 \u0421\u041d\u0413 \u043d\u0430 10 \u0434\u0435\u0432\u0447\u043e\u043d\u043e\u043a, \u043a\u0430\u043a \u0432 \u043f\u0435\u0441\u043d\u0435, &#171;\u043f\u043e \u0441\u0442\u0430\u0442\u0438\u0441\u0442\u0438\u043a\u0435 9 \u0440\u0435\u0431\u044f\u0442&#187;. \u0410 \u043a\u0430\u0447\u0435\u0441\u0442\u0432\u0435\u043d\u043d\u044b\u0445, \u0441\u0432\u043e\u0431\u043e\u0434\u043d\u044b\u0445 [&hellip;]","og_url":"https:\/\/marriageagencyru.com\/fr\/produit\/\u0446\u0435\u043d\u0442\u0440-\u0441\u0435\u043c\u044c\u0438-\u0438-\u0431\u0440\u0430\u043a\u0430\/","og_site_name":"marriageagencyru.com","og_image":[{"width":1024,"height":1024,"url":"https:\/\/marriageagencyru.com\/wp-content\/uploads\/2025\/12\/5.jpg","type":"image\/jpeg"}],"twitter_card":"summary_large_image","schema":{"@context":"https:\/\/schema.org","@graph":[{"@type":"WebPage","@id":"https:\/\/marriageagencyru.com\/product\/%d1%86%d0%b5%d0%bd%d1%82%d1%80-%d1%81%d0%b5%d0%bc%d1%8c%d0%b8-%d0%b8-%d0%b1%d1%80%d0%b0%d0%ba%d0%b0\/","url":"https:\/\/marriageagencyru.com\/product\/%d1%86%d0%b5%d0%bd%d1%82%d1%80-%d1%81%d0%b5%d0%bc%d1%8c%d0%b8-%d0%b8-%d0%b1%d1%80%d0%b0%d0%ba%d0%b0\/","name":"\u0426\u0435\u043d\u0442\u0440 \u0441\u0435\u043c\u044c\u0438 \u0438 \u0431\u0440\u0430\u043a\u0430 \u041c\u0435\u0436\u0434\u0443\u043d\u0430\u0440\u043e\u0434\u043d\u043e\u0435 \u0431\u0440\u0430\u0447\u043d\u043e\u0435 \u0430\u0433\u0435\u043d\u0442\u0441\u0442\u0432\u043e: \u0417\u043d\u0430\u043a\u043e\u043c\u0441\u0442\u0432\u0430 \u0420\u043e\u0441\u0441\u0438\u044f, \u0423\u043a\u0440\u0430\u0438\u043d\u0430, \u0411\u0435\u043b\u0430\u0440\u0443\u0441\u044c \u0438 \u041a\u0438\u0442\u0430\u0439","isPartOf":{"@id":"https:\/\/marriageagencyru.com\/#website"},"primaryImageOfPage":{"@id":"https:\/\/marriageagencyru.com\/product\/%d1%86%d0%b5%d0%bd%d1%82%d1%80-%d1%81%d0%b5%d0%bc%d1%8c%d0%b8-%d0%b8-%d0%b1%d1%80%d0%b0%d0%ba%d0%b0\/#primaryimage"},"image":{"@id":"https:\/\/marriageagencyru.com\/product\/%d1%86%d0%b5%d0%bd%d1%82%d1%80-%d1%81%d0%b5%d0%bc%d1%8c%d0%b8-%d0%b8-%d0%b1%d1%80%d0%b0%d0%ba%d0%b0\/#primaryimage"},"thumbnailUrl":"https:\/\/marriageagencyru.com\/wp-content\/uploads\/2025\/12\/5.jpg","datePublished":"2025-12-23T04:08:03+00:00","breadcrumb":{"@id":"https:\/\/marriageagencyru.com\/product\/%d1%86%d0%b5%d0%bd%d1%82%d1%80-%d1%81%d0%b5%d0%bc%d1%8c%d0%b8-%d0%b8-%d0%b1%d1%80%d0%b0%d0%ba%d0%b0\/#breadcrumb"},"inLanguage":"fr-FR","potentialAction":[{"@type":"ReadAction","target":["https:\/\/marriageagencyru.com\/product\/%d1%86%d0%b5%d0%bd%d1%82%d1%80-%d1%81%d0%b5%d0%bc%d1%8c%d0%b8-%d0%b8-%d0%b1%d1%80%d0%b0%d0%ba%d0%b0\/"]}]},{"@type":"ImageObject","inLanguage":"fr-FR","@id":"https:\/\/marriageagencyru.com\/product\/%d1%86%d0%b5%d0%bd%d1%82%d1%80-%d1%81%d0%b5%d0%bc%d1%8c%d0%b8-%d0%b8-%d0%b1%d1%80%d0%b0%d0%ba%d0%b0\/#primaryimage","url":"https:\/\/marriageagencyru.com\/wp-content\/uploads\/2025\/12\/5.jpg","contentUrl":"https:\/\/marriageagencyru.com\/wp-content\/uploads\/2025\/12\/5.jpg","width":1024,"height":1024},{"@type":"BreadcrumbList","@id":"https:\/\/marriageagencyru.com\/product\/%d1%86%d0%b5%d0%bd%d1%82%d1%80-%d1%81%d0%b5%d0%bc%d1%8c%d0%b8-%d0%b8-%d0%b1%d1%80%d0%b0%d0%ba%d0%b0\/#breadcrumb","itemListElement":[{"@type":"ListItem","position":1,"name":"Home","item":"https:\/\/marriageagencyru.com\/"},{"@type":"ListItem","position":2,"name":"Shop","item":"https:\/\/marriageagencyru.com\/shop\/"},{"@type":"ListItem","position":3,"name":"\u0426\u0435\u043d\u0442\u0440 \u0441\u0435\u043c\u044c\u0438 \u0438 \u0431\u0440\u0430\u043a\u0430"}]},{"@type":"WebSite","@id":"https:\/\/marriageagencyru.com\/#website","url":"https:\/\/marriageagencyru.com\/","name":"agence matrimonialeru.com","description":"Agence matrimoniale internationale marriageagencyru | Russie, Bi\u00e9lorussie, Ukraine | Elite Dating in China","alternateName":"\u0412\u044b\u0439\u0442\u0438 \u0437\u0430\u043c\u0443\u0436 \u0432 \u041a\u0438\u0442\u0430\u0439: \u0411\u0440\u0430\u0447\u043d\u043e\u0435 \u0430\u0433\u0435\u043d\u0442\u0441\u0442\u0432\u043e \u0434\u043b\u044f \u0420\u043e\u0441\u0441\u0438\u0438, \u0423\u043a\u0440\u0430\u0438\u043d\u044b \u0438 \u0411\u0435\u043b\u0430\u0440\u0443\u0441\u0438 | marriageagencyru","potentialAction":[{"@type":"SearchAction","target":{"@type":"EntryPoint","urlTemplate":"https:\/\/marriageagencyru.com\/?s={search_term_string}"},"query-input":{"@type":"PropertyValueSpecification","valueRequired":true,"valueName":"search_term_string"}}],"inLanguage":"fr-FR"}]}},"_links":{"self":[{"href":"https:\/\/marriageagencyru.com\/fr\/wp-json\/wp\/v2\/product\/264","targetHints":{"allow":["GET"]}}],"collection":[{"href":"https:\/\/marriageagencyru.com\/fr\/wp-json\/wp\/v2\/product"}],"about":[{"href":"https:\/\/marriageagencyru.com\/fr\/wp-json\/wp\/v2\/types\/product"}],"replies":[{"embeddable":true,"href":"https:\/\/marriageagencyru.com\/fr\/wp-json\/wp\/v2\/comments?post=264"}],"wp:featuredmedia":[{"embeddable":true,"href":"https:\/\/marriageagencyru.com\/fr\/wp-json\/wp\/v2\/media\/199"}],"wp:attachment":[{"href":"https:\/\/marriageagencyru.com\/fr\/wp-json\/wp\/v2\/media?parent=264"}],"wp:term":[{"taxonomy":"product_brand","embeddable":true,"href":"https:\/\/marriageagencyru.com\/fr\/wp-json\/wp\/v2\/product_brand?post=264"},{"taxonomy":"product_cat","embeddable":true,"href":"https:\/\/marriageagencyru.com\/fr\/wp-json\/wp\/v2\/product_cat?post=264"},{"taxonomy":"product_tag","embeddable":true,"href":"https:\/\/marriageagencyru.com\/fr\/wp-json\/wp\/v2\/product_tag?post=264"}],"curies":[{"name":"wp","href":"https:\/\/api.w.org\/{rel}","templated":true}]}}