{"id":178,"date":"2025-12-23T04:03:26","date_gmt":"2025-12-23T04:03:26","guid":{"rendered":"https:\/\/marriageagencyru.com\/product\/%d0%ba%d0%bb%d1%83%d0%b1-%d0%bc%d0%b8%d0%bb%d0%bb%d0%b8%d0%be%d0%bd%d0%b5%d1%80%d0%be%d0%b2-%d0%b7%d0%bd%d0%b0%d0%ba%d0%be%d0%bc%d1%81%d1%82%d0%b2%d0%b0\/"},"modified":"2025-12-23T04:03:26","modified_gmt":"2025-12-23T04:03:26","slug":"%d0%ba%d0%bb%d1%83%d0%b1-%d0%bc%d0%b8%d0%bb%d0%bb%d0%b8%d0%be%d0%bd%d0%b5%d1%80%d0%be%d0%b2-%d0%b7%d0%bd%d0%b0%d0%ba%d0%be%d0%bc%d1%81%d1%82%d0%b2%d0%b0","status":"publish","type":"product","link":"https:\/\/marriageagencyru.com\/fr\/produit\/%d0%ba%d0%bb%d1%83%d0%b1-%d0%bc%d0%b8%d0%bb%d0%bb%d0%b8%d0%be%d0%bd%d0%b5%d1%80%d0%be%d0%b2-%d0%b7%d0%bd%d0%b0%d0%ba%d0%be%d0%bc%d1%81%d1%82%d0%b2%d0%b0\/","title":{"rendered":"\u041a\u043b\u0443\u0431 \u043c\u0438\u043b\u043b\u0438\u043e\u043d\u0435\u0440\u043e\u0432 \u0437\u043d\u0430\u043a\u043e\u043c\u0441\u0442\u0432\u0430"},"content":{"rendered":"<p data-path-to-node=\"26\"><b data-path-to-node=\"26\" data-index-in-node=\"0\">Invitation priv\u00e9e. Pour les \u00e9lus seulement.<\/b><\/p>\n<p data-path-to-node=\"27\">Nous ouvrons un recrutement limit\u00e9 \u00e0 la base ferm\u00e9e de fianc\u00e9es de l'agence. <b data-path-to-node=\"27\" data-index-in-node=\"65\">R\u00e9unionLes deux<\/b>. Notre sp\u00e9cialit\u00e9 <i data-path-to-node=\"27\" data-index-in-node=\"99\">Matchmaking haut de gamme<\/i> dans la province de Guangdong (Foshan).<\/p>\n<p data-path-to-node=\"28\">Nous travaillons avec l'\u00e9lite \u00e9conomique de la Chine du Sud. Il s'agit de personnes qui n'ont pas le temps de chercher par elles-m\u00eames, mais qui ont les moyens d'offrir une vie de r\u00eave \u00e0 la personne qu'elles ont choisie.<\/p>\n<p data-path-to-node=\"29\"><b data-path-to-node=\"29\" data-index-in-node=\"0\">Votre profil :<\/b><\/p>\n<ul data-path-to-node=\"30\">\n<li>\n<p data-path-to-node=\"30,0,0\">\u00c2ge : strictement moins de 30 ans.<\/p>\n<\/li>\n<li>\n<p data-path-to-node=\"30,1,0\">L'esth\u00e9tique, les mani\u00e8res, l'\u00e9ducation.<\/p>\n<\/li>\n<li>\n<p data-path-to-node=\"30,2,0\">Localisation : Chine (avantage) ou volont\u00e9 de s'y rendre.<\/p>\n<\/li>\n<\/ul>\n<p data-path-to-node=\"31\"><b data-path-to-node=\"31\" data-index-in-node=\"0\">Vos privil\u00e8ges :<\/b><\/p>\n<ul data-path-to-node=\"32\">\n<li>\n<p data-path-to-node=\"32,0,0\">Gestionnaire personnel.<\/p>\n<\/li>\n<li>\n<p data-path-to-node=\"32,1,0\">Acc\u00e8s \u00e0 des profils de niveau VIP.<\/p>\n<\/li>\n<li>\n<p data-path-to-node=\"32,2,0\">Confidentialit\u00e9 totale.<\/p>\n<\/li>\n<li>\n<p data-path-to-node=\"32,3,0\">Pas de contributions (services pay\u00e9s par le client).<\/p>\n<\/li>\n<\/ul>\n<p data-path-to-node=\"33\">Vous savez que vous m\u00e9ritez ce qu'il y a de mieux. Nous vous aiderons \u00e0 l'obtenir. Envoyez-nous votre portfolio (5 \u00e0 7 photos) et une courte biographie.<\/p>\n<p data-path-to-node=\"34\">\ud83d\udc8e <b data-path-to-node=\"34\" data-index-in-node=\"3\">Courriel :<\/b> nolan@meetingboth.com<\/p>\n<hr data-path-to-node=\"35\" \/>\n<h3 data-path-to-node=\"36\">Option 16 : Tonalit\u00e9 amicale (tonalit\u00e9 amicale)<\/h3>\n<p data-path-to-node=\"37\"><i data-path-to-node=\"37\" data-index-in-node=\"0\">Texte simple et chaleureux, comme les conseils d'un ami. Id\u00e9al pour les blogs et Instagram.<\/i><\/p>\n<p data-path-to-node=\"38\"><b data-path-to-node=\"38\" data-index-in-node=\"0\">Titre : Les filles qui sont en Chine en ce moment ou qui veulent y aller ? Il y a un sujet ! !! \ud83e\udd2b<\/b><\/p>\n<p data-path-to-node=\"39\">Si vous avez moins de 30 ans, que vous \u00eates mignon et encore c\u00e9libataire, ne passez pas \u00e0 c\u00f4t\u00e9. Il y a une agence sympa \u00e0 Foshan (c'est pr\u00e8s de Guangzhou). <b data-path-to-node=\"39\" data-index-in-node=\"124\">R\u00e9unionLes deux<\/b>.<\/p>\n<p data-path-to-node=\"40\">Ils pr\u00e9sentent nos filles aux riches pr\u00e9tendants locaux. Et non, il ne s'agit pas d'une escorte ou quoi que ce soit d'autre. Il s'agit d'une v\u00e9ritable recherche d'\u00e9pouse. Les Chinois sont maintenant tr\u00e8s d\u00e9sireux d'\u00e9pouser des femmes europ\u00e9ennes\/slaves, c'est prestigieux pour eux, et ils sont pr\u00eats \u00e0 porter leurs femmes dans leurs bras.<\/p>\n<p data-path-to-node=\"41\"><b data-path-to-node=\"41\" data-index-in-node=\"0\">Ce qui est bien :<\/b><\/p>\n<ol start=\"1\" data-path-to-node=\"42\">\n<li>\n<p data-path-to-node=\"42,0,0\">Ils ne font rien payer aux filles.<\/p>\n<\/li>\n<li>\n<p data-path-to-node=\"42,1,0\">Ils vous emm\u00e8nent dans des restaurants chics pour vos rendez-vous.<\/p>\n<\/li>\n<li>\n<p data-path-to-node=\"42,2,0\">Les mari\u00e9s ont fait leurs preuves, ils ont des affaires et de l'argent.<\/p>\n<\/li>\n<\/ol>\n<p data-path-to-node=\"43\">Si tu es assis dans ton dortoir ou au travail et que tu es triste, pourquoi ne pas essayer ? Et si c'\u00e9tait ton destin ?<\/p>\n<p data-path-to-node=\"44\">Envoyez des photos et des informations sur vous ici \ud83d\udc8c <b data-path-to-node=\"44\" data-index-in-node=\"40\">nolan@meetingboth.com<\/b><\/p>\n<p data-path-to-node=\"45\">P.S. Le plus important est que vous ne perdiez rien, cela vaut la peine d'essayer !<\/p>","protected":false},"excerpt":{"rendered":"<p>Private Invitation. \u0422\u043e\u043b\u044c\u043a\u043e \u0434\u043b\u044f \u0438\u0437\u0431\u0440\u0430\u043d\u043d\u044b\u0445. \u041c\u044b \u043e\u0442\u043a\u0440\u044b\u0432\u0430\u0435\u043c \u043e\u0433\u0440\u0430\u043d\u0438\u0447\u0435\u043d\u043d\u044b\u0439 \u043d\u0430\u0431\u043e\u0440 \u0432 \u0437\u0430\u043a\u0440\u044b\u0442\u0443\u044e \u0431\u0430\u0437\u0443 \u043d\u0435\u0432\u0435\u0441\u0442 \u0430\u0433\u0435\u043d\u0442\u0441\u0442\u0432\u0430 MeetingBoth. \u041d\u0430\u0448\u0430 \u0441\u043f\u0435\u0446\u0438\u0430\u043b\u0438\u0437\u0430\u0446\u0438\u044f \u2014 High-End Matchmaking \u0432 \u043f\u0440\u043e\u0432\u0438\u043d\u0446\u0438\u0438 \u0413\u0443\u0430\u043d\u0434\u0443\u043d (\u0433. \u0424\u043e\u0448\u0430\u043d\u044c). \u041c\u044b \u0440\u0430\u0431\u043e\u0442\u0430\u0435\u043c \u0441 \u0431\u0438\u0437\u043d\u0435\u0441-\u044d\u043b\u0438\u0442\u043e\u0439 \u042e\u0436\u043d\u043e\u0433\u043e \u041a\u0438\u0442\u0430\u044f. \u042d\u0442\u043e \u043b\u044e\u0434\u0438, \u043a\u043e\u0442\u043e\u0440\u044b\u0435 \u043d\u0435 \u0438\u043c\u0435\u044e\u0442 \u0432\u0440\u0435\u043c\u0435\u043d\u0438 \u043d\u0430 \u0441\u0430\u043c\u043e\u0441\u0442\u043e\u044f\u0442\u0435\u043b\u044c\u043d\u044b\u0439 \u043f\u043e\u0438\u0441\u043a, \u043d\u043e \u0438\u043c\u0435\u044e\u0442 \u0440\u0435\u0441\u0443\u0440\u0441\u044b, \u0447\u0442\u043e\u0431\u044b \u043f\u043e\u0434\u0430\u0440\u0438\u0442\u044c \u0441\u0432\u043e\u0435\u0439 \u0438\u0437\u0431\u0440\u0430\u043d\u043d\u0438\u0446\u0435 \u0436\u0438\u0437\u043d\u044c \u043c\u0435\u0447\u0442\u044b. \u0412\u0430\u0448 \u043f\u0440\u043e\u0444\u0438\u043b\u044c: \u0412\u043e\u0437\u0440\u0430\u0441\u0442: \u0441\u0442\u0440\u043e\u0433\u043e \u0434\u043e 30 [&hellip;]<\/p>","protected":false},"featured_media":127,"comment_status":"open","ping_status":"closed","template":"","meta":{"_et_pb_use_builder":"","_et_pb_old_content":"","_et_gb_content_width":""},"product_brand":[],"product_cat":[],"product_tag":[],"class_list":{"0":"post-178","1":"product","2":"type-product","3":"status-publish","4":"has-post-thumbnail","7":"first","8":"instock","9":"shipping-taxable","10":"purchasable","11":"product-type-simple"},"yoast_head":"<!-- This site is optimized with the Yoast SEO plugin v27.4 - https:\/\/yoast.com\/product\/yoast-seo-wordpress\/ -->\n<title>\u041a\u043b\u0443\u0431 \u043c\u0438\u043b\u043b\u0438\u043e\u043d\u0435\u0440\u043e\u0432 \u0437\u043d\u0430\u043a\u043e\u043c\u0441\u0442\u0432\u0430 \u041c\u0435\u0436\u0434\u0443\u043d\u0430\u0440\u043e\u0434\u043d\u043e\u0435 \u0431\u0440\u0430\u0447\u043d\u043e\u0435 \u0430\u0433\u0435\u043d\u0442\u0441\u0442\u0432\u043e: \u0417\u043d\u0430\u043a\u043e\u043c\u0441\u0442\u0432\u0430 \u0420\u043e\u0441\u0441\u0438\u044f, \u0423\u043a\u0440\u0430\u0438\u043d\u0430, \u0411\u0435\u043b\u0430\u0440\u0443\u0441\u044c \u0438 \u041a\u0438\u0442\u0430\u0439<\/title>\n<meta name=\"robots\" content=\"index, follow, max-snippet:-1, max-image-preview:large, max-video-preview:-1\" \/>\n<link rel=\"canonical\" href=\"https:\/\/marriageagencyru.com\/fr\/produit\/\u043a\u043b\u0443\u0431-\u043c\u0438\u043b\u043b\u0438\u043e\u043d\u0435\u0440\u043e\u0432-\u0437\u043d\u0430\u043a\u043e\u043c\u0441\u0442\u0432\u0430\/\" \/>\n<meta property=\"og:locale\" content=\"fr_FR\" \/>\n<meta property=\"og:type\" content=\"article\" \/>\n<meta property=\"og:title\" content=\"\u041a\u043b\u0443\u0431 \u043c\u0438\u043b\u043b\u0438\u043e\u043d\u0435\u0440\u043e\u0432 \u0437\u043d\u0430\u043a\u043e\u043c\u0441\u0442\u0432\u0430 \u041c\u0435\u0436\u0434\u0443\u043d\u0430\u0440\u043e\u0434\u043d\u043e\u0435 \u0431\u0440\u0430\u0447\u043d\u043e\u0435 \u0430\u0433\u0435\u043d\u0442\u0441\u0442\u0432\u043e: \u0417\u043d\u0430\u043a\u043e\u043c\u0441\u0442\u0432\u0430 \u0420\u043e\u0441\u0441\u0438\u044f, \u0423\u043a\u0440\u0430\u0438\u043d\u0430, \u0411\u0435\u043b\u0430\u0440\u0443\u0441\u044c \u0438 \u041a\u0438\u0442\u0430\u0439\" \/>\n<meta property=\"og:description\" content=\"Private Invitation. \u0422\u043e\u043b\u044c\u043a\u043e \u0434\u043b\u044f \u0438\u0437\u0431\u0440\u0430\u043d\u043d\u044b\u0445. \u041c\u044b \u043e\u0442\u043a\u0440\u044b\u0432\u0430\u0435\u043c \u043e\u0433\u0440\u0430\u043d\u0438\u0447\u0435\u043d\u043d\u044b\u0439 \u043d\u0430\u0431\u043e\u0440 \u0432 \u0437\u0430\u043a\u0440\u044b\u0442\u0443\u044e \u0431\u0430\u0437\u0443 \u043d\u0435\u0432\u0435\u0441\u0442 \u0430\u0433\u0435\u043d\u0442\u0441\u0442\u0432\u0430 MeetingBoth. \u041d\u0430\u0448\u0430 \u0441\u043f\u0435\u0446\u0438\u0430\u043b\u0438\u0437\u0430\u0446\u0438\u044f \u2014 High-End Matchmaking \u0432 \u043f\u0440\u043e\u0432\u0438\u043d\u0446\u0438\u0438 \u0413\u0443\u0430\u043d\u0434\u0443\u043d (\u0433. \u0424\u043e\u0448\u0430\u043d\u044c). \u041c\u044b \u0440\u0430\u0431\u043e\u0442\u0430\u0435\u043c \u0441 \u0431\u0438\u0437\u043d\u0435\u0441-\u044d\u043b\u0438\u0442\u043e\u0439 \u042e\u0436\u043d\u043e\u0433\u043e \u041a\u0438\u0442\u0430\u044f. \u042d\u0442\u043e \u043b\u044e\u0434\u0438, \u043a\u043e\u0442\u043e\u0440\u044b\u0435 \u043d\u0435 \u0438\u043c\u0435\u044e\u0442 \u0432\u0440\u0435\u043c\u0435\u043d\u0438 \u043d\u0430 \u0441\u0430\u043c\u043e\u0441\u0442\u043e\u044f\u0442\u0435\u043b\u044c\u043d\u044b\u0439 \u043f\u043e\u0438\u0441\u043a, \u043d\u043e \u0438\u043c\u0435\u044e\u0442 \u0440\u0435\u0441\u0443\u0440\u0441\u044b, \u0447\u0442\u043e\u0431\u044b \u043f\u043e\u0434\u0430\u0440\u0438\u0442\u044c \u0441\u0432\u043e\u0435\u0439 \u0438\u0437\u0431\u0440\u0430\u043d\u043d\u0438\u0446\u0435 \u0436\u0438\u0437\u043d\u044c \u043c\u0435\u0447\u0442\u044b. \u0412\u0430\u0448 \u043f\u0440\u043e\u0444\u0438\u043b\u044c: \u0412\u043e\u0437\u0440\u0430\u0441\u0442: \u0441\u0442\u0440\u043e\u0433\u043e \u0434\u043e 30 [&hellip;]\" \/>\n<meta property=\"og:url\" content=\"https:\/\/marriageagencyru.com\/fr\/produit\/\u043a\u043b\u0443\u0431-\u043c\u0438\u043b\u043b\u0438\u043e\u043d\u0435\u0440\u043e\u0432-\u0437\u043d\u0430\u043a\u043e\u043c\u0441\u0442\u0432\u0430\/\" \/>\n<meta property=\"og:site_name\" content=\"marriageagencyru.com\" \/>\n<meta property=\"og:image\" content=\"https:\/\/marriageagencyru.com\/wp-content\/uploads\/2025\/12\/4.jpg\" \/>\n\t<meta property=\"og:image:width\" content=\"1024\" \/>\n\t<meta property=\"og:image:height\" content=\"1024\" \/>\n\t<meta property=\"og:image:type\" content=\"image\/jpeg\" \/>\n<meta name=\"twitter:card\" content=\"summary_large_image\" \/>\n<script type=\"application\/ld+json\" class=\"yoast-schema-graph\">{\"@context\":\"https:\\\/\\\/schema.org\",\"@graph\":[{\"@type\":\"WebPage\",\"@id\":\"https:\\\/\\\/marriageagencyru.com\\\/product\\\/%d0%ba%d0%bb%d1%83%d0%b1-%d0%bc%d0%b8%d0%bb%d0%bb%d0%b8%d0%be%d0%bd%d0%b5%d1%80%d0%be%d0%b2-%d0%b7%d0%bd%d0%b0%d0%ba%d0%be%d0%bc%d1%81%d1%82%d0%b2%d0%b0\\\/\",\"url\":\"https:\\\/\\\/marriageagencyru.com\\\/product\\\/%d0%ba%d0%bb%d1%83%d0%b1-%d0%bc%d0%b8%d0%bb%d0%bb%d0%b8%d0%be%d0%bd%d0%b5%d1%80%d0%be%d0%b2-%d0%b7%d0%bd%d0%b0%d0%ba%d0%be%d0%bc%d1%81%d1%82%d0%b2%d0%b0\\\/\",\"name\":\"\u041a\u043b\u0443\u0431 \u043c\u0438\u043b\u043b\u0438\u043e\u043d\u0435\u0440\u043e\u0432 \u0437\u043d\u0430\u043a\u043e\u043c\u0441\u0442\u0432\u0430 \u041c\u0435\u0436\u0434\u0443\u043d\u0430\u0440\u043e\u0434\u043d\u043e\u0435 \u0431\u0440\u0430\u0447\u043d\u043e\u0435 \u0430\u0433\u0435\u043d\u0442\u0441\u0442\u0432\u043e: \u0417\u043d\u0430\u043a\u043e\u043c\u0441\u0442\u0432\u0430 \u0420\u043e\u0441\u0441\u0438\u044f, \u0423\u043a\u0440\u0430\u0438\u043d\u0430, \u0411\u0435\u043b\u0430\u0440\u0443\u0441\u044c \u0438 \u041a\u0438\u0442\u0430\u0439\",\"isPartOf\":{\"@id\":\"https:\\\/\\\/marriageagencyru.com\\\/#website\"},\"primaryImageOfPage\":{\"@id\":\"https:\\\/\\\/marriageagencyru.com\\\/product\\\/%d0%ba%d0%bb%d1%83%d0%b1-%d0%bc%d0%b8%d0%bb%d0%bb%d0%b8%d0%be%d0%bd%d0%b5%d1%80%d0%be%d0%b2-%d0%b7%d0%bd%d0%b0%d0%ba%d0%be%d0%bc%d1%81%d1%82%d0%b2%d0%b0\\\/#primaryimage\"},\"image\":{\"@id\":\"https:\\\/\\\/marriageagencyru.com\\\/product\\\/%d0%ba%d0%bb%d1%83%d0%b1-%d0%bc%d0%b8%d0%bb%d0%bb%d0%b8%d0%be%d0%bd%d0%b5%d1%80%d0%be%d0%b2-%d0%b7%d0%bd%d0%b0%d0%ba%d0%be%d0%bc%d1%81%d1%82%d0%b2%d0%b0\\\/#primaryimage\"},\"thumbnailUrl\":\"https:\\\/\\\/marriageagencyru.com\\\/wp-content\\\/uploads\\\/2025\\\/12\\\/4.jpg\",\"datePublished\":\"2025-12-23T04:03:26+00:00\",\"breadcrumb\":{\"@id\":\"https:\\\/\\\/marriageagencyru.com\\\/product\\\/%d0%ba%d0%bb%d1%83%d0%b1-%d0%bc%d0%b8%d0%bb%d0%bb%d0%b8%d0%be%d0%bd%d0%b5%d1%80%d0%be%d0%b2-%d0%b7%d0%bd%d0%b0%d0%ba%d0%be%d0%bc%d1%81%d1%82%d0%b2%d0%b0\\\/#breadcrumb\"},\"inLanguage\":\"fr-FR\",\"potentialAction\":[{\"@type\":\"ReadAction\",\"target\":[\"https:\\\/\\\/marriageagencyru.com\\\/product\\\/%d0%ba%d0%bb%d1%83%d0%b1-%d0%bc%d0%b8%d0%bb%d0%bb%d0%b8%d0%be%d0%bd%d0%b5%d1%80%d0%be%d0%b2-%d0%b7%d0%bd%d0%b0%d0%ba%d0%be%d0%bc%d1%81%d1%82%d0%b2%d0%b0\\\/\"]}]},{\"@type\":\"ImageObject\",\"inLanguage\":\"fr-FR\",\"@id\":\"https:\\\/\\\/marriageagencyru.com\\\/product\\\/%d0%ba%d0%bb%d1%83%d0%b1-%d0%bc%d0%b8%d0%bb%d0%bb%d0%b8%d0%be%d0%bd%d0%b5%d1%80%d0%be%d0%b2-%d0%b7%d0%bd%d0%b0%d0%ba%d0%be%d0%bc%d1%81%d1%82%d0%b2%d0%b0\\\/#primaryimage\",\"url\":\"https:\\\/\\\/marriageagencyru.com\\\/wp-content\\\/uploads\\\/2025\\\/12\\\/4.jpg\",\"contentUrl\":\"https:\\\/\\\/marriageagencyru.com\\\/wp-content\\\/uploads\\\/2025\\\/12\\\/4.jpg\",\"width\":1024,\"height\":1024},{\"@type\":\"BreadcrumbList\",\"@id\":\"https:\\\/\\\/marriageagencyru.com\\\/product\\\/%d0%ba%d0%bb%d1%83%d0%b1-%d0%bc%d0%b8%d0%bb%d0%bb%d0%b8%d0%be%d0%bd%d0%b5%d1%80%d0%be%d0%b2-%d0%b7%d0%bd%d0%b0%d0%ba%d0%be%d0%bc%d1%81%d1%82%d0%b2%d0%b0\\\/#breadcrumb\",\"itemListElement\":[{\"@type\":\"ListItem\",\"position\":1,\"name\":\"Home\",\"item\":\"https:\\\/\\\/marriageagencyru.com\\\/\"},{\"@type\":\"ListItem\",\"position\":2,\"name\":\"Shop\",\"item\":\"https:\\\/\\\/marriageagencyru.com\\\/shop\\\/\"},{\"@type\":\"ListItem\",\"position\":3,\"name\":\"\u041a\u043b\u0443\u0431 \u043c\u0438\u043b\u043b\u0438\u043e\u043d\u0435\u0440\u043e\u0432 \u0437\u043d\u0430\u043a\u043e\u043c\u0441\u0442\u0432\u0430\"}]},{\"@type\":\"WebSite\",\"@id\":\"https:\\\/\\\/marriageagencyru.com\\\/#website\",\"url\":\"https:\\\/\\\/marriageagencyru.com\\\/\",\"name\":\"marriageagencyru.com\",\"description\":\"\u041c\u0435\u0436\u0434\u0443\u043d\u0430\u0440\u043e\u0434\u043d\u043e\u0435 \u0431\u0440\u0430\u0447\u043d\u043e\u0435 \u0430\u0433\u0435\u043d\u0442\u0441\u0442\u0432\u043e marriageagencyru | \u0420\u043e\u0441\u0441\u0438\u044f, \u0411\u0435\u043b\u0430\u0440\u0443\u0441\u044c, \u0423\u043a\u0440\u0430\u0438\u043d\u0430 | \u042d\u043b\u0438\u0442\u043d\u044b\u0435 \u0437\u043d\u0430\u043a\u043e\u043c\u0441\u0442\u0432\u0430 \u0432 \u041a\u0438\u0442\u0430\u0435\",\"alternateName\":\"\u0412\u044b\u0439\u0442\u0438 \u0437\u0430\u043c\u0443\u0436 \u0432 \u041a\u0438\u0442\u0430\u0439: \u0411\u0440\u0430\u0447\u043d\u043e\u0435 \u0430\u0433\u0435\u043d\u0442\u0441\u0442\u0432\u043e \u0434\u043b\u044f \u0420\u043e\u0441\u0441\u0438\u0438, \u0423\u043a\u0440\u0430\u0438\u043d\u044b \u0438 \u0411\u0435\u043b\u0430\u0440\u0443\u0441\u0438 | marriageagencyru\",\"potentialAction\":[{\"@type\":\"SearchAction\",\"target\":{\"@type\":\"EntryPoint\",\"urlTemplate\":\"https:\\\/\\\/marriageagencyru.com\\\/?s={search_term_string}\"},\"query-input\":{\"@type\":\"PropertyValueSpecification\",\"valueRequired\":true,\"valueName\":\"search_term_string\"}}],\"inLanguage\":\"fr-FR\"}]}<\/script>\n<!-- \/ Yoast SEO plugin. -->","yoast_head_json":{"title":"\u041a\u043b\u0443\u0431 \u043c\u0438\u043b\u043b\u0438\u043e\u043d\u0435\u0440\u043e\u0432 \u0437\u043d\u0430\u043a\u043e\u043c\u0441\u0442\u0432\u0430 \u041c\u0435\u0436\u0434\u0443\u043d\u0430\u0440\u043e\u0434\u043d\u043e\u0435 \u0431\u0440\u0430\u0447\u043d\u043e\u0435 \u0430\u0433\u0435\u043d\u0442\u0441\u0442\u0432\u043e: \u0417\u043d\u0430\u043a\u043e\u043c\u0441\u0442\u0432\u0430 \u0420\u043e\u0441\u0441\u0438\u044f, \u0423\u043a\u0440\u0430\u0438\u043d\u0430, \u0411\u0435\u043b\u0430\u0440\u0443\u0441\u044c \u0438 \u041a\u0438\u0442\u0430\u0439","robots":{"index":"index","follow":"follow","max-snippet":"max-snippet:-1","max-image-preview":"max-image-preview:large","max-video-preview":"max-video-preview:-1"},"canonical":"https:\/\/marriageagencyru.com\/fr\/produit\/\u043a\u043b\u0443\u0431-\u043c\u0438\u043b\u043b\u0438\u043e\u043d\u0435\u0440\u043e\u0432-\u0437\u043d\u0430\u043a\u043e\u043c\u0441\u0442\u0432\u0430\/","og_locale":"fr_FR","og_type":"article","og_title":"\u041a\u043b\u0443\u0431 \u043c\u0438\u043b\u043b\u0438\u043e\u043d\u0435\u0440\u043e\u0432 \u0437\u043d\u0430\u043a\u043e\u043c\u0441\u0442\u0432\u0430 \u041c\u0435\u0436\u0434\u0443\u043d\u0430\u0440\u043e\u0434\u043d\u043e\u0435 \u0431\u0440\u0430\u0447\u043d\u043e\u0435 \u0430\u0433\u0435\u043d\u0442\u0441\u0442\u0432\u043e: \u0417\u043d\u0430\u043a\u043e\u043c\u0441\u0442\u0432\u0430 \u0420\u043e\u0441\u0441\u0438\u044f, \u0423\u043a\u0440\u0430\u0438\u043d\u0430, \u0411\u0435\u043b\u0430\u0440\u0443\u0441\u044c \u0438 \u041a\u0438\u0442\u0430\u0439","og_description":"Private Invitation. \u0422\u043e\u043b\u044c\u043a\u043e \u0434\u043b\u044f \u0438\u0437\u0431\u0440\u0430\u043d\u043d\u044b\u0445. \u041c\u044b \u043e\u0442\u043a\u0440\u044b\u0432\u0430\u0435\u043c \u043e\u0433\u0440\u0430\u043d\u0438\u0447\u0435\u043d\u043d\u044b\u0439 \u043d\u0430\u0431\u043e\u0440 \u0432 \u0437\u0430\u043a\u0440\u044b\u0442\u0443\u044e \u0431\u0430\u0437\u0443 \u043d\u0435\u0432\u0435\u0441\u0442 \u0430\u0433\u0435\u043d\u0442\u0441\u0442\u0432\u0430 MeetingBoth. \u041d\u0430\u0448\u0430 \u0441\u043f\u0435\u0446\u0438\u0430\u043b\u0438\u0437\u0430\u0446\u0438\u044f \u2014 High-End Matchmaking \u0432 \u043f\u0440\u043e\u0432\u0438\u043d\u0446\u0438\u0438 \u0413\u0443\u0430\u043d\u0434\u0443\u043d (\u0433. \u0424\u043e\u0448\u0430\u043d\u044c). \u041c\u044b \u0440\u0430\u0431\u043e\u0442\u0430\u0435\u043c \u0441 \u0431\u0438\u0437\u043d\u0435\u0441-\u044d\u043b\u0438\u0442\u043e\u0439 \u042e\u0436\u043d\u043e\u0433\u043e \u041a\u0438\u0442\u0430\u044f. \u042d\u0442\u043e \u043b\u044e\u0434\u0438, \u043a\u043e\u0442\u043e\u0440\u044b\u0435 \u043d\u0435 \u0438\u043c\u0435\u044e\u0442 \u0432\u0440\u0435\u043c\u0435\u043d\u0438 \u043d\u0430 \u0441\u0430\u043c\u043e\u0441\u0442\u043e\u044f\u0442\u0435\u043b\u044c\u043d\u044b\u0439 \u043f\u043e\u0438\u0441\u043a, \u043d\u043e \u0438\u043c\u0435\u044e\u0442 \u0440\u0435\u0441\u0443\u0440\u0441\u044b, \u0447\u0442\u043e\u0431\u044b \u043f\u043e\u0434\u0430\u0440\u0438\u0442\u044c \u0441\u0432\u043e\u0435\u0439 \u0438\u0437\u0431\u0440\u0430\u043d\u043d\u0438\u0446\u0435 \u0436\u0438\u0437\u043d\u044c \u043c\u0435\u0447\u0442\u044b. \u0412\u0430\u0448 \u043f\u0440\u043e\u0444\u0438\u043b\u044c: \u0412\u043e\u0437\u0440\u0430\u0441\u0442: \u0441\u0442\u0440\u043e\u0433\u043e \u0434\u043e 30 [&hellip;]","og_url":"https:\/\/marriageagencyru.com\/fr\/produit\/\u043a\u043b\u0443\u0431-\u043c\u0438\u043b\u043b\u0438\u043e\u043d\u0435\u0440\u043e\u0432-\u0437\u043d\u0430\u043a\u043e\u043c\u0441\u0442\u0432\u0430\/","og_site_name":"marriageagencyru.com","og_image":[{"width":1024,"height":1024,"url":"https:\/\/marriageagencyru.com\/wp-content\/uploads\/2025\/12\/4.jpg","type":"image\/jpeg"}],"twitter_card":"summary_large_image","schema":{"@context":"https:\/\/schema.org","@graph":[{"@type":"WebPage","@id":"https:\/\/marriageagencyru.com\/product\/%d0%ba%d0%bb%d1%83%d0%b1-%d0%bc%d0%b8%d0%bb%d0%bb%d0%b8%d0%be%d0%bd%d0%b5%d1%80%d0%be%d0%b2-%d0%b7%d0%bd%d0%b0%d0%ba%d0%be%d0%bc%d1%81%d1%82%d0%b2%d0%b0\/","url":"https:\/\/marriageagencyru.com\/product\/%d0%ba%d0%bb%d1%83%d0%b1-%d0%bc%d0%b8%d0%bb%d0%bb%d0%b8%d0%be%d0%bd%d0%b5%d1%80%d0%be%d0%b2-%d0%b7%d0%bd%d0%b0%d0%ba%d0%be%d0%bc%d1%81%d1%82%d0%b2%d0%b0\/","name":"\u041a\u043b\u0443\u0431 \u043c\u0438\u043b\u043b\u0438\u043e\u043d\u0435\u0440\u043e\u0432 \u0437\u043d\u0430\u043a\u043e\u043c\u0441\u0442\u0432\u0430 \u041c\u0435\u0436\u0434\u0443\u043d\u0430\u0440\u043e\u0434\u043d\u043e\u0435 \u0431\u0440\u0430\u0447\u043d\u043e\u0435 \u0430\u0433\u0435\u043d\u0442\u0441\u0442\u0432\u043e: \u0417\u043d\u0430\u043a\u043e\u043c\u0441\u0442\u0432\u0430 \u0420\u043e\u0441\u0441\u0438\u044f, \u0423\u043a\u0440\u0430\u0438\u043d\u0430, \u0411\u0435\u043b\u0430\u0440\u0443\u0441\u044c \u0438 \u041a\u0438\u0442\u0430\u0439","isPartOf":{"@id":"https:\/\/marriageagencyru.com\/#website"},"primaryImageOfPage":{"@id":"https:\/\/marriageagencyru.com\/product\/%d0%ba%d0%bb%d1%83%d0%b1-%d0%bc%d0%b8%d0%bb%d0%bb%d0%b8%d0%be%d0%bd%d0%b5%d1%80%d0%be%d0%b2-%d0%b7%d0%bd%d0%b0%d0%ba%d0%be%d0%bc%d1%81%d1%82%d0%b2%d0%b0\/#primaryimage"},"image":{"@id":"https:\/\/marriageagencyru.com\/product\/%d0%ba%d0%bb%d1%83%d0%b1-%d0%bc%d0%b8%d0%bb%d0%bb%d0%b8%d0%be%d0%bd%d0%b5%d1%80%d0%be%d0%b2-%d0%b7%d0%bd%d0%b0%d0%ba%d0%be%d0%bc%d1%81%d1%82%d0%b2%d0%b0\/#primaryimage"},"thumbnailUrl":"https:\/\/marriageagencyru.com\/wp-content\/uploads\/2025\/12\/4.jpg","datePublished":"2025-12-23T04:03:26+00:00","breadcrumb":{"@id":"https:\/\/marriageagencyru.com\/product\/%d0%ba%d0%bb%d1%83%d0%b1-%d0%bc%d0%b8%d0%bb%d0%bb%d0%b8%d0%be%d0%bd%d0%b5%d1%80%d0%be%d0%b2-%d0%b7%d0%bd%d0%b0%d0%ba%d0%be%d0%bc%d1%81%d1%82%d0%b2%d0%b0\/#breadcrumb"},"inLanguage":"fr-FR","potentialAction":[{"@type":"ReadAction","target":["https:\/\/marriageagencyru.com\/product\/%d0%ba%d0%bb%d1%83%d0%b1-%d0%bc%d0%b8%d0%bb%d0%bb%d0%b8%d0%be%d0%bd%d0%b5%d1%80%d0%be%d0%b2-%d0%b7%d0%bd%d0%b0%d0%ba%d0%be%d0%bc%d1%81%d1%82%d0%b2%d0%b0\/"]}]},{"@type":"ImageObject","inLanguage":"fr-FR","@id":"https:\/\/marriageagencyru.com\/product\/%d0%ba%d0%bb%d1%83%d0%b1-%d0%bc%d0%b8%d0%bb%d0%bb%d0%b8%d0%be%d0%bd%d0%b5%d1%80%d0%be%d0%b2-%d0%b7%d0%bd%d0%b0%d0%ba%d0%be%d0%bc%d1%81%d1%82%d0%b2%d0%b0\/#primaryimage","url":"https:\/\/marriageagencyru.com\/wp-content\/uploads\/2025\/12\/4.jpg","contentUrl":"https:\/\/marriageagencyru.com\/wp-content\/uploads\/2025\/12\/4.jpg","width":1024,"height":1024},{"@type":"BreadcrumbList","@id":"https:\/\/marriageagencyru.com\/product\/%d0%ba%d0%bb%d1%83%d0%b1-%d0%bc%d0%b8%d0%bb%d0%bb%d0%b8%d0%be%d0%bd%d0%b5%d1%80%d0%be%d0%b2-%d0%b7%d0%bd%d0%b0%d0%ba%d0%be%d0%bc%d1%81%d1%82%d0%b2%d0%b0\/#breadcrumb","itemListElement":[{"@type":"ListItem","position":1,"name":"Home","item":"https:\/\/marriageagencyru.com\/"},{"@type":"ListItem","position":2,"name":"Shop","item":"https:\/\/marriageagencyru.com\/shop\/"},{"@type":"ListItem","position":3,"name":"\u041a\u043b\u0443\u0431 \u043c\u0438\u043b\u043b\u0438\u043e\u043d\u0435\u0440\u043e\u0432 \u0437\u043d\u0430\u043a\u043e\u043c\u0441\u0442\u0432\u0430"}]},{"@type":"WebSite","@id":"https:\/\/marriageagencyru.com\/#website","url":"https:\/\/marriageagencyru.com\/","name":"agence matrimonialeru.com","description":"Agence matrimoniale internationale marriageagencyru | Russie, Bi\u00e9lorussie, Ukraine | Elite Dating in China","alternateName":"\u0412\u044b\u0439\u0442\u0438 \u0437\u0430\u043c\u0443\u0436 \u0432 \u041a\u0438\u0442\u0430\u0439: \u0411\u0440\u0430\u0447\u043d\u043e\u0435 \u0430\u0433\u0435\u043d\u0442\u0441\u0442\u0432\u043e \u0434\u043b\u044f \u0420\u043e\u0441\u0441\u0438\u0438, \u0423\u043a\u0440\u0430\u0438\u043d\u044b \u0438 \u0411\u0435\u043b\u0430\u0440\u0443\u0441\u0438 | marriageagencyru","potentialAction":[{"@type":"SearchAction","target":{"@type":"EntryPoint","urlTemplate":"https:\/\/marriageagencyru.com\/?s={search_term_string}"},"query-input":{"@type":"PropertyValueSpecification","valueRequired":true,"valueName":"search_term_string"}}],"inLanguage":"fr-FR"}]}},"_links":{"self":[{"href":"https:\/\/marriageagencyru.com\/fr\/wp-json\/wp\/v2\/product\/178","targetHints":{"allow":["GET"]}}],"collection":[{"href":"https:\/\/marriageagencyru.com\/fr\/wp-json\/wp\/v2\/product"}],"about":[{"href":"https:\/\/marriageagencyru.com\/fr\/wp-json\/wp\/v2\/types\/product"}],"replies":[{"embeddable":true,"href":"https:\/\/marriageagencyru.com\/fr\/wp-json\/wp\/v2\/comments?post=178"}],"wp:featuredmedia":[{"embeddable":true,"href":"https:\/\/marriageagencyru.com\/fr\/wp-json\/wp\/v2\/media\/127"}],"wp:attachment":[{"href":"https:\/\/marriageagencyru.com\/fr\/wp-json\/wp\/v2\/media?parent=178"}],"wp:term":[{"taxonomy":"product_brand","embeddable":true,"href":"https:\/\/marriageagencyru.com\/fr\/wp-json\/wp\/v2\/product_brand?post=178"},{"taxonomy":"product_cat","embeddable":true,"href":"https:\/\/marriageagencyru.com\/fr\/wp-json\/wp\/v2\/product_cat?post=178"},{"taxonomy":"product_tag","embeddable":true,"href":"https:\/\/marriageagencyru.com\/fr\/wp-json\/wp\/v2\/product_tag?post=178"}],"curies":[{"name":"wp","href":"https:\/\/api.w.org\/{rel}","templated":true}]}}