{"id":125,"date":"2025-12-23T04:00:05","date_gmt":"2025-12-23T04:00:05","guid":{"rendered":"https:\/\/marriageagencyru.com\/product\/%d1%84%d0%be%d1%82%d0%be%d1%81%d0%b5%d1%81%d1%81%d0%b8%d1%8f-%d0%b4%d0%bb%d1%8f-%d0%b7%d0%bd%d0%b0%d0%ba%d0%be%d0%bc%d1%81%d1%82%d0%b2\/"},"modified":"2025-12-23T04:00:05","modified_gmt":"2025-12-23T04:00:05","slug":"seance-photo-de-rencontre","status":"publish","type":"product","link":"https:\/\/marriageagencyru.com\/fr\/produit\/seance-photo-de-rencontre\/","title":{"rendered":"S\u00e9ance photo de rencontre"},"content":{"rendered":"<h3 data-path-to-node=\"2\">Pour les \u00e9tudiantes et les expatri\u00e9es en Chine (haut potentiel)<\/h3>\n<p data-path-to-node=\"3\"><i data-path-to-node=\"3\" data-index-in-node=\"0\">Ce texte est id\u00e9al pour les groupes WeChat, les communaut\u00e9s de mannequins et les \u00e9tudiantes qui vivent d\u00e9j\u00e0 \u00e0 Guangzhou ou \u00e0 Foshan. Il s'agit du public le plus \u00abchaud\u00bb.<\/i><\/p>\n<p data-path-to-node=\"4\"><b data-path-to-node=\"4\" data-index-in-node=\"0\">Titre : Vous habitez \u00e0 Guangzhou ou \u00e0 Foshan ? Ne manquez pas votre chance !<\/b><\/p>\n<p data-path-to-node=\"5\">Vous avez d\u00e9j\u00e0 franchi un pas audacieux en venant en Chine. Vous \u00e9tudiez ou travaillez, vous aimez ce pays. Mais il y a un probl\u00e8me : il est difficile de trouver un homme digne de ce nom pour une relation s\u00e9rieuse.<\/p>\n<p data-path-to-node=\"6\">Agence <b data-path-to-node=\"6\" data-index-in-node=\"10\">R\u00e9unionLes deux<\/b> invite des filles russophones (jusqu'\u00e0 30 ans) vivant dans la province de Guangdong pour des rencontres individuelles.<\/p>\n<p data-path-to-node=\"7\"><b data-path-to-node=\"7\" data-index-in-node=\"0\">Pourquoi est-ce parfait pour vous ?<\/b><\/p>\n<ol start=\"1\" data-path-to-node=\"8\">\n<li>\n<p data-path-to-node=\"8,0,0\"><b data-path-to-node=\"8,0,0\" data-index-in-node=\"0\">Localisation :<\/b> Nos clients habitent \u00e0 Foshan. Vous n'avez pas besoin de prendre l'avion. Il suffit de venir d\u00eener dans un bon restaurant.<\/p>\n<\/li>\n<li>\n<p data-path-to-node=\"8,1,0\"><b data-path-to-node=\"8,1,0\" data-index-in-node=\"0\">Niveau :<\/b> Nous ne travaillons qu'avec des Chinois fortun\u00e9s (chefs d'entreprise, cadres sup\u00e9rieurs) qui recherchent sp\u00e9cifiquement une \u00e9pouse slave.<\/p>\n<\/li>\n<li>\n<p data-path-to-node=\"8,2,0\"><b data-path-to-node=\"8,2,0\" data-index-in-node=\"0\">La s\u00e9curit\u00e9 :<\/b> Nous connaissons personnellement chaque client.<\/p>\n<\/li>\n<li>\n<p data-path-to-node=\"8,3,0\"><b data-path-to-node=\"8,3,0\" data-index-in-node=\"0\">C'est gratuit :<\/b> Vous \u00eates notre invit\u00e9.<\/p>\n<\/li>\n<\/ol>\n<p data-path-to-node=\"9\">Transformez votre vie en Chine de \u00abtravail\/\u00e9tude\u00bb en une belle histoire d'amour.<\/p>\n<p data-path-to-node=\"10\">\ud83d\udcf2 <b data-path-to-node=\"10\" data-index-in-node=\"3\">Envoyez vos photos et WeChat\/WhatsApp \u00e0 :<\/b> nolan@meetingboth.com<\/p>\n<hr data-path-to-node=\"11\" \/>\n<h3 data-path-to-node=\"12\">Option 10 : choix pragmatique (choix pragmatique)<\/h3>\n<p data-path-to-node=\"13\"><i data-path-to-node=\"13\" data-index-in-node=\"0\">Texte destin\u00e9 aux jeunes filles qui abordent le mariage de front. L'accent est mis sur le confort et le niveau de vie.<\/i><\/p>\n<p data-path-to-node=\"14\"><b data-path-to-node=\"14\" data-index-in-node=\"0\">Titre : \"Smart girls choose a future in Asia\" (Des filles intelligentes choisissent un avenir en Asie).<\/b><\/p>\n<p data-path-to-node=\"15\">L'Europe ne vit pas les meilleurs moments. L'avenir de l'\u00e9conomie mondiale est ici, en Chine. La ville de Foshan est un centre de richesse, de technologie et de confort.<\/p>\n<p data-path-to-node=\"16\">Si c'est le cas :<\/p>\n<ul data-path-to-node=\"17\">\n<li>\n<p data-path-to-node=\"17,0,0\">Jeunes (moins de 30 ans) et s\u00e9duisants.<\/p>\n<\/li>\n<li>\n<p data-path-to-node=\"17,1,0\">Vous souhaitez vivre dans un climat chaud, s\u00fbr et prosp\u00e8re.<\/p>\n<\/li>\n<li>\n<p data-path-to-node=\"17,2,0\">Vous voulez un mari qui subviendra enti\u00e8rement aux besoins de la famille (c'est la norme en Chine, ce n'est pas rare).<\/p>\n<\/li>\n<\/ul>\n<p data-path-to-node=\"18\">...Alors vous \u00eates dans <b data-path-to-node=\"18\" data-index-in-node=\"15\">R\u00e9unionLes deux<\/b>.<\/p>\n<p data-path-to-node=\"19\">Nous sommes le pont entre vous et l'\u00e9lite de Foshan. Nous ne vous promettons pas des \u00abprinces sur des chevaux blancs\u00bb, nous vous pr\u00e9sentons de vrais hommes qui ont r\u00e9ussi et qui sont pr\u00eats \u00e0 se marier. Format : rencontres en face \u00e0 face \u00e0 Foshan. Co\u00fbt : <b data-path-to-node=\"19\" data-index-in-node=\"186\">0 rub.<\/b> pour les filles.<\/p>\n<p data-path-to-node=\"20\">Faites le meilleur investissement pour votre avenir - trouvez le bon partenaire de vie.<\/p>\n<p data-path-to-node=\"21\">\ud83d\udce7 <b data-path-to-node=\"21\" data-index-in-node=\"3\">Nous attendons votre profil :<\/b> nolan@meetingboth.com<\/p>","protected":false},"excerpt":{"rendered":"<p>\u0414\u043b\u044f \u0441\u0442\u0443\u0434\u0435\u043d\u0442\u043e\u043a \u0438 \u044d\u043a\u0441\u043f\u0430\u0442\u043e\u0432 \u0432 \u041a\u0438\u0442\u0430\u0435 (High Potential) \u042d\u0442\u043e\u0442 \u0442\u0435\u043a\u0441\u0442 \u0438\u0434\u0435\u0430\u043b\u044c\u043d\u043e \u043f\u043e\u0434\u0445\u043e\u0434\u0438\u0442 \u0434\u043b\u044f WeChat-\u0433\u0440\u0443\u043f\u043f, \u0441\u043e\u043e\u0431\u0449\u0435\u0441\u0442\u0432 \u043c\u043e\u0434\u0435\u043b\u0435\u0439 \u0438 \u0441\u0442\u0443\u0434\u0435\u043d\u0442\u043e\u043a, \u043a\u043e\u0442\u043e\u0440\u044b\u0435 \u0443\u0436\u0435 \u0436\u0438\u0432\u0443\u0442 \u0432 \u0413\u0443\u0430\u043d\u0447\u0436\u043e\u0443 \u0438\u043b\u0438 \u0424\u043e\u0448\u0430\u043d\u0435. \u042d\u0442\u043e \u0441\u0430\u043c\u0430\u044f &#171;\u0442\u0435\u043f\u043b\u0430\u044f&#187; \u0430\u0443\u0434\u0438\u0442\u043e\u0440\u0438\u044f. \u0417\u0430\u0433\u043e\u043b\u043e\u0432\u043e\u043a: \u0422\u044b \u0436\u0438\u0432\u0435\u0448\u044c \u0432 \u0413\u0443\u0430\u043d\u0447\u0436\u043e\u0443 \u0438\u043b\u0438 \u0424\u043e\u0448\u0430\u043d\u0435? \u041d\u0435 \u0443\u043f\u0443\u0441\u043a\u0430\u0439 \u0441\u0432\u043e\u0435 \u0441\u0447\u0430\u0441\u0442\u044c\u0435! \u0422\u044b \u0443\u0436\u0435 \u0441\u0434\u0435\u043b\u0430\u043b\u0430 \u0441\u043c\u0435\u043b\u044b\u0439 \u0448\u0430\u0433, \u043f\u0440\u0438\u0435\u0445\u0430\u0432 \u0432 \u041a\u0438\u0442\u0430\u0439. \u0422\u044b \u0443\u0447\u0438\u0448\u044c\u0441\u044f \u0438\u043b\u0438 \u0440\u0430\u0431\u043e\u0442\u0430\u0435\u0448\u044c, \u0442\u0435\u0431\u0435 \u043d\u0440\u0430\u0432\u0438\u0442\u0441\u044f \u044d\u0442\u0430 [&hellip;]<\/p>","protected":false},"featured_media":78,"comment_status":"open","ping_status":"closed","template":"","meta":{"_et_pb_use_builder":"","_et_pb_old_content":"","_et_gb_content_width":""},"product_brand":[],"product_cat":[],"product_tag":[],"class_list":{"0":"post-125","1":"product","2":"type-product","3":"status-publish","4":"has-post-thumbnail","7":"first","8":"instock","9":"shipping-taxable","10":"purchasable","11":"product-type-simple"},"yoast_head":"<!-- This site is optimized with the Yoast SEO plugin v27.4 - https:\/\/yoast.com\/product\/yoast-seo-wordpress\/ -->\n<title>\u0424\u043e\u0442\u043e\u0441\u0435\u0441\u0441\u0438\u044f \u0434\u043b\u044f \u0437\u043d\u0430\u043a\u043e\u043c\u0441\u0442\u0432 \u041c\u0435\u0436\u0434\u0443\u043d\u0430\u0440\u043e\u0434\u043d\u043e\u0435 \u0431\u0440\u0430\u0447\u043d\u043e\u0435 \u0430\u0433\u0435\u043d\u0442\u0441\u0442\u0432\u043e: \u0417\u043d\u0430\u043a\u043e\u043c\u0441\u0442\u0432\u0430 \u0420\u043e\u0441\u0441\u0438\u044f, \u0423\u043a\u0440\u0430\u0438\u043d\u0430, \u0411\u0435\u043b\u0430\u0440\u0443\u0441\u044c \u0438 \u041a\u0438\u0442\u0430\u0439<\/title>\n<meta name=\"robots\" content=\"index, follow, max-snippet:-1, max-image-preview:large, max-video-preview:-1\" \/>\n<link rel=\"canonical\" href=\"https:\/\/marriageagencyru.com\/fr\/produit\/seance-photo-de-rencontre\/\" \/>\n<meta property=\"og:locale\" content=\"fr_FR\" \/>\n<meta property=\"og:type\" content=\"article\" \/>\n<meta property=\"og:title\" content=\"\u0424\u043e\u0442\u043e\u0441\u0435\u0441\u0441\u0438\u044f \u0434\u043b\u044f \u0437\u043d\u0430\u043a\u043e\u043c\u0441\u0442\u0432 \u041c\u0435\u0436\u0434\u0443\u043d\u0430\u0440\u043e\u0434\u043d\u043e\u0435 \u0431\u0440\u0430\u0447\u043d\u043e\u0435 \u0430\u0433\u0435\u043d\u0442\u0441\u0442\u0432\u043e: \u0417\u043d\u0430\u043a\u043e\u043c\u0441\u0442\u0432\u0430 \u0420\u043e\u0441\u0441\u0438\u044f, \u0423\u043a\u0440\u0430\u0438\u043d\u0430, \u0411\u0435\u043b\u0430\u0440\u0443\u0441\u044c \u0438 \u041a\u0438\u0442\u0430\u0439\" \/>\n<meta property=\"og:description\" content=\"\u0414\u043b\u044f \u0441\u0442\u0443\u0434\u0435\u043d\u0442\u043e\u043a \u0438 \u044d\u043a\u0441\u043f\u0430\u0442\u043e\u0432 \u0432 \u041a\u0438\u0442\u0430\u0435 (High Potential) \u042d\u0442\u043e\u0442 \u0442\u0435\u043a\u0441\u0442 \u0438\u0434\u0435\u0430\u043b\u044c\u043d\u043e \u043f\u043e\u0434\u0445\u043e\u0434\u0438\u0442 \u0434\u043b\u044f WeChat-\u0433\u0440\u0443\u043f\u043f, \u0441\u043e\u043e\u0431\u0449\u0435\u0441\u0442\u0432 \u043c\u043e\u0434\u0435\u043b\u0435\u0439 \u0438 \u0441\u0442\u0443\u0434\u0435\u043d\u0442\u043e\u043a, \u043a\u043e\u0442\u043e\u0440\u044b\u0435 \u0443\u0436\u0435 \u0436\u0438\u0432\u0443\u0442 \u0432 \u0413\u0443\u0430\u043d\u0447\u0436\u043e\u0443 \u0438\u043b\u0438 \u0424\u043e\u0448\u0430\u043d\u0435. \u042d\u0442\u043e \u0441\u0430\u043c\u0430\u044f &#171;\u0442\u0435\u043f\u043b\u0430\u044f&#187; \u0430\u0443\u0434\u0438\u0442\u043e\u0440\u0438\u044f. \u0417\u0430\u0433\u043e\u043b\u043e\u0432\u043e\u043a: \u0422\u044b \u0436\u0438\u0432\u0435\u0448\u044c \u0432 \u0413\u0443\u0430\u043d\u0447\u0436\u043e\u0443 \u0438\u043b\u0438 \u0424\u043e\u0448\u0430\u043d\u0435? \u041d\u0435 \u0443\u043f\u0443\u0441\u043a\u0430\u0439 \u0441\u0432\u043e\u0435 \u0441\u0447\u0430\u0441\u0442\u044c\u0435! \u0422\u044b \u0443\u0436\u0435 \u0441\u0434\u0435\u043b\u0430\u043b\u0430 \u0441\u043c\u0435\u043b\u044b\u0439 \u0448\u0430\u0433, \u043f\u0440\u0438\u0435\u0445\u0430\u0432 \u0432 \u041a\u0438\u0442\u0430\u0439. \u0422\u044b \u0443\u0447\u0438\u0448\u044c\u0441\u044f \u0438\u043b\u0438 \u0440\u0430\u0431\u043e\u0442\u0430\u0435\u0448\u044c, \u0442\u0435\u0431\u0435 \u043d\u0440\u0430\u0432\u0438\u0442\u0441\u044f \u044d\u0442\u0430 [&hellip;]\" \/>\n<meta property=\"og:url\" content=\"https:\/\/marriageagencyru.com\/fr\/produit\/seance-photo-de-rencontre\/\" \/>\n<meta property=\"og:site_name\" content=\"marriageagencyru.com\" \/>\n<meta property=\"og:image\" content=\"https:\/\/marriageagencyru.com\/wp-content\/uploads\/2025\/12\/3.jpg\" \/>\n\t<meta property=\"og:image:width\" content=\"1024\" \/>\n\t<meta property=\"og:image:height\" content=\"1024\" \/>\n\t<meta property=\"og:image:type\" content=\"image\/jpeg\" \/>\n<meta name=\"twitter:card\" content=\"summary_large_image\" \/>\n<script type=\"application\/ld+json\" class=\"yoast-schema-graph\">{\"@context\":\"https:\\\/\\\/schema.org\",\"@graph\":[{\"@type\":\"WebPage\",\"@id\":\"https:\\\/\\\/marriageagencyru.com\\\/fr\\\/produit\\\/%d1%84%d0%be%d1%82%d0%be%d1%81%d0%b5%d1%81%d1%81%d0%b8%d1%8f-%d0%b4%d0%bb%d1%8f-%d0%b7%d0%bd%d0%b0%d0%ba%d0%be%d0%bc%d1%81%d1%82%d0%b2\\\/\",\"url\":\"https:\\\/\\\/marriageagencyru.com\\\/fr\\\/produit\\\/%d1%84%d0%be%d1%82%d0%be%d1%81%d0%b5%d1%81%d1%81%d0%b8%d1%8f-%d0%b4%d0%bb%d1%8f-%d0%b7%d0%bd%d0%b0%d0%ba%d0%be%d0%bc%d1%81%d1%82%d0%b2\\\/\",\"name\":\"\u0424\u043e\u0442\u043e\u0441\u0435\u0441\u0441\u0438\u044f \u0434\u043b\u044f \u0437\u043d\u0430\u043a\u043e\u043c\u0441\u0442\u0432 \u041c\u0435\u0436\u0434\u0443\u043d\u0430\u0440\u043e\u0434\u043d\u043e\u0435 \u0431\u0440\u0430\u0447\u043d\u043e\u0435 \u0430\u0433\u0435\u043d\u0442\u0441\u0442\u0432\u043e: \u0417\u043d\u0430\u043a\u043e\u043c\u0441\u0442\u0432\u0430 \u0420\u043e\u0441\u0441\u0438\u044f, \u0423\u043a\u0440\u0430\u0438\u043d\u0430, \u0411\u0435\u043b\u0430\u0440\u0443\u0441\u044c \u0438 \u041a\u0438\u0442\u0430\u0439\",\"isPartOf\":{\"@id\":\"https:\\\/\\\/marriageagencyru.com\\\/#website\"},\"primaryImageOfPage\":{\"@id\":\"https:\\\/\\\/marriageagencyru.com\\\/fr\\\/produit\\\/%d1%84%d0%be%d1%82%d0%be%d1%81%d0%b5%d1%81%d1%81%d0%b8%d1%8f-%d0%b4%d0%bb%d1%8f-%d0%b7%d0%bd%d0%b0%d0%ba%d0%be%d0%bc%d1%81%d1%82%d0%b2\\\/#primaryimage\"},\"image\":{\"@id\":\"https:\\\/\\\/marriageagencyru.com\\\/fr\\\/produit\\\/%d1%84%d0%be%d1%82%d0%be%d1%81%d0%b5%d1%81%d1%81%d0%b8%d1%8f-%d0%b4%d0%bb%d1%8f-%d0%b7%d0%bd%d0%b0%d0%ba%d0%be%d0%bc%d1%81%d1%82%d0%b2\\\/#primaryimage\"},\"thumbnailUrl\":\"https:\\\/\\\/marriageagencyru.com\\\/wp-content\\\/uploads\\\/2025\\\/12\\\/3.jpg\",\"datePublished\":\"2025-12-23T04:00:05+00:00\",\"breadcrumb\":{\"@id\":\"https:\\\/\\\/marriageagencyru.com\\\/fr\\\/produit\\\/%d1%84%d0%be%d1%82%d0%be%d1%81%d0%b5%d1%81%d1%81%d0%b8%d1%8f-%d0%b4%d0%bb%d1%8f-%d0%b7%d0%bd%d0%b0%d0%ba%d0%be%d0%bc%d1%81%d1%82%d0%b2\\\/#breadcrumb\"},\"inLanguage\":\"fr-FR\",\"potentialAction\":[{\"@type\":\"ReadAction\",\"target\":[\"https:\\\/\\\/marriageagencyru.com\\\/fr\\\/produit\\\/%d1%84%d0%be%d1%82%d0%be%d1%81%d0%b5%d1%81%d1%81%d0%b8%d1%8f-%d0%b4%d0%bb%d1%8f-%d0%b7%d0%bd%d0%b0%d0%ba%d0%be%d0%bc%d1%81%d1%82%d0%b2\\\/\"]}]},{\"@type\":\"ImageObject\",\"inLanguage\":\"fr-FR\",\"@id\":\"https:\\\/\\\/marriageagencyru.com\\\/fr\\\/produit\\\/%d1%84%d0%be%d1%82%d0%be%d1%81%d0%b5%d1%81%d1%81%d0%b8%d1%8f-%d0%b4%d0%bb%d1%8f-%d0%b7%d0%bd%d0%b0%d0%ba%d0%be%d0%bc%d1%81%d1%82%d0%b2\\\/#primaryimage\",\"url\":\"https:\\\/\\\/marriageagencyru.com\\\/wp-content\\\/uploads\\\/2025\\\/12\\\/3.jpg\",\"contentUrl\":\"https:\\\/\\\/marriageagencyru.com\\\/wp-content\\\/uploads\\\/2025\\\/12\\\/3.jpg\",\"width\":1024,\"height\":1024},{\"@type\":\"BreadcrumbList\",\"@id\":\"https:\\\/\\\/marriageagencyru.com\\\/fr\\\/produit\\\/%d1%84%d0%be%d1%82%d0%be%d1%81%d0%b5%d1%81%d1%81%d0%b8%d1%8f-%d0%b4%d0%bb%d1%8f-%d0%b7%d0%bd%d0%b0%d0%ba%d0%be%d0%bc%d1%81%d1%82%d0%b2\\\/#breadcrumb\",\"itemListElement\":[{\"@type\":\"ListItem\",\"position\":1,\"name\":\"Home\",\"item\":\"https:\\\/\\\/marriageagencyru.com\\\/\"},{\"@type\":\"ListItem\",\"position\":2,\"name\":\"Shop\",\"item\":\"https:\\\/\\\/marriageagencyru.com\\\/shop\\\/\"},{\"@type\":\"ListItem\",\"position\":3,\"name\":\"\u0424\u043e\u0442\u043e\u0441\u0435\u0441\u0441\u0438\u044f \u0434\u043b\u044f \u0437\u043d\u0430\u043a\u043e\u043c\u0441\u0442\u0432\"}]},{\"@type\":\"WebSite\",\"@id\":\"https:\\\/\\\/marriageagencyru.com\\\/#website\",\"url\":\"https:\\\/\\\/marriageagencyru.com\\\/\",\"name\":\"marriageagencyru.com\",\"description\":\"\u041c\u0435\u0436\u0434\u0443\u043d\u0430\u0440\u043e\u0434\u043d\u043e\u0435 \u0431\u0440\u0430\u0447\u043d\u043e\u0435 \u0430\u0433\u0435\u043d\u0442\u0441\u0442\u0432\u043e marriageagencyru | \u0420\u043e\u0441\u0441\u0438\u044f, \u0411\u0435\u043b\u0430\u0440\u0443\u0441\u044c, \u0423\u043a\u0440\u0430\u0438\u043d\u0430 | \u042d\u043b\u0438\u0442\u043d\u044b\u0435 \u0437\u043d\u0430\u043a\u043e\u043c\u0441\u0442\u0432\u0430 \u0432 \u041a\u0438\u0442\u0430\u0435\",\"alternateName\":\"\u0412\u044b\u0439\u0442\u0438 \u0437\u0430\u043c\u0443\u0436 \u0432 \u041a\u0438\u0442\u0430\u0439: \u0411\u0440\u0430\u0447\u043d\u043e\u0435 \u0430\u0433\u0435\u043d\u0442\u0441\u0442\u0432\u043e \u0434\u043b\u044f \u0420\u043e\u0441\u0441\u0438\u0438, \u0423\u043a\u0440\u0430\u0438\u043d\u044b \u0438 \u0411\u0435\u043b\u0430\u0440\u0443\u0441\u0438 | marriageagencyru\",\"potentialAction\":[{\"@type\":\"SearchAction\",\"target\":{\"@type\":\"EntryPoint\",\"urlTemplate\":\"https:\\\/\\\/marriageagencyru.com\\\/?s={search_term_string}\"},\"query-input\":{\"@type\":\"PropertyValueSpecification\",\"valueRequired\":true,\"valueName\":\"search_term_string\"}}],\"inLanguage\":\"fr-FR\"}]}<\/script>\n<!-- \/ Yoast SEO plugin. -->","yoast_head_json":{"title":"Agence internationale de rencontres : Rencontres en Russie, Ukraine, Bi\u00e9lorussie et Chine","robots":{"index":"index","follow":"follow","max-snippet":"max-snippet:-1","max-image-preview":"max-image-preview:large","max-video-preview":"max-video-preview:-1"},"canonical":"https:\/\/marriageagencyru.com\/fr\/produit\/seance-photo-de-rencontre\/","og_locale":"fr_FR","og_type":"article","og_title":"\u0424\u043e\u0442\u043e\u0441\u0435\u0441\u0441\u0438\u044f \u0434\u043b\u044f \u0437\u043d\u0430\u043a\u043e\u043c\u0441\u0442\u0432 \u041c\u0435\u0436\u0434\u0443\u043d\u0430\u0440\u043e\u0434\u043d\u043e\u0435 \u0431\u0440\u0430\u0447\u043d\u043e\u0435 \u0430\u0433\u0435\u043d\u0442\u0441\u0442\u0432\u043e: \u0417\u043d\u0430\u043a\u043e\u043c\u0441\u0442\u0432\u0430 \u0420\u043e\u0441\u0441\u0438\u044f, \u0423\u043a\u0440\u0430\u0438\u043d\u0430, \u0411\u0435\u043b\u0430\u0440\u0443\u0441\u044c \u0438 \u041a\u0438\u0442\u0430\u0439","og_description":"\u0414\u043b\u044f \u0441\u0442\u0443\u0434\u0435\u043d\u0442\u043e\u043a \u0438 \u044d\u043a\u0441\u043f\u0430\u0442\u043e\u0432 \u0432 \u041a\u0438\u0442\u0430\u0435 (High Potential) \u042d\u0442\u043e\u0442 \u0442\u0435\u043a\u0441\u0442 \u0438\u0434\u0435\u0430\u043b\u044c\u043d\u043e \u043f\u043e\u0434\u0445\u043e\u0434\u0438\u0442 \u0434\u043b\u044f WeChat-\u0433\u0440\u0443\u043f\u043f, \u0441\u043e\u043e\u0431\u0449\u0435\u0441\u0442\u0432 \u043c\u043e\u0434\u0435\u043b\u0435\u0439 \u0438 \u0441\u0442\u0443\u0434\u0435\u043d\u0442\u043e\u043a, \u043a\u043e\u0442\u043e\u0440\u044b\u0435 \u0443\u0436\u0435 \u0436\u0438\u0432\u0443\u0442 \u0432 \u0413\u0443\u0430\u043d\u0447\u0436\u043e\u0443 \u0438\u043b\u0438 \u0424\u043e\u0448\u0430\u043d\u0435. \u042d\u0442\u043e \u0441\u0430\u043c\u0430\u044f &#171;\u0442\u0435\u043f\u043b\u0430\u044f&#187; \u0430\u0443\u0434\u0438\u0442\u043e\u0440\u0438\u044f. \u0417\u0430\u0433\u043e\u043b\u043e\u0432\u043e\u043a: \u0422\u044b \u0436\u0438\u0432\u0435\u0448\u044c \u0432 \u0413\u0443\u0430\u043d\u0447\u0436\u043e\u0443 \u0438\u043b\u0438 \u0424\u043e\u0448\u0430\u043d\u0435? \u041d\u0435 \u0443\u043f\u0443\u0441\u043a\u0430\u0439 \u0441\u0432\u043e\u0435 \u0441\u0447\u0430\u0441\u0442\u044c\u0435! \u0422\u044b \u0443\u0436\u0435 \u0441\u0434\u0435\u043b\u0430\u043b\u0430 \u0441\u043c\u0435\u043b\u044b\u0439 \u0448\u0430\u0433, \u043f\u0440\u0438\u0435\u0445\u0430\u0432 \u0432 \u041a\u0438\u0442\u0430\u0439. \u0422\u044b \u0443\u0447\u0438\u0448\u044c\u0441\u044f \u0438\u043b\u0438 \u0440\u0430\u0431\u043e\u0442\u0430\u0435\u0448\u044c, \u0442\u0435\u0431\u0435 \u043d\u0440\u0430\u0432\u0438\u0442\u0441\u044f \u044d\u0442\u0430 [&hellip;]","og_url":"https:\/\/marriageagencyru.com\/fr\/produit\/seance-photo-de-rencontre\/","og_site_name":"marriageagencyru.com","og_image":[{"width":1024,"height":1024,"url":"https:\/\/marriageagencyru.com\/wp-content\/uploads\/2025\/12\/3.jpg","type":"image\/jpeg"}],"twitter_card":"summary_large_image","schema":{"@context":"https:\/\/schema.org","@graph":[{"@type":"WebPage","@id":"https:\/\/marriageagencyru.com\/fr\/produit\/%d1%84%d0%be%d1%82%d0%be%d1%81%d0%b5%d1%81%d1%81%d0%b8%d1%8f-%d0%b4%d0%bb%d1%8f-%d0%b7%d0%bd%d0%b0%d0%ba%d0%be%d0%bc%d1%81%d1%82%d0%b2\/","url":"https:\/\/marriageagencyru.com\/fr\/produit\/%d1%84%d0%be%d1%82%d0%be%d1%81%d0%b5%d1%81%d1%81%d0%b8%d1%8f-%d0%b4%d0%bb%d1%8f-%d0%b7%d0%bd%d0%b0%d0%ba%d0%be%d0%bc%d1%81%d1%82%d0%b2\/","name":"Agence internationale de rencontres : Rencontres en Russie, Ukraine, Bi\u00e9lorussie et Chine","isPartOf":{"@id":"https:\/\/marriageagencyru.com\/#website"},"primaryImageOfPage":{"@id":"https:\/\/marriageagencyru.com\/fr\/produit\/%d1%84%d0%be%d1%82%d0%be%d1%81%d0%b5%d1%81%d1%81%d0%b8%d1%8f-%d0%b4%d0%bb%d1%8f-%d0%b7%d0%bd%d0%b0%d0%ba%d0%be%d0%bc%d1%81%d1%82%d0%b2\/#primaryimage"},"image":{"@id":"https:\/\/marriageagencyru.com\/fr\/produit\/%d1%84%d0%be%d1%82%d0%be%d1%81%d0%b5%d1%81%d1%81%d0%b8%d1%8f-%d0%b4%d0%bb%d1%8f-%d0%b7%d0%bd%d0%b0%d0%ba%d0%be%d0%bc%d1%81%d1%82%d0%b2\/#primaryimage"},"thumbnailUrl":"https:\/\/marriageagencyru.com\/wp-content\/uploads\/2025\/12\/3.jpg","datePublished":"2025-12-23T04:00:05+00:00","breadcrumb":{"@id":"https:\/\/marriageagencyru.com\/fr\/produit\/%d1%84%d0%be%d1%82%d0%be%d1%81%d0%b5%d1%81%d1%81%d0%b8%d1%8f-%d0%b4%d0%bb%d1%8f-%d0%b7%d0%bd%d0%b0%d0%ba%d0%be%d0%bc%d1%81%d1%82%d0%b2\/#breadcrumb"},"inLanguage":"fr-FR","potentialAction":[{"@type":"ReadAction","target":["https:\/\/marriageagencyru.com\/fr\/produit\/%d1%84%d0%be%d1%82%d0%be%d1%81%d0%b5%d1%81%d1%81%d0%b8%d1%8f-%d0%b4%d0%bb%d1%8f-%d0%b7%d0%bd%d0%b0%d0%ba%d0%be%d0%bc%d1%81%d1%82%d0%b2\/"]}]},{"@type":"ImageObject","inLanguage":"fr-FR","@id":"https:\/\/marriageagencyru.com\/fr\/produit\/%d1%84%d0%be%d1%82%d0%be%d1%81%d0%b5%d1%81%d1%81%d0%b8%d1%8f-%d0%b4%d0%bb%d1%8f-%d0%b7%d0%bd%d0%b0%d0%ba%d0%be%d0%bc%d1%81%d1%82%d0%b2\/#primaryimage","url":"https:\/\/marriageagencyru.com\/wp-content\/uploads\/2025\/12\/3.jpg","contentUrl":"https:\/\/marriageagencyru.com\/wp-content\/uploads\/2025\/12\/3.jpg","width":1024,"height":1024},{"@type":"BreadcrumbList","@id":"https:\/\/marriageagencyru.com\/fr\/produit\/%d1%84%d0%be%d1%82%d0%be%d1%81%d0%b5%d1%81%d1%81%d0%b8%d1%8f-%d0%b4%d0%bb%d1%8f-%d0%b7%d0%bd%d0%b0%d0%ba%d0%be%d0%bc%d1%81%d1%82%d0%b2\/#breadcrumb","itemListElement":[{"@type":"ListItem","position":1,"name":"Home","item":"https:\/\/marriageagencyru.com\/"},{"@type":"ListItem","position":2,"name":"Shop","item":"https:\/\/marriageagencyru.com\/shop\/"},{"@type":"ListItem","position":3,"name":"\u0424\u043e\u0442\u043e\u0441\u0435\u0441\u0441\u0438\u044f \u0434\u043b\u044f \u0437\u043d\u0430\u043a\u043e\u043c\u0441\u0442\u0432"}]},{"@type":"WebSite","@id":"https:\/\/marriageagencyru.com\/#website","url":"https:\/\/marriageagencyru.com\/","name":"agence matrimonialeru.com","description":"Agence matrimoniale internationale marriageagencyru | Russie, Bi\u00e9lorussie, Ukraine | Elite Dating in China","alternateName":"\u0412\u044b\u0439\u0442\u0438 \u0437\u0430\u043c\u0443\u0436 \u0432 \u041a\u0438\u0442\u0430\u0439: \u0411\u0440\u0430\u0447\u043d\u043e\u0435 \u0430\u0433\u0435\u043d\u0442\u0441\u0442\u0432\u043e \u0434\u043b\u044f \u0420\u043e\u0441\u0441\u0438\u0438, \u0423\u043a\u0440\u0430\u0438\u043d\u044b \u0438 \u0411\u0435\u043b\u0430\u0440\u0443\u0441\u0438 | marriageagencyru","potentialAction":[{"@type":"SearchAction","target":{"@type":"EntryPoint","urlTemplate":"https:\/\/marriageagencyru.com\/?s={search_term_string}"},"query-input":{"@type":"PropertyValueSpecification","valueRequired":true,"valueName":"search_term_string"}}],"inLanguage":"fr-FR"}]}},"_links":{"self":[{"href":"https:\/\/marriageagencyru.com\/fr\/wp-json\/wp\/v2\/product\/125","targetHints":{"allow":["GET"]}}],"collection":[{"href":"https:\/\/marriageagencyru.com\/fr\/wp-json\/wp\/v2\/product"}],"about":[{"href":"https:\/\/marriageagencyru.com\/fr\/wp-json\/wp\/v2\/types\/product"}],"replies":[{"embeddable":true,"href":"https:\/\/marriageagencyru.com\/fr\/wp-json\/wp\/v2\/comments?post=125"}],"wp:featuredmedia":[{"embeddable":true,"href":"https:\/\/marriageagencyru.com\/fr\/wp-json\/wp\/v2\/media\/78"}],"wp:attachment":[{"href":"https:\/\/marriageagencyru.com\/fr\/wp-json\/wp\/v2\/media?parent=125"}],"wp:term":[{"taxonomy":"product_brand","embeddable":true,"href":"https:\/\/marriageagencyru.com\/fr\/wp-json\/wp\/v2\/product_brand?post=125"},{"taxonomy":"product_cat","embeddable":true,"href":"https:\/\/marriageagencyru.com\/fr\/wp-json\/wp\/v2\/product_cat?post=125"},{"taxonomy":"product_tag","embeddable":true,"href":"https:\/\/marriageagencyru.com\/fr\/wp-json\/wp\/v2\/product_tag?post=125"}],"curies":[{"name":"wp","href":"https:\/\/api.w.org\/{rel}","templated":true}]}}