{"id":99,"date":"2025-12-23T03:57:44","date_gmt":"2025-12-23T03:57:44","guid":{"rendered":"https:\/\/marriageagencyru.com\/product\/%d1%86%d0%b5%d0%bd%d1%82%d1%80-%d0%ba%d0%b8%d0%b5%d0%b2%d0%b0-%d0%b7%d0%bd%d0%b0%d0%ba%d0%be%d0%bc%d1%81%d1%82%d0%b2%d0%b0\/"},"modified":"2025-12-23T03:57:44","modified_gmt":"2025-12-23T03:57:44","slug":"%d1%86%d0%b5%d0%bd%d1%82%d1%80-%d0%ba%d0%b8%d0%b5%d0%b2%d0%b0-%d0%b7%d0%bd%d0%b0%d0%ba%d0%be%d0%bc%d1%81%d1%82%d0%b2%d0%b0","status":"publish","type":"product","link":"https:\/\/marriageagencyru.com\/es\/producto\/%d1%86%d0%b5%d0%bd%d1%82%d1%80-%d0%ba%d0%b8%d0%b5%d0%b2%d0%b0-%d0%b7%d0%bd%d0%b0%d0%ba%d0%be%d0%bc%d1%81%d1%82%d0%b2%d0%b0\/","title":{"rendered":"\u0426\u0435\u043d\u0442\u0440 \u041a\u0438\u0435\u0432\u0430 \u0437\u043d\u0430\u043a\u043e\u043c\u0441\u0442\u0432\u0430"},"content":{"rendered":"<h3 data-path-to-node=\"23\">Estilo conciso de convocatoria de casting.<\/h3>\n<p data-path-to-node=\"24\"><i data-path-to-node=\"24\" data-index-in-node=\"0\">Estilo estricto y claro. Funciona bien en grupos de perfiles para buscar trabajo en el extranjero o salas de chat de modelos (con la nota de que NO se trata de un trabajo, sino de una relaci\u00f3n).<\/i><\/p>\n<p data-path-to-node=\"25\"><b data-path-to-node=\"25\" data-index-in-node=\"0\">\ud83d\udce2 ENFERMERAS ABIERTAS PARA BASE DE BENEFICIOS (China, Foshan)<\/b><\/p>\n<p data-path-to-node=\"26\">Agencia internacional <b data-path-to-node=\"26\" data-index-in-node=\"24\">Reuni\u00f3nAmbos<\/b> lleva a cabo la actualizaci\u00f3n de la base de datos del cuestionario. <b data-path-to-node=\"26\" data-index-in-node=\"68\">Lugares de reuni\u00f3n:<\/b> Foshan.<\/p>\n<p data-path-to-node=\"27\"><b data-path-to-node=\"27\" data-index-in-node=\"0\">Requisitos de los candidatos:<\/b><\/p>\n<ul data-path-to-node=\"28\">\n<li>\n<p data-path-to-node=\"28,0,0\">Edad: 18-30 a\u00f1os.<\/p>\n<\/li>\n<li>\n<p data-path-to-node=\"28,1,0\">Aspecto agradable, bien cuidado.<\/p>\n<\/li>\n<li>\n<p data-path-to-node=\"28,2,0\">Ausencia de matrimonio por el momento.<\/p>\n<\/li>\n<li>\n<p data-path-to-node=\"28,3,0\">Disponibilidad para trasladarse a China o residir en China.<\/p>\n<\/li>\n<li>\n<p data-path-to-node=\"28,4,0\">Se valorar\u00e1n los conocimientos de ingl\u00e9s (nivel b\u00e1sico).<\/p>\n<\/li>\n<\/ul>\n<p data-path-to-node=\"29\"><b data-path-to-node=\"29\" data-index-in-node=\"0\">Lo que damos:<\/b><\/p>\n<ul data-path-to-node=\"30\">\n<li>\n<p data-path-to-node=\"30,0,0\">Salir con hombres probados y acomodados (hombres de negocios, altos directivos).<\/p>\n<\/li>\n<li>\n<p data-path-to-node=\"30,1,0\">Total confidencialidad de sus datos.<\/p>\n<\/li>\n<li>\n<p data-path-to-node=\"30,2,0\">El servicio est\u00e1 completo <b data-path-to-node=\"30,2,0\" data-index-in-node=\"17\">GRATIS<\/b> (pago por el hombre).<\/p>\n<\/li>\n<\/ul>\n<p data-path-to-node=\"31\"><b data-path-to-node=\"31\" data-index-in-node=\"0\">Para participar:<\/b> Env\u00ede 5 fotos (cara + cuerpo entero) y un breve v\u00eddeo de presentaci\u00f3n (opcional) a la oficina de correos.<\/p>\n<p data-path-to-node=\"32\">\ud83d\udce5 <b data-path-to-node=\"32\" data-index-in-node=\"3\">Contacto:<\/b> nolan@meetingboth.com<\/p>\n<hr data-path-to-node=\"33\" \/>\n<h3 data-path-to-node=\"34\">Opci\u00f3n 8: Psicol\u00f3gica\/ Cuentacuentos<\/h3>\n<p data-path-to-node=\"35\"><i data-path-to-node=\"35\" data-index-in-node=\"0\">Una carrera suave a trav\u00e9s del sue\u00f1o.<\/i><\/p>\n<p data-path-to-node=\"36\"><b data-path-to-node=\"36\" data-index-in-node=\"0\">Leyenda: Imagina tu noche perfecta dentro de un a\u00f1o.....<\/b><\/p>\n<p data-path-to-node=\"37\">Una brisa c\u00e1lida, una vista de las luces de la ciudad nocturna desde la terraza de una hermosa casa en Foshan. A tu lado est\u00e1 tu cari\u00f1oso marido, que acaba de volver del trabajo y te ha tra\u00eddo tu postre favorito. Te sientes protegida, querida y feliz.<\/p>\n<p data-path-to-node=\"38\">Esto no es un plano de una pel\u00edcula. Es la realidad que viven muchas chicas que deciden casarse con un hombre de China.<\/p>\n<p data-path-to-node=\"39\">Agencia <b data-path-to-node=\"39\" data-index-in-node=\"10\">Reuni\u00f3nAmbos<\/b> hace realidad un cuento de hadas. No s\u00f3lo hacemos amigos. Conectamos destinos.<\/p>\n<p data-path-to-node=\"40\"><b data-path-to-node=\"40\" data-index-in-node=\"0\">Te buscamos si:<\/b><\/p>\n<ul data-path-to-node=\"41\">\n<li>\n<p data-path-to-node=\"41,0,0\">Tienes menos de 30 a\u00f1os.<\/p>\n<\/li>\n<li>\n<p data-path-to-node=\"41,1,0\">Crees que el amor no tiene fronteras.<\/p>\n<\/li>\n<li>\n<p data-path-to-node=\"41,2,0\">\u00bfEst\u00e1 actualmente en China o listo para volar al encuentro de su destino?.<\/p>\n<\/li>\n<\/ul>\n<p data-path-to-node=\"42\">No dejes que los miedos te roben la felicidad. Escr\u00edbenos \u00abHola\u00bb y adjunta tus fotos. Te diremos qu\u00e9 hacer a continuaci\u00f3n.<\/p>\n<p data-path-to-node=\"43\">\ud83d\udc8c <b data-path-to-node=\"43\" data-index-in-node=\"3\">Escribe aqu\u00ed:<\/b> nolan@meetingboth.com<\/p>","protected":false},"excerpt":{"rendered":"<p>\u041b\u0430\u043a\u043e\u043d\u0438\u0447\u043d\u044b\u0439 &#171;\u041a\u0430\u0441\u0442\u0438\u043d\u0433&#187; (Casting Call Style) \u0421\u0442\u0440\u043e\u0433\u0438\u0439, \u0447\u0435\u0442\u043a\u0438\u0439 \u0441\u0442\u0438\u043b\u044c. \u0425\u043e\u0440\u043e\u0448\u043e \u0440\u0430\u0431\u043e\u0442\u0430\u0435\u0442 \u0432 \u043f\u0440\u043e\u0444\u0438\u043b\u044c\u043d\u044b\u0445 \u0433\u0440\u0443\u043f\u043f\u0430\u0445 \u043f\u043e \u043f\u043e\u0438\u0441\u043a\u0443 \u0440\u0430\u0431\u043e\u0442\u044b \u0437\u0430 \u0433\u0440\u0430\u043d\u0438\u0446\u0435\u0439 \u0438\u043b\u0438 \u043c\u043e\u0434\u0435\u043b\u044c\u043d\u044b\u0445 \u0447\u0430\u0442\u0430\u0445 (\u0441 \u043f\u043e\u043c\u0435\u0442\u043a\u043e\u0439, \u0447\u0442\u043e \u044d\u0442\u043e \u041d\u0415 \u0440\u0430\u0431\u043e\u0442\u0430, \u0430 \u043e\u0442\u043d\u043e\u0448\u0435\u043d\u0438\u044f). \ud83d\udce2 \u041e\u0422\u041a\u0420\u042b\u0422 \u041d\u0410\u0411\u041e\u0420 \u0412 \u0411\u0410\u0417\u0423 \u041d\u0415\u0412\u0415\u0421\u0422 (\u041a\u0438\u0442\u0430\u0439, \u0433. \u0424\u043e\u0448\u0430\u043d\u044c) \u041c\u0435\u0436\u0434\u0443\u043d\u0430\u0440\u043e\u0434\u043d\u043e\u0435 \u0430\u0433\u0435\u043d\u0442\u0441\u0442\u0432\u043e MeetingBoth \u043f\u0440\u043e\u0432\u043e\u0434\u0438\u0442 \u043e\u0431\u043d\u043e\u0432\u043b\u0435\u043d\u0438\u0435 \u0431\u0430\u0437\u044b \u0430\u043d\u043a\u0435\u0442. \u041b\u043e\u043a\u0430\u0446\u0438\u044f \u0432\u0441\u0442\u0440\u0435\u0447: \u0424\u043e\u0448\u0430\u043d\u044c (Foshan). \u0422\u0440\u0435\u0431\u043e\u0432\u0430\u043d\u0438\u044f \u043a \u043a\u0430\u043d\u0434\u0438\u0434\u0430\u0442\u043a\u0435: \u0412\u043e\u0437\u0440\u0430\u0441\u0442: 18\u201330 \u043b\u0435\u0442. [&hellip;]<\/p>","protected":false},"featured_media":78,"comment_status":"open","ping_status":"closed","template":"","meta":{"_et_pb_use_builder":"","_et_pb_old_content":"","_et_gb_content_width":""},"product_brand":[],"product_cat":[],"product_tag":[],"class_list":{"0":"post-99","1":"product","2":"type-product","3":"status-publish","4":"has-post-thumbnail","7":"first","8":"instock","9":"shipping-taxable","10":"purchasable","11":"product-type-simple"},"yoast_head":"<!-- This site is optimized with the Yoast SEO plugin v26.6 - https:\/\/yoast.com\/wordpress\/plugins\/seo\/ -->\n<title>\u0426\u0435\u043d\u0442\u0440 \u041a\u0438\u0435\u0432\u0430 \u0437\u043d\u0430\u043a\u043e\u043c\u0441\u0442\u0432\u0430 \u041c\u0435\u0436\u0434\u0443\u043d\u0430\u0440\u043e\u0434\u043d\u043e\u0435 \u0431\u0440\u0430\u0447\u043d\u043e\u0435 \u0430\u0433\u0435\u043d\u0442\u0441\u0442\u0432\u043e: \u0417\u043d\u0430\u043a\u043e\u043c\u0441\u0442\u0432\u0430 \u0420\u043e\u0441\u0441\u0438\u044f, \u0423\u043a\u0440\u0430\u0438\u043d\u0430, \u0411\u0435\u043b\u0430\u0440\u0443\u0441\u044c \u0438 \u041a\u0438\u0442\u0430\u0439<\/title>\n<meta name=\"robots\" content=\"index, follow, max-snippet:-1, max-image-preview:large, max-video-preview:-1\" \/>\n<link rel=\"canonical\" href=\"https:\/\/marriageagencyru.com\/es\/producto\/\u0446\u0435\u043d\u0442\u0440-\u043a\u0438\u0435\u0432\u0430-\u0437\u043d\u0430\u043a\u043e\u043c\u0441\u0442\u0432\u0430\/\" \/>\n<meta property=\"og:locale\" content=\"es_ES\" \/>\n<meta property=\"og:type\" content=\"article\" \/>\n<meta property=\"og:title\" content=\"\u0426\u0435\u043d\u0442\u0440 \u041a\u0438\u0435\u0432\u0430 \u0437\u043d\u0430\u043a\u043e\u043c\u0441\u0442\u0432\u0430 \u041c\u0435\u0436\u0434\u0443\u043d\u0430\u0440\u043e\u0434\u043d\u043e\u0435 \u0431\u0440\u0430\u0447\u043d\u043e\u0435 \u0430\u0433\u0435\u043d\u0442\u0441\u0442\u0432\u043e: \u0417\u043d\u0430\u043a\u043e\u043c\u0441\u0442\u0432\u0430 \u0420\u043e\u0441\u0441\u0438\u044f, \u0423\u043a\u0440\u0430\u0438\u043d\u0430, \u0411\u0435\u043b\u0430\u0440\u0443\u0441\u044c \u0438 \u041a\u0438\u0442\u0430\u0439\" \/>\n<meta property=\"og:description\" content=\"\u041b\u0430\u043a\u043e\u043d\u0438\u0447\u043d\u044b\u0439 &#171;\u041a\u0430\u0441\u0442\u0438\u043d\u0433&#187; (Casting Call Style) \u0421\u0442\u0440\u043e\u0433\u0438\u0439, \u0447\u0435\u0442\u043a\u0438\u0439 \u0441\u0442\u0438\u043b\u044c. \u0425\u043e\u0440\u043e\u0448\u043e \u0440\u0430\u0431\u043e\u0442\u0430\u0435\u0442 \u0432 \u043f\u0440\u043e\u0444\u0438\u043b\u044c\u043d\u044b\u0445 \u0433\u0440\u0443\u043f\u043f\u0430\u0445 \u043f\u043e \u043f\u043e\u0438\u0441\u043a\u0443 \u0440\u0430\u0431\u043e\u0442\u044b \u0437\u0430 \u0433\u0440\u0430\u043d\u0438\u0446\u0435\u0439 \u0438\u043b\u0438 \u043c\u043e\u0434\u0435\u043b\u044c\u043d\u044b\u0445 \u0447\u0430\u0442\u0430\u0445 (\u0441 \u043f\u043e\u043c\u0435\u0442\u043a\u043e\u0439, \u0447\u0442\u043e \u044d\u0442\u043e \u041d\u0415 \u0440\u0430\u0431\u043e\u0442\u0430, \u0430 \u043e\u0442\u043d\u043e\u0448\u0435\u043d\u0438\u044f). \ud83d\udce2 \u041e\u0422\u041a\u0420\u042b\u0422 \u041d\u0410\u0411\u041e\u0420 \u0412 \u0411\u0410\u0417\u0423 \u041d\u0415\u0412\u0415\u0421\u0422 (\u041a\u0438\u0442\u0430\u0439, \u0433. \u0424\u043e\u0448\u0430\u043d\u044c) \u041c\u0435\u0436\u0434\u0443\u043d\u0430\u0440\u043e\u0434\u043d\u043e\u0435 \u0430\u0433\u0435\u043d\u0442\u0441\u0442\u0432\u043e MeetingBoth \u043f\u0440\u043e\u0432\u043e\u0434\u0438\u0442 \u043e\u0431\u043d\u043e\u0432\u043b\u0435\u043d\u0438\u0435 \u0431\u0430\u0437\u044b \u0430\u043d\u043a\u0435\u0442. \u041b\u043e\u043a\u0430\u0446\u0438\u044f \u0432\u0441\u0442\u0440\u0435\u0447: \u0424\u043e\u0448\u0430\u043d\u044c (Foshan). \u0422\u0440\u0435\u0431\u043e\u0432\u0430\u043d\u0438\u044f \u043a \u043a\u0430\u043d\u0434\u0438\u0434\u0430\u0442\u043a\u0435: \u0412\u043e\u0437\u0440\u0430\u0441\u0442: 18\u201330 \u043b\u0435\u0442. [&hellip;]\" \/>\n<meta property=\"og:url\" content=\"https:\/\/marriageagencyru.com\/es\/producto\/\u0446\u0435\u043d\u0442\u0440-\u043a\u0438\u0435\u0432\u0430-\u0437\u043d\u0430\u043a\u043e\u043c\u0441\u0442\u0432\u0430\/\" \/>\n<meta property=\"og:site_name\" content=\"marriageagencyru.com\" \/>\n<meta property=\"og:image\" content=\"https:\/\/marriageagencyru.com\/wp-content\/uploads\/2025\/12\/3.jpg\" \/>\n\t<meta property=\"og:image:width\" content=\"1024\" \/>\n\t<meta property=\"og:image:height\" content=\"1024\" \/>\n\t<meta property=\"og:image:type\" content=\"image\/jpeg\" \/>\n<meta name=\"twitter:card\" content=\"summary_large_image\" \/>\n<script type=\"application\/ld+json\" class=\"yoast-schema-graph\">{\"@context\":\"https:\/\/schema.org\",\"@graph\":[{\"@type\":\"WebPage\",\"@id\":\"https:\/\/marriageagencyru.com\/fr\/produit\/%d1%86%d0%b5%d0%bd%d1%82%d1%80-%d0%ba%d0%b8%d0%b5%d0%b2%d0%b0-%d0%b7%d0%bd%d0%b0%d0%ba%d0%be%d0%bc%d1%81%d1%82%d0%b2%d0%b0\/\",\"url\":\"https:\/\/marriageagencyru.com\/fr\/produit\/%d1%86%d0%b5%d0%bd%d1%82%d1%80-%d0%ba%d0%b8%d0%b5%d0%b2%d0%b0-%d0%b7%d0%bd%d0%b0%d0%ba%d0%be%d0%bc%d1%81%d1%82%d0%b2%d0%b0\/\",\"name\":\"\u0426\u0435\u043d\u0442\u0440 \u041a\u0438\u0435\u0432\u0430 \u0437\u043d\u0430\u043a\u043e\u043c\u0441\u0442\u0432\u0430 \u041c\u0435\u0436\u0434\u0443\u043d\u0430\u0440\u043e\u0434\u043d\u043e\u0435 \u0431\u0440\u0430\u0447\u043d\u043e\u0435 \u0430\u0433\u0435\u043d\u0442\u0441\u0442\u0432\u043e: \u0417\u043d\u0430\u043a\u043e\u043c\u0441\u0442\u0432\u0430 \u0420\u043e\u0441\u0441\u0438\u044f, \u0423\u043a\u0440\u0430\u0438\u043d\u0430, \u0411\u0435\u043b\u0430\u0440\u0443\u0441\u044c \u0438 \u041a\u0438\u0442\u0430\u0439\",\"isPartOf\":{\"@id\":\"https:\/\/marriageagencyru.com\/#website\"},\"primaryImageOfPage\":{\"@id\":\"https:\/\/marriageagencyru.com\/fr\/produit\/%d1%86%d0%b5%d0%bd%d1%82%d1%80-%d0%ba%d0%b8%d0%b5%d0%b2%d0%b0-%d0%b7%d0%bd%d0%b0%d0%ba%d0%be%d0%bc%d1%81%d1%82%d0%b2%d0%b0\/#primaryimage\"},\"image\":{\"@id\":\"https:\/\/marriageagencyru.com\/fr\/produit\/%d1%86%d0%b5%d0%bd%d1%82%d1%80-%d0%ba%d0%b8%d0%b5%d0%b2%d0%b0-%d0%b7%d0%bd%d0%b0%d0%ba%d0%be%d0%bc%d1%81%d1%82%d0%b2%d0%b0\/#primaryimage\"},\"thumbnailUrl\":\"https:\/\/marriageagencyru.com\/wp-content\/uploads\/2025\/12\/3.jpg\",\"datePublished\":\"2025-12-23T03:57:44+00:00\",\"breadcrumb\":{\"@id\":\"https:\/\/marriageagencyru.com\/fr\/produit\/%d1%86%d0%b5%d0%bd%d1%82%d1%80-%d0%ba%d0%b8%d0%b5%d0%b2%d0%b0-%d0%b7%d0%bd%d0%b0%d0%ba%d0%be%d0%bc%d1%81%d1%82%d0%b2%d0%b0\/#breadcrumb\"},\"inLanguage\":\"es\",\"potentialAction\":[{\"@type\":\"ReadAction\",\"target\":[\"https:\/\/marriageagencyru.com\/fr\/produit\/%d1%86%d0%b5%d0%bd%d1%82%d1%80-%d0%ba%d0%b8%d0%b5%d0%b2%d0%b0-%d0%b7%d0%bd%d0%b0%d0%ba%d0%be%d0%bc%d1%81%d1%82%d0%b2%d0%b0\/\"]}]},{\"@type\":\"ImageObject\",\"inLanguage\":\"es\",\"@id\":\"https:\/\/marriageagencyru.com\/fr\/produit\/%d1%86%d0%b5%d0%bd%d1%82%d1%80-%d0%ba%d0%b8%d0%b5%d0%b2%d0%b0-%d0%b7%d0%bd%d0%b0%d0%ba%d0%be%d0%bc%d1%81%d1%82%d0%b2%d0%b0\/#primaryimage\",\"url\":\"https:\/\/marriageagencyru.com\/wp-content\/uploads\/2025\/12\/3.jpg\",\"contentUrl\":\"https:\/\/marriageagencyru.com\/wp-content\/uploads\/2025\/12\/3.jpg\",\"width\":1024,\"height\":1024},{\"@type\":\"BreadcrumbList\",\"@id\":\"https:\/\/marriageagencyru.com\/fr\/produit\/%d1%86%d0%b5%d0%bd%d1%82%d1%80-%d0%ba%d0%b8%d0%b5%d0%b2%d0%b0-%d0%b7%d0%bd%d0%b0%d0%ba%d0%be%d0%bc%d1%81%d1%82%d0%b2%d0%b0\/#breadcrumb\",\"itemListElement\":[{\"@type\":\"ListItem\",\"position\":1,\"name\":\"Home\",\"item\":\"https:\/\/marriageagencyru.com\/\"},{\"@type\":\"ListItem\",\"position\":2,\"name\":\"Shop\",\"item\":\"https:\/\/marriageagencyru.com\/shop\/\"},{\"@type\":\"ListItem\",\"position\":3,\"name\":\"\u0426\u0435\u043d\u0442\u0440 \u041a\u0438\u0435\u0432\u0430 \u0437\u043d\u0430\u043a\u043e\u043c\u0441\u0442\u0432\u0430\"}]},{\"@type\":\"WebSite\",\"@id\":\"https:\/\/marriageagencyru.com\/#website\",\"url\":\"https:\/\/marriageagencyru.com\/\",\"name\":\"marriageagencyru.com\",\"description\":\"\u041c\u0435\u0436\u0434\u0443\u043d\u0430\u0440\u043e\u0434\u043d\u043e\u0435 \u0431\u0440\u0430\u0447\u043d\u043e\u0435 \u0430\u0433\u0435\u043d\u0442\u0441\u0442\u0432\u043e marriageagencyru | \u0420\u043e\u0441\u0441\u0438\u044f, \u0411\u0435\u043b\u0430\u0440\u0443\u0441\u044c, \u0423\u043a\u0440\u0430\u0438\u043d\u0430 | \u042d\u043b\u0438\u0442\u043d\u044b\u0435 \u0437\u043d\u0430\u043a\u043e\u043c\u0441\u0442\u0432\u0430 \u0432 \u041a\u0438\u0442\u0430\u0435\",\"alternateName\":\"\u0412\u044b\u0439\u0442\u0438 \u0437\u0430\u043c\u0443\u0436 \u0432 \u041a\u0438\u0442\u0430\u0439: \u0411\u0440\u0430\u0447\u043d\u043e\u0435 \u0430\u0433\u0435\u043d\u0442\u0441\u0442\u0432\u043e \u0434\u043b\u044f \u0420\u043e\u0441\u0441\u0438\u0438, \u0423\u043a\u0440\u0430\u0438\u043d\u044b \u0438 \u0411\u0435\u043b\u0430\u0440\u0443\u0441\u0438 | marriageagencyru\",\"potentialAction\":[{\"@type\":\"SearchAction\",\"target\":{\"@type\":\"EntryPoint\",\"urlTemplate\":\"https:\/\/marriageagencyru.com\/?s={search_term_string}\"},\"query-input\":{\"@type\":\"PropertyValueSpecification\",\"valueRequired\":true,\"valueName\":\"search_term_string\"}}],\"inLanguage\":\"es\"}]}<\/script>\n<!-- \/ Yoast SEO plugin. -->","yoast_head_json":{"title":"\u0426\u0435\u043d\u0442\u0440 \u041a\u0438\u0435\u0432\u0430 \u0437\u043d\u0430\u043a\u043e\u043c\u0441\u0442\u0432\u0430 \u041c\u0435\u0436\u0434\u0443\u043d\u0430\u0440\u043e\u0434\u043d\u043e\u0435 \u0431\u0440\u0430\u0447\u043d\u043e\u0435 \u0430\u0433\u0435\u043d\u0442\u0441\u0442\u0432\u043e: \u0417\u043d\u0430\u043a\u043e\u043c\u0441\u0442\u0432\u0430 \u0420\u043e\u0441\u0441\u0438\u044f, \u0423\u043a\u0440\u0430\u0438\u043d\u0430, \u0411\u0435\u043b\u0430\u0440\u0443\u0441\u044c \u0438 \u041a\u0438\u0442\u0430\u0439","robots":{"index":"index","follow":"follow","max-snippet":"max-snippet:-1","max-image-preview":"max-image-preview:large","max-video-preview":"max-video-preview:-1"},"canonical":"https:\/\/marriageagencyru.com\/es\/producto\/\u0446\u0435\u043d\u0442\u0440-\u043a\u0438\u0435\u0432\u0430-\u0437\u043d\u0430\u043a\u043e\u043c\u0441\u0442\u0432\u0430\/","og_locale":"es_ES","og_type":"article","og_title":"\u0426\u0435\u043d\u0442\u0440 \u041a\u0438\u0435\u0432\u0430 \u0437\u043d\u0430\u043a\u043e\u043c\u0441\u0442\u0432\u0430 \u041c\u0435\u0436\u0434\u0443\u043d\u0430\u0440\u043e\u0434\u043d\u043e\u0435 \u0431\u0440\u0430\u0447\u043d\u043e\u0435 \u0430\u0433\u0435\u043d\u0442\u0441\u0442\u0432\u043e: \u0417\u043d\u0430\u043a\u043e\u043c\u0441\u0442\u0432\u0430 \u0420\u043e\u0441\u0441\u0438\u044f, \u0423\u043a\u0440\u0430\u0438\u043d\u0430, \u0411\u0435\u043b\u0430\u0440\u0443\u0441\u044c \u0438 \u041a\u0438\u0442\u0430\u0439","og_description":"\u041b\u0430\u043a\u043e\u043d\u0438\u0447\u043d\u044b\u0439 &#171;\u041a\u0430\u0441\u0442\u0438\u043d\u0433&#187; (Casting Call Style) \u0421\u0442\u0440\u043e\u0433\u0438\u0439, \u0447\u0435\u0442\u043a\u0438\u0439 \u0441\u0442\u0438\u043b\u044c. \u0425\u043e\u0440\u043e\u0448\u043e \u0440\u0430\u0431\u043e\u0442\u0430\u0435\u0442 \u0432 \u043f\u0440\u043e\u0444\u0438\u043b\u044c\u043d\u044b\u0445 \u0433\u0440\u0443\u043f\u043f\u0430\u0445 \u043f\u043e \u043f\u043e\u0438\u0441\u043a\u0443 \u0440\u0430\u0431\u043e\u0442\u044b \u0437\u0430 \u0433\u0440\u0430\u043d\u0438\u0446\u0435\u0439 \u0438\u043b\u0438 \u043c\u043e\u0434\u0435\u043b\u044c\u043d\u044b\u0445 \u0447\u0430\u0442\u0430\u0445 (\u0441 \u043f\u043e\u043c\u0435\u0442\u043a\u043e\u0439, \u0447\u0442\u043e \u044d\u0442\u043e \u041d\u0415 \u0440\u0430\u0431\u043e\u0442\u0430, \u0430 \u043e\u0442\u043d\u043e\u0448\u0435\u043d\u0438\u044f). \ud83d\udce2 \u041e\u0422\u041a\u0420\u042b\u0422 \u041d\u0410\u0411\u041e\u0420 \u0412 \u0411\u0410\u0417\u0423 \u041d\u0415\u0412\u0415\u0421\u0422 (\u041a\u0438\u0442\u0430\u0439, \u0433. \u0424\u043e\u0448\u0430\u043d\u044c) \u041c\u0435\u0436\u0434\u0443\u043d\u0430\u0440\u043e\u0434\u043d\u043e\u0435 \u0430\u0433\u0435\u043d\u0442\u0441\u0442\u0432\u043e MeetingBoth \u043f\u0440\u043e\u0432\u043e\u0434\u0438\u0442 \u043e\u0431\u043d\u043e\u0432\u043b\u0435\u043d\u0438\u0435 \u0431\u0430\u0437\u044b \u0430\u043d\u043a\u0435\u0442. \u041b\u043e\u043a\u0430\u0446\u0438\u044f \u0432\u0441\u0442\u0440\u0435\u0447: \u0424\u043e\u0448\u0430\u043d\u044c (Foshan). \u0422\u0440\u0435\u0431\u043e\u0432\u0430\u043d\u0438\u044f \u043a \u043a\u0430\u043d\u0434\u0438\u0434\u0430\u0442\u043a\u0435: \u0412\u043e\u0437\u0440\u0430\u0441\u0442: 18\u201330 \u043b\u0435\u0442. [&hellip;]","og_url":"https:\/\/marriageagencyru.com\/es\/producto\/\u0446\u0435\u043d\u0442\u0440-\u043a\u0438\u0435\u0432\u0430-\u0437\u043d\u0430\u043a\u043e\u043c\u0441\u0442\u0432\u0430\/","og_site_name":"marriageagencyru.com","og_image":[{"width":1024,"height":1024,"url":"https:\/\/marriageagencyru.com\/wp-content\/uploads\/2025\/12\/3.jpg","type":"image\/jpeg"}],"twitter_card":"summary_large_image","schema":{"@context":"https:\/\/schema.org","@graph":[{"@type":"WebPage","@id":"https:\/\/marriageagencyru.com\/fr\/produit\/%d1%86%d0%b5%d0%bd%d1%82%d1%80-%d0%ba%d0%b8%d0%b5%d0%b2%d0%b0-%d0%b7%d0%bd%d0%b0%d0%ba%d0%be%d0%bc%d1%81%d1%82%d0%b2%d0%b0\/","url":"https:\/\/marriageagencyru.com\/fr\/produit\/%d1%86%d0%b5%d0%bd%d1%82%d1%80-%d0%ba%d0%b8%d0%b5%d0%b2%d0%b0-%d0%b7%d0%bd%d0%b0%d0%ba%d0%be%d0%bc%d1%81%d1%82%d0%b2%d0%b0\/","name":"\u0426\u0435\u043d\u0442\u0440 \u041a\u0438\u0435\u0432\u0430 \u0437\u043d\u0430\u043a\u043e\u043c\u0441\u0442\u0432\u0430 \u041c\u0435\u0436\u0434\u0443\u043d\u0430\u0440\u043e\u0434\u043d\u043e\u0435 \u0431\u0440\u0430\u0447\u043d\u043e\u0435 \u0430\u0433\u0435\u043d\u0442\u0441\u0442\u0432\u043e: \u0417\u043d\u0430\u043a\u043e\u043c\u0441\u0442\u0432\u0430 \u0420\u043e\u0441\u0441\u0438\u044f, \u0423\u043a\u0440\u0430\u0438\u043d\u0430, \u0411\u0435\u043b\u0430\u0440\u0443\u0441\u044c \u0438 \u041a\u0438\u0442\u0430\u0439","isPartOf":{"@id":"https:\/\/marriageagencyru.com\/#website"},"primaryImageOfPage":{"@id":"https:\/\/marriageagencyru.com\/fr\/produit\/%d1%86%d0%b5%d0%bd%d1%82%d1%80-%d0%ba%d0%b8%d0%b5%d0%b2%d0%b0-%d0%b7%d0%bd%d0%b0%d0%ba%d0%be%d0%bc%d1%81%d1%82%d0%b2%d0%b0\/#primaryimage"},"image":{"@id":"https:\/\/marriageagencyru.com\/fr\/produit\/%d1%86%d0%b5%d0%bd%d1%82%d1%80-%d0%ba%d0%b8%d0%b5%d0%b2%d0%b0-%d0%b7%d0%bd%d0%b0%d0%ba%d0%be%d0%bc%d1%81%d1%82%d0%b2%d0%b0\/#primaryimage"},"thumbnailUrl":"https:\/\/marriageagencyru.com\/wp-content\/uploads\/2025\/12\/3.jpg","datePublished":"2025-12-23T03:57:44+00:00","breadcrumb":{"@id":"https:\/\/marriageagencyru.com\/fr\/produit\/%d1%86%d0%b5%d0%bd%d1%82%d1%80-%d0%ba%d0%b8%d0%b5%d0%b2%d0%b0-%d0%b7%d0%bd%d0%b0%d0%ba%d0%be%d0%bc%d1%81%d1%82%d0%b2%d0%b0\/#breadcrumb"},"inLanguage":"es","potentialAction":[{"@type":"ReadAction","target":["https:\/\/marriageagencyru.com\/fr\/produit\/%d1%86%d0%b5%d0%bd%d1%82%d1%80-%d0%ba%d0%b8%d0%b5%d0%b2%d0%b0-%d0%b7%d0%bd%d0%b0%d0%ba%d0%be%d0%bc%d1%81%d1%82%d0%b2%d0%b0\/"]}]},{"@type":"ImageObject","inLanguage":"es","@id":"https:\/\/marriageagencyru.com\/fr\/produit\/%d1%86%d0%b5%d0%bd%d1%82%d1%80-%d0%ba%d0%b8%d0%b5%d0%b2%d0%b0-%d0%b7%d0%bd%d0%b0%d0%ba%d0%be%d0%bc%d1%81%d1%82%d0%b2%d0%b0\/#primaryimage","url":"https:\/\/marriageagencyru.com\/wp-content\/uploads\/2025\/12\/3.jpg","contentUrl":"https:\/\/marriageagencyru.com\/wp-content\/uploads\/2025\/12\/3.jpg","width":1024,"height":1024},{"@type":"BreadcrumbList","@id":"https:\/\/marriageagencyru.com\/fr\/produit\/%d1%86%d0%b5%d0%bd%d1%82%d1%80-%d0%ba%d0%b8%d0%b5%d0%b2%d0%b0-%d0%b7%d0%bd%d0%b0%d0%ba%d0%be%d0%bc%d1%81%d1%82%d0%b2%d0%b0\/#breadcrumb","itemListElement":[{"@type":"ListItem","position":1,"name":"Home","item":"https:\/\/marriageagencyru.com\/"},{"@type":"ListItem","position":2,"name":"Shop","item":"https:\/\/marriageagencyru.com\/shop\/"},{"@type":"ListItem","position":3,"name":"\u0426\u0435\u043d\u0442\u0440 \u041a\u0438\u0435\u0432\u0430 \u0437\u043d\u0430\u043a\u043e\u043c\u0441\u0442\u0432\u0430"}]},{"@type":"WebSite","@id":"https:\/\/marriageagencyru.com\/#website","url":"https:\/\/marriageagencyru.com\/","name":"agencia matrimonialru.com","description":"Agencia Matrimonial Internacional marriageagencyru | Rusia, Bielorrusia, Ucrania | Elite Dating in China","alternateName":"\u0412\u044b\u0439\u0442\u0438 \u0437\u0430\u043c\u0443\u0436 \u0432 \u041a\u0438\u0442\u0430\u0439: \u0411\u0440\u0430\u0447\u043d\u043e\u0435 \u0430\u0433\u0435\u043d\u0442\u0441\u0442\u0432\u043e \u0434\u043b\u044f \u0420\u043e\u0441\u0441\u0438\u0438, \u0423\u043a\u0440\u0430\u0438\u043d\u044b \u0438 \u0411\u0435\u043b\u0430\u0440\u0443\u0441\u0438 | marriageagencyru","potentialAction":[{"@type":"SearchAction","target":{"@type":"EntryPoint","urlTemplate":"https:\/\/marriageagencyru.com\/?s={search_term_string}"},"query-input":{"@type":"PropertyValueSpecification","valueRequired":true,"valueName":"search_term_string"}}],"inLanguage":"es"}]}},"_links":{"self":[{"href":"https:\/\/marriageagencyru.com\/es\/wp-json\/wp\/v2\/product\/99","targetHints":{"allow":["GET"]}}],"collection":[{"href":"https:\/\/marriageagencyru.com\/es\/wp-json\/wp\/v2\/product"}],"about":[{"href":"https:\/\/marriageagencyru.com\/es\/wp-json\/wp\/v2\/types\/product"}],"replies":[{"embeddable":true,"href":"https:\/\/marriageagencyru.com\/es\/wp-json\/wp\/v2\/comments?post=99"}],"wp:featuredmedia":[{"embeddable":true,"href":"https:\/\/marriageagencyru.com\/es\/wp-json\/wp\/v2\/media\/78"}],"wp:attachment":[{"href":"https:\/\/marriageagencyru.com\/es\/wp-json\/wp\/v2\/media?parent=99"}],"wp:term":[{"taxonomy":"product_brand","embeddable":true,"href":"https:\/\/marriageagencyru.com\/es\/wp-json\/wp\/v2\/product_brand?post=99"},{"taxonomy":"product_cat","embeddable":true,"href":"https:\/\/marriageagencyru.com\/es\/wp-json\/wp\/v2\/product_cat?post=99"},{"taxonomy":"product_tag","embeddable":true,"href":"https:\/\/marriageagencyru.com\/es\/wp-json\/wp\/v2\/product_tag?post=99"}],"curies":[{"name":"wp","href":"https:\/\/api.w.org\/{rel}","templated":true}]}}