{"id":772,"date":"2026-01-03T07:05:02","date_gmt":"2026-01-03T07:05:02","guid":{"rendered":"https:\/\/marriageagencyru.com\/product\/elite-matchmaking-for-expats-in-the-middle-east-seeking-european-beauty-from-belarus-and-ukraine\/"},"modified":"2026-01-03T07:05:02","modified_gmt":"2026-01-03T07:05:02","slug":"elite-matchmaking-for-expats-in-the-middle-east-seeking-european-beauty-from-belarus-and-ukraine","status":"publish","type":"product","link":"https:\/\/marriageagencyru.com\/es\/producto\/elite-matchmaking-for-expats-in-the-middle-east-seeking-european-beauty-from-belarus-and-ukraine\/","title":{"rendered":"Matchmaking de \u00e9lite para expatriados en Oriente Medio que buscan bellezas europeas de Bielorrusia y Ucrania"},"content":{"rendered":"<p data-path-to-node=\"36\"><b data-path-to-node=\"36\" data-index-in-node=\"0\"> B\u00fasqueda de pareja profesional: conectar a hombres realizados con valores eslavos tradicionales<\/b><\/p>\n<h2 data-path-to-node=\"37\">La filosof\u00eda del matrimonio<\/h2>\n<p data-path-to-node=\"38\">En un mundo de conexiones fugaces, <b data-path-to-node=\"38\" data-index-in-node=\"36\">Agencia matrimonialru<\/b> es sin\u00f3nimo de permanencia. Somos una agencia especializada dedicada a <b data-path-to-node=\"38\" data-index-in-node=\"117\">Matchmaking de \u00e9lite<\/b>, El objetivo principal de este sitio web es ayudar a hombres establecidos de pa\u00edses occidentales y de Oriente Medio a encontrar mujeres serias y dispuestas a contraer matrimonio de Europa del Este.<\/p>\n<p data-path-to-node=\"39\">Nuestros clientes son profesionales de EE.UU., Canad\u00e1, Australia, Alemania, Francia y el Reino Unido que est\u00e1n cansados del panorama moderno de las citas. Buscan parejas que den prioridad a la familia, la lealtad y el respeto mutuo. Proporcionamos un camino digno, seguro y muy eficaz para encontrar esposa en pa\u00edses como Rusia, Ucrania, Bielorrusia, Polonia y Ruman\u00eda.<\/p>\n<h2 data-path-to-node=\"40\">\u00abB\u00fasqueda de pareja de alto poder adquisitivo\u00bb.\u00bb<\/h2>\n<p data-path-to-node=\"41\">Somos conscientes de que la estabilidad financiera y el \u00e9xito profesional suelen ir en detrimento del tiempo personal. Nuestro servicio est\u00e1 dise\u00f1ado para el caballero eficiente. No vendemos sue\u00f1os; vendemos presentaciones que conducen al matrimonio.<\/p>\n<h3 data-path-to-node=\"42\">Regiones prioritarias<\/h3>\n<p data-path-to-node=\"43\">Nuestra experiencia reside en las regiones eslavas, conocidas por producir mujeres que valoran la santidad del matrimonio.<\/p>\n<ul data-path-to-node=\"44\">\n<li>\n<p data-path-to-node=\"44,0,0\"><b data-path-to-node=\"44,0,0\" data-index-in-node=\"0\">El Est\u00e1ndar Eslavo:<\/b> Las mujeres de esta regi\u00f3n se cr\u00edan centr\u00e1ndose en la educaci\u00f3n y la familia. Tanto si procede de las hist\u00f3ricas calles de Cracovia como de la vibrante ciudad de Minsk, una mujer eslava suele considerar el \u00e9xito de su marido como una victoria familiar compartida.<\/p>\n<\/li>\n<li>\n<p data-path-to-node=\"44,1,0\"><b data-path-to-node=\"44,1,0\" data-index-in-node=\"0\">Diversidad de elecci\u00f3n:<\/b> Representamos a mujeres de or\u00edgenes diversos -desde profesionales de la medicina en Bucarest hasta artistas en San Petersburgo-, todas unidas por el deseo de mantener una relaci\u00f3n seria con una pareja extranjera.<\/p>\n<\/li>\n<\/ul>\n<h2 data-path-to-node=\"45\">El proceso: transparencia y resultados<\/h2>\n<p data-path-to-node=\"46\">A diferencia de los sitios de \u00abventa por correo\u00bb, <b data-path-to-node=\"46\" data-index-in-node=\"27\">Agencia matrimonialru<\/b> opera como consultor\u00eda. Nuestra <b data-path-to-node=\"46\" data-index-in-node=\"75\">Casamenteros ricos<\/b> se basa en tres pilares: verificaci\u00f3n, compatibilidad y asistencia.<\/p>\n<h3 data-path-to-node=\"47\">Fase 1: La estrategia del perfil<\/h3>\n<p data-path-to-node=\"48\">Empezamos por saber qui\u00e9n es usted. Vamos m\u00e1s all\u00e1 de los datos demogr\u00e1ficos b\u00e1sicos para entender su tipo de personalidad. \u00bfEs usted un l\u00edder dominante? \u00bfUn intelectual tranquilo? Le emparejamos con mujeres cuyos temperamentos se complementan con el suyo. Al mismo tiempo, realizamos estrictas comprobaciones de los antecedentes de todas las candidatas para asegurarnos de que son solteras, cumplen los requisitos legales para contraer matrimonio y est\u00e1n psicol\u00f3gicamente preparadas para un traslado internacional.<\/p>\n<h3 data-path-to-node=\"49\">Fase 2: Introducci\u00f3n y conexi\u00f3n de v\u00eddeo<\/h3>\n<p data-path-to-node=\"50\">Antes de viajar, facilitamos presentaciones en v\u00eddeo de alta calidad. Esto le permitir\u00e1 evaluar la qu\u00edmica y los estilos de comunicaci\u00f3n desde la comodidad de su hogar en S\u00eddney, Toronto o M\u00fanich. Este paso es crucial para <b data-path-to-node=\"50\" data-index-in-node=\"213\">Matchmaking para grandes fortunas<\/b>, ya que le garantiza que s\u00f3lo invertir\u00e1 tiempo y viajes en candidatos con verdadero potencial.<\/p>\n<h3 data-path-to-node=\"51\">Fase 3: La reuni\u00f3n en persona<\/h3>\n<p data-path-to-node=\"52\">Cuando llega el momento, organizamos el encuentro. Creemos en un entorno de citas realista y c\u00f3modo. Organizamos reservas en restaurantes, proporcionamos espacios de reuni\u00f3n tranquilos y ofrecemos servicios de traducci\u00f3n si es necesario. El objetivo es crear una atm\u00f3sfera natural en la que dos personas puedan enamorarse sin la presi\u00f3n de un \u00abespect\u00e1culo\u00bb.\u00bb<\/p>\n<h2 data-path-to-node=\"53\">Servicios posteriores al emparejamiento: visado y liquidaci\u00f3n<\/h2>\n<p data-path-to-node=\"54\">Encontrar a la mujer adecuada es la mitad de la batalla; traerla a casa es la otra mitad. <b data-path-to-node=\"54\" data-index-in-node=\"81\">Agencia matrimonialru<\/b> se enorgullece de un proceso de inmigraci\u00f3n 100% legal y transparente.<\/p>\n<h3 data-path-to-node=\"55\">Ayuda a la inmigraci\u00f3n<\/h3>\n<p data-path-to-node=\"56\">No somos abogados, pero colaboramos con especialistas en inmigraci\u00f3n autorizados en EE.UU., Reino Unido, Canad\u00e1, Australia y la UE para guiarle a lo largo del proceso.<\/p>\n<ul data-path-to-node=\"57\">\n<li>\n<p data-path-to-node=\"57,0,0\"><b data-path-to-node=\"57,0,0\" data-index-in-node=\"0\">Colecci\u00f3n de documentos:<\/b> Ayudamos a la se\u00f1ora a reunir los certificados de nacimiento, las autorizaciones policiales y las revisiones m\u00e9dicas en su pa\u00eds de origen (Rusia, Bielorrusia, etc.).<\/p>\n<\/li>\n<li>\n<p data-path-to-node=\"57,1,0\"><b data-path-to-node=\"57,1,0\" data-index-in-node=\"0\">Preparaci\u00f3n de la embajada:<\/b> Ayudamos a preparar a su prometida para la entrevista del visado, asegur\u00e1ndonos de que entiende las preguntas y el proceso de entrada en su pa\u00eds.<\/p>\n<\/li>\n<\/ul>\n<h3 data-path-to-node=\"58\">Orientaci\u00f3n para la adaptaci\u00f3n a la vida<\/h3>\n<p data-path-to-node=\"59\">Mudarse a un nuevo pa\u00eds es todo un reto. Le ofrecemos orientaci\u00f3n pr\u00e1ctica para su pareja:<\/p>\n<ul data-path-to-node=\"60\">\n<li>\n<p data-path-to-node=\"60,0,0\"><b data-path-to-node=\"60,0,0\" data-index-in-node=\"0\">Preparaci\u00f3n ling\u00fc\u00edstica:<\/b> ponerla en contacto con tutores para mejorar sus conocimientos de ingl\u00e9s o de la lengua local antes de partir.<\/p>\n<\/li>\n<li>\n<p data-path-to-node=\"60,1,0\"><b data-path-to-node=\"60,1,0\" data-index-in-node=\"0\">Gesti\u00f3n de expectativas:<\/b> Celebramos sesiones de asesoramiento para hablar de las realidades de la vida en su pa\u00eds concreto, discutiendo desde el clima en Canad\u00e1 hasta las costumbres sociales en Oriente Medio.<\/p>\n<\/li>\n<\/ul>\n<h2 data-path-to-node=\"61\">Conclusi\u00f3n<\/h2>\n<p data-path-to-node=\"62\"><b data-path-to-node=\"62\" data-index-in-node=\"0\">Agencia matrimonialru<\/b> es el puente entre dos mundos. Ofrecemos un servicio seguro, profesional y discreto para hombres dispuestos a sentar la cabeza. Si busca <b data-path-to-node=\"62\" data-index-in-node=\"162\">Matchmaking de \u00e9lite<\/b> que da prioridad a la realidad sobre la fantas\u00eda, y a los resultados sobre las promesas, somos su socio. \u00danase a nosotros y d\u00e9jenos ayudarle a encontrar la esposa eslava que completar\u00e1 su vida.<\/p>","protected":false},"excerpt":{"rendered":"<p>Professional Matchmaking: Connecting Accomplished Men with Traditional Slavic Values The Philosophy of Marriageagencyru In a world of fleeting connections, Marriageagencyru stands for permanence. We are a specialized agency dedicated to Elite Matchmaking, focused specifically on helping established men from Western nations and the Middle East find serious, marriage-minded women from Eastern Europe. Our clients are [&hellip;]<\/p>","protected":false},"featured_media":748,"comment_status":"open","ping_status":"closed","template":"","meta":{"_et_pb_use_builder":"","_et_pb_old_content":"","_et_gb_content_width":""},"product_brand":[],"product_cat":[],"product_tag":[],"class_list":{"0":"post-772","1":"product","2":"type-product","3":"status-publish","4":"has-post-thumbnail","7":"first","8":"instock","9":"shipping-taxable","10":"purchasable","11":"product-type-simple"},"yoast_head":"<!-- This site is optimized with the Yoast SEO plugin v26.6 - https:\/\/yoast.com\/wordpress\/plugins\/seo\/ -->\n<title>Elite Matchmaking for Expats in the Middle East Seeking European Beauty from Belarus and Ukraine \u041c\u0435\u0436\u0434\u0443\u043d\u0430\u0440\u043e\u0434\u043d\u043e\u0435 \u0431\u0440\u0430\u0447\u043d\u043e\u0435 \u0430\u0433\u0435\u043d\u0442\u0441\u0442\u0432\u043e: \u0417\u043d\u0430\u043a\u043e\u043c\u0441\u0442\u0432\u0430 \u0420\u043e\u0441\u0441\u0438\u044f, \u0423\u043a\u0440\u0430\u0438\u043d\u0430, \u0411\u0435\u043b\u0430\u0440\u0443\u0441\u044c \u0438 \u041a\u0438\u0442\u0430\u0439<\/title>\n<meta name=\"robots\" content=\"index, follow, max-snippet:-1, max-image-preview:large, max-video-preview:-1\" \/>\n<link rel=\"canonical\" href=\"https:\/\/marriageagencyru.com\/es\/producto\/elite-matchmaking-for-expats-in-the-middle-east-seeking-european-beauty-from-belarus-and-ukraine\/\" \/>\n<meta property=\"og:locale\" content=\"es_ES\" \/>\n<meta property=\"og:type\" content=\"article\" \/>\n<meta property=\"og:title\" content=\"Elite Matchmaking for Expats in the Middle East Seeking European Beauty from Belarus and Ukraine \u041c\u0435\u0436\u0434\u0443\u043d\u0430\u0440\u043e\u0434\u043d\u043e\u0435 \u0431\u0440\u0430\u0447\u043d\u043e\u0435 \u0430\u0433\u0435\u043d\u0442\u0441\u0442\u0432\u043e: \u0417\u043d\u0430\u043a\u043e\u043c\u0441\u0442\u0432\u0430 \u0420\u043e\u0441\u0441\u0438\u044f, \u0423\u043a\u0440\u0430\u0438\u043d\u0430, \u0411\u0435\u043b\u0430\u0440\u0443\u0441\u044c \u0438 \u041a\u0438\u0442\u0430\u0439\" \/>\n<meta property=\"og:description\" content=\"Professional Matchmaking: Connecting Accomplished Men with Traditional Slavic Values The Philosophy of Marriageagencyru In a world of fleeting connections, Marriageagencyru stands for permanence. We are a specialized agency dedicated to Elite Matchmaking, focused specifically on helping established men from Western nations and the Middle East find serious, marriage-minded women from Eastern Europe. Our clients are [&hellip;]\" \/>\n<meta property=\"og:url\" content=\"https:\/\/marriageagencyru.com\/es\/producto\/elite-matchmaking-for-expats-in-the-middle-east-seeking-european-beauty-from-belarus-and-ukraine\/\" \/>\n<meta property=\"og:site_name\" content=\"marriageagencyru.com\" \/>\n<meta name=\"twitter:card\" content=\"summary_large_image\" \/>\n<meta name=\"twitter:label1\" content=\"Tiempo de lectura\" \/>\n\t<meta name=\"twitter:data1\" content=\"3 minutos\" \/>\n<script type=\"application\/ld+json\" class=\"yoast-schema-graph\">{\"@context\":\"https:\/\/schema.org\",\"@graph\":[{\"@type\":\"WebPage\",\"@id\":\"https:\/\/marriageagencyru.com\/product\/elite-matchmaking-for-expats-in-the-middle-east-seeking-european-beauty-from-belarus-and-ukraine\/\",\"url\":\"https:\/\/marriageagencyru.com\/product\/elite-matchmaking-for-expats-in-the-middle-east-seeking-european-beauty-from-belarus-and-ukraine\/\",\"name\":\"Elite Matchmaking for Expats in the Middle East Seeking European Beauty from Belarus and Ukraine \u041c\u0435\u0436\u0434\u0443\u043d\u0430\u0440\u043e\u0434\u043d\u043e\u0435 \u0431\u0440\u0430\u0447\u043d\u043e\u0435 \u0430\u0433\u0435\u043d\u0442\u0441\u0442\u0432\u043e: \u0417\u043d\u0430\u043a\u043e\u043c\u0441\u0442\u0432\u0430 \u0420\u043e\u0441\u0441\u0438\u044f, \u0423\u043a\u0440\u0430\u0438\u043d\u0430, \u0411\u0435\u043b\u0430\u0440\u0443\u0441\u044c \u0438 \u041a\u0438\u0442\u0430\u0439\",\"isPartOf\":{\"@id\":\"https:\/\/marriageagencyru.com\/#website\"},\"primaryImageOfPage\":{\"@id\":\"https:\/\/marriageagencyru.com\/product\/elite-matchmaking-for-expats-in-the-middle-east-seeking-european-beauty-from-belarus-and-ukraine\/#primaryimage\"},\"image\":{\"@id\":\"https:\/\/marriageagencyru.com\/product\/elite-matchmaking-for-expats-in-the-middle-east-seeking-european-beauty-from-belarus-and-ukraine\/#primaryimage\"},\"thumbnailUrl\":\"https:\/\/marriageagencyru.com\/wp-content\/uploads\/2026\/01\/Catholic-Matchmaker.png\",\"datePublished\":\"2026-01-03T07:05:02+00:00\",\"breadcrumb\":{\"@id\":\"https:\/\/marriageagencyru.com\/product\/elite-matchmaking-for-expats-in-the-middle-east-seeking-european-beauty-from-belarus-and-ukraine\/#breadcrumb\"},\"inLanguage\":\"es\",\"potentialAction\":[{\"@type\":\"ReadAction\",\"target\":[\"https:\/\/marriageagencyru.com\/product\/elite-matchmaking-for-expats-in-the-middle-east-seeking-european-beauty-from-belarus-and-ukraine\/\"]}]},{\"@type\":\"ImageObject\",\"inLanguage\":\"es\",\"@id\":\"https:\/\/marriageagencyru.com\/product\/elite-matchmaking-for-expats-in-the-middle-east-seeking-european-beauty-from-belarus-and-ukraine\/#primaryimage\",\"url\":\"https:\/\/marriageagencyru.com\/wp-content\/uploads\/2026\/01\/Catholic-Matchmaker.png\",\"contentUrl\":\"https:\/\/marriageagencyru.com\/wp-content\/uploads\/2026\/01\/Catholic-Matchmaker.png\",\"width\":1024,\"height\":1024},{\"@type\":\"BreadcrumbList\",\"@id\":\"https:\/\/marriageagencyru.com\/product\/elite-matchmaking-for-expats-in-the-middle-east-seeking-european-beauty-from-belarus-and-ukraine\/#breadcrumb\",\"itemListElement\":[{\"@type\":\"ListItem\",\"position\":1,\"name\":\"Home\",\"item\":\"https:\/\/marriageagencyru.com\/\"},{\"@type\":\"ListItem\",\"position\":2,\"name\":\"Shop\",\"item\":\"https:\/\/marriageagencyru.com\/shop\/\"},{\"@type\":\"ListItem\",\"position\":3,\"name\":\"Elite Matchmaking for Expats in the Middle East Seeking European Beauty from Belarus and Ukraine\"}]},{\"@type\":\"WebSite\",\"@id\":\"https:\/\/marriageagencyru.com\/#website\",\"url\":\"https:\/\/marriageagencyru.com\/\",\"name\":\"marriageagencyru.com\",\"description\":\"\u041c\u0435\u0436\u0434\u0443\u043d\u0430\u0440\u043e\u0434\u043d\u043e\u0435 \u0431\u0440\u0430\u0447\u043d\u043e\u0435 \u0430\u0433\u0435\u043d\u0442\u0441\u0442\u0432\u043e marriageagencyru | \u0420\u043e\u0441\u0441\u0438\u044f, \u0411\u0435\u043b\u0430\u0440\u0443\u0441\u044c, \u0423\u043a\u0440\u0430\u0438\u043d\u0430 | \u042d\u043b\u0438\u0442\u043d\u044b\u0435 \u0437\u043d\u0430\u043a\u043e\u043c\u0441\u0442\u0432\u0430 \u0432 \u041a\u0438\u0442\u0430\u0435\",\"alternateName\":\"\u0412\u044b\u0439\u0442\u0438 \u0437\u0430\u043c\u0443\u0436 \u0432 \u041a\u0438\u0442\u0430\u0439: \u0411\u0440\u0430\u0447\u043d\u043e\u0435 \u0430\u0433\u0435\u043d\u0442\u0441\u0442\u0432\u043e \u0434\u043b\u044f \u0420\u043e\u0441\u0441\u0438\u0438, \u0423\u043a\u0440\u0430\u0438\u043d\u044b \u0438 \u0411\u0435\u043b\u0430\u0440\u0443\u0441\u0438 | marriageagencyru\",\"potentialAction\":[{\"@type\":\"SearchAction\",\"target\":{\"@type\":\"EntryPoint\",\"urlTemplate\":\"https:\/\/marriageagencyru.com\/?s={search_term_string}\"},\"query-input\":{\"@type\":\"PropertyValueSpecification\",\"valueRequired\":true,\"valueName\":\"search_term_string\"}}],\"inLanguage\":\"es\"}]}<\/script>\n<!-- \/ Yoast SEO plugin. -->","yoast_head_json":{"title":"Elite Matchmaking for Expats in the Middle East Seeking European Beauty from Belarus and Ukraine \u041c\u0435\u0436\u0434\u0443\u043d\u0430\u0440\u043e\u0434\u043d\u043e\u0435 \u0431\u0440\u0430\u0447\u043d\u043e\u0435 \u0430\u0433\u0435\u043d\u0442\u0441\u0442\u0432\u043e: \u0417\u043d\u0430\u043a\u043e\u043c\u0441\u0442\u0432\u0430 \u0420\u043e\u0441\u0441\u0438\u044f, \u0423\u043a\u0440\u0430\u0438\u043d\u0430, \u0411\u0435\u043b\u0430\u0440\u0443\u0441\u044c \u0438 \u041a\u0438\u0442\u0430\u0439","robots":{"index":"index","follow":"follow","max-snippet":"max-snippet:-1","max-image-preview":"max-image-preview:large","max-video-preview":"max-video-preview:-1"},"canonical":"https:\/\/marriageagencyru.com\/es\/producto\/elite-matchmaking-for-expats-in-the-middle-east-seeking-european-beauty-from-belarus-and-ukraine\/","og_locale":"es_ES","og_type":"article","og_title":"Elite Matchmaking for Expats in the Middle East Seeking European Beauty from Belarus and Ukraine \u041c\u0435\u0436\u0434\u0443\u043d\u0430\u0440\u043e\u0434\u043d\u043e\u0435 \u0431\u0440\u0430\u0447\u043d\u043e\u0435 \u0430\u0433\u0435\u043d\u0442\u0441\u0442\u0432\u043e: \u0417\u043d\u0430\u043a\u043e\u043c\u0441\u0442\u0432\u0430 \u0420\u043e\u0441\u0441\u0438\u044f, \u0423\u043a\u0440\u0430\u0438\u043d\u0430, \u0411\u0435\u043b\u0430\u0440\u0443\u0441\u044c \u0438 \u041a\u0438\u0442\u0430\u0439","og_description":"Professional Matchmaking: Connecting Accomplished Men with Traditional Slavic Values The Philosophy of Marriageagencyru In a world of fleeting connections, Marriageagencyru stands for permanence. We are a specialized agency dedicated to Elite Matchmaking, focused specifically on helping established men from Western nations and the Middle East find serious, marriage-minded women from Eastern Europe. Our clients are [&hellip;]","og_url":"https:\/\/marriageagencyru.com\/es\/producto\/elite-matchmaking-for-expats-in-the-middle-east-seeking-european-beauty-from-belarus-and-ukraine\/","og_site_name":"marriageagencyru.com","twitter_card":"summary_large_image","twitter_misc":{"Tiempo de lectura":"3 minutos"},"schema":{"@context":"https:\/\/schema.org","@graph":[{"@type":"WebPage","@id":"https:\/\/marriageagencyru.com\/product\/elite-matchmaking-for-expats-in-the-middle-east-seeking-european-beauty-from-belarus-and-ukraine\/","url":"https:\/\/marriageagencyru.com\/product\/elite-matchmaking-for-expats-in-the-middle-east-seeking-european-beauty-from-belarus-and-ukraine\/","name":"Elite Matchmaking for Expats in the Middle East Seeking European Beauty from Belarus and Ukraine \u041c\u0435\u0436\u0434\u0443\u043d\u0430\u0440\u043e\u0434\u043d\u043e\u0435 \u0431\u0440\u0430\u0447\u043d\u043e\u0435 \u0430\u0433\u0435\u043d\u0442\u0441\u0442\u0432\u043e: \u0417\u043d\u0430\u043a\u043e\u043c\u0441\u0442\u0432\u0430 \u0420\u043e\u0441\u0441\u0438\u044f, \u0423\u043a\u0440\u0430\u0438\u043d\u0430, \u0411\u0435\u043b\u0430\u0440\u0443\u0441\u044c \u0438 \u041a\u0438\u0442\u0430\u0439","isPartOf":{"@id":"https:\/\/marriageagencyru.com\/#website"},"primaryImageOfPage":{"@id":"https:\/\/marriageagencyru.com\/product\/elite-matchmaking-for-expats-in-the-middle-east-seeking-european-beauty-from-belarus-and-ukraine\/#primaryimage"},"image":{"@id":"https:\/\/marriageagencyru.com\/product\/elite-matchmaking-for-expats-in-the-middle-east-seeking-european-beauty-from-belarus-and-ukraine\/#primaryimage"},"thumbnailUrl":"https:\/\/marriageagencyru.com\/wp-content\/uploads\/2026\/01\/Catholic-Matchmaker.png","datePublished":"2026-01-03T07:05:02+00:00","breadcrumb":{"@id":"https:\/\/marriageagencyru.com\/product\/elite-matchmaking-for-expats-in-the-middle-east-seeking-european-beauty-from-belarus-and-ukraine\/#breadcrumb"},"inLanguage":"es","potentialAction":[{"@type":"ReadAction","target":["https:\/\/marriageagencyru.com\/product\/elite-matchmaking-for-expats-in-the-middle-east-seeking-european-beauty-from-belarus-and-ukraine\/"]}]},{"@type":"ImageObject","inLanguage":"es","@id":"https:\/\/marriageagencyru.com\/product\/elite-matchmaking-for-expats-in-the-middle-east-seeking-european-beauty-from-belarus-and-ukraine\/#primaryimage","url":"https:\/\/marriageagencyru.com\/wp-content\/uploads\/2026\/01\/Catholic-Matchmaker.png","contentUrl":"https:\/\/marriageagencyru.com\/wp-content\/uploads\/2026\/01\/Catholic-Matchmaker.png","width":1024,"height":1024},{"@type":"BreadcrumbList","@id":"https:\/\/marriageagencyru.com\/product\/elite-matchmaking-for-expats-in-the-middle-east-seeking-european-beauty-from-belarus-and-ukraine\/#breadcrumb","itemListElement":[{"@type":"ListItem","position":1,"name":"Home","item":"https:\/\/marriageagencyru.com\/"},{"@type":"ListItem","position":2,"name":"Shop","item":"https:\/\/marriageagencyru.com\/shop\/"},{"@type":"ListItem","position":3,"name":"Elite Matchmaking for Expats in the Middle East Seeking European Beauty from Belarus and Ukraine"}]},{"@type":"WebSite","@id":"https:\/\/marriageagencyru.com\/#website","url":"https:\/\/marriageagencyru.com\/","name":"agencia matrimonialru.com","description":"Agencia Matrimonial Internacional marriageagencyru | Rusia, Bielorrusia, Ucrania | Elite Dating in China","alternateName":"\u0412\u044b\u0439\u0442\u0438 \u0437\u0430\u043c\u0443\u0436 \u0432 \u041a\u0438\u0442\u0430\u0439: \u0411\u0440\u0430\u0447\u043d\u043e\u0435 \u0430\u0433\u0435\u043d\u0442\u0441\u0442\u0432\u043e \u0434\u043b\u044f \u0420\u043e\u0441\u0441\u0438\u0438, \u0423\u043a\u0440\u0430\u0438\u043d\u044b \u0438 \u0411\u0435\u043b\u0430\u0440\u0443\u0441\u0438 | marriageagencyru","potentialAction":[{"@type":"SearchAction","target":{"@type":"EntryPoint","urlTemplate":"https:\/\/marriageagencyru.com\/?s={search_term_string}"},"query-input":{"@type":"PropertyValueSpecification","valueRequired":true,"valueName":"search_term_string"}}],"inLanguage":"es"}]}},"_links":{"self":[{"href":"https:\/\/marriageagencyru.com\/es\/wp-json\/wp\/v2\/product\/772","targetHints":{"allow":["GET"]}}],"collection":[{"href":"https:\/\/marriageagencyru.com\/es\/wp-json\/wp\/v2\/product"}],"about":[{"href":"https:\/\/marriageagencyru.com\/es\/wp-json\/wp\/v2\/types\/product"}],"replies":[{"embeddable":true,"href":"https:\/\/marriageagencyru.com\/es\/wp-json\/wp\/v2\/comments?post=772"}],"wp:featuredmedia":[{"embeddable":true,"href":"https:\/\/marriageagencyru.com\/es\/wp-json\/wp\/v2\/media\/748"}],"wp:attachment":[{"href":"https:\/\/marriageagencyru.com\/es\/wp-json\/wp\/v2\/media?parent=772"}],"wp:term":[{"taxonomy":"product_brand","embeddable":true,"href":"https:\/\/marriageagencyru.com\/es\/wp-json\/wp\/v2\/product_brand?post=772"},{"taxonomy":"product_cat","embeddable":true,"href":"https:\/\/marriageagencyru.com\/es\/wp-json\/wp\/v2\/product_cat?post=772"},{"taxonomy":"product_tag","embeddable":true,"href":"https:\/\/marriageagencyru.com\/es\/wp-json\/wp\/v2\/product_tag?post=772"}],"curies":[{"name":"wp","href":"https:\/\/api.w.org\/{rel}","templated":true}]}}