{"id":432,"date":"2025-12-23T04:21:39","date_gmt":"2025-12-23T04:21:39","guid":{"rendered":"https:\/\/marriageagencyru.com\/product\/30-%d0%b4%d0%bd%d0%b5%d0%b9-%d0%b1%d0%b5%d0%b7%d0%b2%d0%b8%d0%b7%d0%b0-%d0%bf%d1%80%d0%b8%d0%bb%d0%b5%d1%82%d0%b8-%d0%b2-%d1%84%d0%be%d1%88%d0%b0%d0%bd%d1%8c-%d0%b8-%d0%b2%d1%81%d1%82%d1%80%d0%b5\/"},"modified":"2025-12-23T04:21:39","modified_gmt":"2025-12-23T04:21:39","slug":"30-dias-sin-visado-volar-a-foshan-y-reunirse","status":"publish","type":"product","link":"https:\/\/marriageagencyru.com\/es\/producto\/30-dias-sin-visado-volar-a-foshan-y-reunirse\/","title":{"rendered":"30 d\u00edas sin visado: vuele a Foshan y conozca su destino."},"content":{"rendered":"<h3 data-path-to-node=\"3\">\u00ab La ventaja Visa-Free (La tarjeta Visa-Free)<\/h3>\n<p data-path-to-node=\"4\"><i data-path-to-node=\"4\" data-index-in-node=\"0\">Este es el argumento m\u00e1s s\u00f3lido. Los ciudadanos rusos y ucranianos necesitan visado, mientras que los bielorrusos no (hasta 30 d\u00edas). Esto elimina el miedo a la burocracia.<\/i><\/p>\n<p data-path-to-node=\"5\"><b data-path-to-node=\"5\" data-index-in-node=\"0\">Titular: Un billete hacia una nueva vida sin visados ni burocracia.<\/b><\/p>\n<p data-path-to-node=\"6\">Chicas, \u00bfsab\u00e9is que ten\u00e9is una ventaja que otros no tienen? Bielorrusia y China tienen un r\u00e9gimen sin visados. Pod\u00e9is volar a Foshan (Guangdong) con s\u00f3lo comprar un billete, \u00a1como en Turqu\u00eda!<\/p>\n<p data-path-to-node=\"7\">Sin embajadas, sin colas. Coja su pasaporte y vuele hacia su destino. Agencia <b data-path-to-node=\"7\" data-index-in-node=\"98\">Reuni\u00f3nAmbos<\/b> Se reunir\u00e1 con usted y organizar citas con los mejores hombres en Foshan.<\/p>\n<p data-path-to-node=\"8\"><b data-path-to-node=\"8\" data-index-in-node=\"0\">El plan perfecto:<\/b><\/p>\n<ol start=\"1\" data-path-to-node=\"9\">\n<li>\n<p data-path-to-node=\"9,0,0\">Vuelas a China (como turista).<\/p>\n<\/li>\n<li>\n<p data-path-to-node=\"9,1,0\">Organizaremos sus citas con candidatos seguros.<\/p>\n<\/li>\n<li>\n<p data-path-to-node=\"9,2,0\">Pasas tiempo en restaurantes elegantes y aceptas adelantos.<\/p>\n<\/li>\n<\/ol>\n<p data-path-to-node=\"10\">Si surge el amor, te quedar\u00e1s. Si no, pasar\u00e1s unas vacaciones en el tr\u00f3pico. Para chicas menores de 30 a\u00f1os, nuestros servicios son <b data-path-to-node=\"10\" data-index-in-node=\"114\">gratis<\/b>.<\/p>\n<p data-path-to-node=\"11\">\u2708\ufe0f <b data-path-to-node=\"11\" data-index-in-node=\"3\">Aprovecha tu oportunidad:<\/b> nolan@meetingboth.com<\/p>\n<hr data-path-to-node=\"12\" \/>\n<h3 data-path-to-node=\"13\">Opci\u00f3n 11: Seguridad y orden<\/h3>\n<p data-path-to-node=\"14\"><i data-path-to-node=\"14\" data-index-in-node=\"0\">Los bielorrusos est\u00e1n orgullosos de la limpieza y seguridad de sus ciudades. China ofrece lo mismo, pero con m\u00e1s dinero.<\/i><\/p>\n<p data-path-to-node=\"15\"><b data-path-to-node=\"15\" data-index-in-node=\"0\">Leyenda: Limpio, ordenado y seguro. Te encantar\u00e1.<\/b><\/p>\n<p data-path-to-node=\"16\">Sabemos c\u00f3mo aprecian los bielorrusos la tranquilidad y las calles limpias. Bienvenido a Foshan, una de las ciudades mejor cuidadas y m\u00e1s seguras de China. Aqu\u00ed se sentir\u00e1 tan a gusto como en Minsk, s\u00f3lo que hay m\u00e1s palmeras y no hay nada de invierno.<\/p>\n<p data-path-to-node=\"17\">Pero la principal diferencia es el nivel de vida. Los hombres locales (nuestros clientes) son propietarios de f\u00e1bricas y negocios. Buscan una esposa que les rodee de cuidados y estabilidad.<\/p>\n<p data-path-to-node=\"18\"><b data-path-to-node=\"18\" data-index-in-node=\"0\">MeetingBoth Agencia ofrece:<\/b><\/p>\n<ul data-path-to-node=\"19\">\n<li>\n<p data-path-to-node=\"19,0,0\">Citas sin estr\u00e9s.<\/p>\n<\/li>\n<li>\n<p data-path-to-node=\"19,1,0\">Candidatos que han sido investigados.<\/p>\n<\/li>\n<li>\n<p data-path-to-node=\"19,2,0\">Total confidencialidad (nadie en RB lo sabr\u00e1).<\/p>\n<\/li>\n<\/ul>\n<p data-path-to-node=\"20\"><b data-path-to-node=\"20\" data-index-in-node=\"0\">Requisito:<\/b> Chicas hasta 30 a\u00f1os, listas para una relaci\u00f3n seria.<\/p>\n<p data-path-to-node=\"21\">\ud83d\udce9 <b data-path-to-node=\"21\" data-index-in-node=\"3\">Esperamos su solicitud:<\/b> nolan@meetingboth.com<\/p>\n<hr data-path-to-node=\"22\" \/>\n<h3 data-path-to-node=\"23\">Opci\u00f3n 12: Nicho para chicas altas.<\/h3>\n<p data-path-to-node=\"24\"><i data-path-to-node=\"24\" data-index-in-node=\"0\">En Bielorrusia hay muchas chicas altas y modelos. En China, la estatura de una mujer alta es signo de aristocracia. Puedes jugar con esto.<\/i><\/p>\n<p data-path-to-node=\"25\"><b data-path-to-node=\"25\" data-index-in-node=\"0\">T\u00edtulo: Tu altura es tu pase a la alta sociedad.<\/b><\/p>\n<p data-path-to-node=\"26\">En Bielorrusia, puede que te averg\u00fcences de tu estatura o que oigas que \u00ablos chicos tienen miedo de los altos\u00bb. En China, todo es lo contrario. Aqu\u00ed, una chica alta, escultural y de piel clara es un ideal, una diosa, el sue\u00f1o de cualquier millonario.<\/p>\n<p data-path-to-node=\"27\">Si tu estatura es de 170 cm o m\u00e1s, ya te ha tocado la loter\u00eda gen\u00e9tica del mercado de novias chino. En la ciudad de Foshan, los hombres est\u00e1n dispuestos a colmar de oro a estas bellezas.<\/p>\n<p data-path-to-node=\"28\">Agencia <b data-path-to-node=\"28\" data-index-in-node=\"10\">Reuni\u00f3nAmbos<\/b> se especializa en encontrar parejas para la \u00e9lite. Usted es el que buscamos.<\/p>\n<ul data-path-to-node=\"29\">\n<li>\n<p data-path-to-node=\"29,0,0\">No pierdas el tiempo con quienes no te aprecian.<\/p>\n<\/li>\n<li>\n<p data-path-to-node=\"29,1,0\">Ven a un lugar donde te admiren.<\/p>\n<\/li>\n<\/ul>\n<p data-path-to-node=\"30\">La participaci\u00f3n es gratuita.<\/p>\n<p data-path-to-node=\"31\">\ud83d\udcf8 <b data-path-to-node=\"31\" data-index-in-node=\"3\">Env\u00ede una foto de cuerpo entero:<\/b> nolan@meetingboth.com<\/p>\n<hr data-path-to-node=\"32\" \/>\n<h3 data-path-to-node=\"33\">Opci\u00f3n 13: No pierdas el tiempo.<\/h3>\n<p data-path-to-node=\"34\"><i data-path-to-node=\"34\" data-index-in-node=\"0\">Un texto duro y motivador para los que est\u00e1n estancados en un lugar.<\/i><\/p>\n<p data-path-to-node=\"35\"><b data-path-to-node=\"35\" data-index-in-node=\"0\">Pie de foto: Est\u00e1s a punto de cumplir 30 a\u00f1os. \u00bfY ahora qu\u00e9?<\/b><\/p>\n<p data-path-to-node=\"36\">La vida en el centro regional o incluso en Minsk puede ser acogedora pero previsible. Trabajo-casa-trabajo. Sueldo, que s\u00f3lo alcanza para lo esencial.<\/p>\n<p data-path-to-node=\"37\">Y en alg\u00fan lugar de Foshan, China, un hombre de \u00e9xito se sienta en su oficina con ventanas panor\u00e1micas y est\u00e1 triste porque no tiene a nadie con quien compartir su \u00e9xito.<\/p>\n<p data-path-to-node=\"38\"><b data-path-to-node=\"38\" data-index-in-node=\"0\">MeetingBoth conecta mundos.<\/b> No te estamos ofreciendo un trabajo. Te estamos ofreciendo una familia. Un marido rico que se responsabilice de ti.<\/p>\n<p data-path-to-node=\"39\"><b data-path-to-node=\"39\" data-index-in-node=\"0\">Mientras tengas menos de 30 a\u00f1os, todas las puertas est\u00e1n abiertas.<\/b> No desaproveches el momento en que tu belleza vale m\u00e1s.<\/p>\n<p data-path-to-node=\"40\">Escr\u00edbanos ahora. Pru\u00e9belo. Es gratis.<\/p>\n<p data-path-to-node=\"41\">\ud83d\udc49 <b data-path-to-node=\"41\" data-index-in-node=\"3\">Correo electr\u00f3nico:<\/b> nolan@meetingboth.com<\/p>","protected":false},"excerpt":{"rendered":"<p>&#171;\u041a\u043e\u0437\u044b\u0440\u043d\u0430\u044f \u043a\u0430\u0440\u0442\u0430&#187; \u2014 \u0411\u0435\u0437\u0432\u0438\u0437 (The Visa-Free Advantage) \u042d\u0442\u043e \u0441\u0430\u043c\u044b\u0439 \u0441\u0438\u043b\u044c\u043d\u044b\u0439 \u0430\u0440\u0433\u0443\u043c\u0435\u043d\u0442. \u0413\u0440\u0430\u0436\u0434\u0430\u043d\u0430\u043c \u0420\u0424 \u0438 \u0423\u043a\u0440\u0430\u0438\u043d\u044b \u043d\u0443\u0436\u043d\u0430 \u0432\u0438\u0437\u0430, \u0430 \u0431\u0435\u043b\u043e\u0440\u0443\u0441\u0430\u043c \u2014 \u043d\u0435\u0442 (\u0434\u043e 30 \u0434\u043d\u0435\u0439). \u042d\u0442\u043e \u0441\u043d\u0438\u043c\u0430\u0435\u0442 \u0441\u0442\u0440\u0430\u0445 \u0431\u044e\u0440\u043e\u043a\u0440\u0430\u0442\u0438\u0438. \u0417\u0430\u0433\u043e\u043b\u043e\u0432\u043e\u043a: \u0411\u0438\u043b\u0435\u0442 \u0432 \u043d\u043e\u0432\u0443\u044e \u0436\u0438\u0437\u043d\u044c \u0431\u0435\u0437 \u0432\u0438\u0437 \u0438 \u0431\u044e\u0440\u043e\u043a\u0440\u0430\u0442\u0438\u0438. \u0414\u0435\u0432\u0443\u0448\u043a\u0438, \u0432\u044b \u0437\u043d\u0430\u0435\u0442\u0435, \u0447\u0442\u043e \u0443 \u0432\u0430\u0441 \u0435\u0441\u0442\u044c \u043f\u0440\u0435\u0438\u043c\u0443\u0449\u0435\u0441\u0442\u0432\u043e, \u043a\u043e\u0442\u043e\u0440\u043e\u0433\u043e \u043d\u0435\u0442 \u0443 \u0434\u0440\u0443\u0433\u0438\u0445? \u0411\u0435\u043b\u0430\u0440\u0443\u0441\u044c \u0438 \u041a\u0438\u0442\u0430\u0439 \u0438\u043c\u0435\u044e\u0442 \u0431\u0435\u0437\u0432\u0438\u0437\u043e\u0432\u044b\u0439 \u0440\u0435\u0436\u0438\u043c. [&hellip;]<\/p>","protected":false},"featured_media":78,"comment_status":"open","ping_status":"closed","template":"","meta":{"_et_pb_use_builder":"","_et_pb_old_content":"","_et_gb_content_width":""},"product_brand":[],"product_cat":[],"product_tag":[],"class_list":{"0":"post-432","1":"product","2":"type-product","3":"status-publish","4":"has-post-thumbnail","7":"first","8":"instock","9":"shipping-taxable","10":"purchasable","11":"product-type-simple"},"yoast_head":"<!-- This site is optimized with the Yoast SEO plugin v26.6 - https:\/\/yoast.com\/wordpress\/plugins\/seo\/ -->\n<title>30 \u0434\u043d\u0435\u0439 \u0431\u0435\u0437\u0432\u0438\u0437\u0430: \u041f\u0440\u0438\u043b\u0435\u0442\u0438 \u0432 \u0424\u043e\u0448\u0430\u043d\u044c \u0438 \u0432\u0441\u0442\u0440\u0435\u0442\u044c \u0441\u0443\u0434\u044c\u0431\u0443. \u041c\u0435\u0436\u0434\u0443\u043d\u0430\u0440\u043e\u0434\u043d\u043e\u0435 \u0431\u0440\u0430\u0447\u043d\u043e\u0435 \u0430\u0433\u0435\u043d\u0442\u0441\u0442\u0432\u043e: \u0417\u043d\u0430\u043a\u043e\u043c\u0441\u0442\u0432\u0430 \u0420\u043e\u0441\u0441\u0438\u044f, \u0423\u043a\u0440\u0430\u0438\u043d\u0430, \u0411\u0435\u043b\u0430\u0440\u0443\u0441\u044c \u0438 \u041a\u0438\u0442\u0430\u0439<\/title>\n<meta name=\"robots\" content=\"index, follow, max-snippet:-1, max-image-preview:large, max-video-preview:-1\" \/>\n<link rel=\"canonical\" href=\"https:\/\/marriageagencyru.com\/es\/producto\/30-dias-sin-visado-volar-a-foshan-y-reunirse\/\" \/>\n<meta property=\"og:locale\" content=\"es_ES\" \/>\n<meta property=\"og:type\" content=\"article\" \/>\n<meta property=\"og:title\" content=\"30 \u0434\u043d\u0435\u0439 \u0431\u0435\u0437\u0432\u0438\u0437\u0430: \u041f\u0440\u0438\u043b\u0435\u0442\u0438 \u0432 \u0424\u043e\u0448\u0430\u043d\u044c \u0438 \u0432\u0441\u0442\u0440\u0435\u0442\u044c \u0441\u0443\u0434\u044c\u0431\u0443. \u041c\u0435\u0436\u0434\u0443\u043d\u0430\u0440\u043e\u0434\u043d\u043e\u0435 \u0431\u0440\u0430\u0447\u043d\u043e\u0435 \u0430\u0433\u0435\u043d\u0442\u0441\u0442\u0432\u043e: \u0417\u043d\u0430\u043a\u043e\u043c\u0441\u0442\u0432\u0430 \u0420\u043e\u0441\u0441\u0438\u044f, \u0423\u043a\u0440\u0430\u0438\u043d\u0430, \u0411\u0435\u043b\u0430\u0440\u0443\u0441\u044c \u0438 \u041a\u0438\u0442\u0430\u0439\" \/>\n<meta property=\"og:description\" content=\"&#171;\u041a\u043e\u0437\u044b\u0440\u043d\u0430\u044f \u043a\u0430\u0440\u0442\u0430&#187; \u2014 \u0411\u0435\u0437\u0432\u0438\u0437 (The Visa-Free Advantage) \u042d\u0442\u043e \u0441\u0430\u043c\u044b\u0439 \u0441\u0438\u043b\u044c\u043d\u044b\u0439 \u0430\u0440\u0433\u0443\u043c\u0435\u043d\u0442. \u0413\u0440\u0430\u0436\u0434\u0430\u043d\u0430\u043c \u0420\u0424 \u0438 \u0423\u043a\u0440\u0430\u0438\u043d\u044b \u043d\u0443\u0436\u043d\u0430 \u0432\u0438\u0437\u0430, \u0430 \u0431\u0435\u043b\u043e\u0440\u0443\u0441\u0430\u043c \u2014 \u043d\u0435\u0442 (\u0434\u043e 30 \u0434\u043d\u0435\u0439). \u042d\u0442\u043e \u0441\u043d\u0438\u043c\u0430\u0435\u0442 \u0441\u0442\u0440\u0430\u0445 \u0431\u044e\u0440\u043e\u043a\u0440\u0430\u0442\u0438\u0438. \u0417\u0430\u0433\u043e\u043b\u043e\u0432\u043e\u043a: \u0411\u0438\u043b\u0435\u0442 \u0432 \u043d\u043e\u0432\u0443\u044e \u0436\u0438\u0437\u043d\u044c \u0431\u0435\u0437 \u0432\u0438\u0437 \u0438 \u0431\u044e\u0440\u043e\u043a\u0440\u0430\u0442\u0438\u0438. \u0414\u0435\u0432\u0443\u0448\u043a\u0438, \u0432\u044b \u0437\u043d\u0430\u0435\u0442\u0435, \u0447\u0442\u043e \u0443 \u0432\u0430\u0441 \u0435\u0441\u0442\u044c \u043f\u0440\u0435\u0438\u043c\u0443\u0449\u0435\u0441\u0442\u0432\u043e, \u043a\u043e\u0442\u043e\u0440\u043e\u0433\u043e \u043d\u0435\u0442 \u0443 \u0434\u0440\u0443\u0433\u0438\u0445? \u0411\u0435\u043b\u0430\u0440\u0443\u0441\u044c \u0438 \u041a\u0438\u0442\u0430\u0439 \u0438\u043c\u0435\u044e\u0442 \u0431\u0435\u0437\u0432\u0438\u0437\u043e\u0432\u044b\u0439 \u0440\u0435\u0436\u0438\u043c. [&hellip;]\" \/>\n<meta property=\"og:url\" content=\"https:\/\/marriageagencyru.com\/es\/producto\/30-dias-sin-visado-volar-a-foshan-y-reunirse\/\" \/>\n<meta property=\"og:site_name\" content=\"marriageagencyru.com\" \/>\n<meta property=\"og:image\" content=\"https:\/\/marriageagencyru.com\/wp-content\/uploads\/2025\/12\/3.jpg\" \/>\n\t<meta property=\"og:image:width\" content=\"1024\" \/>\n\t<meta property=\"og:image:height\" content=\"1024\" \/>\n\t<meta property=\"og:image:type\" content=\"image\/jpeg\" \/>\n<meta name=\"twitter:card\" content=\"summary_large_image\" \/>\n<script type=\"application\/ld+json\" class=\"yoast-schema-graph\">{\"@context\":\"https:\/\/schema.org\",\"@graph\":[{\"@type\":\"WebPage\",\"@id\":\"https:\/\/marriageagencyru.com\/fr\/produit\/30-%d0%b4%d0%bd%d0%b5%d0%b9-%d0%b1%d0%b5%d0%b7%d0%b2%d0%b8%d0%b7%d0%b0-%d0%bf%d1%80%d0%b8%d0%bb%d0%b5%d1%82%d0%b8-%d0%b2-%d1%84%d0%be%d1%88%d0%b0%d0%bd%d1%8c-%d0%b8-%d0%b2%d1%81%d1%82%d1%80%d0%b5\/\",\"url\":\"https:\/\/marriageagencyru.com\/fr\/produit\/30-%d0%b4%d0%bd%d0%b5%d0%b9-%d0%b1%d0%b5%d0%b7%d0%b2%d0%b8%d0%b7%d0%b0-%d0%bf%d1%80%d0%b8%d0%bb%d0%b5%d1%82%d0%b8-%d0%b2-%d1%84%d0%be%d1%88%d0%b0%d0%bd%d1%8c-%d0%b8-%d0%b2%d1%81%d1%82%d1%80%d0%b5\/\",\"name\":\"30 \u0434\u043d\u0435\u0439 \u0431\u0435\u0437\u0432\u0438\u0437\u0430: \u041f\u0440\u0438\u043b\u0435\u0442\u0438 \u0432 \u0424\u043e\u0448\u0430\u043d\u044c \u0438 \u0432\u0441\u0442\u0440\u0435\u0442\u044c \u0441\u0443\u0434\u044c\u0431\u0443. \u041c\u0435\u0436\u0434\u0443\u043d\u0430\u0440\u043e\u0434\u043d\u043e\u0435 \u0431\u0440\u0430\u0447\u043d\u043e\u0435 \u0430\u0433\u0435\u043d\u0442\u0441\u0442\u0432\u043e: \u0417\u043d\u0430\u043a\u043e\u043c\u0441\u0442\u0432\u0430 \u0420\u043e\u0441\u0441\u0438\u044f, \u0423\u043a\u0440\u0430\u0438\u043d\u0430, \u0411\u0435\u043b\u0430\u0440\u0443\u0441\u044c \u0438 \u041a\u0438\u0442\u0430\u0439\",\"isPartOf\":{\"@id\":\"https:\/\/marriageagencyru.com\/#website\"},\"primaryImageOfPage\":{\"@id\":\"https:\/\/marriageagencyru.com\/fr\/produit\/30-%d0%b4%d0%bd%d0%b5%d0%b9-%d0%b1%d0%b5%d0%b7%d0%b2%d0%b8%d0%b7%d0%b0-%d0%bf%d1%80%d0%b8%d0%bb%d0%b5%d1%82%d0%b8-%d0%b2-%d1%84%d0%be%d1%88%d0%b0%d0%bd%d1%8c-%d0%b8-%d0%b2%d1%81%d1%82%d1%80%d0%b5\/#primaryimage\"},\"image\":{\"@id\":\"https:\/\/marriageagencyru.com\/fr\/produit\/30-%d0%b4%d0%bd%d0%b5%d0%b9-%d0%b1%d0%b5%d0%b7%d0%b2%d0%b8%d0%b7%d0%b0-%d0%bf%d1%80%d0%b8%d0%bb%d0%b5%d1%82%d0%b8-%d0%b2-%d1%84%d0%be%d1%88%d0%b0%d0%bd%d1%8c-%d0%b8-%d0%b2%d1%81%d1%82%d1%80%d0%b5\/#primaryimage\"},\"thumbnailUrl\":\"https:\/\/marriageagencyru.com\/wp-content\/uploads\/2025\/12\/3.jpg\",\"datePublished\":\"2025-12-23T04:21:39+00:00\",\"breadcrumb\":{\"@id\":\"https:\/\/marriageagencyru.com\/fr\/produit\/30-%d0%b4%d0%bd%d0%b5%d0%b9-%d0%b1%d0%b5%d0%b7%d0%b2%d0%b8%d0%b7%d0%b0-%d0%bf%d1%80%d0%b8%d0%bb%d0%b5%d1%82%d0%b8-%d0%b2-%d1%84%d0%be%d1%88%d0%b0%d0%bd%d1%8c-%d0%b8-%d0%b2%d1%81%d1%82%d1%80%d0%b5\/#breadcrumb\"},\"inLanguage\":\"es\",\"potentialAction\":[{\"@type\":\"ReadAction\",\"target\":[\"https:\/\/marriageagencyru.com\/fr\/produit\/30-%d0%b4%d0%bd%d0%b5%d0%b9-%d0%b1%d0%b5%d0%b7%d0%b2%d0%b8%d0%b7%d0%b0-%d0%bf%d1%80%d0%b8%d0%bb%d0%b5%d1%82%d0%b8-%d0%b2-%d1%84%d0%be%d1%88%d0%b0%d0%bd%d1%8c-%d0%b8-%d0%b2%d1%81%d1%82%d1%80%d0%b5\/\"]}]},{\"@type\":\"ImageObject\",\"inLanguage\":\"es\",\"@id\":\"https:\/\/marriageagencyru.com\/fr\/produit\/30-%d0%b4%d0%bd%d0%b5%d0%b9-%d0%b1%d0%b5%d0%b7%d0%b2%d0%b8%d0%b7%d0%b0-%d0%bf%d1%80%d0%b8%d0%bb%d0%b5%d1%82%d0%b8-%d0%b2-%d1%84%d0%be%d1%88%d0%b0%d0%bd%d1%8c-%d0%b8-%d0%b2%d1%81%d1%82%d1%80%d0%b5\/#primaryimage\",\"url\":\"https:\/\/marriageagencyru.com\/wp-content\/uploads\/2025\/12\/3.jpg\",\"contentUrl\":\"https:\/\/marriageagencyru.com\/wp-content\/uploads\/2025\/12\/3.jpg\",\"width\":1024,\"height\":1024},{\"@type\":\"BreadcrumbList\",\"@id\":\"https:\/\/marriageagencyru.com\/fr\/produit\/30-%d0%b4%d0%bd%d0%b5%d0%b9-%d0%b1%d0%b5%d0%b7%d0%b2%d0%b8%d0%b7%d0%b0-%d0%bf%d1%80%d0%b8%d0%bb%d0%b5%d1%82%d0%b8-%d0%b2-%d1%84%d0%be%d1%88%d0%b0%d0%bd%d1%8c-%d0%b8-%d0%b2%d1%81%d1%82%d1%80%d0%b5\/#breadcrumb\",\"itemListElement\":[{\"@type\":\"ListItem\",\"position\":1,\"name\":\"Home\",\"item\":\"https:\/\/marriageagencyru.com\/\"},{\"@type\":\"ListItem\",\"position\":2,\"name\":\"Shop\",\"item\":\"https:\/\/marriageagencyru.com\/shop\/\"},{\"@type\":\"ListItem\",\"position\":3,\"name\":\"30 \u0434\u043d\u0435\u0439 \u0431\u0435\u0437\u0432\u0438\u0437\u0430: \u041f\u0440\u0438\u043b\u0435\u0442\u0438 \u0432 \u0424\u043e\u0448\u0430\u043d\u044c \u0438 \u0432\u0441\u0442\u0440\u0435\u0442\u044c \u0441\u0443\u0434\u044c\u0431\u0443.\"}]},{\"@type\":\"WebSite\",\"@id\":\"https:\/\/marriageagencyru.com\/#website\",\"url\":\"https:\/\/marriageagencyru.com\/\",\"name\":\"marriageagencyru.com\",\"description\":\"\u041c\u0435\u0436\u0434\u0443\u043d\u0430\u0440\u043e\u0434\u043d\u043e\u0435 \u0431\u0440\u0430\u0447\u043d\u043e\u0435 \u0430\u0433\u0435\u043d\u0442\u0441\u0442\u0432\u043e marriageagencyru | \u0420\u043e\u0441\u0441\u0438\u044f, \u0411\u0435\u043b\u0430\u0440\u0443\u0441\u044c, \u0423\u043a\u0440\u0430\u0438\u043d\u0430 | \u042d\u043b\u0438\u0442\u043d\u044b\u0435 \u0437\u043d\u0430\u043a\u043e\u043c\u0441\u0442\u0432\u0430 \u0432 \u041a\u0438\u0442\u0430\u0435\",\"alternateName\":\"\u0412\u044b\u0439\u0442\u0438 \u0437\u0430\u043c\u0443\u0436 \u0432 \u041a\u0438\u0442\u0430\u0439: \u0411\u0440\u0430\u0447\u043d\u043e\u0435 \u0430\u0433\u0435\u043d\u0442\u0441\u0442\u0432\u043e \u0434\u043b\u044f \u0420\u043e\u0441\u0441\u0438\u0438, \u0423\u043a\u0440\u0430\u0438\u043d\u044b \u0438 \u0411\u0435\u043b\u0430\u0440\u0443\u0441\u0438 | marriageagencyru\",\"potentialAction\":[{\"@type\":\"SearchAction\",\"target\":{\"@type\":\"EntryPoint\",\"urlTemplate\":\"https:\/\/marriageagencyru.com\/?s={search_term_string}\"},\"query-input\":{\"@type\":\"PropertyValueSpecification\",\"valueRequired\":true,\"valueName\":\"search_term_string\"}}],\"inLanguage\":\"es\"}]}<\/script>\n<!-- \/ Yoast SEO plugin. -->","yoast_head_json":{"title":"30 d\u00edas sin visado: Vuela a Foshan y conoce a tu destino. Agencia Matrimonial Internacional: Citas Rusia, Ucrania, Bielorrusia y China.","robots":{"index":"index","follow":"follow","max-snippet":"max-snippet:-1","max-image-preview":"max-image-preview:large","max-video-preview":"max-video-preview:-1"},"canonical":"https:\/\/marriageagencyru.com\/es\/producto\/30-dias-sin-visado-volar-a-foshan-y-reunirse\/","og_locale":"es_ES","og_type":"article","og_title":"30 \u0434\u043d\u0435\u0439 \u0431\u0435\u0437\u0432\u0438\u0437\u0430: \u041f\u0440\u0438\u043b\u0435\u0442\u0438 \u0432 \u0424\u043e\u0448\u0430\u043d\u044c \u0438 \u0432\u0441\u0442\u0440\u0435\u0442\u044c \u0441\u0443\u0434\u044c\u0431\u0443. \u041c\u0435\u0436\u0434\u0443\u043d\u0430\u0440\u043e\u0434\u043d\u043e\u0435 \u0431\u0440\u0430\u0447\u043d\u043e\u0435 \u0430\u0433\u0435\u043d\u0442\u0441\u0442\u0432\u043e: \u0417\u043d\u0430\u043a\u043e\u043c\u0441\u0442\u0432\u0430 \u0420\u043e\u0441\u0441\u0438\u044f, \u0423\u043a\u0440\u0430\u0438\u043d\u0430, \u0411\u0435\u043b\u0430\u0440\u0443\u0441\u044c \u0438 \u041a\u0438\u0442\u0430\u0439","og_description":"&#171;\u041a\u043e\u0437\u044b\u0440\u043d\u0430\u044f \u043a\u0430\u0440\u0442\u0430&#187; \u2014 \u0411\u0435\u0437\u0432\u0438\u0437 (The Visa-Free Advantage) \u042d\u0442\u043e \u0441\u0430\u043c\u044b\u0439 \u0441\u0438\u043b\u044c\u043d\u044b\u0439 \u0430\u0440\u0433\u0443\u043c\u0435\u043d\u0442. \u0413\u0440\u0430\u0436\u0434\u0430\u043d\u0430\u043c \u0420\u0424 \u0438 \u0423\u043a\u0440\u0430\u0438\u043d\u044b \u043d\u0443\u0436\u043d\u0430 \u0432\u0438\u0437\u0430, \u0430 \u0431\u0435\u043b\u043e\u0440\u0443\u0441\u0430\u043c \u2014 \u043d\u0435\u0442 (\u0434\u043e 30 \u0434\u043d\u0435\u0439). \u042d\u0442\u043e \u0441\u043d\u0438\u043c\u0430\u0435\u0442 \u0441\u0442\u0440\u0430\u0445 \u0431\u044e\u0440\u043e\u043a\u0440\u0430\u0442\u0438\u0438. \u0417\u0430\u0433\u043e\u043b\u043e\u0432\u043e\u043a: \u0411\u0438\u043b\u0435\u0442 \u0432 \u043d\u043e\u0432\u0443\u044e \u0436\u0438\u0437\u043d\u044c \u0431\u0435\u0437 \u0432\u0438\u0437 \u0438 \u0431\u044e\u0440\u043e\u043a\u0440\u0430\u0442\u0438\u0438. \u0414\u0435\u0432\u0443\u0448\u043a\u0438, \u0432\u044b \u0437\u043d\u0430\u0435\u0442\u0435, \u0447\u0442\u043e \u0443 \u0432\u0430\u0441 \u0435\u0441\u0442\u044c \u043f\u0440\u0435\u0438\u043c\u0443\u0449\u0435\u0441\u0442\u0432\u043e, \u043a\u043e\u0442\u043e\u0440\u043e\u0433\u043e \u043d\u0435\u0442 \u0443 \u0434\u0440\u0443\u0433\u0438\u0445? \u0411\u0435\u043b\u0430\u0440\u0443\u0441\u044c \u0438 \u041a\u0438\u0442\u0430\u0439 \u0438\u043c\u0435\u044e\u0442 \u0431\u0435\u0437\u0432\u0438\u0437\u043e\u0432\u044b\u0439 \u0440\u0435\u0436\u0438\u043c. [&hellip;]","og_url":"https:\/\/marriageagencyru.com\/es\/producto\/30-dias-sin-visado-volar-a-foshan-y-reunirse\/","og_site_name":"marriageagencyru.com","og_image":[{"width":1024,"height":1024,"url":"https:\/\/marriageagencyru.com\/wp-content\/uploads\/2025\/12\/3.jpg","type":"image\/jpeg"}],"twitter_card":"summary_large_image","schema":{"@context":"https:\/\/schema.org","@graph":[{"@type":"WebPage","@id":"https:\/\/marriageagencyru.com\/fr\/produit\/30-%d0%b4%d0%bd%d0%b5%d0%b9-%d0%b1%d0%b5%d0%b7%d0%b2%d0%b8%d0%b7%d0%b0-%d0%bf%d1%80%d0%b8%d0%bb%d0%b5%d1%82%d0%b8-%d0%b2-%d1%84%d0%be%d1%88%d0%b0%d0%bd%d1%8c-%d0%b8-%d0%b2%d1%81%d1%82%d1%80%d0%b5\/","url":"https:\/\/marriageagencyru.com\/fr\/produit\/30-%d0%b4%d0%bd%d0%b5%d0%b9-%d0%b1%d0%b5%d0%b7%d0%b2%d0%b8%d0%b7%d0%b0-%d0%bf%d1%80%d0%b8%d0%bb%d0%b5%d1%82%d0%b8-%d0%b2-%d1%84%d0%be%d1%88%d0%b0%d0%bd%d1%8c-%d0%b8-%d0%b2%d1%81%d1%82%d1%80%d0%b5\/","name":"30 d\u00edas sin visado: Vuela a Foshan y conoce a tu destino. Agencia Matrimonial Internacional: Citas Rusia, Ucrania, Bielorrusia y China.","isPartOf":{"@id":"https:\/\/marriageagencyru.com\/#website"},"primaryImageOfPage":{"@id":"https:\/\/marriageagencyru.com\/fr\/produit\/30-%d0%b4%d0%bd%d0%b5%d0%b9-%d0%b1%d0%b5%d0%b7%d0%b2%d0%b8%d0%b7%d0%b0-%d0%bf%d1%80%d0%b8%d0%bb%d0%b5%d1%82%d0%b8-%d0%b2-%d1%84%d0%be%d1%88%d0%b0%d0%bd%d1%8c-%d0%b8-%d0%b2%d1%81%d1%82%d1%80%d0%b5\/#primaryimage"},"image":{"@id":"https:\/\/marriageagencyru.com\/fr\/produit\/30-%d0%b4%d0%bd%d0%b5%d0%b9-%d0%b1%d0%b5%d0%b7%d0%b2%d0%b8%d0%b7%d0%b0-%d0%bf%d1%80%d0%b8%d0%bb%d0%b5%d1%82%d0%b8-%d0%b2-%d1%84%d0%be%d1%88%d0%b0%d0%bd%d1%8c-%d0%b8-%d0%b2%d1%81%d1%82%d1%80%d0%b5\/#primaryimage"},"thumbnailUrl":"https:\/\/marriageagencyru.com\/wp-content\/uploads\/2025\/12\/3.jpg","datePublished":"2025-12-23T04:21:39+00:00","breadcrumb":{"@id":"https:\/\/marriageagencyru.com\/fr\/produit\/30-%d0%b4%d0%bd%d0%b5%d0%b9-%d0%b1%d0%b5%d0%b7%d0%b2%d0%b8%d0%b7%d0%b0-%d0%bf%d1%80%d0%b8%d0%bb%d0%b5%d1%82%d0%b8-%d0%b2-%d1%84%d0%be%d1%88%d0%b0%d0%bd%d1%8c-%d0%b8-%d0%b2%d1%81%d1%82%d1%80%d0%b5\/#breadcrumb"},"inLanguage":"es","potentialAction":[{"@type":"ReadAction","target":["https:\/\/marriageagencyru.com\/fr\/produit\/30-%d0%b4%d0%bd%d0%b5%d0%b9-%d0%b1%d0%b5%d0%b7%d0%b2%d0%b8%d0%b7%d0%b0-%d0%bf%d1%80%d0%b8%d0%bb%d0%b5%d1%82%d0%b8-%d0%b2-%d1%84%d0%be%d1%88%d0%b0%d0%bd%d1%8c-%d0%b8-%d0%b2%d1%81%d1%82%d1%80%d0%b5\/"]}]},{"@type":"ImageObject","inLanguage":"es","@id":"https:\/\/marriageagencyru.com\/fr\/produit\/30-%d0%b4%d0%bd%d0%b5%d0%b9-%d0%b1%d0%b5%d0%b7%d0%b2%d0%b8%d0%b7%d0%b0-%d0%bf%d1%80%d0%b8%d0%bb%d0%b5%d1%82%d0%b8-%d0%b2-%d1%84%d0%be%d1%88%d0%b0%d0%bd%d1%8c-%d0%b8-%d0%b2%d1%81%d1%82%d1%80%d0%b5\/#primaryimage","url":"https:\/\/marriageagencyru.com\/wp-content\/uploads\/2025\/12\/3.jpg","contentUrl":"https:\/\/marriageagencyru.com\/wp-content\/uploads\/2025\/12\/3.jpg","width":1024,"height":1024},{"@type":"BreadcrumbList","@id":"https:\/\/marriageagencyru.com\/fr\/produit\/30-%d0%b4%d0%bd%d0%b5%d0%b9-%d0%b1%d0%b5%d0%b7%d0%b2%d0%b8%d0%b7%d0%b0-%d0%bf%d1%80%d0%b8%d0%bb%d0%b5%d1%82%d0%b8-%d0%b2-%d1%84%d0%be%d1%88%d0%b0%d0%bd%d1%8c-%d0%b8-%d0%b2%d1%81%d1%82%d1%80%d0%b5\/#breadcrumb","itemListElement":[{"@type":"ListItem","position":1,"name":"Home","item":"https:\/\/marriageagencyru.com\/"},{"@type":"ListItem","position":2,"name":"Shop","item":"https:\/\/marriageagencyru.com\/shop\/"},{"@type":"ListItem","position":3,"name":"30 \u0434\u043d\u0435\u0439 \u0431\u0435\u0437\u0432\u0438\u0437\u0430: \u041f\u0440\u0438\u043b\u0435\u0442\u0438 \u0432 \u0424\u043e\u0448\u0430\u043d\u044c \u0438 \u0432\u0441\u0442\u0440\u0435\u0442\u044c \u0441\u0443\u0434\u044c\u0431\u0443."}]},{"@type":"WebSite","@id":"https:\/\/marriageagencyru.com\/#website","url":"https:\/\/marriageagencyru.com\/","name":"agencia matrimonialru.com","description":"Agencia Matrimonial Internacional marriageagencyru | Rusia, Bielorrusia, Ucrania | Elite Dating in China","alternateName":"\u0412\u044b\u0439\u0442\u0438 \u0437\u0430\u043c\u0443\u0436 \u0432 \u041a\u0438\u0442\u0430\u0439: \u0411\u0440\u0430\u0447\u043d\u043e\u0435 \u0430\u0433\u0435\u043d\u0442\u0441\u0442\u0432\u043e \u0434\u043b\u044f \u0420\u043e\u0441\u0441\u0438\u0438, \u0423\u043a\u0440\u0430\u0438\u043d\u044b \u0438 \u0411\u0435\u043b\u0430\u0440\u0443\u0441\u0438 | marriageagencyru","potentialAction":[{"@type":"SearchAction","target":{"@type":"EntryPoint","urlTemplate":"https:\/\/marriageagencyru.com\/?s={search_term_string}"},"query-input":{"@type":"PropertyValueSpecification","valueRequired":true,"valueName":"search_term_string"}}],"inLanguage":"es"}]}},"_links":{"self":[{"href":"https:\/\/marriageagencyru.com\/es\/wp-json\/wp\/v2\/product\/432","targetHints":{"allow":["GET"]}}],"collection":[{"href":"https:\/\/marriageagencyru.com\/es\/wp-json\/wp\/v2\/product"}],"about":[{"href":"https:\/\/marriageagencyru.com\/es\/wp-json\/wp\/v2\/types\/product"}],"replies":[{"embeddable":true,"href":"https:\/\/marriageagencyru.com\/es\/wp-json\/wp\/v2\/comments?post=432"}],"wp:featuredmedia":[{"embeddable":true,"href":"https:\/\/marriageagencyru.com\/es\/wp-json\/wp\/v2\/media\/78"}],"wp:attachment":[{"href":"https:\/\/marriageagencyru.com\/es\/wp-json\/wp\/v2\/media?parent=432"}],"wp:term":[{"taxonomy":"product_brand","embeddable":true,"href":"https:\/\/marriageagencyru.com\/es\/wp-json\/wp\/v2\/product_brand?post=432"},{"taxonomy":"product_cat","embeddable":true,"href":"https:\/\/marriageagencyru.com\/es\/wp-json\/wp\/v2\/product_cat?post=432"},{"taxonomy":"product_tag","embeddable":true,"href":"https:\/\/marriageagencyru.com\/es\/wp-json\/wp\/v2\/product_tag?post=432"}],"curies":[{"name":"wp","href":"https:\/\/api.w.org\/{rel}","templated":true}]}}