{"id":395,"date":"2025-12-23T04:18:09","date_gmt":"2025-12-23T04:18:09","guid":{"rendered":"https:\/\/marriageagencyru.com\/product\/%d1%87%d0%be%d0%bc%d1%83-%d0%b2-%d0%ba%d0%b8%d1%82%d0%b0%d1%97-%d0%b4%d0%b5%d1%84%d1%96%d1%86%d0%b8%d1%82-%d0%bd%d0%b0%d1%80%d0%b5%d1%87%d0%b5%d0%bd%d0%b8%d1%85-%d1%96-%d1%8f%d0%ba-%d1%86%d0%b5-%d0%b2\/"},"modified":"2025-12-23T04:18:09","modified_gmt":"2025-12-23T04:18:09","slug":"por-que-hay-deficit-de-adverbios-en-china-y-como-es-en-el","status":"publish","type":"product","link":"https:\/\/marriageagencyru.com\/es\/producto\/por-que-hay-deficit-de-adverbios-en-china-y-como-es-en-el\/","title":{"rendered":"\u00bfPor qu\u00e9 hay d\u00e9ficit de adverbios en China y c\u00f3mo utilizarlos?"},"content":{"rendered":"<h3 data-path-to-node=\"25\">Plan B Racional (Plan B Racional)<\/h3>\n<p data-path-to-node=\"26\"><i data-path-to-node=\"26\" data-index-in-node=\"0\">Texto tranquilo y equilibrado, sin demasiada emoci\u00f3n.<\/i><\/p>\n<p data-path-to-node=\"27\"><b data-path-to-node=\"27\" data-index-in-node=\"0\">T\u00edtulo: Su \u00abPlan B\u00bb personal en un pa\u00eds seguro.<\/b><\/p>\n<p data-path-to-node=\"28\">El mundo es cada vez m\u00e1s impredecible. Una mujer inteligente siempre tiene opciones. El amor con un extranjero de una econom\u00eda estable (China) es hoy una decisi\u00f3n estrat\u00e9gicamente acertada.<\/p>\n<p data-path-to-node=\"29\"><b data-path-to-node=\"29\" data-index-in-node=\"0\">\u00bfPor qu\u00e9 Foshan?<\/b> Es el centro industrial del mundo. Aqu\u00ed hay mucho dinero. Aqu\u00ed los hombres se centran en la familia y las tradiciones.<\/p>\n<p data-path-to-node=\"30\"><b data-path-to-node=\"30\" data-index-in-node=\"0\">Qu\u00e9 ofrece MeetingBoth:<\/b> Somos su mediador de confianza. Eliminaremos a los candidatos inadecuados, pobres o desinteresados. S\u00f3lo dedicar\u00e1 su tiempo a aquellos que est\u00e9n realmente preparados para el slub.<\/p>\n<p data-path-to-node=\"31\"><b data-path-to-node=\"31\" data-index-in-node=\"0\">Umovi:<\/b><\/p>\n<ul data-path-to-node=\"32\">\n<li>\n<p data-path-to-node=\"32,0,0\">Sin cargo para las ni\u00f1as.<\/p>\n<\/li>\n<li>\n<p data-path-to-node=\"32,1,0\">Confidencialmente.<\/p>\n<\/li>\n<li>\n<p data-path-to-node=\"32,2,0\">S\u00f3lo fuera de l\u00ednea (reuniones en directo).<\/p>\n<\/li>\n<\/ul>\n<p data-path-to-node=\"33\">Zabezpech sobie til.<\/p>\n<p data-path-to-node=\"34\">\ud83d\udc49 <b data-path-to-node=\"34\" data-index-in-node=\"3\">Aplicaci\u00f3n Nadsilay:<\/b> nolan@meetingboth.com<\/p>\n<hr data-path-to-node=\"35\" \/>\n<h3 data-path-to-node=\"36\">Opci\u00f3n 20: Supercorto para historias (Visual Teaser)<\/h3>\n<p data-path-to-node=\"37\"><i data-path-to-node=\"37\" data-index-in-node=\"0\">Texto para superponer a una bella imagen (por ejemplo, una vista de una ciudad nocturna o un ramo de flores).<\/i><\/p>\n<p data-path-to-node=\"38\"><b data-path-to-node=\"38\" data-index-in-node=\"0\">\ud83c\udde8\ud83c\uddf3 \u00bfQUIERES LIGAR? (China, Foshan)<\/b><\/p>\n<p data-path-to-node=\"39\">\u00a1Buscamos chicas para citas VIP!<\/p>\n<p data-path-to-node=\"40\">\u2728 <b data-path-to-node=\"40\" data-index-in-node=\"2\">A qui\u00e9n va dirigido:<\/b> Mujeres ucranianas hasta 30 a\u00f1os. \u2728 <b data-path-to-node=\"40\" data-index-in-node=\"36\">De:<\/b> \u043c. Foshan (Guangdong). \u2728 <b data-path-to-node=\"40\" data-index-in-node=\"63\">Qui\u00e9n es nombrado:<\/b> Empresarios, mecenas de las artes. \u2728 <b data-path-to-node=\"40\" data-index-in-node=\"101\">Precio:<\/b> 0 UAH (pagados por \u00e9l).<\/p>\n<p data-path-to-node=\"41\">\u00bfCansado de ser autosuficiente? \u00bfQuieres estabilidad? Haz clic en 5 fotos y escribe aqu\u00ed \u00abQuiero ir a China\u00bb:<\/p>\n<p data-path-to-node=\"42\"><b data-path-to-node=\"42\" data-index-in-node=\"0\">nolan@meetingboth.com<\/b><\/p>\n<p data-path-to-node=\"43\">P.D. Ese es tu signo \u2728<\/p>","protected":false},"excerpt":{"rendered":"<p>\u0420\u0430\u0446\u0438\u043e\u043d\u0430\u043b\u044c\u043d\u044b\u0439 &#171;\u041f\u043b\u0430\u043d \u0411&#187; (Rational Plan B) \u0421\u043f\u043e\u043a\u043e\u0439\u043d\u044b\u0439, \u0432\u0437\u0432\u0435\u0448\u0435\u043d\u043d\u044b\u0439 \u0442\u0435\u043a\u0441\u0442 \u0431\u0435\u0437 \u043b\u0438\u0448\u043d\u0438\u0445 \u044d\u043c\u043e\u0446\u0438\u0439. \u0417\u0430\u0433\u043e\u043b\u043e\u0432\u043e\u043a: \u0422\u0432\u0456\u0439 \u043e\u0441\u043e\u0431\u0438\u0441\u0442\u0438\u0439 &#171;\u041f\u043b\u0430\u043d \u0411&#187; \u0443 \u0431\u0435\u0437\u043f\u0435\u0447\u043d\u0456\u0439 \u043a\u0440\u0430\u0457\u043d\u0456. \u0421\u0432\u0456\u0442 \u0441\u0442\u0430\u0454 \u0432\u0441\u0435 \u0431\u0456\u043b\u044c\u0448 \u043d\u0435\u043f\u0435\u0440\u0435\u0434\u0431\u0430\u0447\u0443\u0432\u0430\u043d\u0438\u043c. \u0420\u043e\u0437\u0443\u043c\u043d\u0430 \u0436\u0456\u043d\u043a\u0430 \u0437\u0430\u0432\u0436\u0434\u0438 \u043c\u0430\u0454 \u0432\u0430\u0440\u0456\u0430\u043d\u0442\u0438. \u0428\u043b\u044e\u0431 \u0437 \u0456\u043d\u043e\u0437\u0435\u043c\u0446\u0435\u043c \u0456\u0437 \u0441\u0442\u0430\u0431\u0456\u043b\u044c\u043d\u043e\u0457 \u0435\u043a\u043e\u043d\u043e\u043c\u0456\u043a\u0438 (\u041a\u0438\u0442\u0430\u0439) \u2014 \u0446\u0435 \u0441\u0442\u0440\u0430\u0442\u0435\u0433\u0456\u0447\u043d\u043e \u0432\u0456\u0440\u043d\u0435 \u0440\u0456\u0448\u0435\u043d\u043d\u044f \u0441\u044c\u043e\u0433\u043e\u0434\u043d\u0456. \u0427\u043e\u043c\u0443 \u0424\u043e\u0448\u0430\u043d\u044c? \u0426\u0435 \u043f\u0440\u043e\u043c\u0438\u0441\u043b\u043e\u0432\u0438\u0439 \u0446\u0435\u043d\u0442\u0440 \u0441\u0432\u0456\u0442\u0443. \u0422\u0443\u0442 \u0433\u0440\u043e\u0448\u0456 \u043d\u0435 \u0437\u0430\u043a\u0456\u043d\u0447\u0443\u044e\u0442\u044c\u0441\u044f. \u0427\u043e\u043b\u043e\u0432\u0456\u043a\u0438 \u0442\u0443\u0442 [&hellip;]<\/p>","protected":false},"featured_media":127,"comment_status":"open","ping_status":"closed","template":"","meta":{"_et_pb_use_builder":"","_et_pb_old_content":"","_et_gb_content_width":""},"product_brand":[],"product_cat":[],"product_tag":[],"class_list":{"0":"post-395","1":"product","2":"type-product","3":"status-publish","4":"has-post-thumbnail","7":"first","8":"instock","9":"shipping-taxable","10":"purchasable","11":"product-type-simple"},"yoast_head":"<!-- This site is optimized with the Yoast SEO plugin v26.6 - https:\/\/yoast.com\/wordpress\/plugins\/seo\/ -->\n<title>\u0427\u043e\u043c\u0443 \u0432 \u041a\u0438\u0442\u0430\u0457 \u0434\u0435\u0444\u0456\u0446\u0438\u0442 \u043d\u0430\u0440\u0435\u0447\u0435\u043d\u0438\u0445 \u0456 \u044f\u043a \u0446\u0435 \u0432\u0438\u043a\u043e\u0440\u0438\u0441\u0442\u0430\u0442\u0443? \u041c\u0435\u0436\u0434\u0443\u043d\u0430\u0440\u043e\u0434\u043d\u043e\u0435 \u0431\u0440\u0430\u0447\u043d\u043e\u0435 \u0430\u0433\u0435\u043d\u0442\u0441\u0442\u0432\u043e: \u0417\u043d\u0430\u043a\u043e\u043c\u0441\u0442\u0432\u0430 \u0420\u043e\u0441\u0441\u0438\u044f, \u0423\u043a\u0440\u0430\u0438\u043d\u0430, \u0411\u0435\u043b\u0430\u0440\u0443\u0441\u044c \u0438 \u041a\u0438\u0442\u0430\u0439<\/title>\n<meta name=\"robots\" content=\"index, follow, max-snippet:-1, max-image-preview:large, max-video-preview:-1\" \/>\n<link rel=\"canonical\" href=\"https:\/\/marriageagencyru.com\/es\/producto\/por-que-hay-deficit-de-adverbios-en-china-y-como-es-en-el\/\" \/>\n<meta property=\"og:locale\" content=\"es_ES\" \/>\n<meta property=\"og:type\" content=\"article\" \/>\n<meta property=\"og:title\" content=\"\u0427\u043e\u043c\u0443 \u0432 \u041a\u0438\u0442\u0430\u0457 \u0434\u0435\u0444\u0456\u0446\u0438\u0442 \u043d\u0430\u0440\u0435\u0447\u0435\u043d\u0438\u0445 \u0456 \u044f\u043a \u0446\u0435 \u0432\u0438\u043a\u043e\u0440\u0438\u0441\u0442\u0430\u0442\u0443? \u041c\u0435\u0436\u0434\u0443\u043d\u0430\u0440\u043e\u0434\u043d\u043e\u0435 \u0431\u0440\u0430\u0447\u043d\u043e\u0435 \u0430\u0433\u0435\u043d\u0442\u0441\u0442\u0432\u043e: \u0417\u043d\u0430\u043a\u043e\u043c\u0441\u0442\u0432\u0430 \u0420\u043e\u0441\u0441\u0438\u044f, \u0423\u043a\u0440\u0430\u0438\u043d\u0430, \u0411\u0435\u043b\u0430\u0440\u0443\u0441\u044c \u0438 \u041a\u0438\u0442\u0430\u0439\" \/>\n<meta property=\"og:description\" content=\"\u0420\u0430\u0446\u0438\u043e\u043d\u0430\u043b\u044c\u043d\u044b\u0439 &#171;\u041f\u043b\u0430\u043d \u0411&#187; (Rational Plan B) \u0421\u043f\u043e\u043a\u043e\u0439\u043d\u044b\u0439, \u0432\u0437\u0432\u0435\u0448\u0435\u043d\u043d\u044b\u0439 \u0442\u0435\u043a\u0441\u0442 \u0431\u0435\u0437 \u043b\u0438\u0448\u043d\u0438\u0445 \u044d\u043c\u043e\u0446\u0438\u0439. \u0417\u0430\u0433\u043e\u043b\u043e\u0432\u043e\u043a: \u0422\u0432\u0456\u0439 \u043e\u0441\u043e\u0431\u0438\u0441\u0442\u0438\u0439 &#171;\u041f\u043b\u0430\u043d \u0411&#187; \u0443 \u0431\u0435\u0437\u043f\u0435\u0447\u043d\u0456\u0439 \u043a\u0440\u0430\u0457\u043d\u0456. \u0421\u0432\u0456\u0442 \u0441\u0442\u0430\u0454 \u0432\u0441\u0435 \u0431\u0456\u043b\u044c\u0448 \u043d\u0435\u043f\u0435\u0440\u0435\u0434\u0431\u0430\u0447\u0443\u0432\u0430\u043d\u0438\u043c. \u0420\u043e\u0437\u0443\u043c\u043d\u0430 \u0436\u0456\u043d\u043a\u0430 \u0437\u0430\u0432\u0436\u0434\u0438 \u043c\u0430\u0454 \u0432\u0430\u0440\u0456\u0430\u043d\u0442\u0438. \u0428\u043b\u044e\u0431 \u0437 \u0456\u043d\u043e\u0437\u0435\u043c\u0446\u0435\u043c \u0456\u0437 \u0441\u0442\u0430\u0431\u0456\u043b\u044c\u043d\u043e\u0457 \u0435\u043a\u043e\u043d\u043e\u043c\u0456\u043a\u0438 (\u041a\u0438\u0442\u0430\u0439) \u2014 \u0446\u0435 \u0441\u0442\u0440\u0430\u0442\u0435\u0433\u0456\u0447\u043d\u043e \u0432\u0456\u0440\u043d\u0435 \u0440\u0456\u0448\u0435\u043d\u043d\u044f \u0441\u044c\u043e\u0433\u043e\u0434\u043d\u0456. \u0427\u043e\u043c\u0443 \u0424\u043e\u0448\u0430\u043d\u044c? \u0426\u0435 \u043f\u0440\u043e\u043c\u0438\u0441\u043b\u043e\u0432\u0438\u0439 \u0446\u0435\u043d\u0442\u0440 \u0441\u0432\u0456\u0442\u0443. \u0422\u0443\u0442 \u0433\u0440\u043e\u0448\u0456 \u043d\u0435 \u0437\u0430\u043a\u0456\u043d\u0447\u0443\u044e\u0442\u044c\u0441\u044f. \u0427\u043e\u043b\u043e\u0432\u0456\u043a\u0438 \u0442\u0443\u0442 [&hellip;]\" \/>\n<meta property=\"og:url\" content=\"https:\/\/marriageagencyru.com\/es\/producto\/por-que-hay-deficit-de-adverbios-en-china-y-como-es-en-el\/\" \/>\n<meta property=\"og:site_name\" content=\"marriageagencyru.com\" \/>\n<meta property=\"og:image\" content=\"https:\/\/marriageagencyru.com\/wp-content\/uploads\/2025\/12\/4.jpg\" \/>\n\t<meta property=\"og:image:width\" content=\"1024\" \/>\n\t<meta property=\"og:image:height\" content=\"1024\" \/>\n\t<meta property=\"og:image:type\" content=\"image\/jpeg\" \/>\n<meta name=\"twitter:card\" content=\"summary_large_image\" \/>\n<script type=\"application\/ld+json\" class=\"yoast-schema-graph\">{\"@context\":\"https:\/\/schema.org\",\"@graph\":[{\"@type\":\"WebPage\",\"@id\":\"https:\/\/marriageagencyru.com\/fr\/produit\/%d1%87%d0%be%d0%bc%d1%83-%d0%b2-%d0%ba%d0%b8%d1%82%d0%b0%d1%97-%d0%b4%d0%b5%d1%84%d1%96%d1%86%d0%b8%d1%82-%d0%bd%d0%b0%d1%80%d0%b5%d1%87%d0%b5%d0%bd%d0%b8%d1%85-%d1%96-%d1%8f%d0%ba-%d1%86%d0%b5-%d0%b2\/\",\"url\":\"https:\/\/marriageagencyru.com\/fr\/produit\/%d1%87%d0%be%d0%bc%d1%83-%d0%b2-%d0%ba%d0%b8%d1%82%d0%b0%d1%97-%d0%b4%d0%b5%d1%84%d1%96%d1%86%d0%b8%d1%82-%d0%bd%d0%b0%d1%80%d0%b5%d1%87%d0%b5%d0%bd%d0%b8%d1%85-%d1%96-%d1%8f%d0%ba-%d1%86%d0%b5-%d0%b2\/\",\"name\":\"\u0427\u043e\u043c\u0443 \u0432 \u041a\u0438\u0442\u0430\u0457 \u0434\u0435\u0444\u0456\u0446\u0438\u0442 \u043d\u0430\u0440\u0435\u0447\u0435\u043d\u0438\u0445 \u0456 \u044f\u043a \u0446\u0435 \u0432\u0438\u043a\u043e\u0440\u0438\u0441\u0442\u0430\u0442\u0443? \u041c\u0435\u0436\u0434\u0443\u043d\u0430\u0440\u043e\u0434\u043d\u043e\u0435 \u0431\u0440\u0430\u0447\u043d\u043e\u0435 \u0430\u0433\u0435\u043d\u0442\u0441\u0442\u0432\u043e: \u0417\u043d\u0430\u043a\u043e\u043c\u0441\u0442\u0432\u0430 \u0420\u043e\u0441\u0441\u0438\u044f, \u0423\u043a\u0440\u0430\u0438\u043d\u0430, \u0411\u0435\u043b\u0430\u0440\u0443\u0441\u044c \u0438 \u041a\u0438\u0442\u0430\u0439\",\"isPartOf\":{\"@id\":\"https:\/\/marriageagencyru.com\/#website\"},\"primaryImageOfPage\":{\"@id\":\"https:\/\/marriageagencyru.com\/fr\/produit\/%d1%87%d0%be%d0%bc%d1%83-%d0%b2-%d0%ba%d0%b8%d1%82%d0%b0%d1%97-%d0%b4%d0%b5%d1%84%d1%96%d1%86%d0%b8%d1%82-%d0%bd%d0%b0%d1%80%d0%b5%d1%87%d0%b5%d0%bd%d0%b8%d1%85-%d1%96-%d1%8f%d0%ba-%d1%86%d0%b5-%d0%b2\/#primaryimage\"},\"image\":{\"@id\":\"https:\/\/marriageagencyru.com\/fr\/produit\/%d1%87%d0%be%d0%bc%d1%83-%d0%b2-%d0%ba%d0%b8%d1%82%d0%b0%d1%97-%d0%b4%d0%b5%d1%84%d1%96%d1%86%d0%b8%d1%82-%d0%bd%d0%b0%d1%80%d0%b5%d1%87%d0%b5%d0%bd%d0%b8%d1%85-%d1%96-%d1%8f%d0%ba-%d1%86%d0%b5-%d0%b2\/#primaryimage\"},\"thumbnailUrl\":\"https:\/\/marriageagencyru.com\/wp-content\/uploads\/2025\/12\/4.jpg\",\"datePublished\":\"2025-12-23T04:18:09+00:00\",\"breadcrumb\":{\"@id\":\"https:\/\/marriageagencyru.com\/fr\/produit\/%d1%87%d0%be%d0%bc%d1%83-%d0%b2-%d0%ba%d0%b8%d1%82%d0%b0%d1%97-%d0%b4%d0%b5%d1%84%d1%96%d1%86%d0%b8%d1%82-%d0%bd%d0%b0%d1%80%d0%b5%d1%87%d0%b5%d0%bd%d0%b8%d1%85-%d1%96-%d1%8f%d0%ba-%d1%86%d0%b5-%d0%b2\/#breadcrumb\"},\"inLanguage\":\"es\",\"potentialAction\":[{\"@type\":\"ReadAction\",\"target\":[\"https:\/\/marriageagencyru.com\/fr\/produit\/%d1%87%d0%be%d0%bc%d1%83-%d0%b2-%d0%ba%d0%b8%d1%82%d0%b0%d1%97-%d0%b4%d0%b5%d1%84%d1%96%d1%86%d0%b8%d1%82-%d0%bd%d0%b0%d1%80%d0%b5%d1%87%d0%b5%d0%bd%d0%b8%d1%85-%d1%96-%d1%8f%d0%ba-%d1%86%d0%b5-%d0%b2\/\"]}]},{\"@type\":\"ImageObject\",\"inLanguage\":\"es\",\"@id\":\"https:\/\/marriageagencyru.com\/fr\/produit\/%d1%87%d0%be%d0%bc%d1%83-%d0%b2-%d0%ba%d0%b8%d1%82%d0%b0%d1%97-%d0%b4%d0%b5%d1%84%d1%96%d1%86%d0%b8%d1%82-%d0%bd%d0%b0%d1%80%d0%b5%d1%87%d0%b5%d0%bd%d0%b8%d1%85-%d1%96-%d1%8f%d0%ba-%d1%86%d0%b5-%d0%b2\/#primaryimage\",\"url\":\"https:\/\/marriageagencyru.com\/wp-content\/uploads\/2025\/12\/4.jpg\",\"contentUrl\":\"https:\/\/marriageagencyru.com\/wp-content\/uploads\/2025\/12\/4.jpg\",\"width\":1024,\"height\":1024},{\"@type\":\"BreadcrumbList\",\"@id\":\"https:\/\/marriageagencyru.com\/fr\/produit\/%d1%87%d0%be%d0%bc%d1%83-%d0%b2-%d0%ba%d0%b8%d1%82%d0%b0%d1%97-%d0%b4%d0%b5%d1%84%d1%96%d1%86%d0%b8%d1%82-%d0%bd%d0%b0%d1%80%d0%b5%d1%87%d0%b5%d0%bd%d0%b8%d1%85-%d1%96-%d1%8f%d0%ba-%d1%86%d0%b5-%d0%b2\/#breadcrumb\",\"itemListElement\":[{\"@type\":\"ListItem\",\"position\":1,\"name\":\"Home\",\"item\":\"https:\/\/marriageagencyru.com\/\"},{\"@type\":\"ListItem\",\"position\":2,\"name\":\"Shop\",\"item\":\"https:\/\/marriageagencyru.com\/shop\/\"},{\"@type\":\"ListItem\",\"position\":3,\"name\":\"\u0427\u043e\u043c\u0443 \u0432 \u041a\u0438\u0442\u0430\u0457 \u0434\u0435\u0444\u0456\u0446\u0438\u0442 \u043d\u0430\u0440\u0435\u0447\u0435\u043d\u0438\u0445 \u0456 \u044f\u043a \u0446\u0435 \u0432\u0438\u043a\u043e\u0440\u0438\u0441\u0442\u0430\u0442\u0443?\"}]},{\"@type\":\"WebSite\",\"@id\":\"https:\/\/marriageagencyru.com\/#website\",\"url\":\"https:\/\/marriageagencyru.com\/\",\"name\":\"marriageagencyru.com\",\"description\":\"\u041c\u0435\u0436\u0434\u0443\u043d\u0430\u0440\u043e\u0434\u043d\u043e\u0435 \u0431\u0440\u0430\u0447\u043d\u043e\u0435 \u0430\u0433\u0435\u043d\u0442\u0441\u0442\u0432\u043e marriageagencyru | \u0420\u043e\u0441\u0441\u0438\u044f, \u0411\u0435\u043b\u0430\u0440\u0443\u0441\u044c, \u0423\u043a\u0440\u0430\u0438\u043d\u0430 | \u042d\u043b\u0438\u0442\u043d\u044b\u0435 \u0437\u043d\u0430\u043a\u043e\u043c\u0441\u0442\u0432\u0430 \u0432 \u041a\u0438\u0442\u0430\u0435\",\"alternateName\":\"\u0412\u044b\u0439\u0442\u0438 \u0437\u0430\u043c\u0443\u0436 \u0432 \u041a\u0438\u0442\u0430\u0439: \u0411\u0440\u0430\u0447\u043d\u043e\u0435 \u0430\u0433\u0435\u043d\u0442\u0441\u0442\u0432\u043e \u0434\u043b\u044f \u0420\u043e\u0441\u0441\u0438\u0438, \u0423\u043a\u0440\u0430\u0438\u043d\u044b \u0438 \u0411\u0435\u043b\u0430\u0440\u0443\u0441\u0438 | marriageagencyru\",\"potentialAction\":[{\"@type\":\"SearchAction\",\"target\":{\"@type\":\"EntryPoint\",\"urlTemplate\":\"https:\/\/marriageagencyru.com\/?s={search_term_string}\"},\"query-input\":{\"@type\":\"PropertyValueSpecification\",\"valueRequired\":true,\"valueName\":\"search_term_string\"}}],\"inLanguage\":\"es\"}]}<\/script>\n<!-- \/ Yoast SEO plugin. -->","yoast_head_json":{"title":"\u00bfPor qu\u00e9 hay d\u00e9ficit de anuncios en China y c\u00f3mo utilizarlos? Agencia Matrimonial Internacional: Citas en Rusia, Ucrania, Bielorrusia y China","robots":{"index":"index","follow":"follow","max-snippet":"max-snippet:-1","max-image-preview":"max-image-preview:large","max-video-preview":"max-video-preview:-1"},"canonical":"https:\/\/marriageagencyru.com\/es\/producto\/por-que-hay-deficit-de-adverbios-en-china-y-como-es-en-el\/","og_locale":"es_ES","og_type":"article","og_title":"\u0427\u043e\u043c\u0443 \u0432 \u041a\u0438\u0442\u0430\u0457 \u0434\u0435\u0444\u0456\u0446\u0438\u0442 \u043d\u0430\u0440\u0435\u0447\u0435\u043d\u0438\u0445 \u0456 \u044f\u043a \u0446\u0435 \u0432\u0438\u043a\u043e\u0440\u0438\u0441\u0442\u0430\u0442\u0443? \u041c\u0435\u0436\u0434\u0443\u043d\u0430\u0440\u043e\u0434\u043d\u043e\u0435 \u0431\u0440\u0430\u0447\u043d\u043e\u0435 \u0430\u0433\u0435\u043d\u0442\u0441\u0442\u0432\u043e: \u0417\u043d\u0430\u043a\u043e\u043c\u0441\u0442\u0432\u0430 \u0420\u043e\u0441\u0441\u0438\u044f, \u0423\u043a\u0440\u0430\u0438\u043d\u0430, \u0411\u0435\u043b\u0430\u0440\u0443\u0441\u044c \u0438 \u041a\u0438\u0442\u0430\u0439","og_description":"\u0420\u0430\u0446\u0438\u043e\u043d\u0430\u043b\u044c\u043d\u044b\u0439 &#171;\u041f\u043b\u0430\u043d \u0411&#187; (Rational Plan B) \u0421\u043f\u043e\u043a\u043e\u0439\u043d\u044b\u0439, \u0432\u0437\u0432\u0435\u0448\u0435\u043d\u043d\u044b\u0439 \u0442\u0435\u043a\u0441\u0442 \u0431\u0435\u0437 \u043b\u0438\u0448\u043d\u0438\u0445 \u044d\u043c\u043e\u0446\u0438\u0439. \u0417\u0430\u0433\u043e\u043b\u043e\u0432\u043e\u043a: \u0422\u0432\u0456\u0439 \u043e\u0441\u043e\u0431\u0438\u0441\u0442\u0438\u0439 &#171;\u041f\u043b\u0430\u043d \u0411&#187; \u0443 \u0431\u0435\u0437\u043f\u0435\u0447\u043d\u0456\u0439 \u043a\u0440\u0430\u0457\u043d\u0456. \u0421\u0432\u0456\u0442 \u0441\u0442\u0430\u0454 \u0432\u0441\u0435 \u0431\u0456\u043b\u044c\u0448 \u043d\u0435\u043f\u0435\u0440\u0435\u0434\u0431\u0430\u0447\u0443\u0432\u0430\u043d\u0438\u043c. \u0420\u043e\u0437\u0443\u043c\u043d\u0430 \u0436\u0456\u043d\u043a\u0430 \u0437\u0430\u0432\u0436\u0434\u0438 \u043c\u0430\u0454 \u0432\u0430\u0440\u0456\u0430\u043d\u0442\u0438. \u0428\u043b\u044e\u0431 \u0437 \u0456\u043d\u043e\u0437\u0435\u043c\u0446\u0435\u043c \u0456\u0437 \u0441\u0442\u0430\u0431\u0456\u043b\u044c\u043d\u043e\u0457 \u0435\u043a\u043e\u043d\u043e\u043c\u0456\u043a\u0438 (\u041a\u0438\u0442\u0430\u0439) \u2014 \u0446\u0435 \u0441\u0442\u0440\u0430\u0442\u0435\u0433\u0456\u0447\u043d\u043e \u0432\u0456\u0440\u043d\u0435 \u0440\u0456\u0448\u0435\u043d\u043d\u044f \u0441\u044c\u043e\u0433\u043e\u0434\u043d\u0456. \u0427\u043e\u043c\u0443 \u0424\u043e\u0448\u0430\u043d\u044c? \u0426\u0435 \u043f\u0440\u043e\u043c\u0438\u0441\u043b\u043e\u0432\u0438\u0439 \u0446\u0435\u043d\u0442\u0440 \u0441\u0432\u0456\u0442\u0443. \u0422\u0443\u0442 \u0433\u0440\u043e\u0448\u0456 \u043d\u0435 \u0437\u0430\u043a\u0456\u043d\u0447\u0443\u044e\u0442\u044c\u0441\u044f. \u0427\u043e\u043b\u043e\u0432\u0456\u043a\u0438 \u0442\u0443\u0442 [&hellip;]","og_url":"https:\/\/marriageagencyru.com\/es\/producto\/por-que-hay-deficit-de-adverbios-en-china-y-como-es-en-el\/","og_site_name":"marriageagencyru.com","og_image":[{"width":1024,"height":1024,"url":"https:\/\/marriageagencyru.com\/wp-content\/uploads\/2025\/12\/4.jpg","type":"image\/jpeg"}],"twitter_card":"summary_large_image","schema":{"@context":"https:\/\/schema.org","@graph":[{"@type":"WebPage","@id":"https:\/\/marriageagencyru.com\/fr\/produit\/%d1%87%d0%be%d0%bc%d1%83-%d0%b2-%d0%ba%d0%b8%d1%82%d0%b0%d1%97-%d0%b4%d0%b5%d1%84%d1%96%d1%86%d0%b8%d1%82-%d0%bd%d0%b0%d1%80%d0%b5%d1%87%d0%b5%d0%bd%d0%b8%d1%85-%d1%96-%d1%8f%d0%ba-%d1%86%d0%b5-%d0%b2\/","url":"https:\/\/marriageagencyru.com\/fr\/produit\/%d1%87%d0%be%d0%bc%d1%83-%d0%b2-%d0%ba%d0%b8%d1%82%d0%b0%d1%97-%d0%b4%d0%b5%d1%84%d1%96%d1%86%d0%b8%d1%82-%d0%bd%d0%b0%d1%80%d0%b5%d1%87%d0%b5%d0%bd%d0%b8%d1%85-%d1%96-%d1%8f%d0%ba-%d1%86%d0%b5-%d0%b2\/","name":"\u00bfPor qu\u00e9 hay d\u00e9ficit de anuncios en China y c\u00f3mo utilizarlos? Agencia Matrimonial Internacional: Citas en Rusia, Ucrania, Bielorrusia y China","isPartOf":{"@id":"https:\/\/marriageagencyru.com\/#website"},"primaryImageOfPage":{"@id":"https:\/\/marriageagencyru.com\/fr\/produit\/%d1%87%d0%be%d0%bc%d1%83-%d0%b2-%d0%ba%d0%b8%d1%82%d0%b0%d1%97-%d0%b4%d0%b5%d1%84%d1%96%d1%86%d0%b8%d1%82-%d0%bd%d0%b0%d1%80%d0%b5%d1%87%d0%b5%d0%bd%d0%b8%d1%85-%d1%96-%d1%8f%d0%ba-%d1%86%d0%b5-%d0%b2\/#primaryimage"},"image":{"@id":"https:\/\/marriageagencyru.com\/fr\/produit\/%d1%87%d0%be%d0%bc%d1%83-%d0%b2-%d0%ba%d0%b8%d1%82%d0%b0%d1%97-%d0%b4%d0%b5%d1%84%d1%96%d1%86%d0%b8%d1%82-%d0%bd%d0%b0%d1%80%d0%b5%d1%87%d0%b5%d0%bd%d0%b8%d1%85-%d1%96-%d1%8f%d0%ba-%d1%86%d0%b5-%d0%b2\/#primaryimage"},"thumbnailUrl":"https:\/\/marriageagencyru.com\/wp-content\/uploads\/2025\/12\/4.jpg","datePublished":"2025-12-23T04:18:09+00:00","breadcrumb":{"@id":"https:\/\/marriageagencyru.com\/fr\/produit\/%d1%87%d0%be%d0%bc%d1%83-%d0%b2-%d0%ba%d0%b8%d1%82%d0%b0%d1%97-%d0%b4%d0%b5%d1%84%d1%96%d1%86%d0%b8%d1%82-%d0%bd%d0%b0%d1%80%d0%b5%d1%87%d0%b5%d0%bd%d0%b8%d1%85-%d1%96-%d1%8f%d0%ba-%d1%86%d0%b5-%d0%b2\/#breadcrumb"},"inLanguage":"es","potentialAction":[{"@type":"ReadAction","target":["https:\/\/marriageagencyru.com\/fr\/produit\/%d1%87%d0%be%d0%bc%d1%83-%d0%b2-%d0%ba%d0%b8%d1%82%d0%b0%d1%97-%d0%b4%d0%b5%d1%84%d1%96%d1%86%d0%b8%d1%82-%d0%bd%d0%b0%d1%80%d0%b5%d1%87%d0%b5%d0%bd%d0%b8%d1%85-%d1%96-%d1%8f%d0%ba-%d1%86%d0%b5-%d0%b2\/"]}]},{"@type":"ImageObject","inLanguage":"es","@id":"https:\/\/marriageagencyru.com\/fr\/produit\/%d1%87%d0%be%d0%bc%d1%83-%d0%b2-%d0%ba%d0%b8%d1%82%d0%b0%d1%97-%d0%b4%d0%b5%d1%84%d1%96%d1%86%d0%b8%d1%82-%d0%bd%d0%b0%d1%80%d0%b5%d1%87%d0%b5%d0%bd%d0%b8%d1%85-%d1%96-%d1%8f%d0%ba-%d1%86%d0%b5-%d0%b2\/#primaryimage","url":"https:\/\/marriageagencyru.com\/wp-content\/uploads\/2025\/12\/4.jpg","contentUrl":"https:\/\/marriageagencyru.com\/wp-content\/uploads\/2025\/12\/4.jpg","width":1024,"height":1024},{"@type":"BreadcrumbList","@id":"https:\/\/marriageagencyru.com\/fr\/produit\/%d1%87%d0%be%d0%bc%d1%83-%d0%b2-%d0%ba%d0%b8%d1%82%d0%b0%d1%97-%d0%b4%d0%b5%d1%84%d1%96%d1%86%d0%b8%d1%82-%d0%bd%d0%b0%d1%80%d0%b5%d1%87%d0%b5%d0%bd%d0%b8%d1%85-%d1%96-%d1%8f%d0%ba-%d1%86%d0%b5-%d0%b2\/#breadcrumb","itemListElement":[{"@type":"ListItem","position":1,"name":"Home","item":"https:\/\/marriageagencyru.com\/"},{"@type":"ListItem","position":2,"name":"Shop","item":"https:\/\/marriageagencyru.com\/shop\/"},{"@type":"ListItem","position":3,"name":"\u0427\u043e\u043c\u0443 \u0432 \u041a\u0438\u0442\u0430\u0457 \u0434\u0435\u0444\u0456\u0446\u0438\u0442 \u043d\u0430\u0440\u0435\u0447\u0435\u043d\u0438\u0445 \u0456 \u044f\u043a \u0446\u0435 \u0432\u0438\u043a\u043e\u0440\u0438\u0441\u0442\u0430\u0442\u0443?"}]},{"@type":"WebSite","@id":"https:\/\/marriageagencyru.com\/#website","url":"https:\/\/marriageagencyru.com\/","name":"agencia matrimonialru.com","description":"Agencia Matrimonial Internacional marriageagencyru | Rusia, Bielorrusia, Ucrania | Elite Dating in China","alternateName":"\u0412\u044b\u0439\u0442\u0438 \u0437\u0430\u043c\u0443\u0436 \u0432 \u041a\u0438\u0442\u0430\u0439: \u0411\u0440\u0430\u0447\u043d\u043e\u0435 \u0430\u0433\u0435\u043d\u0442\u0441\u0442\u0432\u043e \u0434\u043b\u044f \u0420\u043e\u0441\u0441\u0438\u0438, \u0423\u043a\u0440\u0430\u0438\u043d\u044b \u0438 \u0411\u0435\u043b\u0430\u0440\u0443\u0441\u0438 | marriageagencyru","potentialAction":[{"@type":"SearchAction","target":{"@type":"EntryPoint","urlTemplate":"https:\/\/marriageagencyru.com\/?s={search_term_string}"},"query-input":{"@type":"PropertyValueSpecification","valueRequired":true,"valueName":"search_term_string"}}],"inLanguage":"es"}]}},"_links":{"self":[{"href":"https:\/\/marriageagencyru.com\/es\/wp-json\/wp\/v2\/product\/395","targetHints":{"allow":["GET"]}}],"collection":[{"href":"https:\/\/marriageagencyru.com\/es\/wp-json\/wp\/v2\/product"}],"about":[{"href":"https:\/\/marriageagencyru.com\/es\/wp-json\/wp\/v2\/types\/product"}],"replies":[{"embeddable":true,"href":"https:\/\/marriageagencyru.com\/es\/wp-json\/wp\/v2\/comments?post=395"}],"wp:featuredmedia":[{"embeddable":true,"href":"https:\/\/marriageagencyru.com\/es\/wp-json\/wp\/v2\/media\/127"}],"wp:attachment":[{"href":"https:\/\/marriageagencyru.com\/es\/wp-json\/wp\/v2\/media?parent=395"}],"wp:term":[{"taxonomy":"product_brand","embeddable":true,"href":"https:\/\/marriageagencyru.com\/es\/wp-json\/wp\/v2\/product_brand?post=395"},{"taxonomy":"product_cat","embeddable":true,"href":"https:\/\/marriageagencyru.com\/es\/wp-json\/wp\/v2\/product_cat?post=395"},{"taxonomy":"product_tag","embeddable":true,"href":"https:\/\/marriageagencyru.com\/es\/wp-json\/wp\/v2\/product_tag?post=395"}],"curies":[{"name":"wp","href":"https:\/\/api.w.org\/{rel}","templated":true}]}}