{"id":380,"date":"2025-12-23T04:17:31","date_gmt":"2025-12-23T04:17:31","guid":{"rendered":"https:\/\/marriageagencyru.com\/product\/%d1%87%d0%be%d0%bb%d0%be%d0%b2%d1%96%d0%ba-%d1%8f%d0%ba%d0%b8%d0%b9-%d0%be%d0%b1%d0%be%d0%b6%d0%bd%d1%8e%d1%94-%d0%b4%d1%96%d1%82%d0%b5%d0%b9-%d1%96-%d0%bf%d0%be%d0%b2%d0%b0%d0%b6%d0%b0%d1%94-%d0%b4\/"},"modified":"2025-12-23T04:17:31","modified_gmt":"2025-12-23T04:17:31","slug":"%d1%87%d0%be%d0%bb%d0%be%d0%b2%d1%96%d0%ba-%d1%8f%d0%ba%d0%b8%d0%b9-%d0%be%d0%b1%d0%be%d0%b6%d0%bd%d1%8e%d1%94-%d0%b4%d1%96%d1%82%d0%b5%d0%b9-%d1%96-%d0%bf%d0%be%d0%b2%d0%b0%d0%b6%d0%b0%d1%94-%d0%b4","status":"publish","type":"product","link":"https:\/\/marriageagencyru.com\/es\/producto\/%d1%87%d0%be%d0%bb%d0%be%d0%b2%d1%96%d0%ba-%d1%8f%d0%ba%d0%b8%d0%b9-%d0%be%d0%b1%d0%be%d0%b6%d0%bd%d1%8e%d1%94-%d0%b4%d1%96%d1%82%d0%b5%d0%b9-%d1%96-%d0%bf%d0%be%d0%b2%d0%b0%d0%b6%d0%b0%d1%94-%d0%b4\/","title":{"rendered":"\u0427\u043e\u043b\u043e\u0432\u0456\u043a, \u044f\u043a\u0438\u0439 \u043e\u0431\u043e\u0436\u043d\u044e\u0454 \u0434\u0456\u0442\u0435\u0439 \u0456 \u043f\u043e\u0432\u0430\u0436\u0430\u0454 \u0434\u0440\u0443\u0436\u0438\u043d\u0443."},"content":{"rendered":"<h3 data-path-to-node=\"3\">Para quienes trabajan con contratos (Arts\/Models Focus)<\/h3>\n<p data-path-to-node=\"4\"><i data-path-to-node=\"4\" data-index-in-node=\"0\">Un segmento muy importante. Muchas ucranianas trabajan en China como bailarinas, modelos o profesoras. Se les acaban los visados\/contratos y no quieren volver a la incertidumbre.<\/i><\/p>\n<p data-path-to-node=\"5\"><b data-path-to-node=\"5\" data-index-in-node=\"0\">T\u00edtulo: \u00bfSe acab\u00f3 tu contrato? Qu\u00e9date en China con tu nuevo estatus<\/b><\/p>\n<p data-path-to-node=\"6\">Usted ya conoce China. Est\u00e1s acostumbrado al ritmo, a la sabrosa comida y a la seguridad. Pero los visados de trabajo tienden a caducar, y da miedo y es poco prometedor volver a casa ahora.<\/p>\n<p data-path-to-node=\"7\">Hay otra manera. Convi\u00e9rtete en un compa\u00f1ero, no s\u00f3lo en un trabajador contratado.<\/p>\n<p data-path-to-node=\"8\">Agencia <b data-path-to-node=\"8\" data-index-in-node=\"10\">Reuni\u00f3nAmbos<\/b> (Foshan) ayuda a las chicas que ya est\u00e1n en Asia a buscarse la vida. Nuestros clientes son hombres de negocios serios que buscan una compa\u00f1era europea. Est\u00e1n dispuestos a resolver sus problemas de visado a trav\u00e9s de una amante.<\/p>\n<p data-path-to-node=\"9\"><b data-path-to-node=\"9\" data-index-in-node=\"0\">Por qu\u00e9 es bueno:<\/b><\/p>\n<ol start=\"1\" data-path-to-node=\"10\">\n<li>\n<p data-path-to-node=\"10,0,0\">No necesitas volar a ning\u00fan sitio (ya est\u00e1s aqu\u00ed).<\/p>\n<\/li>\n<li>\n<p data-path-to-node=\"10,1,0\">Conoces la mentalidad (una gran ventaja).<\/p>\n<\/li>\n<li>\n<p data-path-to-node=\"10,2,0\">Est\u00e1s cambiando tu estatus de \u00abcaballo de batalla\u00bb a \u00abhielo\u00bb.<\/p>\n<\/li>\n<\/ol>\n<p data-path-to-node=\"11\">No compres un billete de vuelta. Encuentra aqu\u00ed tu felicidad.<\/p>\n<p data-path-to-node=\"12\">\ud83d\udce9 <b data-path-to-node=\"12\" data-index-in-node=\"3\">Escr\u00edbanos:<\/b> nolan@meetingboth.com<\/p>\n<hr data-path-to-node=\"13\" \/>\n<h3 data-path-to-node=\"14\">Opci\u00f3n 18: \u00abVida de cine\/Instagram\u00bb (Cinematic\/Instagram Life)<\/h3>\n<p data-path-to-node=\"15\"><i data-path-to-node=\"15\" data-index-in-node=\"0\">Para visuales y chicas activas en Instagram.<\/i><\/p>\n<p data-path-to-node=\"16\"><b data-path-to-node=\"16\" data-index-in-node=\"0\">Pie de foto: Tu vida merece estar en el yaskravi farbi.<\/b><\/p>\n<p data-path-to-node=\"17\">D\u00edas l\u00fagubres entre semana, fr\u00edo, econom\u00eda... \u00bfHas so\u00f1ado alguna vez con esto? Imagina una imagen distinta: un parque subtropical en Foshan, ir de compras a Hong Kong el fin de semana, una velada en un restaurante panor\u00e1mico con un hombre que no te quita ojo.<\/p>\n<p data-path-to-node=\"18\">Esto no es una pel\u00edcula. Esta es la realidad de los amigos de los hombres poderosos chinos. Les encanta mimar a sus esposas. Ropa bonita, cuidarlas, viajar... para un chino es una forma de demostrar su amor.<\/p>\n<p data-path-to-node=\"19\"><b data-path-to-node=\"19\" data-index-in-node=\"0\">La agencia MeetingBoth busca al protagonista de esta historia.<\/b><\/p>\n<ul data-path-to-node=\"20\">\n<li>\n<p data-path-to-node=\"20,0,0\">Edad: hasta 30 a\u00f1os.<\/p>\n<\/li>\n<li>\n<p data-path-to-node=\"20,1,0\">Zovnichnosti: privabliva, fotog\u00e9nico.<\/p>\n<\/li>\n<li>\n<p data-path-to-node=\"20,2,0\">Ubicaci\u00f3n: Foshan (China).<\/p>\n<\/li>\n<\/ul>\n<p data-path-to-node=\"21\">Los castings para el concurso de nombres - <b data-path-to-node=\"21\" data-index-in-node=\"30\">gratis<\/b>.<\/p>\n<p data-path-to-node=\"22\">Env\u00eda tus mejores fotos. Puede que tu kazka empiece desde una sola p\u00e1gina.<\/p>\n<p data-path-to-node=\"23\">\ud83d\udcf8 <b data-path-to-node=\"23\" data-index-in-node=\"3\">Correo electr\u00f3nico:<\/b> nolan@meetingboth.com<\/p>","protected":false},"excerpt":{"rendered":"<p>\u0414\u043b\u044f \u0442\u0435\u0445, \u043a\u0442\u043e \u0440\u0430\u0431\u043e\u0442\u0430\u0435\u0442 \u043f\u043e \u043a\u043e\u043d\u0442\u0440\u0430\u043a\u0442\u0430\u043c (Arts\/Models Focus) \u041e\u0447\u0435\u043d\u044c \u0432\u0430\u0436\u043d\u044b\u0439 \u0441\u0435\u0433\u043c\u0435\u043d\u0442. \u041c\u043d\u043e\u0433\u043e \u0443\u043a\u0440\u0430\u0438\u043d\u043e\u043a \u0440\u0430\u0431\u043e\u0442\u0430\u044e\u0442 \u0432 \u041a\u0438\u0442\u0430\u0435 \u0442\u0430\u043d\u0446\u043e\u0432\u0449\u0438\u0446\u0430\u043c\u0438, \u043c\u043e\u0434\u0435\u043b\u044f\u043c\u0438 \u0438\u043b\u0438 \u0443\u0447\u0438\u0442\u0435\u043b\u044f\u043c\u0438. \u0423 \u043d\u0438\u0445 \u0437\u0430\u043a\u0430\u043d\u0447\u0438\u0432\u0430\u044e\u0442\u0441\u044f \u0432\u0438\u0437\u044b\/\u043a\u043e\u043d\u0442\u0440\u0430\u043a\u0442\u044b, \u0438 \u043e\u043d\u0438 \u043d\u0435 \u0445\u043e\u0442\u044f\u0442 \u0432\u043e\u0437\u0432\u0440\u0430\u0449\u0430\u0442\u044c\u0441\u044f \u0432 \u043d\u0435\u043e\u043f\u0440\u0435\u0434\u0435\u043b\u0435\u043d\u043d\u043e\u0441\u0442\u044c. \u0417\u0430\u0433\u043e\u043b\u043e\u0432\u043e\u043a: \u0422\u0432\u0456\u0439 \u043a\u043e\u043d\u0442\u0440\u0430\u043a\u0442 \u0437\u0430\u043a\u0456\u043d\u0447\u0443\u0454\u0442\u044c\u0441\u044f? \u0417\u0430\u043b\u0438\u0448\u0441\u044f \u0432 \u041a\u0438\u0442\u0430\u0457 \u0443 \u043d\u043e\u0432\u043e\u043c\u0443 \u0441\u0442\u0430\u0442\u0443\u0441\u0456! \u0422\u0438 \u0432\u0436\u0435 \u0437\u043d\u0430\u0454\u0448 \u041a\u0438\u0442\u0430\u0439. \u0422\u0438 \u0437\u0432\u0438\u043a\u043b\u0430 \u0434\u043e \u0446\u044c\u043e\u0433\u043e \u0440\u0438\u0442\u043c\u0443, \u0434\u043e \u0441\u043c\u0430\u0447\u043d\u043e\u0457 \u0457\u0436\u0456 \u0442\u0430 \u0431\u0435\u0437\u043f\u0435\u043a\u0438. [&hellip;]<\/p>","protected":false},"featured_media":127,"comment_status":"open","ping_status":"closed","template":"","meta":{"_et_pb_use_builder":"","_et_pb_old_content":"","_et_gb_content_width":""},"product_brand":[],"product_cat":[],"product_tag":[],"class_list":{"0":"post-380","1":"product","2":"type-product","3":"status-publish","4":"has-post-thumbnail","7":"first","8":"instock","9":"shipping-taxable","10":"purchasable","11":"product-type-simple"},"yoast_head":"<!-- This site is optimized with the Yoast SEO plugin v26.6 - https:\/\/yoast.com\/wordpress\/plugins\/seo\/ -->\n<title>\u0427\u043e\u043b\u043e\u0432\u0456\u043a, \u044f\u043a\u0438\u0439 \u043e\u0431\u043e\u0436\u043d\u044e\u0454 \u0434\u0456\u0442\u0435\u0439 \u0456 \u043f\u043e\u0432\u0430\u0436\u0430\u0454 \u0434\u0440\u0443\u0436\u0438\u043d\u0443. \u041c\u0435\u0436\u0434\u0443\u043d\u0430\u0440\u043e\u0434\u043d\u043e\u0435 \u0431\u0440\u0430\u0447\u043d\u043e\u0435 \u0430\u0433\u0435\u043d\u0442\u0441\u0442\u0432\u043e: \u0417\u043d\u0430\u043a\u043e\u043c\u0441\u0442\u0432\u0430 \u0420\u043e\u0441\u0441\u0438\u044f, \u0423\u043a\u0440\u0430\u0438\u043d\u0430, \u0411\u0435\u043b\u0430\u0440\u0443\u0441\u044c \u0438 \u041a\u0438\u0442\u0430\u0439<\/title>\n<meta name=\"robots\" content=\"index, follow, max-snippet:-1, max-image-preview:large, max-video-preview:-1\" \/>\n<link rel=\"canonical\" href=\"https:\/\/marriageagencyru.com\/es\/producto\/\u0447\u043e\u043b\u043e\u0432\u0456\u043a-\u044f\u043a\u0438\u0439-\u043e\u0431\u043e\u0436\u043d\u044e\u0454-\u0434\u0456\u0442\u0435\u0439-\u0456-\u043f\u043e\u0432\u0430\u0436\u0430\u0454-\u0434\/\" \/>\n<meta property=\"og:locale\" content=\"es_ES\" \/>\n<meta property=\"og:type\" content=\"article\" \/>\n<meta property=\"og:title\" content=\"\u0427\u043e\u043b\u043e\u0432\u0456\u043a, \u044f\u043a\u0438\u0439 \u043e\u0431\u043e\u0436\u043d\u044e\u0454 \u0434\u0456\u0442\u0435\u0439 \u0456 \u043f\u043e\u0432\u0430\u0436\u0430\u0454 \u0434\u0440\u0443\u0436\u0438\u043d\u0443. \u041c\u0435\u0436\u0434\u0443\u043d\u0430\u0440\u043e\u0434\u043d\u043e\u0435 \u0431\u0440\u0430\u0447\u043d\u043e\u0435 \u0430\u0433\u0435\u043d\u0442\u0441\u0442\u0432\u043e: \u0417\u043d\u0430\u043a\u043e\u043c\u0441\u0442\u0432\u0430 \u0420\u043e\u0441\u0441\u0438\u044f, \u0423\u043a\u0440\u0430\u0438\u043d\u0430, \u0411\u0435\u043b\u0430\u0440\u0443\u0441\u044c \u0438 \u041a\u0438\u0442\u0430\u0439\" \/>\n<meta property=\"og:description\" content=\"\u0414\u043b\u044f \u0442\u0435\u0445, \u043a\u0442\u043e \u0440\u0430\u0431\u043e\u0442\u0430\u0435\u0442 \u043f\u043e \u043a\u043e\u043d\u0442\u0440\u0430\u043a\u0442\u0430\u043c (Arts\/Models Focus) \u041e\u0447\u0435\u043d\u044c \u0432\u0430\u0436\u043d\u044b\u0439 \u0441\u0435\u0433\u043c\u0435\u043d\u0442. \u041c\u043d\u043e\u0433\u043e \u0443\u043a\u0440\u0430\u0438\u043d\u043e\u043a \u0440\u0430\u0431\u043e\u0442\u0430\u044e\u0442 \u0432 \u041a\u0438\u0442\u0430\u0435 \u0442\u0430\u043d\u0446\u043e\u0432\u0449\u0438\u0446\u0430\u043c\u0438, \u043c\u043e\u0434\u0435\u043b\u044f\u043c\u0438 \u0438\u043b\u0438 \u0443\u0447\u0438\u0442\u0435\u043b\u044f\u043c\u0438. \u0423 \u043d\u0438\u0445 \u0437\u0430\u043a\u0430\u043d\u0447\u0438\u0432\u0430\u044e\u0442\u0441\u044f \u0432\u0438\u0437\u044b\/\u043a\u043e\u043d\u0442\u0440\u0430\u043a\u0442\u044b, \u0438 \u043e\u043d\u0438 \u043d\u0435 \u0445\u043e\u0442\u044f\u0442 \u0432\u043e\u0437\u0432\u0440\u0430\u0449\u0430\u0442\u044c\u0441\u044f \u0432 \u043d\u0435\u043e\u043f\u0440\u0435\u0434\u0435\u043b\u0435\u043d\u043d\u043e\u0441\u0442\u044c. \u0417\u0430\u0433\u043e\u043b\u043e\u0432\u043e\u043a: \u0422\u0432\u0456\u0439 \u043a\u043e\u043d\u0442\u0440\u0430\u043a\u0442 \u0437\u0430\u043a\u0456\u043d\u0447\u0443\u0454\u0442\u044c\u0441\u044f? \u0417\u0430\u043b\u0438\u0448\u0441\u044f \u0432 \u041a\u0438\u0442\u0430\u0457 \u0443 \u043d\u043e\u0432\u043e\u043c\u0443 \u0441\u0442\u0430\u0442\u0443\u0441\u0456! \u0422\u0438 \u0432\u0436\u0435 \u0437\u043d\u0430\u0454\u0448 \u041a\u0438\u0442\u0430\u0439. \u0422\u0438 \u0437\u0432\u0438\u043a\u043b\u0430 \u0434\u043e \u0446\u044c\u043e\u0433\u043e \u0440\u0438\u0442\u043c\u0443, \u0434\u043e \u0441\u043c\u0430\u0447\u043d\u043e\u0457 \u0457\u0436\u0456 \u0442\u0430 \u0431\u0435\u0437\u043f\u0435\u043a\u0438. [&hellip;]\" \/>\n<meta property=\"og:url\" content=\"https:\/\/marriageagencyru.com\/es\/producto\/\u0447\u043e\u043b\u043e\u0432\u0456\u043a-\u044f\u043a\u0438\u0439-\u043e\u0431\u043e\u0436\u043d\u044e\u0454-\u0434\u0456\u0442\u0435\u0439-\u0456-\u043f\u043e\u0432\u0430\u0436\u0430\u0454-\u0434\/\" \/>\n<meta property=\"og:site_name\" content=\"marriageagencyru.com\" \/>\n<meta property=\"og:image\" content=\"https:\/\/marriageagencyru.com\/wp-content\/uploads\/2025\/12\/4.jpg\" \/>\n\t<meta property=\"og:image:width\" content=\"1024\" \/>\n\t<meta property=\"og:image:height\" content=\"1024\" \/>\n\t<meta property=\"og:image:type\" content=\"image\/jpeg\" \/>\n<meta name=\"twitter:card\" content=\"summary_large_image\" \/>\n<script type=\"application\/ld+json\" class=\"yoast-schema-graph\">{\"@context\":\"https:\/\/schema.org\",\"@graph\":[{\"@type\":\"WebPage\",\"@id\":\"https:\/\/marriageagencyru.com\/fr\/produit\/%d1%87%d0%be%d0%bb%d0%be%d0%b2%d1%96%d0%ba-%d1%8f%d0%ba%d0%b8%d0%b9-%d0%be%d0%b1%d0%be%d0%b6%d0%bd%d1%8e%d1%94-%d0%b4%d1%96%d1%82%d0%b5%d0%b9-%d1%96-%d0%bf%d0%be%d0%b2%d0%b0%d0%b6%d0%b0%d1%94-%d0%b4\/\",\"url\":\"https:\/\/marriageagencyru.com\/fr\/produit\/%d1%87%d0%be%d0%bb%d0%be%d0%b2%d1%96%d0%ba-%d1%8f%d0%ba%d0%b8%d0%b9-%d0%be%d0%b1%d0%be%d0%b6%d0%bd%d1%8e%d1%94-%d0%b4%d1%96%d1%82%d0%b5%d0%b9-%d1%96-%d0%bf%d0%be%d0%b2%d0%b0%d0%b6%d0%b0%d1%94-%d0%b4\/\",\"name\":\"\u0427\u043e\u043b\u043e\u0432\u0456\u043a, \u044f\u043a\u0438\u0439 \u043e\u0431\u043e\u0436\u043d\u044e\u0454 \u0434\u0456\u0442\u0435\u0439 \u0456 \u043f\u043e\u0432\u0430\u0436\u0430\u0454 \u0434\u0440\u0443\u0436\u0438\u043d\u0443. \u041c\u0435\u0436\u0434\u0443\u043d\u0430\u0440\u043e\u0434\u043d\u043e\u0435 \u0431\u0440\u0430\u0447\u043d\u043e\u0435 \u0430\u0433\u0435\u043d\u0442\u0441\u0442\u0432\u043e: \u0417\u043d\u0430\u043a\u043e\u043c\u0441\u0442\u0432\u0430 \u0420\u043e\u0441\u0441\u0438\u044f, \u0423\u043a\u0440\u0430\u0438\u043d\u0430, \u0411\u0435\u043b\u0430\u0440\u0443\u0441\u044c \u0438 \u041a\u0438\u0442\u0430\u0439\",\"isPartOf\":{\"@id\":\"https:\/\/marriageagencyru.com\/#website\"},\"primaryImageOfPage\":{\"@id\":\"https:\/\/marriageagencyru.com\/fr\/produit\/%d1%87%d0%be%d0%bb%d0%be%d0%b2%d1%96%d0%ba-%d1%8f%d0%ba%d0%b8%d0%b9-%d0%be%d0%b1%d0%be%d0%b6%d0%bd%d1%8e%d1%94-%d0%b4%d1%96%d1%82%d0%b5%d0%b9-%d1%96-%d0%bf%d0%be%d0%b2%d0%b0%d0%b6%d0%b0%d1%94-%d0%b4\/#primaryimage\"},\"image\":{\"@id\":\"https:\/\/marriageagencyru.com\/fr\/produit\/%d1%87%d0%be%d0%bb%d0%be%d0%b2%d1%96%d0%ba-%d1%8f%d0%ba%d0%b8%d0%b9-%d0%be%d0%b1%d0%be%d0%b6%d0%bd%d1%8e%d1%94-%d0%b4%d1%96%d1%82%d0%b5%d0%b9-%d1%96-%d0%bf%d0%be%d0%b2%d0%b0%d0%b6%d0%b0%d1%94-%d0%b4\/#primaryimage\"},\"thumbnailUrl\":\"https:\/\/marriageagencyru.com\/wp-content\/uploads\/2025\/12\/4.jpg\",\"datePublished\":\"2025-12-23T04:17:31+00:00\",\"breadcrumb\":{\"@id\":\"https:\/\/marriageagencyru.com\/fr\/produit\/%d1%87%d0%be%d0%bb%d0%be%d0%b2%d1%96%d0%ba-%d1%8f%d0%ba%d0%b8%d0%b9-%d0%be%d0%b1%d0%be%d0%b6%d0%bd%d1%8e%d1%94-%d0%b4%d1%96%d1%82%d0%b5%d0%b9-%d1%96-%d0%bf%d0%be%d0%b2%d0%b0%d0%b6%d0%b0%d1%94-%d0%b4\/#breadcrumb\"},\"inLanguage\":\"es\",\"potentialAction\":[{\"@type\":\"ReadAction\",\"target\":[\"https:\/\/marriageagencyru.com\/fr\/produit\/%d1%87%d0%be%d0%bb%d0%be%d0%b2%d1%96%d0%ba-%d1%8f%d0%ba%d0%b8%d0%b9-%d0%be%d0%b1%d0%be%d0%b6%d0%bd%d1%8e%d1%94-%d0%b4%d1%96%d1%82%d0%b5%d0%b9-%d1%96-%d0%bf%d0%be%d0%b2%d0%b0%d0%b6%d0%b0%d1%94-%d0%b4\/\"]}]},{\"@type\":\"ImageObject\",\"inLanguage\":\"es\",\"@id\":\"https:\/\/marriageagencyru.com\/fr\/produit\/%d1%87%d0%be%d0%bb%d0%be%d0%b2%d1%96%d0%ba-%d1%8f%d0%ba%d0%b8%d0%b9-%d0%be%d0%b1%d0%be%d0%b6%d0%bd%d1%8e%d1%94-%d0%b4%d1%96%d1%82%d0%b5%d0%b9-%d1%96-%d0%bf%d0%be%d0%b2%d0%b0%d0%b6%d0%b0%d1%94-%d0%b4\/#primaryimage\",\"url\":\"https:\/\/marriageagencyru.com\/wp-content\/uploads\/2025\/12\/4.jpg\",\"contentUrl\":\"https:\/\/marriageagencyru.com\/wp-content\/uploads\/2025\/12\/4.jpg\",\"width\":1024,\"height\":1024},{\"@type\":\"BreadcrumbList\",\"@id\":\"https:\/\/marriageagencyru.com\/fr\/produit\/%d1%87%d0%be%d0%bb%d0%be%d0%b2%d1%96%d0%ba-%d1%8f%d0%ba%d0%b8%d0%b9-%d0%be%d0%b1%d0%be%d0%b6%d0%bd%d1%8e%d1%94-%d0%b4%d1%96%d1%82%d0%b5%d0%b9-%d1%96-%d0%bf%d0%be%d0%b2%d0%b0%d0%b6%d0%b0%d1%94-%d0%b4\/#breadcrumb\",\"itemListElement\":[{\"@type\":\"ListItem\",\"position\":1,\"name\":\"Home\",\"item\":\"https:\/\/marriageagencyru.com\/\"},{\"@type\":\"ListItem\",\"position\":2,\"name\":\"Shop\",\"item\":\"https:\/\/marriageagencyru.com\/shop\/\"},{\"@type\":\"ListItem\",\"position\":3,\"name\":\"\u0427\u043e\u043b\u043e\u0432\u0456\u043a, \u044f\u043a\u0438\u0439 \u043e\u0431\u043e\u0436\u043d\u044e\u0454 \u0434\u0456\u0442\u0435\u0439 \u0456 \u043f\u043e\u0432\u0430\u0436\u0430\u0454 \u0434\u0440\u0443\u0436\u0438\u043d\u0443.\"}]},{\"@type\":\"WebSite\",\"@id\":\"https:\/\/marriageagencyru.com\/#website\",\"url\":\"https:\/\/marriageagencyru.com\/\",\"name\":\"marriageagencyru.com\",\"description\":\"\u041c\u0435\u0436\u0434\u0443\u043d\u0430\u0440\u043e\u0434\u043d\u043e\u0435 \u0431\u0440\u0430\u0447\u043d\u043e\u0435 \u0430\u0433\u0435\u043d\u0442\u0441\u0442\u0432\u043e marriageagencyru | \u0420\u043e\u0441\u0441\u0438\u044f, \u0411\u0435\u043b\u0430\u0440\u0443\u0441\u044c, \u0423\u043a\u0440\u0430\u0438\u043d\u0430 | \u042d\u043b\u0438\u0442\u043d\u044b\u0435 \u0437\u043d\u0430\u043a\u043e\u043c\u0441\u0442\u0432\u0430 \u0432 \u041a\u0438\u0442\u0430\u0435\",\"alternateName\":\"\u0412\u044b\u0439\u0442\u0438 \u0437\u0430\u043c\u0443\u0436 \u0432 \u041a\u0438\u0442\u0430\u0439: \u0411\u0440\u0430\u0447\u043d\u043e\u0435 \u0430\u0433\u0435\u043d\u0442\u0441\u0442\u0432\u043e \u0434\u043b\u044f \u0420\u043e\u0441\u0441\u0438\u0438, \u0423\u043a\u0440\u0430\u0438\u043d\u044b \u0438 \u0411\u0435\u043b\u0430\u0440\u0443\u0441\u0438 | marriageagencyru\",\"potentialAction\":[{\"@type\":\"SearchAction\",\"target\":{\"@type\":\"EntryPoint\",\"urlTemplate\":\"https:\/\/marriageagencyru.com\/?s={search_term_string}\"},\"query-input\":{\"@type\":\"PropertyValueSpecification\",\"valueRequired\":true,\"valueName\":\"search_term_string\"}}],\"inLanguage\":\"es\"}]}<\/script>\n<!-- \/ Yoast SEO plugin. -->","yoast_head_json":{"title":"\u0427\u043e\u043b\u043e\u0432\u0456\u043a, \u044f\u043a\u0438\u0439 \u043e\u0431\u043e\u0436\u043d\u044e\u0454 \u0434\u0456\u0442\u0435\u0439 \u0456 \u043f\u043e\u0432\u0430\u0436\u0430\u0454 \u0434\u0440\u0443\u0436\u0438\u043d\u0443. \u041c\u0435\u0436\u0434\u0443\u043d\u0430\u0440\u043e\u0434\u043d\u043e\u0435 \u0431\u0440\u0430\u0447\u043d\u043e\u0435 \u0430\u0433\u0435\u043d\u0442\u0441\u0442\u0432\u043e: \u0417\u043d\u0430\u043a\u043e\u043c\u0441\u0442\u0432\u0430 \u0420\u043e\u0441\u0441\u0438\u044f, \u0423\u043a\u0440\u0430\u0438\u043d\u0430, \u0411\u0435\u043b\u0430\u0440\u0443\u0441\u044c \u0438 \u041a\u0438\u0442\u0430\u0439","robots":{"index":"index","follow":"follow","max-snippet":"max-snippet:-1","max-image-preview":"max-image-preview:large","max-video-preview":"max-video-preview:-1"},"canonical":"https:\/\/marriageagencyru.com\/es\/producto\/\u0447\u043e\u043b\u043e\u0432\u0456\u043a-\u044f\u043a\u0438\u0439-\u043e\u0431\u043e\u0436\u043d\u044e\u0454-\u0434\u0456\u0442\u0435\u0439-\u0456-\u043f\u043e\u0432\u0430\u0436\u0430\u0454-\u0434\/","og_locale":"es_ES","og_type":"article","og_title":"\u0427\u043e\u043b\u043e\u0432\u0456\u043a, \u044f\u043a\u0438\u0439 \u043e\u0431\u043e\u0436\u043d\u044e\u0454 \u0434\u0456\u0442\u0435\u0439 \u0456 \u043f\u043e\u0432\u0430\u0436\u0430\u0454 \u0434\u0440\u0443\u0436\u0438\u043d\u0443. \u041c\u0435\u0436\u0434\u0443\u043d\u0430\u0440\u043e\u0434\u043d\u043e\u0435 \u0431\u0440\u0430\u0447\u043d\u043e\u0435 \u0430\u0433\u0435\u043d\u0442\u0441\u0442\u0432\u043e: \u0417\u043d\u0430\u043a\u043e\u043c\u0441\u0442\u0432\u0430 \u0420\u043e\u0441\u0441\u0438\u044f, \u0423\u043a\u0440\u0430\u0438\u043d\u0430, \u0411\u0435\u043b\u0430\u0440\u0443\u0441\u044c \u0438 \u041a\u0438\u0442\u0430\u0439","og_description":"\u0414\u043b\u044f \u0442\u0435\u0445, \u043a\u0442\u043e \u0440\u0430\u0431\u043e\u0442\u0430\u0435\u0442 \u043f\u043e \u043a\u043e\u043d\u0442\u0440\u0430\u043a\u0442\u0430\u043c (Arts\/Models Focus) \u041e\u0447\u0435\u043d\u044c \u0432\u0430\u0436\u043d\u044b\u0439 \u0441\u0435\u0433\u043c\u0435\u043d\u0442. \u041c\u043d\u043e\u0433\u043e \u0443\u043a\u0440\u0430\u0438\u043d\u043e\u043a \u0440\u0430\u0431\u043e\u0442\u0430\u044e\u0442 \u0432 \u041a\u0438\u0442\u0430\u0435 \u0442\u0430\u043d\u0446\u043e\u0432\u0449\u0438\u0446\u0430\u043c\u0438, \u043c\u043e\u0434\u0435\u043b\u044f\u043c\u0438 \u0438\u043b\u0438 \u0443\u0447\u0438\u0442\u0435\u043b\u044f\u043c\u0438. \u0423 \u043d\u0438\u0445 \u0437\u0430\u043a\u0430\u043d\u0447\u0438\u0432\u0430\u044e\u0442\u0441\u044f \u0432\u0438\u0437\u044b\/\u043a\u043e\u043d\u0442\u0440\u0430\u043a\u0442\u044b, \u0438 \u043e\u043d\u0438 \u043d\u0435 \u0445\u043e\u0442\u044f\u0442 \u0432\u043e\u0437\u0432\u0440\u0430\u0449\u0430\u0442\u044c\u0441\u044f \u0432 \u043d\u0435\u043e\u043f\u0440\u0435\u0434\u0435\u043b\u0435\u043d\u043d\u043e\u0441\u0442\u044c. \u0417\u0430\u0433\u043e\u043b\u043e\u0432\u043e\u043a: \u0422\u0432\u0456\u0439 \u043a\u043e\u043d\u0442\u0440\u0430\u043a\u0442 \u0437\u0430\u043a\u0456\u043d\u0447\u0443\u0454\u0442\u044c\u0441\u044f? \u0417\u0430\u043b\u0438\u0448\u0441\u044f \u0432 \u041a\u0438\u0442\u0430\u0457 \u0443 \u043d\u043e\u0432\u043e\u043c\u0443 \u0441\u0442\u0430\u0442\u0443\u0441\u0456! \u0422\u0438 \u0432\u0436\u0435 \u0437\u043d\u0430\u0454\u0448 \u041a\u0438\u0442\u0430\u0439. \u0422\u0438 \u0437\u0432\u0438\u043a\u043b\u0430 \u0434\u043e \u0446\u044c\u043e\u0433\u043e \u0440\u0438\u0442\u043c\u0443, \u0434\u043e \u0441\u043c\u0430\u0447\u043d\u043e\u0457 \u0457\u0436\u0456 \u0442\u0430 \u0431\u0435\u0437\u043f\u0435\u043a\u0438. [&hellip;]","og_url":"https:\/\/marriageagencyru.com\/es\/producto\/\u0447\u043e\u043b\u043e\u0432\u0456\u043a-\u044f\u043a\u0438\u0439-\u043e\u0431\u043e\u0436\u043d\u044e\u0454-\u0434\u0456\u0442\u0435\u0439-\u0456-\u043f\u043e\u0432\u0430\u0436\u0430\u0454-\u0434\/","og_site_name":"marriageagencyru.com","og_image":[{"width":1024,"height":1024,"url":"https:\/\/marriageagencyru.com\/wp-content\/uploads\/2025\/12\/4.jpg","type":"image\/jpeg"}],"twitter_card":"summary_large_image","schema":{"@context":"https:\/\/schema.org","@graph":[{"@type":"WebPage","@id":"https:\/\/marriageagencyru.com\/fr\/produit\/%d1%87%d0%be%d0%bb%d0%be%d0%b2%d1%96%d0%ba-%d1%8f%d0%ba%d0%b8%d0%b9-%d0%be%d0%b1%d0%be%d0%b6%d0%bd%d1%8e%d1%94-%d0%b4%d1%96%d1%82%d0%b5%d0%b9-%d1%96-%d0%bf%d0%be%d0%b2%d0%b0%d0%b6%d0%b0%d1%94-%d0%b4\/","url":"https:\/\/marriageagencyru.com\/fr\/produit\/%d1%87%d0%be%d0%bb%d0%be%d0%b2%d1%96%d0%ba-%d1%8f%d0%ba%d0%b8%d0%b9-%d0%be%d0%b1%d0%be%d0%b6%d0%bd%d1%8e%d1%94-%d0%b4%d1%96%d1%82%d0%b5%d0%b9-%d1%96-%d0%bf%d0%be%d0%b2%d0%b0%d0%b6%d0%b0%d1%94-%d0%b4\/","name":"\u0427\u043e\u043b\u043e\u0432\u0456\u043a, \u044f\u043a\u0438\u0439 \u043e\u0431\u043e\u0436\u043d\u044e\u0454 \u0434\u0456\u0442\u0435\u0439 \u0456 \u043f\u043e\u0432\u0430\u0436\u0430\u0454 \u0434\u0440\u0443\u0436\u0438\u043d\u0443. \u041c\u0435\u0436\u0434\u0443\u043d\u0430\u0440\u043e\u0434\u043d\u043e\u0435 \u0431\u0440\u0430\u0447\u043d\u043e\u0435 \u0430\u0433\u0435\u043d\u0442\u0441\u0442\u0432\u043e: \u0417\u043d\u0430\u043a\u043e\u043c\u0441\u0442\u0432\u0430 \u0420\u043e\u0441\u0441\u0438\u044f, \u0423\u043a\u0440\u0430\u0438\u043d\u0430, \u0411\u0435\u043b\u0430\u0440\u0443\u0441\u044c \u0438 \u041a\u0438\u0442\u0430\u0439","isPartOf":{"@id":"https:\/\/marriageagencyru.com\/#website"},"primaryImageOfPage":{"@id":"https:\/\/marriageagencyru.com\/fr\/produit\/%d1%87%d0%be%d0%bb%d0%be%d0%b2%d1%96%d0%ba-%d1%8f%d0%ba%d0%b8%d0%b9-%d0%be%d0%b1%d0%be%d0%b6%d0%bd%d1%8e%d1%94-%d0%b4%d1%96%d1%82%d0%b5%d0%b9-%d1%96-%d0%bf%d0%be%d0%b2%d0%b0%d0%b6%d0%b0%d1%94-%d0%b4\/#primaryimage"},"image":{"@id":"https:\/\/marriageagencyru.com\/fr\/produit\/%d1%87%d0%be%d0%bb%d0%be%d0%b2%d1%96%d0%ba-%d1%8f%d0%ba%d0%b8%d0%b9-%d0%be%d0%b1%d0%be%d0%b6%d0%bd%d1%8e%d1%94-%d0%b4%d1%96%d1%82%d0%b5%d0%b9-%d1%96-%d0%bf%d0%be%d0%b2%d0%b0%d0%b6%d0%b0%d1%94-%d0%b4\/#primaryimage"},"thumbnailUrl":"https:\/\/marriageagencyru.com\/wp-content\/uploads\/2025\/12\/4.jpg","datePublished":"2025-12-23T04:17:31+00:00","breadcrumb":{"@id":"https:\/\/marriageagencyru.com\/fr\/produit\/%d1%87%d0%be%d0%bb%d0%be%d0%b2%d1%96%d0%ba-%d1%8f%d0%ba%d0%b8%d0%b9-%d0%be%d0%b1%d0%be%d0%b6%d0%bd%d1%8e%d1%94-%d0%b4%d1%96%d1%82%d0%b5%d0%b9-%d1%96-%d0%bf%d0%be%d0%b2%d0%b0%d0%b6%d0%b0%d1%94-%d0%b4\/#breadcrumb"},"inLanguage":"es","potentialAction":[{"@type":"ReadAction","target":["https:\/\/marriageagencyru.com\/fr\/produit\/%d1%87%d0%be%d0%bb%d0%be%d0%b2%d1%96%d0%ba-%d1%8f%d0%ba%d0%b8%d0%b9-%d0%be%d0%b1%d0%be%d0%b6%d0%bd%d1%8e%d1%94-%d0%b4%d1%96%d1%82%d0%b5%d0%b9-%d1%96-%d0%bf%d0%be%d0%b2%d0%b0%d0%b6%d0%b0%d1%94-%d0%b4\/"]}]},{"@type":"ImageObject","inLanguage":"es","@id":"https:\/\/marriageagencyru.com\/fr\/produit\/%d1%87%d0%be%d0%bb%d0%be%d0%b2%d1%96%d0%ba-%d1%8f%d0%ba%d0%b8%d0%b9-%d0%be%d0%b1%d0%be%d0%b6%d0%bd%d1%8e%d1%94-%d0%b4%d1%96%d1%82%d0%b5%d0%b9-%d1%96-%d0%bf%d0%be%d0%b2%d0%b0%d0%b6%d0%b0%d1%94-%d0%b4\/#primaryimage","url":"https:\/\/marriageagencyru.com\/wp-content\/uploads\/2025\/12\/4.jpg","contentUrl":"https:\/\/marriageagencyru.com\/wp-content\/uploads\/2025\/12\/4.jpg","width":1024,"height":1024},{"@type":"BreadcrumbList","@id":"https:\/\/marriageagencyru.com\/fr\/produit\/%d1%87%d0%be%d0%bb%d0%be%d0%b2%d1%96%d0%ba-%d1%8f%d0%ba%d0%b8%d0%b9-%d0%be%d0%b1%d0%be%d0%b6%d0%bd%d1%8e%d1%94-%d0%b4%d1%96%d1%82%d0%b5%d0%b9-%d1%96-%d0%bf%d0%be%d0%b2%d0%b0%d0%b6%d0%b0%d1%94-%d0%b4\/#breadcrumb","itemListElement":[{"@type":"ListItem","position":1,"name":"Home","item":"https:\/\/marriageagencyru.com\/"},{"@type":"ListItem","position":2,"name":"Shop","item":"https:\/\/marriageagencyru.com\/shop\/"},{"@type":"ListItem","position":3,"name":"\u0427\u043e\u043b\u043e\u0432\u0456\u043a, \u044f\u043a\u0438\u0439 \u043e\u0431\u043e\u0436\u043d\u044e\u0454 \u0434\u0456\u0442\u0435\u0439 \u0456 \u043f\u043e\u0432\u0430\u0436\u0430\u0454 \u0434\u0440\u0443\u0436\u0438\u043d\u0443."}]},{"@type":"WebSite","@id":"https:\/\/marriageagencyru.com\/#website","url":"https:\/\/marriageagencyru.com\/","name":"agencia matrimonialru.com","description":"Agencia Matrimonial Internacional marriageagencyru | Rusia, Bielorrusia, Ucrania | Elite Dating in China","alternateName":"\u0412\u044b\u0439\u0442\u0438 \u0437\u0430\u043c\u0443\u0436 \u0432 \u041a\u0438\u0442\u0430\u0439: \u0411\u0440\u0430\u0447\u043d\u043e\u0435 \u0430\u0433\u0435\u043d\u0442\u0441\u0442\u0432\u043e \u0434\u043b\u044f \u0420\u043e\u0441\u0441\u0438\u0438, \u0423\u043a\u0440\u0430\u0438\u043d\u044b \u0438 \u0411\u0435\u043b\u0430\u0440\u0443\u0441\u0438 | marriageagencyru","potentialAction":[{"@type":"SearchAction","target":{"@type":"EntryPoint","urlTemplate":"https:\/\/marriageagencyru.com\/?s={search_term_string}"},"query-input":{"@type":"PropertyValueSpecification","valueRequired":true,"valueName":"search_term_string"}}],"inLanguage":"es"}]}},"_links":{"self":[{"href":"https:\/\/marriageagencyru.com\/es\/wp-json\/wp\/v2\/product\/380","targetHints":{"allow":["GET"]}}],"collection":[{"href":"https:\/\/marriageagencyru.com\/es\/wp-json\/wp\/v2\/product"}],"about":[{"href":"https:\/\/marriageagencyru.com\/es\/wp-json\/wp\/v2\/types\/product"}],"replies":[{"embeddable":true,"href":"https:\/\/marriageagencyru.com\/es\/wp-json\/wp\/v2\/comments?post=380"}],"wp:featuredmedia":[{"embeddable":true,"href":"https:\/\/marriageagencyru.com\/es\/wp-json\/wp\/v2\/media\/127"}],"wp:attachment":[{"href":"https:\/\/marriageagencyru.com\/es\/wp-json\/wp\/v2\/media?parent=380"}],"wp:term":[{"taxonomy":"product_brand","embeddable":true,"href":"https:\/\/marriageagencyru.com\/es\/wp-json\/wp\/v2\/product_brand?post=380"},{"taxonomy":"product_cat","embeddable":true,"href":"https:\/\/marriageagencyru.com\/es\/wp-json\/wp\/v2\/product_cat?post=380"},{"taxonomy":"product_tag","embeddable":true,"href":"https:\/\/marriageagencyru.com\/es\/wp-json\/wp\/v2\/product_tag?post=380"}],"curies":[{"name":"wp","href":"https:\/\/api.w.org\/{rel}","templated":true}]}}