{"id":295,"date":"2025-12-23T04:10:36","date_gmt":"2025-12-23T04:10:36","guid":{"rendered":"https:\/\/marriageagencyru.com\/product\/%d1%8d%d0%ba%d1%81%d0%ba%d0%bb%d1%8e%d0%b7%d0%b8%d0%b2%d0%bd%d0%b0%d1%8f-%d1%81%d0%b2%d0%b0%d1%85%d0%b0\/"},"modified":"2025-12-23T04:10:36","modified_gmt":"2025-12-23T04:10:36","slug":"casamentero-exclusivo","status":"publish","type":"product","link":"https:\/\/marriageagencyru.com\/es\/producto\/casamentero-exclusivo\/","title":{"rendered":"Casamentera exclusiva"},"content":{"rendered":"<h3 data-path-to-node=\"3\">\u00c9nfasis en la seguridad y el nuevo comienzo<\/h3>\n<p data-path-to-node=\"4\"><i data-path-to-node=\"4\" data-index-in-node=\"0\">Este texto es adecuado para mujeres que buscan un refugio seguro y confianza en el futuro.<\/i><\/p>\n<p data-path-to-node=\"5\"><b data-path-to-node=\"5\" data-index-in-node=\"0\">T\u00edtulo: Su seguridad y su futuro pr\u00f3spero. Nueva vida en China (Foshan).<\/b><\/p>\n<p data-path-to-node=\"6\">Hoy en d\u00eda, toda mujer ucraniana sue\u00f1a con paz, estabilidad y el hombro de un hombre fuerte cerca. Europa est\u00e1 superpoblada, pero hay un lugar donde te mirar\u00e1n con respeto y amor: la China Oriental.<\/p>\n<p data-path-to-node=\"7\">Agencia Internacional del Amor <b data-path-to-node=\"7\" data-index-in-node=\"28\">Reuni\u00f3nAmbos<\/b> invita a chicas menores de 30 a\u00f1os a conocer a la gente de Foshan. Aqu\u00ed, en la pr\u00f3spera regi\u00f3n de Guangdong, no solo encontrar\u00e1s seguridad, sino tambi\u00e9n un alto nivel de vida.<\/p>\n<p data-path-to-node=\"8\"><b data-path-to-node=\"8\" data-index-in-node=\"0\">Nuestros clientes son chinos de \u00e9xito que:<\/b><\/p>\n<ol start=\"1\" data-path-to-node=\"9\">\n<li>\n<p data-path-to-node=\"9,0,0\">Sue\u00f1an con un amigo de Ucrania (su belleza y econom\u00eda son legendarias aqu\u00ed).<\/p>\n<\/li>\n<li>\n<p data-path-to-node=\"9,1,0\">Listo para mantener plenamente a la familia.<\/p>\n<\/li>\n<li>\n<p data-path-to-node=\"9,2,0\">Buscan una relaci\u00f3n seria, no una aventura.<\/p>\n<\/li>\n<\/ol>\n<p data-path-to-node=\"10\"><b data-path-to-node=\"10\" data-index-in-node=\"0\">Umovi para ti:<\/b><\/p>\n<ul data-path-to-node=\"11\">\n<li>\n<p data-path-to-node=\"11,0,0\"><b data-path-to-node=\"11,0,0\" data-index-in-node=\"0\">Sin gastos:<\/b> Todos los gastos de b\u00fasqueda de pareja corren a cargo del hombre.<\/p>\n<\/li>\n<li>\n<p data-path-to-node=\"11,1,0\"><b data-path-to-node=\"11,1,0\" data-index-in-node=\"0\">Pepless:<\/b> Investigamos a todos los candidatos.<\/p>\n<\/li>\n<li>\n<p data-path-to-node=\"11,2,0\"><b data-path-to-node=\"11,2,0\" data-index-in-node=\"0\">De verdad:<\/b> S\u00f3lo reuniones en directo en la ciudad de Foshan.<\/p>\n<\/li>\n<\/ul>\n<p data-path-to-node=\"12\">Perm\u00edtete ser feliz all\u00ed donde te aprecian.<\/p>\n<p data-path-to-node=\"13\">\ud83d\udce9 <b data-path-to-node=\"13\" data-index-in-node=\"3\">Nadsilaite cuestionario (foto + rozpovid' acerca de ti mismo):<\/b> nolan@meetingboth.com<\/p>\n<hr data-path-to-node=\"14\" \/>\n<h3 data-path-to-node=\"15\">Opci\u00f3n 2: Para los que ya est\u00e1n en Asia\/China (Expats Focus)<\/h3>\n<p data-path-to-node=\"16\"><i data-path-to-node=\"16\" data-index-in-node=\"0\">Centrado en mujeres ucranianas que ya han viajado al extranjero o est\u00e1n en China (modelos, estudiantes, profesoras).<\/i><\/p>\n<p data-path-to-node=\"17\"><b data-path-to-node=\"17\" data-index-in-node=\"0\">T\u00edtulo: \u00bfYa est\u00e1s en China? \u00a1Encuentra tu amor sin salir de casa!<\/b><\/p>\n<p data-path-to-node=\"18\">Muchas ucranianas viven ahora en China o Asia. Ya conocen esta cultura, les gusta este ritmo. Pero es dif\u00edcil encontrar un buen hombre por su cuenta.<\/p>\n<p data-path-to-node=\"19\">Agencia <b data-path-to-node=\"19\" data-index-in-node=\"10\">Reuni\u00f3nAmbos<\/b> (ubicaci\u00f3n: Foshan) ofrece citas exclusivas para mujeres ucranianas de hasta 30 a\u00f1os.<\/p>\n<p data-path-to-node=\"20\"><b data-path-to-node=\"20\" data-index-in-node=\"0\">\u00bfPor qu\u00e9 acudir a nosotros?<\/b><\/p>\n<ul data-path-to-node=\"21\">\n<li>\n<p data-path-to-node=\"21,0,0\"><b data-path-to-node=\"21,0,0\" data-index-in-node=\"0\">Nivel de \u00e9lite:<\/b> Trabajamos con empresarios y altos directivos, a los que no encontrar\u00e1 en la calle ni en Tinderi.<\/p>\n<\/li>\n<li>\n<p data-path-to-node=\"21,1,0\"><b data-path-to-node=\"21,1,0\" data-index-in-node=\"0\">Intenciones serias:<\/b> Nuestros clientes est\u00e1n preparados para hacer el amor. Necesitamos una pareja.<\/p>\n<\/li>\n<li>\n<p data-path-to-node=\"21,2,0\"><b data-path-to-node=\"21,2,0\" data-index-in-node=\"0\">Comodidad:<\/b> Las reuniones se celebran en los mejores restaurantes de Foshan.<\/p>\n<\/li>\n<li>\n<p data-path-to-node=\"21,3,0\"><b data-path-to-node=\"21,3,0\" data-index-in-node=\"0\">Vale:<\/b> Para las chicas - 0 UAH.<\/p>\n<\/li>\n<\/ul>\n<p data-path-to-node=\"22\">No pierda tiempo. Su parte puede estar a la vuelta de la esquina.<\/p>\n<p data-path-to-node=\"23\">\ud83d\udcf2 <b data-path-to-node=\"23\" data-index-in-node=\"3\">Escr\u00edbanos:<\/b> nolan@meetingboth.com<\/p>","protected":false},"excerpt":{"rendered":"<p>\u0410\u043a\u0446\u0435\u043d\u0442 \u043d\u0430 \u0411\u0435\u0437\u043e\u043f\u0430\u0441\u043d\u043e\u0441\u0442\u044c \u0438 \u041d\u043e\u0432\u0443\u044e \u0416\u0438\u0437\u043d\u044c (Safety &amp; New Start) \u042d\u0442\u043e\u0442 \u0442\u0435\u043a\u0441\u0442 \u043f\u043e\u0434\u0445\u043e\u0434\u0438\u0442 \u0434\u043b\u044f \u0436\u0435\u043d\u0449\u0438\u043d, \u043a\u043e\u0442\u043e\u0440\u044b\u0435 \u0438\u0449\u0443\u0442 \u0441\u043f\u043e\u043a\u043e\u0439\u043d\u0443\u044e \u0433\u0430\u0432\u0430\u043d\u044c \u0438 \u0443\u0432\u0435\u0440\u0435\u043d\u043d\u043e\u0441\u0442\u044c \u0432 \u0437\u0430\u0432\u0442\u0440\u0430\u0448\u043d\u0435\u043c \u0434\u043d\u0435. \u0417\u0430\u0433\u043e\u043b\u043e\u0432\u043e\u043a: \u0412\u0430\u0448\u0430 \u0431\u0435\u0437\u043f\u0435\u043a\u0430 \u0442\u0430 \u0449\u0430\u0441\u043b\u0438\u0432\u0435 \u043c\u0430\u0439\u0431\u0443\u0442\u043d\u0454. \u041d\u043e\u0432\u0435 \u0436\u0438\u0442\u0442\u044f \u0432 \u041a\u0438\u0442\u0430\u0457 (\u0424\u043e\u0448\u0430\u043d\u044c). \u0421\u044c\u043e\u0433\u043e\u0434\u043d\u0456 \u043a\u043e\u0436\u043d\u0430 \u0443\u043a\u0440\u0430\u0457\u043d\u0441\u044c\u043a\u0430 \u0436\u0456\u043d\u043a\u0430 \u043c\u0440\u0456\u0454 \u043f\u0440\u043e \u043c\u0438\u0440, \u0441\u0442\u0430\u0431\u0456\u043b\u044c\u043d\u0456\u0441\u0442\u044c \u0442\u0430 \u043c\u0456\u0446\u043d\u0435 \u0447\u043e\u043b\u043e\u0432\u0456\u0447\u0435 \u043f\u043b\u0435\u0447\u0435 \u043f\u043e\u0440\u0443\u0447. \u0404\u0432\u0440\u043e\u043f\u0430 \u043f\u0435\u0440\u0435\u043f\u043e\u0432\u043d\u0435\u043d\u0430, \u0430\u043b\u0435 \u0454 \u043c\u0456\u0441\u0446\u0435, \u0434\u0435 \u043d\u0430 [&hellip;]<\/p>","protected":false},"featured_media":199,"comment_status":"open","ping_status":"closed","template":"","meta":{"_et_pb_use_builder":"","_et_pb_old_content":"","_et_gb_content_width":""},"product_brand":[],"product_cat":[],"product_tag":[],"class_list":{"0":"post-295","1":"product","2":"type-product","3":"status-publish","4":"has-post-thumbnail","7":"first","8":"instock","9":"shipping-taxable","10":"purchasable","11":"product-type-simple"},"yoast_head":"<!-- This site is optimized with the Yoast SEO plugin v27.4 - https:\/\/yoast.com\/product\/yoast-seo-wordpress\/ -->\n<title>\u042d\u043a\u0441\u043a\u043b\u044e\u0437\u0438\u0432\u043d\u0430\u044f \u0441\u0432\u0430\u0445\u0430 \u041c\u0435\u0436\u0434\u0443\u043d\u0430\u0440\u043e\u0434\u043d\u043e\u0435 \u0431\u0440\u0430\u0447\u043d\u043e\u0435 \u0430\u0433\u0435\u043d\u0442\u0441\u0442\u0432\u043e: \u0417\u043d\u0430\u043a\u043e\u043c\u0441\u0442\u0432\u0430 \u0420\u043e\u0441\u0441\u0438\u044f, \u0423\u043a\u0440\u0430\u0438\u043d\u0430, \u0411\u0435\u043b\u0430\u0440\u0443\u0441\u044c \u0438 \u041a\u0438\u0442\u0430\u0439<\/title>\n<meta name=\"robots\" content=\"index, follow, max-snippet:-1, max-image-preview:large, max-video-preview:-1\" \/>\n<link rel=\"canonical\" href=\"https:\/\/marriageagencyru.com\/es\/producto\/casamentero-exclusivo\/\" \/>\n<meta property=\"og:locale\" content=\"es_ES\" \/>\n<meta property=\"og:type\" content=\"article\" \/>\n<meta property=\"og:title\" content=\"\u042d\u043a\u0441\u043a\u043b\u044e\u0437\u0438\u0432\u043d\u0430\u044f \u0441\u0432\u0430\u0445\u0430 \u041c\u0435\u0436\u0434\u0443\u043d\u0430\u0440\u043e\u0434\u043d\u043e\u0435 \u0431\u0440\u0430\u0447\u043d\u043e\u0435 \u0430\u0433\u0435\u043d\u0442\u0441\u0442\u0432\u043e: \u0417\u043d\u0430\u043a\u043e\u043c\u0441\u0442\u0432\u0430 \u0420\u043e\u0441\u0441\u0438\u044f, \u0423\u043a\u0440\u0430\u0438\u043d\u0430, \u0411\u0435\u043b\u0430\u0440\u0443\u0441\u044c \u0438 \u041a\u0438\u0442\u0430\u0439\" \/>\n<meta property=\"og:description\" content=\"\u0410\u043a\u0446\u0435\u043d\u0442 \u043d\u0430 \u0411\u0435\u0437\u043e\u043f\u0430\u0441\u043d\u043e\u0441\u0442\u044c \u0438 \u041d\u043e\u0432\u0443\u044e \u0416\u0438\u0437\u043d\u044c (Safety &amp; New Start) \u042d\u0442\u043e\u0442 \u0442\u0435\u043a\u0441\u0442 \u043f\u043e\u0434\u0445\u043e\u0434\u0438\u0442 \u0434\u043b\u044f \u0436\u0435\u043d\u0449\u0438\u043d, \u043a\u043e\u0442\u043e\u0440\u044b\u0435 \u0438\u0449\u0443\u0442 \u0441\u043f\u043e\u043a\u043e\u0439\u043d\u0443\u044e \u0433\u0430\u0432\u0430\u043d\u044c \u0438 \u0443\u0432\u0435\u0440\u0435\u043d\u043d\u043e\u0441\u0442\u044c \u0432 \u0437\u0430\u0432\u0442\u0440\u0430\u0448\u043d\u0435\u043c \u0434\u043d\u0435. \u0417\u0430\u0433\u043e\u043b\u043e\u0432\u043e\u043a: \u0412\u0430\u0448\u0430 \u0431\u0435\u0437\u043f\u0435\u043a\u0430 \u0442\u0430 \u0449\u0430\u0441\u043b\u0438\u0432\u0435 \u043c\u0430\u0439\u0431\u0443\u0442\u043d\u0454. \u041d\u043e\u0432\u0435 \u0436\u0438\u0442\u0442\u044f \u0432 \u041a\u0438\u0442\u0430\u0457 (\u0424\u043e\u0448\u0430\u043d\u044c). \u0421\u044c\u043e\u0433\u043e\u0434\u043d\u0456 \u043a\u043e\u0436\u043d\u0430 \u0443\u043a\u0440\u0430\u0457\u043d\u0441\u044c\u043a\u0430 \u0436\u0456\u043d\u043a\u0430 \u043c\u0440\u0456\u0454 \u043f\u0440\u043e \u043c\u0438\u0440, \u0441\u0442\u0430\u0431\u0456\u043b\u044c\u043d\u0456\u0441\u0442\u044c \u0442\u0430 \u043c\u0456\u0446\u043d\u0435 \u0447\u043e\u043b\u043e\u0432\u0456\u0447\u0435 \u043f\u043b\u0435\u0447\u0435 \u043f\u043e\u0440\u0443\u0447. \u0404\u0432\u0440\u043e\u043f\u0430 \u043f\u0435\u0440\u0435\u043f\u043e\u0432\u043d\u0435\u043d\u0430, \u0430\u043b\u0435 \u0454 \u043c\u0456\u0441\u0446\u0435, \u0434\u0435 \u043d\u0430 [&hellip;]\" \/>\n<meta property=\"og:url\" content=\"https:\/\/marriageagencyru.com\/es\/producto\/casamentero-exclusivo\/\" \/>\n<meta property=\"og:site_name\" content=\"marriageagencyru.com\" \/>\n<meta property=\"og:image\" content=\"https:\/\/marriageagencyru.com\/wp-content\/uploads\/2025\/12\/5.jpg\" \/>\n\t<meta property=\"og:image:width\" content=\"1024\" \/>\n\t<meta property=\"og:image:height\" content=\"1024\" \/>\n\t<meta property=\"og:image:type\" content=\"image\/jpeg\" \/>\n<meta name=\"twitter:card\" content=\"summary_large_image\" \/>\n<script type=\"application\/ld+json\" class=\"yoast-schema-graph\">{\"@context\":\"https:\\\/\\\/schema.org\",\"@graph\":[{\"@type\":\"WebPage\",\"@id\":\"https:\\\/\\\/marriageagencyru.com\\\/fr\\\/produit\\\/%d1%8d%d0%ba%d1%81%d0%ba%d0%bb%d1%8e%d0%b7%d0%b8%d0%b2%d0%bd%d0%b0%d1%8f-%d1%81%d0%b2%d0%b0%d1%85%d0%b0\\\/\",\"url\":\"https:\\\/\\\/marriageagencyru.com\\\/fr\\\/produit\\\/%d1%8d%d0%ba%d1%81%d0%ba%d0%bb%d1%8e%d0%b7%d0%b8%d0%b2%d0%bd%d0%b0%d1%8f-%d1%81%d0%b2%d0%b0%d1%85%d0%b0\\\/\",\"name\":\"\u042d\u043a\u0441\u043a\u043b\u044e\u0437\u0438\u0432\u043d\u0430\u044f \u0441\u0432\u0430\u0445\u0430 \u041c\u0435\u0436\u0434\u0443\u043d\u0430\u0440\u043e\u0434\u043d\u043e\u0435 \u0431\u0440\u0430\u0447\u043d\u043e\u0435 \u0430\u0433\u0435\u043d\u0442\u0441\u0442\u0432\u043e: \u0417\u043d\u0430\u043a\u043e\u043c\u0441\u0442\u0432\u0430 \u0420\u043e\u0441\u0441\u0438\u044f, \u0423\u043a\u0440\u0430\u0438\u043d\u0430, \u0411\u0435\u043b\u0430\u0440\u0443\u0441\u044c \u0438 \u041a\u0438\u0442\u0430\u0439\",\"isPartOf\":{\"@id\":\"https:\\\/\\\/marriageagencyru.com\\\/#website\"},\"primaryImageOfPage\":{\"@id\":\"https:\\\/\\\/marriageagencyru.com\\\/fr\\\/produit\\\/%d1%8d%d0%ba%d1%81%d0%ba%d0%bb%d1%8e%d0%b7%d0%b8%d0%b2%d0%bd%d0%b0%d1%8f-%d1%81%d0%b2%d0%b0%d1%85%d0%b0\\\/#primaryimage\"},\"image\":{\"@id\":\"https:\\\/\\\/marriageagencyru.com\\\/fr\\\/produit\\\/%d1%8d%d0%ba%d1%81%d0%ba%d0%bb%d1%8e%d0%b7%d0%b8%d0%b2%d0%bd%d0%b0%d1%8f-%d1%81%d0%b2%d0%b0%d1%85%d0%b0\\\/#primaryimage\"},\"thumbnailUrl\":\"https:\\\/\\\/marriageagencyru.com\\\/wp-content\\\/uploads\\\/2025\\\/12\\\/5.jpg\",\"datePublished\":\"2025-12-23T04:10:36+00:00\",\"breadcrumb\":{\"@id\":\"https:\\\/\\\/marriageagencyru.com\\\/fr\\\/produit\\\/%d1%8d%d0%ba%d1%81%d0%ba%d0%bb%d1%8e%d0%b7%d0%b8%d0%b2%d0%bd%d0%b0%d1%8f-%d1%81%d0%b2%d0%b0%d1%85%d0%b0\\\/#breadcrumb\"},\"inLanguage\":\"es\",\"potentialAction\":[{\"@type\":\"ReadAction\",\"target\":[\"https:\\\/\\\/marriageagencyru.com\\\/fr\\\/produit\\\/%d1%8d%d0%ba%d1%81%d0%ba%d0%bb%d1%8e%d0%b7%d0%b8%d0%b2%d0%bd%d0%b0%d1%8f-%d1%81%d0%b2%d0%b0%d1%85%d0%b0\\\/\"]}]},{\"@type\":\"ImageObject\",\"inLanguage\":\"es\",\"@id\":\"https:\\\/\\\/marriageagencyru.com\\\/fr\\\/produit\\\/%d1%8d%d0%ba%d1%81%d0%ba%d0%bb%d1%8e%d0%b7%d0%b8%d0%b2%d0%bd%d0%b0%d1%8f-%d1%81%d0%b2%d0%b0%d1%85%d0%b0\\\/#primaryimage\",\"url\":\"https:\\\/\\\/marriageagencyru.com\\\/wp-content\\\/uploads\\\/2025\\\/12\\\/5.jpg\",\"contentUrl\":\"https:\\\/\\\/marriageagencyru.com\\\/wp-content\\\/uploads\\\/2025\\\/12\\\/5.jpg\",\"width\":1024,\"height\":1024},{\"@type\":\"BreadcrumbList\",\"@id\":\"https:\\\/\\\/marriageagencyru.com\\\/fr\\\/produit\\\/%d1%8d%d0%ba%d1%81%d0%ba%d0%bb%d1%8e%d0%b7%d0%b8%d0%b2%d0%bd%d0%b0%d1%8f-%d1%81%d0%b2%d0%b0%d1%85%d0%b0\\\/#breadcrumb\",\"itemListElement\":[{\"@type\":\"ListItem\",\"position\":1,\"name\":\"Home\",\"item\":\"https:\\\/\\\/marriageagencyru.com\\\/\"},{\"@type\":\"ListItem\",\"position\":2,\"name\":\"Shop\",\"item\":\"https:\\\/\\\/marriageagencyru.com\\\/shop\\\/\"},{\"@type\":\"ListItem\",\"position\":3,\"name\":\"\u042d\u043a\u0441\u043a\u043b\u044e\u0437\u0438\u0432\u043d\u0430\u044f \u0441\u0432\u0430\u0445\u0430\"}]},{\"@type\":\"WebSite\",\"@id\":\"https:\\\/\\\/marriageagencyru.com\\\/#website\",\"url\":\"https:\\\/\\\/marriageagencyru.com\\\/\",\"name\":\"marriageagencyru.com\",\"description\":\"\u041c\u0435\u0436\u0434\u0443\u043d\u0430\u0440\u043e\u0434\u043d\u043e\u0435 \u0431\u0440\u0430\u0447\u043d\u043e\u0435 \u0430\u0433\u0435\u043d\u0442\u0441\u0442\u0432\u043e marriageagencyru | \u0420\u043e\u0441\u0441\u0438\u044f, \u0411\u0435\u043b\u0430\u0440\u0443\u0441\u044c, \u0423\u043a\u0440\u0430\u0438\u043d\u0430 | \u042d\u043b\u0438\u0442\u043d\u044b\u0435 \u0437\u043d\u0430\u043a\u043e\u043c\u0441\u0442\u0432\u0430 \u0432 \u041a\u0438\u0442\u0430\u0435\",\"alternateName\":\"\u0412\u044b\u0439\u0442\u0438 \u0437\u0430\u043c\u0443\u0436 \u0432 \u041a\u0438\u0442\u0430\u0439: \u0411\u0440\u0430\u0447\u043d\u043e\u0435 \u0430\u0433\u0435\u043d\u0442\u0441\u0442\u0432\u043e \u0434\u043b\u044f \u0420\u043e\u0441\u0441\u0438\u0438, \u0423\u043a\u0440\u0430\u0438\u043d\u044b \u0438 \u0411\u0435\u043b\u0430\u0440\u0443\u0441\u0438 | marriageagencyru\",\"potentialAction\":[{\"@type\":\"SearchAction\",\"target\":{\"@type\":\"EntryPoint\",\"urlTemplate\":\"https:\\\/\\\/marriageagencyru.com\\\/?s={search_term_string}\"},\"query-input\":{\"@type\":\"PropertyValueSpecification\",\"valueRequired\":true,\"valueName\":\"search_term_string\"}}],\"inLanguage\":\"es\"}]}<\/script>\n<!-- \/ Yoast SEO plugin. -->","yoast_head_json":{"title":"Exclusive Matchmaker Agencia Matrimonial Internacional: Citas Rusia, Ucrania, Bielorrusia y China","robots":{"index":"index","follow":"follow","max-snippet":"max-snippet:-1","max-image-preview":"max-image-preview:large","max-video-preview":"max-video-preview:-1"},"canonical":"https:\/\/marriageagencyru.com\/es\/producto\/casamentero-exclusivo\/","og_locale":"es_ES","og_type":"article","og_title":"\u042d\u043a\u0441\u043a\u043b\u044e\u0437\u0438\u0432\u043d\u0430\u044f \u0441\u0432\u0430\u0445\u0430 \u041c\u0435\u0436\u0434\u0443\u043d\u0430\u0440\u043e\u0434\u043d\u043e\u0435 \u0431\u0440\u0430\u0447\u043d\u043e\u0435 \u0430\u0433\u0435\u043d\u0442\u0441\u0442\u0432\u043e: \u0417\u043d\u0430\u043a\u043e\u043c\u0441\u0442\u0432\u0430 \u0420\u043e\u0441\u0441\u0438\u044f, \u0423\u043a\u0440\u0430\u0438\u043d\u0430, \u0411\u0435\u043b\u0430\u0440\u0443\u0441\u044c \u0438 \u041a\u0438\u0442\u0430\u0439","og_description":"\u0410\u043a\u0446\u0435\u043d\u0442 \u043d\u0430 \u0411\u0435\u0437\u043e\u043f\u0430\u0441\u043d\u043e\u0441\u0442\u044c \u0438 \u041d\u043e\u0432\u0443\u044e \u0416\u0438\u0437\u043d\u044c (Safety &amp; New Start) \u042d\u0442\u043e\u0442 \u0442\u0435\u043a\u0441\u0442 \u043f\u043e\u0434\u0445\u043e\u0434\u0438\u0442 \u0434\u043b\u044f \u0436\u0435\u043d\u0449\u0438\u043d, \u043a\u043e\u0442\u043e\u0440\u044b\u0435 \u0438\u0449\u0443\u0442 \u0441\u043f\u043e\u043a\u043e\u0439\u043d\u0443\u044e \u0433\u0430\u0432\u0430\u043d\u044c \u0438 \u0443\u0432\u0435\u0440\u0435\u043d\u043d\u043e\u0441\u0442\u044c \u0432 \u0437\u0430\u0432\u0442\u0440\u0430\u0448\u043d\u0435\u043c \u0434\u043d\u0435. \u0417\u0430\u0433\u043e\u043b\u043e\u0432\u043e\u043a: \u0412\u0430\u0448\u0430 \u0431\u0435\u0437\u043f\u0435\u043a\u0430 \u0442\u0430 \u0449\u0430\u0441\u043b\u0438\u0432\u0435 \u043c\u0430\u0439\u0431\u0443\u0442\u043d\u0454. \u041d\u043e\u0432\u0435 \u0436\u0438\u0442\u0442\u044f \u0432 \u041a\u0438\u0442\u0430\u0457 (\u0424\u043e\u0448\u0430\u043d\u044c). \u0421\u044c\u043e\u0433\u043e\u0434\u043d\u0456 \u043a\u043e\u0436\u043d\u0430 \u0443\u043a\u0440\u0430\u0457\u043d\u0441\u044c\u043a\u0430 \u0436\u0456\u043d\u043a\u0430 \u043c\u0440\u0456\u0454 \u043f\u0440\u043e \u043c\u0438\u0440, \u0441\u0442\u0430\u0431\u0456\u043b\u044c\u043d\u0456\u0441\u0442\u044c \u0442\u0430 \u043c\u0456\u0446\u043d\u0435 \u0447\u043e\u043b\u043e\u0432\u0456\u0447\u0435 \u043f\u043b\u0435\u0447\u0435 \u043f\u043e\u0440\u0443\u0447. \u0404\u0432\u0440\u043e\u043f\u0430 \u043f\u0435\u0440\u0435\u043f\u043e\u0432\u043d\u0435\u043d\u0430, \u0430\u043b\u0435 \u0454 \u043c\u0456\u0441\u0446\u0435, \u0434\u0435 \u043d\u0430 [&hellip;]","og_url":"https:\/\/marriageagencyru.com\/es\/producto\/casamentero-exclusivo\/","og_site_name":"marriageagencyru.com","og_image":[{"width":1024,"height":1024,"url":"https:\/\/marriageagencyru.com\/wp-content\/uploads\/2025\/12\/5.jpg","type":"image\/jpeg"}],"twitter_card":"summary_large_image","schema":{"@context":"https:\/\/schema.org","@graph":[{"@type":"WebPage","@id":"https:\/\/marriageagencyru.com\/fr\/produit\/%d1%8d%d0%ba%d1%81%d0%ba%d0%bb%d1%8e%d0%b7%d0%b8%d0%b2%d0%bd%d0%b0%d1%8f-%d1%81%d0%b2%d0%b0%d1%85%d0%b0\/","url":"https:\/\/marriageagencyru.com\/fr\/produit\/%d1%8d%d0%ba%d1%81%d0%ba%d0%bb%d1%8e%d0%b7%d0%b8%d0%b2%d0%bd%d0%b0%d1%8f-%d1%81%d0%b2%d0%b0%d1%85%d0%b0\/","name":"Exclusive Matchmaker Agencia Matrimonial Internacional: Citas Rusia, Ucrania, Bielorrusia y China","isPartOf":{"@id":"https:\/\/marriageagencyru.com\/#website"},"primaryImageOfPage":{"@id":"https:\/\/marriageagencyru.com\/fr\/produit\/%d1%8d%d0%ba%d1%81%d0%ba%d0%bb%d1%8e%d0%b7%d0%b8%d0%b2%d0%bd%d0%b0%d1%8f-%d1%81%d0%b2%d0%b0%d1%85%d0%b0\/#primaryimage"},"image":{"@id":"https:\/\/marriageagencyru.com\/fr\/produit\/%d1%8d%d0%ba%d1%81%d0%ba%d0%bb%d1%8e%d0%b7%d0%b8%d0%b2%d0%bd%d0%b0%d1%8f-%d1%81%d0%b2%d0%b0%d1%85%d0%b0\/#primaryimage"},"thumbnailUrl":"https:\/\/marriageagencyru.com\/wp-content\/uploads\/2025\/12\/5.jpg","datePublished":"2025-12-23T04:10:36+00:00","breadcrumb":{"@id":"https:\/\/marriageagencyru.com\/fr\/produit\/%d1%8d%d0%ba%d1%81%d0%ba%d0%bb%d1%8e%d0%b7%d0%b8%d0%b2%d0%bd%d0%b0%d1%8f-%d1%81%d0%b2%d0%b0%d1%85%d0%b0\/#breadcrumb"},"inLanguage":"es","potentialAction":[{"@type":"ReadAction","target":["https:\/\/marriageagencyru.com\/fr\/produit\/%d1%8d%d0%ba%d1%81%d0%ba%d0%bb%d1%8e%d0%b7%d0%b8%d0%b2%d0%bd%d0%b0%d1%8f-%d1%81%d0%b2%d0%b0%d1%85%d0%b0\/"]}]},{"@type":"ImageObject","inLanguage":"es","@id":"https:\/\/marriageagencyru.com\/fr\/produit\/%d1%8d%d0%ba%d1%81%d0%ba%d0%bb%d1%8e%d0%b7%d0%b8%d0%b2%d0%bd%d0%b0%d1%8f-%d1%81%d0%b2%d0%b0%d1%85%d0%b0\/#primaryimage","url":"https:\/\/marriageagencyru.com\/wp-content\/uploads\/2025\/12\/5.jpg","contentUrl":"https:\/\/marriageagencyru.com\/wp-content\/uploads\/2025\/12\/5.jpg","width":1024,"height":1024},{"@type":"BreadcrumbList","@id":"https:\/\/marriageagencyru.com\/fr\/produit\/%d1%8d%d0%ba%d1%81%d0%ba%d0%bb%d1%8e%d0%b7%d0%b8%d0%b2%d0%bd%d0%b0%d1%8f-%d1%81%d0%b2%d0%b0%d1%85%d0%b0\/#breadcrumb","itemListElement":[{"@type":"ListItem","position":1,"name":"Home","item":"https:\/\/marriageagencyru.com\/"},{"@type":"ListItem","position":2,"name":"Shop","item":"https:\/\/marriageagencyru.com\/shop\/"},{"@type":"ListItem","position":3,"name":"\u042d\u043a\u0441\u043a\u043b\u044e\u0437\u0438\u0432\u043d\u0430\u044f \u0441\u0432\u0430\u0445\u0430"}]},{"@type":"WebSite","@id":"https:\/\/marriageagencyru.com\/#website","url":"https:\/\/marriageagencyru.com\/","name":"agencia matrimonialru.com","description":"Agencia Matrimonial Internacional marriageagencyru | Rusia, Bielorrusia, Ucrania | Elite Dating in China","alternateName":"\u0412\u044b\u0439\u0442\u0438 \u0437\u0430\u043c\u0443\u0436 \u0432 \u041a\u0438\u0442\u0430\u0439: \u0411\u0440\u0430\u0447\u043d\u043e\u0435 \u0430\u0433\u0435\u043d\u0442\u0441\u0442\u0432\u043e \u0434\u043b\u044f \u0420\u043e\u0441\u0441\u0438\u0438, \u0423\u043a\u0440\u0430\u0438\u043d\u044b \u0438 \u0411\u0435\u043b\u0430\u0440\u0443\u0441\u0438 | marriageagencyru","potentialAction":[{"@type":"SearchAction","target":{"@type":"EntryPoint","urlTemplate":"https:\/\/marriageagencyru.com\/?s={search_term_string}"},"query-input":{"@type":"PropertyValueSpecification","valueRequired":true,"valueName":"search_term_string"}}],"inLanguage":"es"}]}},"_links":{"self":[{"href":"https:\/\/marriageagencyru.com\/es\/wp-json\/wp\/v2\/product\/295","targetHints":{"allow":["GET"]}}],"collection":[{"href":"https:\/\/marriageagencyru.com\/es\/wp-json\/wp\/v2\/product"}],"about":[{"href":"https:\/\/marriageagencyru.com\/es\/wp-json\/wp\/v2\/types\/product"}],"replies":[{"embeddable":true,"href":"https:\/\/marriageagencyru.com\/es\/wp-json\/wp\/v2\/comments?post=295"}],"wp:featuredmedia":[{"embeddable":true,"href":"https:\/\/marriageagencyru.com\/es\/wp-json\/wp\/v2\/media\/199"}],"wp:attachment":[{"href":"https:\/\/marriageagencyru.com\/es\/wp-json\/wp\/v2\/media?parent=295"}],"wp:term":[{"taxonomy":"product_brand","embeddable":true,"href":"https:\/\/marriageagencyru.com\/es\/wp-json\/wp\/v2\/product_brand?post=295"},{"taxonomy":"product_cat","embeddable":true,"href":"https:\/\/marriageagencyru.com\/es\/wp-json\/wp\/v2\/product_cat?post=295"},{"taxonomy":"product_tag","embeddable":true,"href":"https:\/\/marriageagencyru.com\/es\/wp-json\/wp\/v2\/product_tag?post=295"}],"curies":[{"name":"wp","href":"https:\/\/api.w.org\/{rel}","templated":true}]}}