{"id":207,"date":"2025-12-23T04:05:18","date_gmt":"2025-12-23T04:05:18","guid":{"rendered":"https:\/\/marriageagencyru.com\/product\/%d1%85%d0%be%d1%87%d1%83-%d1%81%d0%b5%d0%bc%d1%8c%d1%8e\/"},"modified":"2025-12-23T04:05:18","modified_gmt":"2025-12-23T04:05:18","slug":"%d1%85%d0%be%d1%87%d1%83-%d1%81%d0%b5%d0%bc%d1%8c%d1%8e","status":"publish","type":"product","link":"https:\/\/marriageagencyru.com\/es\/producto\/%d1%85%d0%be%d1%87%d1%83-%d1%81%d0%b5%d0%bc%d1%8c%d1%8e\/","title":{"rendered":"\u0425\u043e\u0447\u0443 \u0441\u0435\u043c\u044c\u044e"},"content":{"rendered":"<h3 data-path-to-node=\"2\">Centrarse en la ubicaci\u00f3n y el clima (estilo de vida y clima)<\/h3>\n<p data-path-to-node=\"3\"><i data-path-to-node=\"3\" data-index-in-node=\"0\">Texto para chicas cansadas del fr\u00edo, el invierno y la grisura. Vendemos \u00abverano eterno\u00bb y comodidad.<\/i><\/p>\n<p data-path-to-node=\"4\"><b data-path-to-node=\"4\" data-index-in-node=\"0\">Pie de foto: Vivir donde siempre hace calor. Tu traslado a Foshan.<\/b><\/p>\n<p data-path-to-node=\"5\">Imag\u00ednese: no se despierta por un despertador gris en un piso fr\u00edo, sino por los rayos del sol. Palmeras al otro lado de la ventana, y por la noche te espera la cena en un restaurante con vistas a la metr\u00f3poli nocturna.<\/p>\n<p data-path-to-node=\"6\">La provincia de Guangdong (donde se encuentra Foshan) es un para\u00edso subtropical. Aqu\u00ed no hay invierno, las flores florecen todo el a\u00f1o y el oc\u00e9ano est\u00e1 a un paso. Muy cerca est\u00e1n las resplandecientes Hong Kong y Macao.<\/p>\n<p data-path-to-node=\"7\"><b data-path-to-node=\"7\" data-index-in-node=\"0\">Pero el principal tesoro de este lugar son los hombres.<\/b> En Foshan viven personas trabajadoras y adineradas que sue\u00f1an con compartir esta comodidad con su amada esposa.<\/p>\n<p data-path-to-node=\"8\">Agencia <b data-path-to-node=\"8\" data-index-in-node=\"10\">Reuni\u00f3nAmbos<\/b> invita a las menores de 30 a\u00f1os a cambiar el clima y el destino.<\/p>\n<ul data-path-to-node=\"9\">\n<li>\n<p data-path-to-node=\"9,0,0\">Te pondremos en contacto con la \u00e9lite local.<\/p>\n<\/li>\n<li>\n<p data-path-to-node=\"9,1,0\">Organizamos la reuni\u00f3n al m\u00e1s alto nivel.<\/p>\n<\/li>\n<li>\n<p data-path-to-node=\"9,2,0\">Es gratis para ti.<\/p>\n<\/li>\n<\/ul>\n<p data-path-to-node=\"10\">Cambia el plum\u00edfero por un vestido ligero. Y la soledad por amor.<\/p>\n<p data-path-to-node=\"11\">\ud83c\udf34 <b data-path-to-node=\"11\" data-index-in-node=\"3\">Tu billete para el verano:<\/b> nolan@meetingboth.com<\/p>\n<hr data-path-to-node=\"12\" \/>\n<h3 data-path-to-node=\"13\">Opci\u00f3n 18: Psicolog\u00eda del cambio \/ Nuevo comienzo<\/h3>\n<p data-path-to-node=\"14\"><i data-path-to-node=\"14\" data-index-in-node=\"0\">Para los que quieren reiniciar su vida y empezar de nuevo.<\/i><\/p>\n<p data-path-to-node=\"15\"><b data-path-to-node=\"15\" data-index-in-node=\"0\">Pie de foto: Empieza tu historia con un borr\u00f3n y cuenta nueva en China.<\/b><\/p>\n<p data-path-to-node=\"16\">A veces tienes que irte lejos para encontrarte a ti mismo. A veces tienes que salir de tu c\u00edrculo social habitual para encontrar a tu persona.<\/p>\n<p data-path-to-node=\"17\">China es un planeta diferente. Aqu\u00ed hay otras reglas, otra energ\u00eda y una actitud completamente distinta hacia las mujeres. Aqu\u00ed puedes convertirte en lo que siempre has so\u00f1ado ser: amada, valorada, la \u00fanica.<\/p>\n<p data-path-to-node=\"18\"><b data-path-to-node=\"18\" data-index-in-node=\"0\">MeetingBoth (Foshan)<\/b> - esta es tu oportunidad de reiniciarte. No prometemos que vaya a ser f\u00e1cil (una cultura diferente es un reto). Pero prometemos que ser\u00e1 honesto, seguro y prometedor.<\/p>\n<p data-path-to-node=\"19\"><b data-path-to-node=\"19\" data-index-in-node=\"0\">Nuestras condiciones son sencillas:<\/b><\/p>\n<ol start=\"1\" data-path-to-node=\"20\">\n<li>\n<p data-path-to-node=\"20,0,0\">Tienes menos de 30 a\u00f1os.<\/p>\n<\/li>\n<li>\n<p data-path-to-node=\"20,1,0\">Est\u00e1s buscando un marido, no un padrino.<\/p>\n<\/li>\n<li>\n<p data-path-to-node=\"20,2,0\">Est\u00e1s dispuesto a venir a Foshan para una reuni\u00f3n.<\/p>\n<\/li>\n<\/ol>\n<p data-path-to-node=\"21\">No tengas miedo al cambio. Teme quedarte estancado donde no eres feliz.<\/p>\n<p data-path-to-node=\"22\">\ud83d\udce9 <b data-path-to-node=\"22\" data-index-in-node=\"3\">Escr\u00edbanos:<\/b> nolan@meetingboth.com<\/p>\n<hr data-path-to-node=\"23\" \/>\n<h3 data-path-to-node=\"24\">Opci\u00f3n 19: Formato pregunta-respuesta de autorreflexi\u00f3n (Autorreflexi\u00f3n)<\/h3>\n<p data-path-to-node=\"25\"><i data-path-to-node=\"25\" data-index-in-node=\"0\">Hace que una chica piense en sus perspectivas actuales.<\/i><\/p>\n<p data-path-to-node=\"26\"><b data-path-to-node=\"26\" data-index-in-node=\"0\">Titular: Conversaci\u00f3n sincera. \u00bfQu\u00e9 le espera dentro de 5 a\u00f1os?<\/b><\/p>\n<p data-path-to-node=\"27\">Detente un momento. Observa tu vida. \u00bfEst\u00e1s contento con las personas que te rodean? \u00bfTienes confianza en tu futuro financiero?<\/p>\n<p data-path-to-node=\"28\">Si las respuestas son \u00abNo\u00bb, \u00bfpor qu\u00e9 sigues haciendo lo mismo?<\/p>\n<p data-path-to-node=\"29\">Ofrecemos una alternativa. <b data-path-to-node=\"29\" data-index-in-node=\"28\">Matrimonio con un hombre de \u00e9xito en China.<\/b> La ciudad de Foshan es una forja de millonarios. Los hombres de aqu\u00ed est\u00e1n decididos a formar una familia antes de los 40 a\u00f1os. Quieren una compa\u00f1era fiel, no una socia de negocios.<\/p>\n<p data-path-to-node=\"30\"><b data-path-to-node=\"30\" data-index-in-node=\"0\">MeetingBoth Agencia ofrece:<\/b><\/p>\n<ul data-path-to-node=\"31\">\n<li>\n<p data-path-to-node=\"31,0,0\"><b data-path-to-node=\"31,0,0\" data-index-in-node=\"0\">Acceso:<\/b> Una salida directa para los hombres que no est\u00e1n en Internet.<\/p>\n<\/li>\n<li>\n<p data-path-to-node=\"31,1,0\"><b data-path-to-node=\"31,1,0\" data-index-in-node=\"0\">Servicio:<\/b> Libre selecci\u00f3n y organizaci\u00f3n de fechas.<\/p>\n<\/li>\n<li>\n<p data-path-to-node=\"31,2,0\"><b data-path-to-node=\"31,2,0\" data-index-in-node=\"0\">Resultado:<\/b> Matrimonios reales y familias felices.<\/p>\n<\/li>\n<\/ul>\n<p data-path-to-node=\"32\"><b data-path-to-node=\"32\" data-index-in-node=\"0\">El requisito es uno:<\/b> Menor de 30 a\u00f1os y aspecto agradable.<\/p>\n<p data-path-to-node=\"33\">Da un paso que cambiar\u00e1 tu vida. \ud83d\udce7 <b data-path-to-node=\"33\" data-index-in-node=\"43\">Correo electr\u00f3nico:<\/b> nolan@meetingboth.com<\/p>","protected":false},"excerpt":{"rendered":"<p>\u0410\u043a\u0446\u0435\u043d\u0442 \u043d\u0430 \u041b\u043e\u043a\u0430\u0446\u0438\u044e \u0438 \u041a\u043b\u0438\u043c\u0430\u0442 (Lifestyle &amp; Climate) \u0422\u0435\u043a\u0441\u0442 \u0434\u043b\u044f \u0434\u0435\u0432\u0443\u0448\u0435\u043a, \u043a\u043e\u0442\u043e\u0440\u044b\u0435 \u0443\u0441\u0442\u0430\u043b\u0438 \u043e\u0442 \u0445\u043e\u043b\u043e\u0434\u0430, \u0437\u0438\u043c\u044b \u0438 \u0441\u0435\u0440\u043e\u0441\u0442\u0438. \u041f\u0440\u043e\u0434\u0430\u0435\u043c &#171;\u0432\u0435\u0447\u043d\u043e\u0435 \u043b\u0435\u0442\u043e&#187; \u0438 \u043a\u043e\u043c\u0444\u043e\u0440\u0442. \u0417\u0430\u0433\u043e\u043b\u043e\u0432\u043e\u043a: \u0416\u0438\u0437\u043d\u044c \u0442\u0430\u043c, \u0433\u0434\u0435 \u0432\u0441\u0435\u0433\u0434\u0430 \u0442\u0435\u043f\u043b\u043e. \u0422\u0432\u043e\u0439 \u043f\u0435\u0440\u0435\u0435\u0437\u0434 \u0432 \u0424\u043e\u0448\u0430\u043d\u044c. \u041f\u0440\u0435\u0434\u0441\u0442\u0430\u0432\u044c: \u0442\u044b \u043f\u0440\u043e\u0441\u044b\u043f\u0430\u0435\u0448\u044c\u0441\u044f \u043d\u0435 \u043e\u0442 \u0441\u0435\u0440\u043e\u0433\u043e \u0431\u0443\u0434\u0438\u043b\u044c\u043d\u0438\u043a\u0430 \u0432 \u0445\u043e\u043b\u043e\u0434\u043d\u043e\u0439 \u043a\u0432\u0430\u0440\u0442\u0438\u0440\u0435, \u0430 \u043e\u0442 \u043b\u0443\u0447\u0435\u0439 \u0441\u043e\u043b\u043d\u0446\u0430. \u0417\u0430 \u043e\u043a\u043d\u043e\u043c \u043f\u0430\u043b\u044c\u043c\u044b, \u0430 \u0432\u0435\u0447\u0435\u0440\u043e\u043c \u0442\u0435\u0431\u044f \u0436\u0434\u0435\u0442 \u0443\u0436\u0438\u043d [&hellip;]<\/p>","protected":false},"featured_media":199,"comment_status":"open","ping_status":"closed","template":"","meta":{"_et_pb_use_builder":"","_et_pb_old_content":"","_et_gb_content_width":""},"product_brand":[],"product_cat":[],"product_tag":[],"class_list":{"0":"post-207","1":"product","2":"type-product","3":"status-publish","4":"has-post-thumbnail","7":"first","8":"instock","9":"shipping-taxable","10":"purchasable","11":"product-type-simple"},"yoast_head":"<!-- This site is optimized with the Yoast SEO plugin v27.4 - https:\/\/yoast.com\/product\/yoast-seo-wordpress\/ -->\n<title>\u0425\u043e\u0447\u0443 \u0441\u0435\u043c\u044c\u044e \u041c\u0435\u0436\u0434\u0443\u043d\u0430\u0440\u043e\u0434\u043d\u043e\u0435 \u0431\u0440\u0430\u0447\u043d\u043e\u0435 \u0430\u0433\u0435\u043d\u0442\u0441\u0442\u0432\u043e: \u0417\u043d\u0430\u043a\u043e\u043c\u0441\u0442\u0432\u0430 \u0420\u043e\u0441\u0441\u0438\u044f, \u0423\u043a\u0440\u0430\u0438\u043d\u0430, \u0411\u0435\u043b\u0430\u0440\u0443\u0441\u044c \u0438 \u041a\u0438\u0442\u0430\u0439<\/title>\n<meta name=\"robots\" content=\"index, follow, max-snippet:-1, max-image-preview:large, max-video-preview:-1\" \/>\n<link rel=\"canonical\" href=\"https:\/\/marriageagencyru.com\/es\/producto\/\u0445\u043e\u0447\u0443-\u0441\u0435\u043c\u044c\u044e\/\" \/>\n<meta property=\"og:locale\" content=\"es_ES\" \/>\n<meta property=\"og:type\" content=\"article\" \/>\n<meta property=\"og:title\" content=\"\u0425\u043e\u0447\u0443 \u0441\u0435\u043c\u044c\u044e \u041c\u0435\u0436\u0434\u0443\u043d\u0430\u0440\u043e\u0434\u043d\u043e\u0435 \u0431\u0440\u0430\u0447\u043d\u043e\u0435 \u0430\u0433\u0435\u043d\u0442\u0441\u0442\u0432\u043e: \u0417\u043d\u0430\u043a\u043e\u043c\u0441\u0442\u0432\u0430 \u0420\u043e\u0441\u0441\u0438\u044f, \u0423\u043a\u0440\u0430\u0438\u043d\u0430, \u0411\u0435\u043b\u0430\u0440\u0443\u0441\u044c \u0438 \u041a\u0438\u0442\u0430\u0439\" \/>\n<meta property=\"og:description\" content=\"\u0410\u043a\u0446\u0435\u043d\u0442 \u043d\u0430 \u041b\u043e\u043a\u0430\u0446\u0438\u044e \u0438 \u041a\u043b\u0438\u043c\u0430\u0442 (Lifestyle &amp; Climate) \u0422\u0435\u043a\u0441\u0442 \u0434\u043b\u044f \u0434\u0435\u0432\u0443\u0448\u0435\u043a, \u043a\u043e\u0442\u043e\u0440\u044b\u0435 \u0443\u0441\u0442\u0430\u043b\u0438 \u043e\u0442 \u0445\u043e\u043b\u043e\u0434\u0430, \u0437\u0438\u043c\u044b \u0438 \u0441\u0435\u0440\u043e\u0441\u0442\u0438. \u041f\u0440\u043e\u0434\u0430\u0435\u043c &#171;\u0432\u0435\u0447\u043d\u043e\u0435 \u043b\u0435\u0442\u043e&#187; \u0438 \u043a\u043e\u043c\u0444\u043e\u0440\u0442. \u0417\u0430\u0433\u043e\u043b\u043e\u0432\u043e\u043a: \u0416\u0438\u0437\u043d\u044c \u0442\u0430\u043c, \u0433\u0434\u0435 \u0432\u0441\u0435\u0433\u0434\u0430 \u0442\u0435\u043f\u043b\u043e. \u0422\u0432\u043e\u0439 \u043f\u0435\u0440\u0435\u0435\u0437\u0434 \u0432 \u0424\u043e\u0448\u0430\u043d\u044c. \u041f\u0440\u0435\u0434\u0441\u0442\u0430\u0432\u044c: \u0442\u044b \u043f\u0440\u043e\u0441\u044b\u043f\u0430\u0435\u0448\u044c\u0441\u044f \u043d\u0435 \u043e\u0442 \u0441\u0435\u0440\u043e\u0433\u043e \u0431\u0443\u0434\u0438\u043b\u044c\u043d\u0438\u043a\u0430 \u0432 \u0445\u043e\u043b\u043e\u0434\u043d\u043e\u0439 \u043a\u0432\u0430\u0440\u0442\u0438\u0440\u0435, \u0430 \u043e\u0442 \u043b\u0443\u0447\u0435\u0439 \u0441\u043e\u043b\u043d\u0446\u0430. \u0417\u0430 \u043e\u043a\u043d\u043e\u043c \u043f\u0430\u043b\u044c\u043c\u044b, \u0430 \u0432\u0435\u0447\u0435\u0440\u043e\u043c \u0442\u0435\u0431\u044f \u0436\u0434\u0435\u0442 \u0443\u0436\u0438\u043d [&hellip;]\" \/>\n<meta property=\"og:url\" content=\"https:\/\/marriageagencyru.com\/es\/producto\/\u0445\u043e\u0447\u0443-\u0441\u0435\u043c\u044c\u044e\/\" \/>\n<meta property=\"og:site_name\" content=\"marriageagencyru.com\" \/>\n<meta property=\"og:image\" content=\"https:\/\/marriageagencyru.com\/wp-content\/uploads\/2025\/12\/5.jpg\" \/>\n\t<meta property=\"og:image:width\" content=\"1024\" \/>\n\t<meta property=\"og:image:height\" content=\"1024\" \/>\n\t<meta property=\"og:image:type\" content=\"image\/jpeg\" \/>\n<meta name=\"twitter:card\" content=\"summary_large_image\" \/>\n<script type=\"application\/ld+json\" class=\"yoast-schema-graph\">{\"@context\":\"https:\\\/\\\/schema.org\",\"@graph\":[{\"@type\":\"WebPage\",\"@id\":\"https:\\\/\\\/marriageagencyru.com\\\/de\\\/produkt\\\/%d1%85%d0%be%d1%87%d1%83-%d1%81%d0%b5%d0%bc%d1%8c%d1%8e\\\/\",\"url\":\"https:\\\/\\\/marriageagencyru.com\\\/de\\\/produkt\\\/%d1%85%d0%be%d1%87%d1%83-%d1%81%d0%b5%d0%bc%d1%8c%d1%8e\\\/\",\"name\":\"\u0425\u043e\u0447\u0443 \u0441\u0435\u043c\u044c\u044e \u041c\u0435\u0436\u0434\u0443\u043d\u0430\u0440\u043e\u0434\u043d\u043e\u0435 \u0431\u0440\u0430\u0447\u043d\u043e\u0435 \u0430\u0433\u0435\u043d\u0442\u0441\u0442\u0432\u043e: \u0417\u043d\u0430\u043a\u043e\u043c\u0441\u0442\u0432\u0430 \u0420\u043e\u0441\u0441\u0438\u044f, \u0423\u043a\u0440\u0430\u0438\u043d\u0430, \u0411\u0435\u043b\u0430\u0440\u0443\u0441\u044c \u0438 \u041a\u0438\u0442\u0430\u0439\",\"isPartOf\":{\"@id\":\"https:\\\/\\\/marriageagencyru.com\\\/#website\"},\"primaryImageOfPage\":{\"@id\":\"https:\\\/\\\/marriageagencyru.com\\\/de\\\/produkt\\\/%d1%85%d0%be%d1%87%d1%83-%d1%81%d0%b5%d0%bc%d1%8c%d1%8e\\\/#primaryimage\"},\"image\":{\"@id\":\"https:\\\/\\\/marriageagencyru.com\\\/de\\\/produkt\\\/%d1%85%d0%be%d1%87%d1%83-%d1%81%d0%b5%d0%bc%d1%8c%d1%8e\\\/#primaryimage\"},\"thumbnailUrl\":\"https:\\\/\\\/marriageagencyru.com\\\/wp-content\\\/uploads\\\/2025\\\/12\\\/5.jpg\",\"datePublished\":\"2025-12-23T04:05:18+00:00\",\"breadcrumb\":{\"@id\":\"https:\\\/\\\/marriageagencyru.com\\\/de\\\/produkt\\\/%d1%85%d0%be%d1%87%d1%83-%d1%81%d0%b5%d0%bc%d1%8c%d1%8e\\\/#breadcrumb\"},\"inLanguage\":\"es\",\"potentialAction\":[{\"@type\":\"ReadAction\",\"target\":[\"https:\\\/\\\/marriageagencyru.com\\\/de\\\/produkt\\\/%d1%85%d0%be%d1%87%d1%83-%d1%81%d0%b5%d0%bc%d1%8c%d1%8e\\\/\"]}]},{\"@type\":\"ImageObject\",\"inLanguage\":\"es\",\"@id\":\"https:\\\/\\\/marriageagencyru.com\\\/de\\\/produkt\\\/%d1%85%d0%be%d1%87%d1%83-%d1%81%d0%b5%d0%bc%d1%8c%d1%8e\\\/#primaryimage\",\"url\":\"https:\\\/\\\/marriageagencyru.com\\\/wp-content\\\/uploads\\\/2025\\\/12\\\/5.jpg\",\"contentUrl\":\"https:\\\/\\\/marriageagencyru.com\\\/wp-content\\\/uploads\\\/2025\\\/12\\\/5.jpg\",\"width\":1024,\"height\":1024},{\"@type\":\"BreadcrumbList\",\"@id\":\"https:\\\/\\\/marriageagencyru.com\\\/de\\\/produkt\\\/%d1%85%d0%be%d1%87%d1%83-%d1%81%d0%b5%d0%bc%d1%8c%d1%8e\\\/#breadcrumb\",\"itemListElement\":[{\"@type\":\"ListItem\",\"position\":1,\"name\":\"Home\",\"item\":\"https:\\\/\\\/marriageagencyru.com\\\/\"},{\"@type\":\"ListItem\",\"position\":2,\"name\":\"Shop\",\"item\":\"https:\\\/\\\/marriageagencyru.com\\\/shop\\\/\"},{\"@type\":\"ListItem\",\"position\":3,\"name\":\"\u0425\u043e\u0447\u0443 \u0441\u0435\u043c\u044c\u044e\"}]},{\"@type\":\"WebSite\",\"@id\":\"https:\\\/\\\/marriageagencyru.com\\\/#website\",\"url\":\"https:\\\/\\\/marriageagencyru.com\\\/\",\"name\":\"marriageagencyru.com\",\"description\":\"\u041c\u0435\u0436\u0434\u0443\u043d\u0430\u0440\u043e\u0434\u043d\u043e\u0435 \u0431\u0440\u0430\u0447\u043d\u043e\u0435 \u0430\u0433\u0435\u043d\u0442\u0441\u0442\u0432\u043e marriageagencyru | \u0420\u043e\u0441\u0441\u0438\u044f, \u0411\u0435\u043b\u0430\u0440\u0443\u0441\u044c, \u0423\u043a\u0440\u0430\u0438\u043d\u0430 | \u042d\u043b\u0438\u0442\u043d\u044b\u0435 \u0437\u043d\u0430\u043a\u043e\u043c\u0441\u0442\u0432\u0430 \u0432 \u041a\u0438\u0442\u0430\u0435\",\"alternateName\":\"\u0412\u044b\u0439\u0442\u0438 \u0437\u0430\u043c\u0443\u0436 \u0432 \u041a\u0438\u0442\u0430\u0439: \u0411\u0440\u0430\u0447\u043d\u043e\u0435 \u0430\u0433\u0435\u043d\u0442\u0441\u0442\u0432\u043e \u0434\u043b\u044f \u0420\u043e\u0441\u0441\u0438\u0438, \u0423\u043a\u0440\u0430\u0438\u043d\u044b \u0438 \u0411\u0435\u043b\u0430\u0440\u0443\u0441\u0438 | marriageagencyru\",\"potentialAction\":[{\"@type\":\"SearchAction\",\"target\":{\"@type\":\"EntryPoint\",\"urlTemplate\":\"https:\\\/\\\/marriageagencyru.com\\\/?s={search_term_string}\"},\"query-input\":{\"@type\":\"PropertyValueSpecification\",\"valueRequired\":true,\"valueName\":\"search_term_string\"}}],\"inLanguage\":\"es\"}]}<\/script>\n<!-- \/ Yoast SEO plugin. -->","yoast_head_json":{"title":"\u0425\u043e\u0447\u0443 \u0441\u0435\u043c\u044c\u044e \u041c\u0435\u0436\u0434\u0443\u043d\u0430\u0440\u043e\u0434\u043d\u043e\u0435 \u0431\u0440\u0430\u0447\u043d\u043e\u0435 \u0430\u0433\u0435\u043d\u0442\u0441\u0442\u0432\u043e: \u0417\u043d\u0430\u043a\u043e\u043c\u0441\u0442\u0432\u0430 \u0420\u043e\u0441\u0441\u0438\u044f, \u0423\u043a\u0440\u0430\u0438\u043d\u0430, \u0411\u0435\u043b\u0430\u0440\u0443\u0441\u044c \u0438 \u041a\u0438\u0442\u0430\u0439","robots":{"index":"index","follow":"follow","max-snippet":"max-snippet:-1","max-image-preview":"max-image-preview:large","max-video-preview":"max-video-preview:-1"},"canonical":"https:\/\/marriageagencyru.com\/es\/producto\/\u0445\u043e\u0447\u0443-\u0441\u0435\u043c\u044c\u044e\/","og_locale":"es_ES","og_type":"article","og_title":"\u0425\u043e\u0447\u0443 \u0441\u0435\u043c\u044c\u044e \u041c\u0435\u0436\u0434\u0443\u043d\u0430\u0440\u043e\u0434\u043d\u043e\u0435 \u0431\u0440\u0430\u0447\u043d\u043e\u0435 \u0430\u0433\u0435\u043d\u0442\u0441\u0442\u0432\u043e: \u0417\u043d\u0430\u043a\u043e\u043c\u0441\u0442\u0432\u0430 \u0420\u043e\u0441\u0441\u0438\u044f, \u0423\u043a\u0440\u0430\u0438\u043d\u0430, \u0411\u0435\u043b\u0430\u0440\u0443\u0441\u044c \u0438 \u041a\u0438\u0442\u0430\u0439","og_description":"\u0410\u043a\u0446\u0435\u043d\u0442 \u043d\u0430 \u041b\u043e\u043a\u0430\u0446\u0438\u044e \u0438 \u041a\u043b\u0438\u043c\u0430\u0442 (Lifestyle &amp; Climate) \u0422\u0435\u043a\u0441\u0442 \u0434\u043b\u044f \u0434\u0435\u0432\u0443\u0448\u0435\u043a, \u043a\u043e\u0442\u043e\u0440\u044b\u0435 \u0443\u0441\u0442\u0430\u043b\u0438 \u043e\u0442 \u0445\u043e\u043b\u043e\u0434\u0430, \u0437\u0438\u043c\u044b \u0438 \u0441\u0435\u0440\u043e\u0441\u0442\u0438. \u041f\u0440\u043e\u0434\u0430\u0435\u043c &#171;\u0432\u0435\u0447\u043d\u043e\u0435 \u043b\u0435\u0442\u043e&#187; \u0438 \u043a\u043e\u043c\u0444\u043e\u0440\u0442. \u0417\u0430\u0433\u043e\u043b\u043e\u0432\u043e\u043a: \u0416\u0438\u0437\u043d\u044c \u0442\u0430\u043c, \u0433\u0434\u0435 \u0432\u0441\u0435\u0433\u0434\u0430 \u0442\u0435\u043f\u043b\u043e. \u0422\u0432\u043e\u0439 \u043f\u0435\u0440\u0435\u0435\u0437\u0434 \u0432 \u0424\u043e\u0448\u0430\u043d\u044c. \u041f\u0440\u0435\u0434\u0441\u0442\u0430\u0432\u044c: \u0442\u044b \u043f\u0440\u043e\u0441\u044b\u043f\u0430\u0435\u0448\u044c\u0441\u044f \u043d\u0435 \u043e\u0442 \u0441\u0435\u0440\u043e\u0433\u043e \u0431\u0443\u0434\u0438\u043b\u044c\u043d\u0438\u043a\u0430 \u0432 \u0445\u043e\u043b\u043e\u0434\u043d\u043e\u0439 \u043a\u0432\u0430\u0440\u0442\u0438\u0440\u0435, \u0430 \u043e\u0442 \u043b\u0443\u0447\u0435\u0439 \u0441\u043e\u043b\u043d\u0446\u0430. \u0417\u0430 \u043e\u043a\u043d\u043e\u043c \u043f\u0430\u043b\u044c\u043c\u044b, \u0430 \u0432\u0435\u0447\u0435\u0440\u043e\u043c \u0442\u0435\u0431\u044f \u0436\u0434\u0435\u0442 \u0443\u0436\u0438\u043d [&hellip;]","og_url":"https:\/\/marriageagencyru.com\/es\/producto\/\u0445\u043e\u0447\u0443-\u0441\u0435\u043c\u044c\u044e\/","og_site_name":"marriageagencyru.com","og_image":[{"width":1024,"height":1024,"url":"https:\/\/marriageagencyru.com\/wp-content\/uploads\/2025\/12\/5.jpg","type":"image\/jpeg"}],"twitter_card":"summary_large_image","schema":{"@context":"https:\/\/schema.org","@graph":[{"@type":"WebPage","@id":"https:\/\/marriageagencyru.com\/de\/produkt\/%d1%85%d0%be%d1%87%d1%83-%d1%81%d0%b5%d0%bc%d1%8c%d1%8e\/","url":"https:\/\/marriageagencyru.com\/de\/produkt\/%d1%85%d0%be%d1%87%d1%83-%d1%81%d0%b5%d0%bc%d1%8c%d1%8e\/","name":"\u0425\u043e\u0447\u0443 \u0441\u0435\u043c\u044c\u044e \u041c\u0435\u0436\u0434\u0443\u043d\u0430\u0440\u043e\u0434\u043d\u043e\u0435 \u0431\u0440\u0430\u0447\u043d\u043e\u0435 \u0430\u0433\u0435\u043d\u0442\u0441\u0442\u0432\u043e: \u0417\u043d\u0430\u043a\u043e\u043c\u0441\u0442\u0432\u0430 \u0420\u043e\u0441\u0441\u0438\u044f, \u0423\u043a\u0440\u0430\u0438\u043d\u0430, \u0411\u0435\u043b\u0430\u0440\u0443\u0441\u044c \u0438 \u041a\u0438\u0442\u0430\u0439","isPartOf":{"@id":"https:\/\/marriageagencyru.com\/#website"},"primaryImageOfPage":{"@id":"https:\/\/marriageagencyru.com\/de\/produkt\/%d1%85%d0%be%d1%87%d1%83-%d1%81%d0%b5%d0%bc%d1%8c%d1%8e\/#primaryimage"},"image":{"@id":"https:\/\/marriageagencyru.com\/de\/produkt\/%d1%85%d0%be%d1%87%d1%83-%d1%81%d0%b5%d0%bc%d1%8c%d1%8e\/#primaryimage"},"thumbnailUrl":"https:\/\/marriageagencyru.com\/wp-content\/uploads\/2025\/12\/5.jpg","datePublished":"2025-12-23T04:05:18+00:00","breadcrumb":{"@id":"https:\/\/marriageagencyru.com\/de\/produkt\/%d1%85%d0%be%d1%87%d1%83-%d1%81%d0%b5%d0%bc%d1%8c%d1%8e\/#breadcrumb"},"inLanguage":"es","potentialAction":[{"@type":"ReadAction","target":["https:\/\/marriageagencyru.com\/de\/produkt\/%d1%85%d0%be%d1%87%d1%83-%d1%81%d0%b5%d0%bc%d1%8c%d1%8e\/"]}]},{"@type":"ImageObject","inLanguage":"es","@id":"https:\/\/marriageagencyru.com\/de\/produkt\/%d1%85%d0%be%d1%87%d1%83-%d1%81%d0%b5%d0%bc%d1%8c%d1%8e\/#primaryimage","url":"https:\/\/marriageagencyru.com\/wp-content\/uploads\/2025\/12\/5.jpg","contentUrl":"https:\/\/marriageagencyru.com\/wp-content\/uploads\/2025\/12\/5.jpg","width":1024,"height":1024},{"@type":"BreadcrumbList","@id":"https:\/\/marriageagencyru.com\/de\/produkt\/%d1%85%d0%be%d1%87%d1%83-%d1%81%d0%b5%d0%bc%d1%8c%d1%8e\/#breadcrumb","itemListElement":[{"@type":"ListItem","position":1,"name":"Home","item":"https:\/\/marriageagencyru.com\/"},{"@type":"ListItem","position":2,"name":"Shop","item":"https:\/\/marriageagencyru.com\/shop\/"},{"@type":"ListItem","position":3,"name":"\u0425\u043e\u0447\u0443 \u0441\u0435\u043c\u044c\u044e"}]},{"@type":"WebSite","@id":"https:\/\/marriageagencyru.com\/#website","url":"https:\/\/marriageagencyru.com\/","name":"agencia matrimonialru.com","description":"Agencia Matrimonial Internacional marriageagencyru | Rusia, Bielorrusia, Ucrania | Elite Dating in China","alternateName":"\u0412\u044b\u0439\u0442\u0438 \u0437\u0430\u043c\u0443\u0436 \u0432 \u041a\u0438\u0442\u0430\u0439: \u0411\u0440\u0430\u0447\u043d\u043e\u0435 \u0430\u0433\u0435\u043d\u0442\u0441\u0442\u0432\u043e \u0434\u043b\u044f \u0420\u043e\u0441\u0441\u0438\u0438, \u0423\u043a\u0440\u0430\u0438\u043d\u044b \u0438 \u0411\u0435\u043b\u0430\u0440\u0443\u0441\u0438 | marriageagencyru","potentialAction":[{"@type":"SearchAction","target":{"@type":"EntryPoint","urlTemplate":"https:\/\/marriageagencyru.com\/?s={search_term_string}"},"query-input":{"@type":"PropertyValueSpecification","valueRequired":true,"valueName":"search_term_string"}}],"inLanguage":"es"}]}},"_links":{"self":[{"href":"https:\/\/marriageagencyru.com\/es\/wp-json\/wp\/v2\/product\/207","targetHints":{"allow":["GET"]}}],"collection":[{"href":"https:\/\/marriageagencyru.com\/es\/wp-json\/wp\/v2\/product"}],"about":[{"href":"https:\/\/marriageagencyru.com\/es\/wp-json\/wp\/v2\/types\/product"}],"replies":[{"embeddable":true,"href":"https:\/\/marriageagencyru.com\/es\/wp-json\/wp\/v2\/comments?post=207"}],"wp:featuredmedia":[{"embeddable":true,"href":"https:\/\/marriageagencyru.com\/es\/wp-json\/wp\/v2\/media\/199"}],"wp:attachment":[{"href":"https:\/\/marriageagencyru.com\/es\/wp-json\/wp\/v2\/media?parent=207"}],"wp:term":[{"taxonomy":"product_brand","embeddable":true,"href":"https:\/\/marriageagencyru.com\/es\/wp-json\/wp\/v2\/product_brand?post=207"},{"taxonomy":"product_cat","embeddable":true,"href":"https:\/\/marriageagencyru.com\/es\/wp-json\/wp\/v2\/product_cat?post=207"},{"taxonomy":"product_tag","embeddable":true,"href":"https:\/\/marriageagencyru.com\/es\/wp-json\/wp\/v2\/product_tag?post=207"}],"curies":[{"name":"wp","href":"https:\/\/api.w.org\/{rel}","templated":true}]}}