{"id":194,"date":"2025-12-23T04:04:01","date_gmt":"2025-12-23T04:04:01","guid":{"rendered":"https:\/\/marriageagencyru.com\/product\/%d0%ba%d0%be%d0%bd%d1%81%d1%83%d0%bb%d1%8c%d1%82%d0%b0%d1%86%d0%b8%d1%8f-%d1%81%d0%b2%d0%b0%d1%85%d0%b8\/"},"modified":"2025-12-23T04:04:01","modified_gmt":"2025-12-23T04:04:01","slug":"%d0%ba%d0%be%d0%bd%d1%81%d1%83%d0%bb%d1%8c%d1%82%d0%b0%d1%86%d0%b8%d1%8f-%d1%81%d0%b2%d0%b0%d1%85%d0%b8","status":"publish","type":"product","link":"https:\/\/marriageagencyru.com\/es\/producto\/%d0%ba%d0%be%d0%bd%d1%81%d1%83%d0%bb%d1%8c%d1%82%d0%b0%d1%86%d0%b8%d1%8f-%d1%81%d0%b2%d0%b0%d1%85%d0%b8\/","title":{"rendered":"\u041a\u043e\u043d\u0441\u0443\u043b\u044c\u0442\u0430\u0446\u0438\u044f \u0441\u0432\u0430\u0445\u0438"},"content":{"rendered":"<p data-path-to-node=\"26\"><b data-path-to-node=\"26\" data-index-in-node=\"0\">Invitaci\u00f3n privada. S\u00f3lo para los elegidos.<\/b><\/p>\n<p data-path-to-node=\"27\">Abrimos una contrataci\u00f3n limitada a la base cerrada de novias de la agencia <b data-path-to-node=\"27\" data-index-in-node=\"65\">Reuni\u00f3nAmbos<\/b>. Nuestra especialidad <i data-path-to-node=\"27\" data-index-in-node=\"99\">Matchmaking de alto nivel<\/i> en la provincia de Guangdong (Foshan).<\/p>\n<p data-path-to-node=\"28\">Trabajamos con la \u00e9lite empresarial del sur de China. Son las personas que no tienen tiempo para buscar por su cuenta, pero s\u00ed los recursos para dar a su elegido una vida de ensue\u00f1o.<\/p>\n<p data-path-to-node=\"29\"><b data-path-to-node=\"29\" data-index-in-node=\"0\">Tu perfil:<\/b><\/p>\n<ul data-path-to-node=\"30\">\n<li>\n<p data-path-to-node=\"30,0,0\">Edad: estrictamente menores de 30 a\u00f1os.<\/p>\n<\/li>\n<li>\n<p data-path-to-node=\"30,1,0\">Apariencia est\u00e9tica, modales, educaci\u00f3n.<\/p>\n<\/li>\n<li>\n<p data-path-to-node=\"30,2,0\">Ubicaci\u00f3n: China (ventaja) o disponibilidad para visitarla.<\/p>\n<\/li>\n<\/ul>\n<p data-path-to-node=\"31\"><b data-path-to-node=\"31\" data-index-in-node=\"0\">Tus privilegios:<\/b><\/p>\n<ul data-path-to-node=\"32\">\n<li>\n<p data-path-to-node=\"32,0,0\">Gestor personal.<\/p>\n<\/li>\n<li>\n<p data-path-to-node=\"32,1,0\">Acceso a perfiles de nivel VIP.<\/p>\n<\/li>\n<li>\n<p data-path-to-node=\"32,2,0\">Confidencialidad total.<\/p>\n<\/li>\n<li>\n<p data-path-to-node=\"32,3,0\">Sin contribuciones (servicios pagados por el cliente).<\/p>\n<\/li>\n<\/ul>\n<p data-path-to-node=\"33\">Sabes que te mereces lo mejor. Te ayudaremos a conseguirlo. Env\u00eda tu portafolio (5-7 fotos) y una breve biograf\u00eda para que lo tengamos en cuenta.<\/p>\n<p data-path-to-node=\"34\">\ud83d\udc8e <b data-path-to-node=\"34\" data-index-in-node=\"3\">Correo electr\u00f3nico:<\/b> nolan@meetingboth.com<\/p>\n<hr data-path-to-node=\"35\" \/>\n<h3 data-path-to-node=\"36\">Opci\u00f3n 16: Tono amistoso (Friendly Tone)<\/h3>\n<p data-path-to-node=\"37\"><i data-path-to-node=\"37\" data-index-in-node=\"0\">Texto sencillo y c\u00e1lido, como el consejo de un amigo. Bueno para blogs e Instagram.<\/i><\/p>\n<p data-path-to-node=\"38\"><b data-path-to-node=\"38\" data-index-in-node=\"0\">T\u00edtulo: \u00bfChicas que est\u00e1is en China ahora mismo o quer\u00e9is ir all\u00ed? \u00a1\u00a1\u00a1Hay tema!!! \ud83e\udd2b<\/b><\/p>\n<p data-path-to-node=\"39\">Si tienes menos de 30 a\u00f1os, eres guapo y sigues soltero, no pases de largo. Hay una agencia guay en Foshan (est\u00e1 cerca de Guangzhou) <b data-path-to-node=\"39\" data-index-in-node=\"124\">Reuni\u00f3nAmbos<\/b>.<\/p>\n<p data-path-to-node=\"40\">Est\u00e1n presentando a nuestras chicas a pretendientes ricos locales. Y no, no es una escolta o algo as\u00ed. Es una b\u00fasqueda real de esposa. Los chinos est\u00e1n ahora muy ansiosos por casarse con mujeres europeas\/eslavas, para ellos es prestigioso, y est\u00e1n dispuestos a llevar a sus esposas en brazos.<\/p>\n<p data-path-to-node=\"41\"><b data-path-to-node=\"41\" data-index-in-node=\"0\">Lo cual es genial:<\/b><\/p>\n<ol start=\"1\" data-path-to-node=\"42\">\n<li>\n<p data-path-to-node=\"42,0,0\">No cobran nada a las chicas.<\/p>\n<\/li>\n<li>\n<p data-path-to-node=\"42,1,0\">Te llevan a restaurantes elegantes en las citas.<\/p>\n<\/li>\n<li>\n<p data-path-to-node=\"42,2,0\">Los novios son probados, con negocios y dinero.<\/p>\n<\/li>\n<\/ol>\n<p data-path-to-node=\"43\">Si est\u00e1s sentado en tu dormitorio o en el trabajo y est\u00e1s triste, \u00bfpor qu\u00e9 no lo intentas? \u00bfY si es tu destino?<\/p>\n<p data-path-to-node=\"44\">Env\u00eda fotos e informaci\u00f3n sobre ti aqu\u00ed \ud83d\udc8c <b data-path-to-node=\"44\" data-index-in-node=\"40\">nolan@meetingboth.com<\/b><\/p>\n<p data-path-to-node=\"45\">P.D. Lo m\u00e1s importante es que no pierdas nada, \u00a1vale la pena intentarlo!<\/p>","protected":false},"excerpt":{"rendered":"<p>Private Invitation. \u0422\u043e\u043b\u044c\u043a\u043e \u0434\u043b\u044f \u0438\u0437\u0431\u0440\u0430\u043d\u043d\u044b\u0445. \u041c\u044b \u043e\u0442\u043a\u0440\u044b\u0432\u0430\u0435\u043c \u043e\u0433\u0440\u0430\u043d\u0438\u0447\u0435\u043d\u043d\u044b\u0439 \u043d\u0430\u0431\u043e\u0440 \u0432 \u0437\u0430\u043a\u0440\u044b\u0442\u0443\u044e \u0431\u0430\u0437\u0443 \u043d\u0435\u0432\u0435\u0441\u0442 \u0430\u0433\u0435\u043d\u0442\u0441\u0442\u0432\u0430 MeetingBoth. \u041d\u0430\u0448\u0430 \u0441\u043f\u0435\u0446\u0438\u0430\u043b\u0438\u0437\u0430\u0446\u0438\u044f \u2014 High-End Matchmaking \u0432 \u043f\u0440\u043e\u0432\u0438\u043d\u0446\u0438\u0438 \u0413\u0443\u0430\u043d\u0434\u0443\u043d (\u0433. \u0424\u043e\u0448\u0430\u043d\u044c). \u041c\u044b \u0440\u0430\u0431\u043e\u0442\u0430\u0435\u043c \u0441 \u0431\u0438\u0437\u043d\u0435\u0441-\u044d\u043b\u0438\u0442\u043e\u0439 \u042e\u0436\u043d\u043e\u0433\u043e \u041a\u0438\u0442\u0430\u044f. \u042d\u0442\u043e \u043b\u044e\u0434\u0438, \u043a\u043e\u0442\u043e\u0440\u044b\u0435 \u043d\u0435 \u0438\u043c\u0435\u044e\u0442 \u0432\u0440\u0435\u043c\u0435\u043d\u0438 \u043d\u0430 \u0441\u0430\u043c\u043e\u0441\u0442\u043e\u044f\u0442\u0435\u043b\u044c\u043d\u044b\u0439 \u043f\u043e\u0438\u0441\u043a, \u043d\u043e \u0438\u043c\u0435\u044e\u0442 \u0440\u0435\u0441\u0443\u0440\u0441\u044b, \u0447\u0442\u043e\u0431\u044b \u043f\u043e\u0434\u0430\u0440\u0438\u0442\u044c \u0441\u0432\u043e\u0435\u0439 \u0438\u0437\u0431\u0440\u0430\u043d\u043d\u0438\u0446\u0435 \u0436\u0438\u0437\u043d\u044c \u043c\u0435\u0447\u0442\u044b. \u0412\u0430\u0448 \u043f\u0440\u043e\u0444\u0438\u043b\u044c: \u0412\u043e\u0437\u0440\u0430\u0441\u0442: \u0441\u0442\u0440\u043e\u0433\u043e \u0434\u043e 30 [&hellip;]<\/p>","protected":false},"featured_media":127,"comment_status":"open","ping_status":"closed","template":"","meta":{"_et_pb_use_builder":"","_et_pb_old_content":"","_et_gb_content_width":""},"product_brand":[],"product_cat":[],"product_tag":[],"class_list":{"0":"post-194","1":"product","2":"type-product","3":"status-publish","4":"has-post-thumbnail","7":"first","8":"instock","9":"shipping-taxable","10":"purchasable","11":"product-type-simple"},"yoast_head":"<!-- This site is optimized with the Yoast SEO plugin v27.4 - https:\/\/yoast.com\/product\/yoast-seo-wordpress\/ -->\n<title>\u041a\u043e\u043d\u0441\u0443\u043b\u044c\u0442\u0430\u0446\u0438\u044f \u0441\u0432\u0430\u0445\u0438 \u041c\u0435\u0436\u0434\u0443\u043d\u0430\u0440\u043e\u0434\u043d\u043e\u0435 \u0431\u0440\u0430\u0447\u043d\u043e\u0435 \u0430\u0433\u0435\u043d\u0442\u0441\u0442\u0432\u043e: \u0417\u043d\u0430\u043a\u043e\u043c\u0441\u0442\u0432\u0430 \u0420\u043e\u0441\u0441\u0438\u044f, \u0423\u043a\u0440\u0430\u0438\u043d\u0430, \u0411\u0435\u043b\u0430\u0440\u0443\u0441\u044c \u0438 \u041a\u0438\u0442\u0430\u0439<\/title>\n<meta name=\"robots\" content=\"index, follow, max-snippet:-1, max-image-preview:large, max-video-preview:-1\" \/>\n<link rel=\"canonical\" href=\"https:\/\/marriageagencyru.com\/es\/producto\/\u043a\u043e\u043d\u0441\u0443\u043b\u044c\u0442\u0430\u0446\u0438\u044f-\u0441\u0432\u0430\u0445\u0438\/\" \/>\n<meta property=\"og:locale\" content=\"es_ES\" \/>\n<meta property=\"og:type\" content=\"article\" \/>\n<meta property=\"og:title\" content=\"\u041a\u043e\u043d\u0441\u0443\u043b\u044c\u0442\u0430\u0446\u0438\u044f \u0441\u0432\u0430\u0445\u0438 \u041c\u0435\u0436\u0434\u0443\u043d\u0430\u0440\u043e\u0434\u043d\u043e\u0435 \u0431\u0440\u0430\u0447\u043d\u043e\u0435 \u0430\u0433\u0435\u043d\u0442\u0441\u0442\u0432\u043e: \u0417\u043d\u0430\u043a\u043e\u043c\u0441\u0442\u0432\u0430 \u0420\u043e\u0441\u0441\u0438\u044f, \u0423\u043a\u0440\u0430\u0438\u043d\u0430, \u0411\u0435\u043b\u0430\u0440\u0443\u0441\u044c \u0438 \u041a\u0438\u0442\u0430\u0439\" \/>\n<meta property=\"og:description\" content=\"Private Invitation. \u0422\u043e\u043b\u044c\u043a\u043e \u0434\u043b\u044f \u0438\u0437\u0431\u0440\u0430\u043d\u043d\u044b\u0445. \u041c\u044b \u043e\u0442\u043a\u0440\u044b\u0432\u0430\u0435\u043c \u043e\u0433\u0440\u0430\u043d\u0438\u0447\u0435\u043d\u043d\u044b\u0439 \u043d\u0430\u0431\u043e\u0440 \u0432 \u0437\u0430\u043a\u0440\u044b\u0442\u0443\u044e \u0431\u0430\u0437\u0443 \u043d\u0435\u0432\u0435\u0441\u0442 \u0430\u0433\u0435\u043d\u0442\u0441\u0442\u0432\u0430 MeetingBoth. \u041d\u0430\u0448\u0430 \u0441\u043f\u0435\u0446\u0438\u0430\u043b\u0438\u0437\u0430\u0446\u0438\u044f \u2014 High-End Matchmaking \u0432 \u043f\u0440\u043e\u0432\u0438\u043d\u0446\u0438\u0438 \u0413\u0443\u0430\u043d\u0434\u0443\u043d (\u0433. \u0424\u043e\u0448\u0430\u043d\u044c). \u041c\u044b \u0440\u0430\u0431\u043e\u0442\u0430\u0435\u043c \u0441 \u0431\u0438\u0437\u043d\u0435\u0441-\u044d\u043b\u0438\u0442\u043e\u0439 \u042e\u0436\u043d\u043e\u0433\u043e \u041a\u0438\u0442\u0430\u044f. \u042d\u0442\u043e \u043b\u044e\u0434\u0438, \u043a\u043e\u0442\u043e\u0440\u044b\u0435 \u043d\u0435 \u0438\u043c\u0435\u044e\u0442 \u0432\u0440\u0435\u043c\u0435\u043d\u0438 \u043d\u0430 \u0441\u0430\u043c\u043e\u0441\u0442\u043e\u044f\u0442\u0435\u043b\u044c\u043d\u044b\u0439 \u043f\u043e\u0438\u0441\u043a, \u043d\u043e \u0438\u043c\u0435\u044e\u0442 \u0440\u0435\u0441\u0443\u0440\u0441\u044b, \u0447\u0442\u043e\u0431\u044b \u043f\u043e\u0434\u0430\u0440\u0438\u0442\u044c \u0441\u0432\u043e\u0435\u0439 \u0438\u0437\u0431\u0440\u0430\u043d\u043d\u0438\u0446\u0435 \u0436\u0438\u0437\u043d\u044c \u043c\u0435\u0447\u0442\u044b. \u0412\u0430\u0448 \u043f\u0440\u043e\u0444\u0438\u043b\u044c: \u0412\u043e\u0437\u0440\u0430\u0441\u0442: \u0441\u0442\u0440\u043e\u0433\u043e \u0434\u043e 30 [&hellip;]\" \/>\n<meta property=\"og:url\" content=\"https:\/\/marriageagencyru.com\/es\/producto\/\u043a\u043e\u043d\u0441\u0443\u043b\u044c\u0442\u0430\u0446\u0438\u044f-\u0441\u0432\u0430\u0445\u0438\/\" \/>\n<meta property=\"og:site_name\" content=\"marriageagencyru.com\" \/>\n<meta property=\"og:image\" content=\"https:\/\/marriageagencyru.com\/wp-content\/uploads\/2025\/12\/4.jpg\" \/>\n\t<meta property=\"og:image:width\" content=\"1024\" \/>\n\t<meta property=\"og:image:height\" content=\"1024\" \/>\n\t<meta property=\"og:image:type\" content=\"image\/jpeg\" \/>\n<meta name=\"twitter:card\" content=\"summary_large_image\" \/>\n<script type=\"application\/ld+json\" class=\"yoast-schema-graph\">{\"@context\":\"https:\\\/\\\/schema.org\",\"@graph\":[{\"@type\":\"WebPage\",\"@id\":\"https:\\\/\\\/marriageagencyru.com\\\/product\\\/%d0%ba%d0%be%d0%bd%d1%81%d1%83%d0%bb%d1%8c%d1%82%d0%b0%d1%86%d0%b8%d1%8f-%d1%81%d0%b2%d0%b0%d1%85%d0%b8\\\/\",\"url\":\"https:\\\/\\\/marriageagencyru.com\\\/product\\\/%d0%ba%d0%be%d0%bd%d1%81%d1%83%d0%bb%d1%8c%d1%82%d0%b0%d1%86%d0%b8%d1%8f-%d1%81%d0%b2%d0%b0%d1%85%d0%b8\\\/\",\"name\":\"\u041a\u043e\u043d\u0441\u0443\u043b\u044c\u0442\u0430\u0446\u0438\u044f \u0441\u0432\u0430\u0445\u0438 \u041c\u0435\u0436\u0434\u0443\u043d\u0430\u0440\u043e\u0434\u043d\u043e\u0435 \u0431\u0440\u0430\u0447\u043d\u043e\u0435 \u0430\u0433\u0435\u043d\u0442\u0441\u0442\u0432\u043e: \u0417\u043d\u0430\u043a\u043e\u043c\u0441\u0442\u0432\u0430 \u0420\u043e\u0441\u0441\u0438\u044f, \u0423\u043a\u0440\u0430\u0438\u043d\u0430, \u0411\u0435\u043b\u0430\u0440\u0443\u0441\u044c \u0438 \u041a\u0438\u0442\u0430\u0439\",\"isPartOf\":{\"@id\":\"https:\\\/\\\/marriageagencyru.com\\\/#website\"},\"primaryImageOfPage\":{\"@id\":\"https:\\\/\\\/marriageagencyru.com\\\/product\\\/%d0%ba%d0%be%d0%bd%d1%81%d1%83%d0%bb%d1%8c%d1%82%d0%b0%d1%86%d0%b8%d1%8f-%d1%81%d0%b2%d0%b0%d1%85%d0%b8\\\/#primaryimage\"},\"image\":{\"@id\":\"https:\\\/\\\/marriageagencyru.com\\\/product\\\/%d0%ba%d0%be%d0%bd%d1%81%d1%83%d0%bb%d1%8c%d1%82%d0%b0%d1%86%d0%b8%d1%8f-%d1%81%d0%b2%d0%b0%d1%85%d0%b8\\\/#primaryimage\"},\"thumbnailUrl\":\"https:\\\/\\\/marriageagencyru.com\\\/wp-content\\\/uploads\\\/2025\\\/12\\\/4.jpg\",\"datePublished\":\"2025-12-23T04:04:01+00:00\",\"breadcrumb\":{\"@id\":\"https:\\\/\\\/marriageagencyru.com\\\/product\\\/%d0%ba%d0%be%d0%bd%d1%81%d1%83%d0%bb%d1%8c%d1%82%d0%b0%d1%86%d0%b8%d1%8f-%d1%81%d0%b2%d0%b0%d1%85%d0%b8\\\/#breadcrumb\"},\"inLanguage\":\"es\",\"potentialAction\":[{\"@type\":\"ReadAction\",\"target\":[\"https:\\\/\\\/marriageagencyru.com\\\/product\\\/%d0%ba%d0%be%d0%bd%d1%81%d1%83%d0%bb%d1%8c%d1%82%d0%b0%d1%86%d0%b8%d1%8f-%d1%81%d0%b2%d0%b0%d1%85%d0%b8\\\/\"]}]},{\"@type\":\"ImageObject\",\"inLanguage\":\"es\",\"@id\":\"https:\\\/\\\/marriageagencyru.com\\\/product\\\/%d0%ba%d0%be%d0%bd%d1%81%d1%83%d0%bb%d1%8c%d1%82%d0%b0%d1%86%d0%b8%d1%8f-%d1%81%d0%b2%d0%b0%d1%85%d0%b8\\\/#primaryimage\",\"url\":\"https:\\\/\\\/marriageagencyru.com\\\/wp-content\\\/uploads\\\/2025\\\/12\\\/4.jpg\",\"contentUrl\":\"https:\\\/\\\/marriageagencyru.com\\\/wp-content\\\/uploads\\\/2025\\\/12\\\/4.jpg\",\"width\":1024,\"height\":1024},{\"@type\":\"BreadcrumbList\",\"@id\":\"https:\\\/\\\/marriageagencyru.com\\\/product\\\/%d0%ba%d0%be%d0%bd%d1%81%d1%83%d0%bb%d1%8c%d1%82%d0%b0%d1%86%d0%b8%d1%8f-%d1%81%d0%b2%d0%b0%d1%85%d0%b8\\\/#breadcrumb\",\"itemListElement\":[{\"@type\":\"ListItem\",\"position\":1,\"name\":\"Home\",\"item\":\"https:\\\/\\\/marriageagencyru.com\\\/\"},{\"@type\":\"ListItem\",\"position\":2,\"name\":\"Shop\",\"item\":\"https:\\\/\\\/marriageagencyru.com\\\/shop\\\/\"},{\"@type\":\"ListItem\",\"position\":3,\"name\":\"\u041a\u043e\u043d\u0441\u0443\u043b\u044c\u0442\u0430\u0446\u0438\u044f \u0441\u0432\u0430\u0445\u0438\"}]},{\"@type\":\"WebSite\",\"@id\":\"https:\\\/\\\/marriageagencyru.com\\\/#website\",\"url\":\"https:\\\/\\\/marriageagencyru.com\\\/\",\"name\":\"marriageagencyru.com\",\"description\":\"\u041c\u0435\u0436\u0434\u0443\u043d\u0430\u0440\u043e\u0434\u043d\u043e\u0435 \u0431\u0440\u0430\u0447\u043d\u043e\u0435 \u0430\u0433\u0435\u043d\u0442\u0441\u0442\u0432\u043e marriageagencyru | \u0420\u043e\u0441\u0441\u0438\u044f, \u0411\u0435\u043b\u0430\u0440\u0443\u0441\u044c, \u0423\u043a\u0440\u0430\u0438\u043d\u0430 | \u042d\u043b\u0438\u0442\u043d\u044b\u0435 \u0437\u043d\u0430\u043a\u043e\u043c\u0441\u0442\u0432\u0430 \u0432 \u041a\u0438\u0442\u0430\u0435\",\"alternateName\":\"\u0412\u044b\u0439\u0442\u0438 \u0437\u0430\u043c\u0443\u0436 \u0432 \u041a\u0438\u0442\u0430\u0439: \u0411\u0440\u0430\u0447\u043d\u043e\u0435 \u0430\u0433\u0435\u043d\u0442\u0441\u0442\u0432\u043e \u0434\u043b\u044f \u0420\u043e\u0441\u0441\u0438\u0438, \u0423\u043a\u0440\u0430\u0438\u043d\u044b \u0438 \u0411\u0435\u043b\u0430\u0440\u0443\u0441\u0438 | marriageagencyru\",\"potentialAction\":[{\"@type\":\"SearchAction\",\"target\":{\"@type\":\"EntryPoint\",\"urlTemplate\":\"https:\\\/\\\/marriageagencyru.com\\\/?s={search_term_string}\"},\"query-input\":{\"@type\":\"PropertyValueSpecification\",\"valueRequired\":true,\"valueName\":\"search_term_string\"}}],\"inLanguage\":\"es\"}]}<\/script>\n<!-- \/ Yoast SEO plugin. -->","yoast_head_json":{"title":"\u041a\u043e\u043d\u0441\u0443\u043b\u044c\u0442\u0430\u0446\u0438\u044f \u0441\u0432\u0430\u0445\u0438 \u041c\u0435\u0436\u0434\u0443\u043d\u0430\u0440\u043e\u0434\u043d\u043e\u0435 \u0431\u0440\u0430\u0447\u043d\u043e\u0435 \u0430\u0433\u0435\u043d\u0442\u0441\u0442\u0432\u043e: \u0417\u043d\u0430\u043a\u043e\u043c\u0441\u0442\u0432\u0430 \u0420\u043e\u0441\u0441\u0438\u044f, \u0423\u043a\u0440\u0430\u0438\u043d\u0430, \u0411\u0435\u043b\u0430\u0440\u0443\u0441\u044c \u0438 \u041a\u0438\u0442\u0430\u0439","robots":{"index":"index","follow":"follow","max-snippet":"max-snippet:-1","max-image-preview":"max-image-preview:large","max-video-preview":"max-video-preview:-1"},"canonical":"https:\/\/marriageagencyru.com\/es\/producto\/\u043a\u043e\u043d\u0441\u0443\u043b\u044c\u0442\u0430\u0446\u0438\u044f-\u0441\u0432\u0430\u0445\u0438\/","og_locale":"es_ES","og_type":"article","og_title":"\u041a\u043e\u043d\u0441\u0443\u043b\u044c\u0442\u0430\u0446\u0438\u044f \u0441\u0432\u0430\u0445\u0438 \u041c\u0435\u0436\u0434\u0443\u043d\u0430\u0440\u043e\u0434\u043d\u043e\u0435 \u0431\u0440\u0430\u0447\u043d\u043e\u0435 \u0430\u0433\u0435\u043d\u0442\u0441\u0442\u0432\u043e: \u0417\u043d\u0430\u043a\u043e\u043c\u0441\u0442\u0432\u0430 \u0420\u043e\u0441\u0441\u0438\u044f, \u0423\u043a\u0440\u0430\u0438\u043d\u0430, \u0411\u0435\u043b\u0430\u0440\u0443\u0441\u044c \u0438 \u041a\u0438\u0442\u0430\u0439","og_description":"Private Invitation. \u0422\u043e\u043b\u044c\u043a\u043e \u0434\u043b\u044f \u0438\u0437\u0431\u0440\u0430\u043d\u043d\u044b\u0445. \u041c\u044b \u043e\u0442\u043a\u0440\u044b\u0432\u0430\u0435\u043c \u043e\u0433\u0440\u0430\u043d\u0438\u0447\u0435\u043d\u043d\u044b\u0439 \u043d\u0430\u0431\u043e\u0440 \u0432 \u0437\u0430\u043a\u0440\u044b\u0442\u0443\u044e \u0431\u0430\u0437\u0443 \u043d\u0435\u0432\u0435\u0441\u0442 \u0430\u0433\u0435\u043d\u0442\u0441\u0442\u0432\u0430 MeetingBoth. \u041d\u0430\u0448\u0430 \u0441\u043f\u0435\u0446\u0438\u0430\u043b\u0438\u0437\u0430\u0446\u0438\u044f \u2014 High-End Matchmaking \u0432 \u043f\u0440\u043e\u0432\u0438\u043d\u0446\u0438\u0438 \u0413\u0443\u0430\u043d\u0434\u0443\u043d (\u0433. \u0424\u043e\u0448\u0430\u043d\u044c). \u041c\u044b \u0440\u0430\u0431\u043e\u0442\u0430\u0435\u043c \u0441 \u0431\u0438\u0437\u043d\u0435\u0441-\u044d\u043b\u0438\u0442\u043e\u0439 \u042e\u0436\u043d\u043e\u0433\u043e \u041a\u0438\u0442\u0430\u044f. \u042d\u0442\u043e \u043b\u044e\u0434\u0438, \u043a\u043e\u0442\u043e\u0440\u044b\u0435 \u043d\u0435 \u0438\u043c\u0435\u044e\u0442 \u0432\u0440\u0435\u043c\u0435\u043d\u0438 \u043d\u0430 \u0441\u0430\u043c\u043e\u0441\u0442\u043e\u044f\u0442\u0435\u043b\u044c\u043d\u044b\u0439 \u043f\u043e\u0438\u0441\u043a, \u043d\u043e \u0438\u043c\u0435\u044e\u0442 \u0440\u0435\u0441\u0443\u0440\u0441\u044b, \u0447\u0442\u043e\u0431\u044b \u043f\u043e\u0434\u0430\u0440\u0438\u0442\u044c \u0441\u0432\u043e\u0435\u0439 \u0438\u0437\u0431\u0440\u0430\u043d\u043d\u0438\u0446\u0435 \u0436\u0438\u0437\u043d\u044c \u043c\u0435\u0447\u0442\u044b. \u0412\u0430\u0448 \u043f\u0440\u043e\u0444\u0438\u043b\u044c: \u0412\u043e\u0437\u0440\u0430\u0441\u0442: \u0441\u0442\u0440\u043e\u0433\u043e \u0434\u043e 30 [&hellip;]","og_url":"https:\/\/marriageagencyru.com\/es\/producto\/\u043a\u043e\u043d\u0441\u0443\u043b\u044c\u0442\u0430\u0446\u0438\u044f-\u0441\u0432\u0430\u0445\u0438\/","og_site_name":"marriageagencyru.com","og_image":[{"width":1024,"height":1024,"url":"https:\/\/marriageagencyru.com\/wp-content\/uploads\/2025\/12\/4.jpg","type":"image\/jpeg"}],"twitter_card":"summary_large_image","schema":{"@context":"https:\/\/schema.org","@graph":[{"@type":"WebPage","@id":"https:\/\/marriageagencyru.com\/product\/%d0%ba%d0%be%d0%bd%d1%81%d1%83%d0%bb%d1%8c%d1%82%d0%b0%d1%86%d0%b8%d1%8f-%d1%81%d0%b2%d0%b0%d1%85%d0%b8\/","url":"https:\/\/marriageagencyru.com\/product\/%d0%ba%d0%be%d0%bd%d1%81%d1%83%d0%bb%d1%8c%d1%82%d0%b0%d1%86%d0%b8%d1%8f-%d1%81%d0%b2%d0%b0%d1%85%d0%b8\/","name":"\u041a\u043e\u043d\u0441\u0443\u043b\u044c\u0442\u0430\u0446\u0438\u044f \u0441\u0432\u0430\u0445\u0438 \u041c\u0435\u0436\u0434\u0443\u043d\u0430\u0440\u043e\u0434\u043d\u043e\u0435 \u0431\u0440\u0430\u0447\u043d\u043e\u0435 \u0430\u0433\u0435\u043d\u0442\u0441\u0442\u0432\u043e: \u0417\u043d\u0430\u043a\u043e\u043c\u0441\u0442\u0432\u0430 \u0420\u043e\u0441\u0441\u0438\u044f, \u0423\u043a\u0440\u0430\u0438\u043d\u0430, \u0411\u0435\u043b\u0430\u0440\u0443\u0441\u044c \u0438 \u041a\u0438\u0442\u0430\u0439","isPartOf":{"@id":"https:\/\/marriageagencyru.com\/#website"},"primaryImageOfPage":{"@id":"https:\/\/marriageagencyru.com\/product\/%d0%ba%d0%be%d0%bd%d1%81%d1%83%d0%bb%d1%8c%d1%82%d0%b0%d1%86%d0%b8%d1%8f-%d1%81%d0%b2%d0%b0%d1%85%d0%b8\/#primaryimage"},"image":{"@id":"https:\/\/marriageagencyru.com\/product\/%d0%ba%d0%be%d0%bd%d1%81%d1%83%d0%bb%d1%8c%d1%82%d0%b0%d1%86%d0%b8%d1%8f-%d1%81%d0%b2%d0%b0%d1%85%d0%b8\/#primaryimage"},"thumbnailUrl":"https:\/\/marriageagencyru.com\/wp-content\/uploads\/2025\/12\/4.jpg","datePublished":"2025-12-23T04:04:01+00:00","breadcrumb":{"@id":"https:\/\/marriageagencyru.com\/product\/%d0%ba%d0%be%d0%bd%d1%81%d1%83%d0%bb%d1%8c%d1%82%d0%b0%d1%86%d0%b8%d1%8f-%d1%81%d0%b2%d0%b0%d1%85%d0%b8\/#breadcrumb"},"inLanguage":"es","potentialAction":[{"@type":"ReadAction","target":["https:\/\/marriageagencyru.com\/product\/%d0%ba%d0%be%d0%bd%d1%81%d1%83%d0%bb%d1%8c%d1%82%d0%b0%d1%86%d0%b8%d1%8f-%d1%81%d0%b2%d0%b0%d1%85%d0%b8\/"]}]},{"@type":"ImageObject","inLanguage":"es","@id":"https:\/\/marriageagencyru.com\/product\/%d0%ba%d0%be%d0%bd%d1%81%d1%83%d0%bb%d1%8c%d1%82%d0%b0%d1%86%d0%b8%d1%8f-%d1%81%d0%b2%d0%b0%d1%85%d0%b8\/#primaryimage","url":"https:\/\/marriageagencyru.com\/wp-content\/uploads\/2025\/12\/4.jpg","contentUrl":"https:\/\/marriageagencyru.com\/wp-content\/uploads\/2025\/12\/4.jpg","width":1024,"height":1024},{"@type":"BreadcrumbList","@id":"https:\/\/marriageagencyru.com\/product\/%d0%ba%d0%be%d0%bd%d1%81%d1%83%d0%bb%d1%8c%d1%82%d0%b0%d1%86%d0%b8%d1%8f-%d1%81%d0%b2%d0%b0%d1%85%d0%b8\/#breadcrumb","itemListElement":[{"@type":"ListItem","position":1,"name":"Home","item":"https:\/\/marriageagencyru.com\/"},{"@type":"ListItem","position":2,"name":"Shop","item":"https:\/\/marriageagencyru.com\/shop\/"},{"@type":"ListItem","position":3,"name":"\u041a\u043e\u043d\u0441\u0443\u043b\u044c\u0442\u0430\u0446\u0438\u044f \u0441\u0432\u0430\u0445\u0438"}]},{"@type":"WebSite","@id":"https:\/\/marriageagencyru.com\/#website","url":"https:\/\/marriageagencyru.com\/","name":"agencia matrimonialru.com","description":"Agencia Matrimonial Internacional marriageagencyru | Rusia, Bielorrusia, Ucrania | Elite Dating in China","alternateName":"\u0412\u044b\u0439\u0442\u0438 \u0437\u0430\u043c\u0443\u0436 \u0432 \u041a\u0438\u0442\u0430\u0439: \u0411\u0440\u0430\u0447\u043d\u043e\u0435 \u0430\u0433\u0435\u043d\u0442\u0441\u0442\u0432\u043e \u0434\u043b\u044f \u0420\u043e\u0441\u0441\u0438\u0438, \u0423\u043a\u0440\u0430\u0438\u043d\u044b \u0438 \u0411\u0435\u043b\u0430\u0440\u0443\u0441\u0438 | marriageagencyru","potentialAction":[{"@type":"SearchAction","target":{"@type":"EntryPoint","urlTemplate":"https:\/\/marriageagencyru.com\/?s={search_term_string}"},"query-input":{"@type":"PropertyValueSpecification","valueRequired":true,"valueName":"search_term_string"}}],"inLanguage":"es"}]}},"_links":{"self":[{"href":"https:\/\/marriageagencyru.com\/es\/wp-json\/wp\/v2\/product\/194","targetHints":{"allow":["GET"]}}],"collection":[{"href":"https:\/\/marriageagencyru.com\/es\/wp-json\/wp\/v2\/product"}],"about":[{"href":"https:\/\/marriageagencyru.com\/es\/wp-json\/wp\/v2\/types\/product"}],"replies":[{"embeddable":true,"href":"https:\/\/marriageagencyru.com\/es\/wp-json\/wp\/v2\/comments?post=194"}],"wp:featuredmedia":[{"embeddable":true,"href":"https:\/\/marriageagencyru.com\/es\/wp-json\/wp\/v2\/media\/127"}],"wp:attachment":[{"href":"https:\/\/marriageagencyru.com\/es\/wp-json\/wp\/v2\/media?parent=194"}],"wp:term":[{"taxonomy":"product_brand","embeddable":true,"href":"https:\/\/marriageagencyru.com\/es\/wp-json\/wp\/v2\/product_brand?post=194"},{"taxonomy":"product_cat","embeddable":true,"href":"https:\/\/marriageagencyru.com\/es\/wp-json\/wp\/v2\/product_cat?post=194"},{"taxonomy":"product_tag","embeddable":true,"href":"https:\/\/marriageagencyru.com\/es\/wp-json\/wp\/v2\/product_tag?post=194"}],"curies":[{"name":"wp","href":"https:\/\/api.w.org\/{rel}","templated":true}]}}