{"id":772,"date":"2026-01-03T07:05:02","date_gmt":"2026-01-03T07:05:02","guid":{"rendered":"https:\/\/marriageagencyru.com\/product\/elite-matchmaking-for-expats-in-the-middle-east-seeking-european-beauty-from-belarus-and-ukraine\/"},"modified":"2026-01-03T07:05:02","modified_gmt":"2026-01-03T07:05:02","slug":"elite-matchmaking-for-expats-in-the-middle-east-seeking-european-beauty-from-belarus-and-ukraine","status":"publish","type":"product","link":"https:\/\/marriageagencyru.com\/de\/produkt\/elite-matchmaking-for-expats-in-the-middle-east-seeking-european-beauty-from-belarus-and-ukraine\/","title":{"rendered":"Elite-Vermittlung f\u00fcr Expats im Nahen Osten, die europ\u00e4ische Sch\u00f6nheiten aus Belarus und der Ukraine suchen"},"content":{"rendered":"<p data-path-to-node=\"36\"><b data-path-to-node=\"36\" data-index-in-node=\"0\"> Professionelle Partnervermittlung: Erfolgreiche M\u00e4nner mit traditionellen slawischen Werten zusammenbringen<\/b><\/p>\n<h2 data-path-to-node=\"37\">Die Philosophie der Ehe<\/h2>\n<p data-path-to-node=\"38\">In einer Welt der fl\u00fcchtigen Verbindungen, <b data-path-to-node=\"38\" data-index-in-node=\"36\">Marriageagencyru<\/b> steht f\u00fcr Best\u00e4ndigkeit. Wir sind eine spezialisierte Agentur mit folgenden Aufgaben <b data-path-to-node=\"38\" data-index-in-node=\"117\">Elite-Matchmaking<\/b>, die speziell darauf ausgerichtet ist, etablierten M\u00e4nnern aus westlichen L\u00e4ndern und dem Nahen Osten zu helfen, ernsthafte, heiratswillige Frauen aus Osteuropa zu finden.<\/p>\n<p data-path-to-node=\"39\">Unsere Kunden sind Berufst\u00e4tige aus den USA, Kanada, Australien, Deutschland, Frankreich und dem Vereinigten K\u00f6nigreich, die der modernen Dating-Szene \u00fcberdr\u00fcssig sind. Sie suchen Partner, bei denen Familie, Loyalit\u00e4t und gegenseitiger Respekt an erster Stelle stehen. Wir bieten einen w\u00fcrdigen, sicheren und hocheffektiven Weg, eine Frau in L\u00e4ndern wie Russland, der Ukraine, Wei\u00dfrussland, Polen und Rum\u00e4nien zu finden.<\/p>\n<h2 data-path-to-node=\"40\">Gezielte \u00abHigh Net Worth Matchmaking\u00bb.\u00bb<\/h2>\n<p data-path-to-node=\"41\">Wir wissen, dass finanzielle Stabilit\u00e4t und beruflicher Erfolg oft auf Kosten der pers\u00f6nlichen Zeit gehen. Unser Service ist auf den effizienten Gentleman zugeschnitten. Wir verkaufen keine Tr\u00e4ume, sondern Bekanntschaften, die zur Ehe f\u00fchren.<\/p>\n<h3 data-path-to-node=\"42\">Die Schwerpunktregionen<\/h3>\n<p data-path-to-node=\"43\">Unser Fachwissen liegt in den slawischen Regionen, die daf\u00fcr bekannt sind, Frauen hervorzubringen, die die Heiligkeit der Ehe sch\u00e4tzen.<\/p>\n<ul data-path-to-node=\"44\">\n<li>\n<p data-path-to-node=\"44,0,0\"><b data-path-to-node=\"44,0,0\" data-index-in-node=\"0\">Der slawische Standard:<\/b> Frauen aus dieser Region werden mit dem Schwerpunkt auf Bildung und Familie erzogen. Ob sie nun aus den historischen Stra\u00dfen von Krakau oder aus der pulsierenden Stadt Minsk stammt, eine slawische Frau sieht den Erfolg ihres Mannes oft als gemeinsamen Familienerfolg.<\/p>\n<\/li>\n<li>\n<p data-path-to-node=\"44,1,0\"><b data-path-to-node=\"44,1,0\" data-index-in-node=\"0\">Vielfalt der Wahlm\u00f6glichkeiten:<\/b> Wir vertreten Frauen mit unterschiedlichem Hintergrund - von Medizinern in Bukarest bis zu K\u00fcnstlern in St. Petersburg - die alle der Wunsch nach einer ernsthaften Beziehung mit einem ausl\u00e4ndischen Partner verbindet.<\/p>\n<\/li>\n<\/ul>\n<h2 data-path-to-node=\"45\">Der Prozess: Transparenz und Ergebnisse<\/h2>\n<p data-path-to-node=\"46\">Im Gegensatz zu \u00abVersandhausseiten\u00bb, <b data-path-to-node=\"46\" data-index-in-node=\"27\">Marriageagencyru<\/b> ist als Beratungsunternehmen t\u00e4tig. Unser <b data-path-to-node=\"46\" data-index-in-node=\"75\">Wohlhabende Partnervermittlung<\/b> Ansatz beruht auf drei S\u00e4ulen: \u00dcberpr\u00fcfung, Kompatibilit\u00e4t und Unterst\u00fctzung.<\/p>\n<h3 data-path-to-node=\"47\">Phase 1: Die Profilstrategie<\/h3>\n<p data-path-to-node=\"48\">Wir beginnen damit, zu verstehen, wer Sie sind. Wir gehen \u00fcber die grundlegenden demografischen Daten hinaus, um Ihren Pers\u00f6nlichkeitstyp zu verstehen. Sind Sie eine dominante F\u00fchrungspers\u00f6nlichkeit? Ein ruhiger Intellektueller? Wir bringen Sie mit Frauen zusammen, deren Temperament zu Ihrem passt. Gleichzeitig f\u00fchren wir strenge Hintergrund\u00fcberpr\u00fcfungen bei allen Kandidatinnen durch, um sicherzustellen, dass sie ledig, rechtlich heiratsf\u00e4hig und psychologisch auf einen internationalen Umzug vorbereitet sind.<\/p>\n<h3 data-path-to-node=\"49\">Phase 2: Die Einf\u00fchrung und Videoverbindung<\/h3>\n<p data-path-to-node=\"50\">Bevor Sie verreisen, erm\u00f6glichen wir Ihnen hochwertige Videoeinf\u00fchrungen. So k\u00f6nnen Sie die Chemie und den Kommunikationsstil bequem von zu Hause in Sydney, Toronto oder M\u00fcnchen aus beurteilen. Dieser Schritt ist entscheidend f\u00fcr <b data-path-to-node=\"50\" data-index-in-node=\"213\">High Net Worth Matchmaking<\/b>, denn es stellt sicher, dass Sie nur Zeit und Reisekosten in Kandidaten mit echtem Potenzial investieren.<\/p>\n<h3 data-path-to-node=\"51\">Phase 3: Das pers\u00f6nliche Treffen<\/h3>\n<p data-path-to-node=\"52\">Wenn die Zeit reif ist, organisieren wir das Treffen. Wir legen Wert auf eine realistische, angenehme Atmosph\u00e4re bei der Partnersuche. Wir organisieren Restaurantreservierungen, stellen ruhige Treffpunkte zur Verf\u00fcgung und bieten bei Bedarf \u00dcbersetzungsdienste an. Unser Ziel ist es, eine nat\u00fcrliche Atmosph\u00e4re zu schaffen, in der sich zwei Menschen ohne den Druck einer \u00abShow\u00bb verlieben k\u00f6nnen.\u00bb<\/p>\n<h2 data-path-to-node=\"53\">Post-Match-Dienstleistungen: Visum und Abrechnung<\/h2>\n<p data-path-to-node=\"54\">Die richtige Frau zu finden ist die halbe Miete, sie nach Hause zu bringen ist die andere H\u00e4lfte. <b data-path-to-node=\"54\" data-index-in-node=\"81\">Marriageagencyru<\/b> ist stolz auf ein 100% legales und transparentes Einwanderungsverfahren.<\/p>\n<h3 data-path-to-node=\"55\">Unterst\u00fctzung bei der Einwanderung<\/h3>\n<p data-path-to-node=\"56\">Wir sind keine Anw\u00e4lte, aber wir arbeiten mit lizenzierten Einwanderungsspezialisten in den USA, dem Vereinigten K\u00f6nigreich, Kanada, Australien und der EU zusammen, um Sie durch den Prozess zu f\u00fchren.<\/p>\n<ul data-path-to-node=\"57\">\n<li>\n<p data-path-to-node=\"57,0,0\"><b data-path-to-node=\"57,0,0\" data-index-in-node=\"0\">Dokumentensammlung:<\/b> Wir unterst\u00fctzen die Frau bei der Beschaffung von Geburtsurkunden, polizeilichen F\u00fchrungszeugnissen und medizinischen Untersuchungen in ihrem Heimatland (Russland, Belarus usw.).<\/p>\n<\/li>\n<li>\n<p data-path-to-node=\"57,1,0\"><b data-path-to-node=\"57,1,0\" data-index-in-node=\"0\">Vorbereitung der Botschaft:<\/b> Wir helfen Ihrer Verlobten bei der Vorbereitung auf ihr Visumsgespr\u00e4ch und stellen sicher, dass sie die Fragen und das Verfahren f\u00fcr die Einreise in Ihr Land versteht.<\/p>\n<\/li>\n<\/ul>\n<h3 data-path-to-node=\"58\">Anleitung zur Lebensanpassung<\/h3>\n<p data-path-to-node=\"59\">Ein Umzug in ein neues Land ist eine Herausforderung. Wir bieten praktische Unterst\u00fctzung f\u00fcr Ihren Partner:<\/p>\n<ul data-path-to-node=\"60\">\n<li>\n<p data-path-to-node=\"60,0,0\"><b data-path-to-node=\"60,0,0\" data-index-in-node=\"0\">Sprachliche Vorbereitung:<\/b> Vermittlung von Tutoren zur Verbesserung ihrer Englisch- oder Landessprachkenntnisse vor der Abreise.<\/p>\n<\/li>\n<li>\n<p data-path-to-node=\"60,1,0\"><b data-path-to-node=\"60,1,0\" data-index-in-node=\"0\">Erwartungsmanagement:<\/b> In Beratungsgespr\u00e4chen er\u00f6rtern wir die Lebensrealit\u00e4ten in Ihrem Land, vom Klima in Kanada bis zu den gesellschaftlichen Gepflogenheiten im Nahen Osten.<\/p>\n<\/li>\n<\/ul>\n<h2 data-path-to-node=\"61\">Schlussfolgerung<\/h2>\n<p data-path-to-node=\"62\"><b data-path-to-node=\"62\" data-index-in-node=\"0\">Marriageagencyru<\/b> ist die Br\u00fccke zwischen zwei Welten. Wir bieten einen sicheren, professionellen und diskreten Service f\u00fcr M\u00e4nner, die bereit sind, sich niederzulassen. Wenn Sie auf der Suche sind <b data-path-to-node=\"62\" data-index-in-node=\"162\">Elite-Matchmaking<\/b> die der Realit\u00e4t den Vorzug vor der Fantasie und den Ergebnissen vor den Versprechungen gibt, sind wir Ihr Partner. Schlie\u00dfen Sie sich uns an und lassen Sie uns Ihnen helfen, die slawische Frau zu finden, die Ihr Leben vervollst\u00e4ndigen wird.<\/p>","protected":false},"excerpt":{"rendered":"<p>Professional Matchmaking: Connecting Accomplished Men with Traditional Slavic Values The Philosophy of Marriageagencyru In a world of fleeting connections, Marriageagencyru stands for permanence. We are a specialized agency dedicated to Elite Matchmaking, focused specifically on helping established men from Western nations and the Middle East find serious, marriage-minded women from Eastern Europe. Our clients are [&hellip;]<\/p>","protected":false},"featured_media":748,"comment_status":"open","ping_status":"closed","template":"","meta":{"_et_pb_use_builder":"","_et_pb_old_content":"","_et_gb_content_width":""},"product_brand":[],"product_cat":[],"product_tag":[],"class_list":{"0":"post-772","1":"product","2":"type-product","3":"status-publish","4":"has-post-thumbnail","7":"first","8":"instock","9":"shipping-taxable","10":"purchasable","11":"product-type-simple"},"yoast_head":"<!-- This site is optimized with the Yoast SEO plugin v26.6 - https:\/\/yoast.com\/wordpress\/plugins\/seo\/ -->\n<title>Elite Matchmaking for Expats in the Middle East Seeking European Beauty from Belarus and Ukraine \u041c\u0435\u0436\u0434\u0443\u043d\u0430\u0440\u043e\u0434\u043d\u043e\u0435 \u0431\u0440\u0430\u0447\u043d\u043e\u0435 \u0430\u0433\u0435\u043d\u0442\u0441\u0442\u0432\u043e: \u0417\u043d\u0430\u043a\u043e\u043c\u0441\u0442\u0432\u0430 \u0420\u043e\u0441\u0441\u0438\u044f, \u0423\u043a\u0440\u0430\u0438\u043d\u0430, \u0411\u0435\u043b\u0430\u0440\u0443\u0441\u044c \u0438 \u041a\u0438\u0442\u0430\u0439<\/title>\n<meta name=\"robots\" content=\"index, follow, max-snippet:-1, max-image-preview:large, max-video-preview:-1\" \/>\n<link rel=\"canonical\" href=\"https:\/\/marriageagencyru.com\/de\/produkt\/elite-matchmaking-for-expats-in-the-middle-east-seeking-european-beauty-from-belarus-and-ukraine\/\" \/>\n<meta property=\"og:locale\" content=\"de_DE\" \/>\n<meta property=\"og:type\" content=\"article\" \/>\n<meta property=\"og:title\" content=\"Elite Matchmaking for Expats in the Middle East Seeking European Beauty from Belarus and Ukraine \u041c\u0435\u0436\u0434\u0443\u043d\u0430\u0440\u043e\u0434\u043d\u043e\u0435 \u0431\u0440\u0430\u0447\u043d\u043e\u0435 \u0430\u0433\u0435\u043d\u0442\u0441\u0442\u0432\u043e: \u0417\u043d\u0430\u043a\u043e\u043c\u0441\u0442\u0432\u0430 \u0420\u043e\u0441\u0441\u0438\u044f, \u0423\u043a\u0440\u0430\u0438\u043d\u0430, \u0411\u0435\u043b\u0430\u0440\u0443\u0441\u044c \u0438 \u041a\u0438\u0442\u0430\u0439\" \/>\n<meta property=\"og:description\" content=\"Professional Matchmaking: Connecting Accomplished Men with Traditional Slavic Values The Philosophy of Marriageagencyru In a world of fleeting connections, Marriageagencyru stands for permanence. We are a specialized agency dedicated to Elite Matchmaking, focused specifically on helping established men from Western nations and the Middle East find serious, marriage-minded women from Eastern Europe. Our clients are [&hellip;]\" \/>\n<meta property=\"og:url\" content=\"https:\/\/marriageagencyru.com\/de\/produkt\/elite-matchmaking-for-expats-in-the-middle-east-seeking-european-beauty-from-belarus-and-ukraine\/\" \/>\n<meta property=\"og:site_name\" content=\"marriageagencyru.com\" \/>\n<meta name=\"twitter:card\" content=\"summary_large_image\" \/>\n<meta name=\"twitter:label1\" content=\"Gesch\u00e4tzte Lesezeit\" \/>\n\t<meta name=\"twitter:data1\" content=\"3\u00a0Minuten\" \/>\n<script type=\"application\/ld+json\" class=\"yoast-schema-graph\">{\"@context\":\"https:\/\/schema.org\",\"@graph\":[{\"@type\":\"WebPage\",\"@id\":\"https:\/\/marriageagencyru.com\/product\/elite-matchmaking-for-expats-in-the-middle-east-seeking-european-beauty-from-belarus-and-ukraine\/\",\"url\":\"https:\/\/marriageagencyru.com\/product\/elite-matchmaking-for-expats-in-the-middle-east-seeking-european-beauty-from-belarus-and-ukraine\/\",\"name\":\"Elite Matchmaking for Expats in the Middle East Seeking European Beauty from Belarus and Ukraine \u041c\u0435\u0436\u0434\u0443\u043d\u0430\u0440\u043e\u0434\u043d\u043e\u0435 \u0431\u0440\u0430\u0447\u043d\u043e\u0435 \u0430\u0433\u0435\u043d\u0442\u0441\u0442\u0432\u043e: \u0417\u043d\u0430\u043a\u043e\u043c\u0441\u0442\u0432\u0430 \u0420\u043e\u0441\u0441\u0438\u044f, \u0423\u043a\u0440\u0430\u0438\u043d\u0430, \u0411\u0435\u043b\u0430\u0440\u0443\u0441\u044c \u0438 \u041a\u0438\u0442\u0430\u0439\",\"isPartOf\":{\"@id\":\"https:\/\/marriageagencyru.com\/#website\"},\"primaryImageOfPage\":{\"@id\":\"https:\/\/marriageagencyru.com\/product\/elite-matchmaking-for-expats-in-the-middle-east-seeking-european-beauty-from-belarus-and-ukraine\/#primaryimage\"},\"image\":{\"@id\":\"https:\/\/marriageagencyru.com\/product\/elite-matchmaking-for-expats-in-the-middle-east-seeking-european-beauty-from-belarus-and-ukraine\/#primaryimage\"},\"thumbnailUrl\":\"https:\/\/marriageagencyru.com\/wp-content\/uploads\/2026\/01\/Catholic-Matchmaker.png\",\"datePublished\":\"2026-01-03T07:05:02+00:00\",\"breadcrumb\":{\"@id\":\"https:\/\/marriageagencyru.com\/product\/elite-matchmaking-for-expats-in-the-middle-east-seeking-european-beauty-from-belarus-and-ukraine\/#breadcrumb\"},\"inLanguage\":\"de\",\"potentialAction\":[{\"@type\":\"ReadAction\",\"target\":[\"https:\/\/marriageagencyru.com\/product\/elite-matchmaking-for-expats-in-the-middle-east-seeking-european-beauty-from-belarus-and-ukraine\/\"]}]},{\"@type\":\"ImageObject\",\"inLanguage\":\"de\",\"@id\":\"https:\/\/marriageagencyru.com\/product\/elite-matchmaking-for-expats-in-the-middle-east-seeking-european-beauty-from-belarus-and-ukraine\/#primaryimage\",\"url\":\"https:\/\/marriageagencyru.com\/wp-content\/uploads\/2026\/01\/Catholic-Matchmaker.png\",\"contentUrl\":\"https:\/\/marriageagencyru.com\/wp-content\/uploads\/2026\/01\/Catholic-Matchmaker.png\",\"width\":1024,\"height\":1024},{\"@type\":\"BreadcrumbList\",\"@id\":\"https:\/\/marriageagencyru.com\/product\/elite-matchmaking-for-expats-in-the-middle-east-seeking-european-beauty-from-belarus-and-ukraine\/#breadcrumb\",\"itemListElement\":[{\"@type\":\"ListItem\",\"position\":1,\"name\":\"Home\",\"item\":\"https:\/\/marriageagencyru.com\/\"},{\"@type\":\"ListItem\",\"position\":2,\"name\":\"Shop\",\"item\":\"https:\/\/marriageagencyru.com\/shop\/\"},{\"@type\":\"ListItem\",\"position\":3,\"name\":\"Elite Matchmaking for Expats in the Middle East Seeking European Beauty from Belarus and Ukraine\"}]},{\"@type\":\"WebSite\",\"@id\":\"https:\/\/marriageagencyru.com\/#website\",\"url\":\"https:\/\/marriageagencyru.com\/\",\"name\":\"marriageagencyru.com\",\"description\":\"\u041c\u0435\u0436\u0434\u0443\u043d\u0430\u0440\u043e\u0434\u043d\u043e\u0435 \u0431\u0440\u0430\u0447\u043d\u043e\u0435 \u0430\u0433\u0435\u043d\u0442\u0441\u0442\u0432\u043e marriageagencyru | \u0420\u043e\u0441\u0441\u0438\u044f, \u0411\u0435\u043b\u0430\u0440\u0443\u0441\u044c, \u0423\u043a\u0440\u0430\u0438\u043d\u0430 | \u042d\u043b\u0438\u0442\u043d\u044b\u0435 \u0437\u043d\u0430\u043a\u043e\u043c\u0441\u0442\u0432\u0430 \u0432 \u041a\u0438\u0442\u0430\u0435\",\"alternateName\":\"\u0412\u044b\u0439\u0442\u0438 \u0437\u0430\u043c\u0443\u0436 \u0432 \u041a\u0438\u0442\u0430\u0439: \u0411\u0440\u0430\u0447\u043d\u043e\u0435 \u0430\u0433\u0435\u043d\u0442\u0441\u0442\u0432\u043e \u0434\u043b\u044f \u0420\u043e\u0441\u0441\u0438\u0438, \u0423\u043a\u0440\u0430\u0438\u043d\u044b \u0438 \u0411\u0435\u043b\u0430\u0440\u0443\u0441\u0438 | marriageagencyru\",\"potentialAction\":[{\"@type\":\"SearchAction\",\"target\":{\"@type\":\"EntryPoint\",\"urlTemplate\":\"https:\/\/marriageagencyru.com\/?s={search_term_string}\"},\"query-input\":{\"@type\":\"PropertyValueSpecification\",\"valueRequired\":true,\"valueName\":\"search_term_string\"}}],\"inLanguage\":\"de\"}]}<\/script>\n<!-- \/ Yoast SEO plugin. -->","yoast_head_json":{"title":"Elite Matchmaking for Expats in the Middle East Seeking European Beauty from Belarus and Ukraine \u041c\u0435\u0436\u0434\u0443\u043d\u0430\u0440\u043e\u0434\u043d\u043e\u0435 \u0431\u0440\u0430\u0447\u043d\u043e\u0435 \u0430\u0433\u0435\u043d\u0442\u0441\u0442\u0432\u043e: \u0417\u043d\u0430\u043a\u043e\u043c\u0441\u0442\u0432\u0430 \u0420\u043e\u0441\u0441\u0438\u044f, \u0423\u043a\u0440\u0430\u0438\u043d\u0430, \u0411\u0435\u043b\u0430\u0440\u0443\u0441\u044c \u0438 \u041a\u0438\u0442\u0430\u0439","robots":{"index":"index","follow":"follow","max-snippet":"max-snippet:-1","max-image-preview":"max-image-preview:large","max-video-preview":"max-video-preview:-1"},"canonical":"https:\/\/marriageagencyru.com\/de\/produkt\/elite-matchmaking-for-expats-in-the-middle-east-seeking-european-beauty-from-belarus-and-ukraine\/","og_locale":"de_DE","og_type":"article","og_title":"Elite Matchmaking for Expats in the Middle East Seeking European Beauty from Belarus and Ukraine \u041c\u0435\u0436\u0434\u0443\u043d\u0430\u0440\u043e\u0434\u043d\u043e\u0435 \u0431\u0440\u0430\u0447\u043d\u043e\u0435 \u0430\u0433\u0435\u043d\u0442\u0441\u0442\u0432\u043e: \u0417\u043d\u0430\u043a\u043e\u043c\u0441\u0442\u0432\u0430 \u0420\u043e\u0441\u0441\u0438\u044f, \u0423\u043a\u0440\u0430\u0438\u043d\u0430, \u0411\u0435\u043b\u0430\u0440\u0443\u0441\u044c \u0438 \u041a\u0438\u0442\u0430\u0439","og_description":"Professional Matchmaking: Connecting Accomplished Men with Traditional Slavic Values The Philosophy of Marriageagencyru In a world of fleeting connections, Marriageagencyru stands for permanence. We are a specialized agency dedicated to Elite Matchmaking, focused specifically on helping established men from Western nations and the Middle East find serious, marriage-minded women from Eastern Europe. Our clients are [&hellip;]","og_url":"https:\/\/marriageagencyru.com\/de\/produkt\/elite-matchmaking-for-expats-in-the-middle-east-seeking-european-beauty-from-belarus-and-ukraine\/","og_site_name":"marriageagencyru.com","twitter_card":"summary_large_image","twitter_misc":{"Gesch\u00e4tzte Lesezeit":"3\u00a0Minuten"},"schema":{"@context":"https:\/\/schema.org","@graph":[{"@type":"WebPage","@id":"https:\/\/marriageagencyru.com\/product\/elite-matchmaking-for-expats-in-the-middle-east-seeking-european-beauty-from-belarus-and-ukraine\/","url":"https:\/\/marriageagencyru.com\/product\/elite-matchmaking-for-expats-in-the-middle-east-seeking-european-beauty-from-belarus-and-ukraine\/","name":"Elite Matchmaking for Expats in the Middle East Seeking European Beauty from Belarus and Ukraine \u041c\u0435\u0436\u0434\u0443\u043d\u0430\u0440\u043e\u0434\u043d\u043e\u0435 \u0431\u0440\u0430\u0447\u043d\u043e\u0435 \u0430\u0433\u0435\u043d\u0442\u0441\u0442\u0432\u043e: \u0417\u043d\u0430\u043a\u043e\u043c\u0441\u0442\u0432\u0430 \u0420\u043e\u0441\u0441\u0438\u044f, \u0423\u043a\u0440\u0430\u0438\u043d\u0430, \u0411\u0435\u043b\u0430\u0440\u0443\u0441\u044c \u0438 \u041a\u0438\u0442\u0430\u0439","isPartOf":{"@id":"https:\/\/marriageagencyru.com\/#website"},"primaryImageOfPage":{"@id":"https:\/\/marriageagencyru.com\/product\/elite-matchmaking-for-expats-in-the-middle-east-seeking-european-beauty-from-belarus-and-ukraine\/#primaryimage"},"image":{"@id":"https:\/\/marriageagencyru.com\/product\/elite-matchmaking-for-expats-in-the-middle-east-seeking-european-beauty-from-belarus-and-ukraine\/#primaryimage"},"thumbnailUrl":"https:\/\/marriageagencyru.com\/wp-content\/uploads\/2026\/01\/Catholic-Matchmaker.png","datePublished":"2026-01-03T07:05:02+00:00","breadcrumb":{"@id":"https:\/\/marriageagencyru.com\/product\/elite-matchmaking-for-expats-in-the-middle-east-seeking-european-beauty-from-belarus-and-ukraine\/#breadcrumb"},"inLanguage":"de","potentialAction":[{"@type":"ReadAction","target":["https:\/\/marriageagencyru.com\/product\/elite-matchmaking-for-expats-in-the-middle-east-seeking-european-beauty-from-belarus-and-ukraine\/"]}]},{"@type":"ImageObject","inLanguage":"de","@id":"https:\/\/marriageagencyru.com\/product\/elite-matchmaking-for-expats-in-the-middle-east-seeking-european-beauty-from-belarus-and-ukraine\/#primaryimage","url":"https:\/\/marriageagencyru.com\/wp-content\/uploads\/2026\/01\/Catholic-Matchmaker.png","contentUrl":"https:\/\/marriageagencyru.com\/wp-content\/uploads\/2026\/01\/Catholic-Matchmaker.png","width":1024,"height":1024},{"@type":"BreadcrumbList","@id":"https:\/\/marriageagencyru.com\/product\/elite-matchmaking-for-expats-in-the-middle-east-seeking-european-beauty-from-belarus-and-ukraine\/#breadcrumb","itemListElement":[{"@type":"ListItem","position":1,"name":"Home","item":"https:\/\/marriageagencyru.com\/"},{"@type":"ListItem","position":2,"name":"Shop","item":"https:\/\/marriageagencyru.com\/shop\/"},{"@type":"ListItem","position":3,"name":"Elite Matchmaking for Expats in the Middle East Seeking European Beauty from Belarus and Ukraine"}]},{"@type":"WebSite","@id":"https:\/\/marriageagencyru.com\/#website","url":"https:\/\/marriageagencyru.com\/","name":"marriageagencyru.com","description":"Internationale Heiratsvermittlung marriageagencyru | Russland, Wei\u00dfrussland, Ukraine | Elite Dating in China","alternateName":"\u0412\u044b\u0439\u0442\u0438 \u0437\u0430\u043c\u0443\u0436 \u0432 \u041a\u0438\u0442\u0430\u0439: \u0411\u0440\u0430\u0447\u043d\u043e\u0435 \u0430\u0433\u0435\u043d\u0442\u0441\u0442\u0432\u043e \u0434\u043b\u044f \u0420\u043e\u0441\u0441\u0438\u0438, \u0423\u043a\u0440\u0430\u0438\u043d\u044b \u0438 \u0411\u0435\u043b\u0430\u0440\u0443\u0441\u0438 | marriageagencyru","potentialAction":[{"@type":"SearchAction","target":{"@type":"EntryPoint","urlTemplate":"https:\/\/marriageagencyru.com\/?s={search_term_string}"},"query-input":{"@type":"PropertyValueSpecification","valueRequired":true,"valueName":"search_term_string"}}],"inLanguage":"de"}]}},"_links":{"self":[{"href":"https:\/\/marriageagencyru.com\/de\/wp-json\/wp\/v2\/product\/772","targetHints":{"allow":["GET"]}}],"collection":[{"href":"https:\/\/marriageagencyru.com\/de\/wp-json\/wp\/v2\/product"}],"about":[{"href":"https:\/\/marriageagencyru.com\/de\/wp-json\/wp\/v2\/types\/product"}],"replies":[{"embeddable":true,"href":"https:\/\/marriageagencyru.com\/de\/wp-json\/wp\/v2\/comments?post=772"}],"wp:featuredmedia":[{"embeddable":true,"href":"https:\/\/marriageagencyru.com\/de\/wp-json\/wp\/v2\/media\/748"}],"wp:attachment":[{"href":"https:\/\/marriageagencyru.com\/de\/wp-json\/wp\/v2\/media?parent=772"}],"wp:term":[{"taxonomy":"product_brand","embeddable":true,"href":"https:\/\/marriageagencyru.com\/de\/wp-json\/wp\/v2\/product_brand?post=772"},{"taxonomy":"product_cat","embeddable":true,"href":"https:\/\/marriageagencyru.com\/de\/wp-json\/wp\/v2\/product_cat?post=772"},{"taxonomy":"product_tag","embeddable":true,"href":"https:\/\/marriageagencyru.com\/de\/wp-json\/wp\/v2\/product_tag?post=772"}],"curies":[{"name":"wp","href":"https:\/\/api.w.org\/{rel}","templated":true}]}}