{"id":72,"date":"2025-12-23T03:55:30","date_gmt":"2025-12-23T03:55:30","guid":{"rendered":"https:\/\/marriageagencyru.com\/product\/%d0%b8%d0%bd%d0%be%d1%81%d1%82%d1%80%d0%b0%d0%bd%d0%bd%d1%8b%d0%b5-%d0%b6%d0%b5%d0%bd%d0%b8%d1%85%d0%b8\/"},"modified":"2025-12-23T03:55:30","modified_gmt":"2025-12-23T03:55:30","slug":"%d0%b8%d0%bd%d0%be%d1%81%d1%82%d1%80%d0%b0%d0%bd%d0%bd%d1%8b%d0%b5-%d0%b6%d0%b5%d0%bd%d0%b8%d1%85%d0%b8","status":"publish","type":"product","link":"https:\/\/marriageagencyru.com\/de\/produkt\/%d0%b8%d0%bd%d0%be%d1%81%d1%82%d1%80%d0%b0%d0%bd%d0%bd%d1%8b%d0%b5-%d0%b6%d0%b5%d0%bd%d0%b8%d1%85%d0%b8\/","title":{"rendered":"\u0418\u043d\u043e\u0441\u0442\u0440\u0430\u043d\u043d\u044b\u0435 \u0436\u0435\u043d\u0438\u0445\u0438"},"content":{"rendered":"<h3 data-path-to-node=\"2\">Betonung von Stonewall und Stabilit\u00e4t und Sicherheit<\/h3>\n<p data-path-to-node=\"3\"><i data-path-to-node=\"3\" data-index-in-node=\"0\">Dieser Text ist f\u00fcr M\u00e4dchen geeignet, die Sicherheit in der Zukunft suchen und der Ungewissheit \u00fcberdr\u00fcssig sind.<\/i><\/p>\n<p data-path-to-node=\"4\"><b data-path-to-node=\"4\" data-index-in-node=\"0\">Titel: Ihre friedliche Zukunft im Herzen Asiens. Familie in Foshan.<\/b><\/p>\n<p data-path-to-node=\"5\">In einer Welt voller Chaos sehnt man sich nach einem Ort, der sicher, warm und stabil ist. China ist heute eine Insel des Wohlstandes.<\/p>\n<p data-path-to-node=\"6\"><b data-path-to-node=\"6\" data-index-in-node=\"0\">Warum sollten Sie einen Ehemann aus China in Betracht ziehen?<\/b> Die chinesische Ehekultur ist einzigartig. Der Mann ist hier der Versorger und Besch\u00fctzer. Scheidungen sind selten, und die Versorgung der Frau wird als heilige Pflicht des Mannes angesehen.<\/p>\n<p data-path-to-node=\"7\"><b data-path-to-node=\"7\" data-index-in-node=\"0\">MeetingBoth Agency (Foshan) bietet:<\/b> Wir suchen Frauen bis zu 30 Jahren, die bereit sind, Angst durch Komfort und Einsamkeit durch die starke Schulter eines erfolgreichen Mannes zu ersetzen. Unsere Kandidaten in Foshan sind etablierte Menschen, die bereit sind, Verantwortung f\u00fcr Sie und Ihre zuk\u00fcnftigen Kinder zu \u00fcbernehmen.<\/p>\n<p data-path-to-node=\"8\"><b data-path-to-node=\"8\" data-index-in-node=\"0\">Wir garantieren:<\/b><\/p>\n<ul data-path-to-node=\"9\">\n<li>\n<p data-path-to-node=\"9,0,0\"><b data-path-to-node=\"9,0,0\" data-index-in-node=\"0\">Ehrlichkeit:<\/b> Keine versteckten Bedingungen und Konditionen. Der Service auf 100% ist f\u00fcr M\u00e4dchen kostenlos.<\/p>\n<\/li>\n<li>\n<p data-path-to-node=\"9,1,0\"><b data-path-to-node=\"9,1,0\" data-index-in-node=\"0\">Transparenz:<\/b> Die Sitzungen finden in Foshan in einer sicheren Umgebung statt.<\/p>\n<\/li>\n<li>\n<p data-path-to-node=\"9,2,0\"><b data-path-to-node=\"9,2,0\" data-index-in-node=\"0\">Ergebnis:<\/b> Wir veranstalten keine \u00abSitzungen um der Sitzungen willen\u00bb, wir arbeiten f\u00fcr Ergebnisse - BRAK.<\/p>\n<\/li>\n<\/ul>\n<p data-path-to-node=\"10\">Finden Sie ein Zuhause, in dem Sie gesch\u00e4tzt werden.<\/p>\n<p data-path-to-node=\"11\">\ud83d\udce9 <b data-path-to-node=\"11\" data-index-in-node=\"3\">Bewerbungen werden entgegengenommen bei:<\/b> nolan@meetingboth.com<\/p>\n<hr data-path-to-node=\"12\" \/>\n<h3 data-path-to-node=\"13\">Option 6: Stereotypenbek\u00e4mpfung (Aufkl\u00e4rung\/Mythenbek\u00e4mpfung)<\/h3>\n<p data-path-to-node=\"14\"><i data-path-to-node=\"14\" data-index-in-node=\"0\">Ein Text, der sich mit den Vorbehalten und \u00c4ngsten von M\u00e4dchen gegen\u00fcber asiatischen M\u00e4nnern auseinandersetzt.<\/i><\/p>\n<p data-path-to-node=\"15\"><b data-path-to-node=\"15\" data-index-in-node=\"0\">\u00dcberschrift: 3 Mythen \u00fcber chinesische M\u00e4nner, an die man nicht mehr glauben sollte<\/b><\/p>\n<p data-path-to-node=\"16\">Viele M\u00e4dchen haben aufgrund von Stereotypen Angst, sich mit Ausl\u00e4ndern aus Asien zu treffen. Agentur <b data-path-to-node=\"16\" data-index-in-node=\"86\">MeetingBoth<\/b> (Foshan) zeigt die Realit\u00e4t.<\/p>\n<p data-path-to-node=\"17\">\u274c <i data-path-to-node=\"17\" data-index-in-node=\"2\">Mythos 1: Sie sind nicht romantisch.<\/i> \u2705 <b data-path-to-node=\"17\" data-index-in-node=\"30\">Das tue ich wirklich:<\/b> Moderne chinesische M\u00e4nner verstehen es, sch\u00f6n zu werben, teure Geschenke zu machen und \u00dcberraschungen zu arrangieren. Sie sind sehr aufmerksam, was die W\u00fcnsche ihrer Geliebten betrifft.<\/p>\n<p data-path-to-node=\"18\">\u274c <i data-path-to-node=\"18\" data-index-in-node=\"2\">Mythos 2: Es ist schwer, in einer anderen Kultur zu leben.<\/i> \u2705 <b data-path-to-node=\"18\" data-index-in-node=\"42\">Das tue ich wirklich:<\/b> Foshan ist eine moderne Metropole. Hier gibt es viele Ausl\u00e4nder, europ\u00e4ische Restaurants und Marken. Und europ\u00e4ische Ehefrauen werden hier mit besonderer Ehrfurcht und Respekt behandelt.<\/p>\n<p data-path-to-node=\"19\">\u274c <i data-path-to-node=\"19\" data-index-in-node=\"2\">Mythos 3: Es ist gef\u00e4hrlich oder teuer.<\/i> \u2705 <b data-path-to-node=\"19\" data-index-in-node=\"34\">Das tue ich wirklich:<\/b> Mit unserer Agentur ist es <b data-path-to-node=\"19\" data-index-in-node=\"65\">unentgeltlich<\/b> f\u00fcr M\u00e4dchen (bis 30 Jahre alt). Wir \u00fcberpr\u00fcfen jeden Bewerber (Reisepass, Einkommen, Status).<\/p>\n<p data-path-to-node=\"20\"><b data-path-to-node=\"20\" data-index-in-node=\"0\">Sind Sie bereit, eine neue Welt zu entdecken?<\/b> Wir laden Sie zu einem Treffen mit den besten Trauzeugen in Foshan ein.<\/p>\n<p data-path-to-node=\"21\"><b data-path-to-node=\"21\" data-index-in-node=\"0\">Was muss getan werden?<\/b> Schreiben Sie uns eine E-Mail mit dem Betreff \u00abIch m\u00f6chte mehr wissen\u00bb und f\u00fcgen Sie Ihre Fotos bei. \ud83d\udce7 <b data-path-to-node=\"21\" data-index-in-node=\"95\">E-Mail:<\/b> nolan@meetingboth.com<\/p>","protected":false},"excerpt":{"rendered":"<p>\u0410\u043a\u0446\u0435\u043d\u0442 \u043d\u0430 &#171;\u041a\u0430\u043c\u0435\u043d\u043d\u0443\u044e \u0441\u0442\u0435\u043d\u0443&#187; \u0438 \u0421\u0442\u0430\u0431\u0438\u043b\u044c\u043d\u043e\u0441\u0442\u044c (Stability &amp; Safety) \u042d\u0442\u043e\u0442 \u0442\u0435\u043a\u0441\u0442 \u043f\u043e\u0434\u043e\u0439\u0434\u0435\u0442 \u0434\u043b\u044f \u0434\u0435\u0432\u0443\u0448\u0435\u043a, \u043a\u043e\u0442\u043e\u0440\u044b\u0435 \u0438\u0449\u0443\u0442 \u0443\u0432\u0435\u0440\u0435\u043d\u043d\u043e\u0441\u0442\u044c \u0432 \u0437\u0430\u0432\u0442\u0440\u0430\u0448\u043d\u0435\u043c \u0434\u043d\u0435 \u0438 \u0443\u0441\u0442\u0430\u0432\u0448\u0438\u0445 \u043e\u0442 \u043d\u0435\u043e\u043f\u0440\u0435\u0434\u0435\u043b\u0435\u043d\u043d\u043e\u0441\u0442\u0438. \u0417\u0430\u0433\u043e\u043b\u043e\u0432\u043e\u043a: \u0412\u0430\u0448\u0435 \u0441\u043f\u043e\u043a\u043e\u0439\u043d\u043e\u0435 \u0431\u0443\u0434\u0443\u0449\u0435\u0435 \u0432 \u0441\u0435\u0440\u0434\u0446\u0435 \u0410\u0437\u0438\u0438. \u0421\u0435\u043c\u044c\u044f \u0432 \u0424\u043e\u0448\u0430\u043d\u0435. \u0412 \u043c\u0438\u0440\u0435, \u043f\u043e\u043b\u043d\u043e\u043c \u0445\u0430\u043e\u0441\u0430, \u0442\u0430\u043a \u0445\u043e\u0447\u0435\u0442\u0441\u044f \u043d\u0430\u0439\u0442\u0438 \u043c\u0435\u0441\u0442\u043e, \u0433\u0434\u0435 \u0431\u0435\u0437\u043e\u043f\u0430\u0441\u043d\u043e, \u0442\u0435\u043f\u043b\u043e \u0438 \u0441\u0442\u0430\u0431\u0438\u043b\u044c\u043d\u043e. \u041a\u0438\u0442\u0430\u0439 \u0441\u0435\u0433\u043e\u0434\u043d\u044f \u2014 \u044d\u0442\u043e \u043e\u0441\u0442\u0440\u043e\u0432\u043e\u043a \u043f\u0440\u043e\u0446\u0432\u0435\u0442\u0430\u043d\u0438\u044f. \u041f\u043e\u0447\u0435\u043c\u0443 \u0441\u0442\u043e\u0438\u0442 [&hellip;]<\/p>","protected":false},"featured_media":24,"comment_status":"open","ping_status":"closed","template":"","meta":{"_et_pb_use_builder":"","_et_pb_old_content":"","_et_gb_content_width":""},"product_brand":[],"product_cat":[],"product_tag":[],"class_list":{"0":"post-72","1":"product","2":"type-product","3":"status-publish","4":"has-post-thumbnail","7":"first","8":"instock","9":"shipping-taxable","10":"purchasable","11":"product-type-simple"},"yoast_head":"<!-- This site is optimized with the Yoast SEO plugin v27.4 - https:\/\/yoast.com\/product\/yoast-seo-wordpress\/ -->\n<title>\u0418\u043d\u043e\u0441\u0442\u0440\u0430\u043d\u043d\u044b\u0435 \u0436\u0435\u043d\u0438\u0445\u0438 \u041c\u0435\u0436\u0434\u0443\u043d\u0430\u0440\u043e\u0434\u043d\u043e\u0435 \u0431\u0440\u0430\u0447\u043d\u043e\u0435 \u0430\u0433\u0435\u043d\u0442\u0441\u0442\u0432\u043e: \u0417\u043d\u0430\u043a\u043e\u043c\u0441\u0442\u0432\u0430 \u0420\u043e\u0441\u0441\u0438\u044f, \u0423\u043a\u0440\u0430\u0438\u043d\u0430, \u0411\u0435\u043b\u0430\u0440\u0443\u0441\u044c \u0438 \u041a\u0438\u0442\u0430\u0439<\/title>\n<meta name=\"robots\" content=\"index, follow, max-snippet:-1, max-image-preview:large, max-video-preview:-1\" \/>\n<link rel=\"canonical\" href=\"https:\/\/marriageagencyru.com\/de\/produkt\/\u0438\u043d\u043e\u0441\u0442\u0440\u0430\u043d\u043d\u044b\u0435-\u0436\u0435\u043d\u0438\u0445\u0438\/\" \/>\n<meta property=\"og:locale\" content=\"de_DE\" \/>\n<meta property=\"og:type\" content=\"article\" \/>\n<meta property=\"og:title\" content=\"\u0418\u043d\u043e\u0441\u0442\u0440\u0430\u043d\u043d\u044b\u0435 \u0436\u0435\u043d\u0438\u0445\u0438 \u041c\u0435\u0436\u0434\u0443\u043d\u0430\u0440\u043e\u0434\u043d\u043e\u0435 \u0431\u0440\u0430\u0447\u043d\u043e\u0435 \u0430\u0433\u0435\u043d\u0442\u0441\u0442\u0432\u043e: \u0417\u043d\u0430\u043a\u043e\u043c\u0441\u0442\u0432\u0430 \u0420\u043e\u0441\u0441\u0438\u044f, \u0423\u043a\u0440\u0430\u0438\u043d\u0430, \u0411\u0435\u043b\u0430\u0440\u0443\u0441\u044c \u0438 \u041a\u0438\u0442\u0430\u0439\" \/>\n<meta property=\"og:description\" content=\"\u0410\u043a\u0446\u0435\u043d\u0442 \u043d\u0430 &#171;\u041a\u0430\u043c\u0435\u043d\u043d\u0443\u044e \u0441\u0442\u0435\u043d\u0443&#187; \u0438 \u0421\u0442\u0430\u0431\u0438\u043b\u044c\u043d\u043e\u0441\u0442\u044c (Stability &amp; Safety) \u042d\u0442\u043e\u0442 \u0442\u0435\u043a\u0441\u0442 \u043f\u043e\u0434\u043e\u0439\u0434\u0435\u0442 \u0434\u043b\u044f \u0434\u0435\u0432\u0443\u0448\u0435\u043a, \u043a\u043e\u0442\u043e\u0440\u044b\u0435 \u0438\u0449\u0443\u0442 \u0443\u0432\u0435\u0440\u0435\u043d\u043d\u043e\u0441\u0442\u044c \u0432 \u0437\u0430\u0432\u0442\u0440\u0430\u0448\u043d\u0435\u043c \u0434\u043d\u0435 \u0438 \u0443\u0441\u0442\u0430\u0432\u0448\u0438\u0445 \u043e\u0442 \u043d\u0435\u043e\u043f\u0440\u0435\u0434\u0435\u043b\u0435\u043d\u043d\u043e\u0441\u0442\u0438. \u0417\u0430\u0433\u043e\u043b\u043e\u0432\u043e\u043a: \u0412\u0430\u0448\u0435 \u0441\u043f\u043e\u043a\u043e\u0439\u043d\u043e\u0435 \u0431\u0443\u0434\u0443\u0449\u0435\u0435 \u0432 \u0441\u0435\u0440\u0434\u0446\u0435 \u0410\u0437\u0438\u0438. \u0421\u0435\u043c\u044c\u044f \u0432 \u0424\u043e\u0448\u0430\u043d\u0435. \u0412 \u043c\u0438\u0440\u0435, \u043f\u043e\u043b\u043d\u043e\u043c \u0445\u0430\u043e\u0441\u0430, \u0442\u0430\u043a \u0445\u043e\u0447\u0435\u0442\u0441\u044f \u043d\u0430\u0439\u0442\u0438 \u043c\u0435\u0441\u0442\u043e, \u0433\u0434\u0435 \u0431\u0435\u0437\u043e\u043f\u0430\u0441\u043d\u043e, \u0442\u0435\u043f\u043b\u043e \u0438 \u0441\u0442\u0430\u0431\u0438\u043b\u044c\u043d\u043e. \u041a\u0438\u0442\u0430\u0439 \u0441\u0435\u0433\u043e\u0434\u043d\u044f \u2014 \u044d\u0442\u043e \u043e\u0441\u0442\u0440\u043e\u0432\u043e\u043a \u043f\u0440\u043e\u0446\u0432\u0435\u0442\u0430\u043d\u0438\u044f. \u041f\u043e\u0447\u0435\u043c\u0443 \u0441\u0442\u043e\u0438\u0442 [&hellip;]\" \/>\n<meta property=\"og:url\" content=\"https:\/\/marriageagencyru.com\/de\/produkt\/\u0438\u043d\u043e\u0441\u0442\u0440\u0430\u043d\u043d\u044b\u0435-\u0436\u0435\u043d\u0438\u0445\u0438\/\" \/>\n<meta property=\"og:site_name\" content=\"marriageagencyru.com\" \/>\n<meta property=\"og:image\" content=\"https:\/\/marriageagencyru.com\/wp-content\/uploads\/2025\/12\/1.jpg\" \/>\n\t<meta property=\"og:image:width\" content=\"1024\" \/>\n\t<meta property=\"og:image:height\" content=\"1024\" \/>\n\t<meta property=\"og:image:type\" content=\"image\/jpeg\" \/>\n<meta name=\"twitter:card\" content=\"summary_large_image\" \/>\n<script type=\"application\/ld+json\" class=\"yoast-schema-graph\">{\"@context\":\"https:\\\/\\\/schema.org\",\"@graph\":[{\"@type\":\"WebPage\",\"@id\":\"https:\\\/\\\/marriageagencyru.com\\\/product\\\/%d0%b8%d0%bd%d0%be%d1%81%d1%82%d1%80%d0%b0%d0%bd%d0%bd%d1%8b%d0%b5-%d0%b6%d0%b5%d0%bd%d0%b8%d1%85%d0%b8\\\/\",\"url\":\"https:\\\/\\\/marriageagencyru.com\\\/product\\\/%d0%b8%d0%bd%d0%be%d1%81%d1%82%d1%80%d0%b0%d0%bd%d0%bd%d1%8b%d0%b5-%d0%b6%d0%b5%d0%bd%d0%b8%d1%85%d0%b8\\\/\",\"name\":\"\u0418\u043d\u043e\u0441\u0442\u0440\u0430\u043d\u043d\u044b\u0435 \u0436\u0435\u043d\u0438\u0445\u0438 \u041c\u0435\u0436\u0434\u0443\u043d\u0430\u0440\u043e\u0434\u043d\u043e\u0435 \u0431\u0440\u0430\u0447\u043d\u043e\u0435 \u0430\u0433\u0435\u043d\u0442\u0441\u0442\u0432\u043e: \u0417\u043d\u0430\u043a\u043e\u043c\u0441\u0442\u0432\u0430 \u0420\u043e\u0441\u0441\u0438\u044f, \u0423\u043a\u0440\u0430\u0438\u043d\u0430, \u0411\u0435\u043b\u0430\u0440\u0443\u0441\u044c \u0438 \u041a\u0438\u0442\u0430\u0439\",\"isPartOf\":{\"@id\":\"https:\\\/\\\/marriageagencyru.com\\\/#website\"},\"primaryImageOfPage\":{\"@id\":\"https:\\\/\\\/marriageagencyru.com\\\/product\\\/%d0%b8%d0%bd%d0%be%d1%81%d1%82%d1%80%d0%b0%d0%bd%d0%bd%d1%8b%d0%b5-%d0%b6%d0%b5%d0%bd%d0%b8%d1%85%d0%b8\\\/#primaryimage\"},\"image\":{\"@id\":\"https:\\\/\\\/marriageagencyru.com\\\/product\\\/%d0%b8%d0%bd%d0%be%d1%81%d1%82%d1%80%d0%b0%d0%bd%d0%bd%d1%8b%d0%b5-%d0%b6%d0%b5%d0%bd%d0%b8%d1%85%d0%b8\\\/#primaryimage\"},\"thumbnailUrl\":\"https:\\\/\\\/marriageagencyru.com\\\/wp-content\\\/uploads\\\/2025\\\/12\\\/1.jpg\",\"datePublished\":\"2025-12-23T03:55:30+00:00\",\"breadcrumb\":{\"@id\":\"https:\\\/\\\/marriageagencyru.com\\\/product\\\/%d0%b8%d0%bd%d0%be%d1%81%d1%82%d1%80%d0%b0%d0%bd%d0%bd%d1%8b%d0%b5-%d0%b6%d0%b5%d0%bd%d0%b8%d1%85%d0%b8\\\/#breadcrumb\"},\"inLanguage\":\"de\",\"potentialAction\":[{\"@type\":\"ReadAction\",\"target\":[\"https:\\\/\\\/marriageagencyru.com\\\/product\\\/%d0%b8%d0%bd%d0%be%d1%81%d1%82%d1%80%d0%b0%d0%bd%d0%bd%d1%8b%d0%b5-%d0%b6%d0%b5%d0%bd%d0%b8%d1%85%d0%b8\\\/\"]}]},{\"@type\":\"ImageObject\",\"inLanguage\":\"de\",\"@id\":\"https:\\\/\\\/marriageagencyru.com\\\/product\\\/%d0%b8%d0%bd%d0%be%d1%81%d1%82%d1%80%d0%b0%d0%bd%d0%bd%d1%8b%d0%b5-%d0%b6%d0%b5%d0%bd%d0%b8%d1%85%d0%b8\\\/#primaryimage\",\"url\":\"https:\\\/\\\/marriageagencyru.com\\\/wp-content\\\/uploads\\\/2025\\\/12\\\/1.jpg\",\"contentUrl\":\"https:\\\/\\\/marriageagencyru.com\\\/wp-content\\\/uploads\\\/2025\\\/12\\\/1.jpg\",\"width\":1024,\"height\":1024},{\"@type\":\"BreadcrumbList\",\"@id\":\"https:\\\/\\\/marriageagencyru.com\\\/product\\\/%d0%b8%d0%bd%d0%be%d1%81%d1%82%d1%80%d0%b0%d0%bd%d0%bd%d1%8b%d0%b5-%d0%b6%d0%b5%d0%bd%d0%b8%d1%85%d0%b8\\\/#breadcrumb\",\"itemListElement\":[{\"@type\":\"ListItem\",\"position\":1,\"name\":\"Home\",\"item\":\"https:\\\/\\\/marriageagencyru.com\\\/\"},{\"@type\":\"ListItem\",\"position\":2,\"name\":\"Shop\",\"item\":\"https:\\\/\\\/marriageagencyru.com\\\/shop\\\/\"},{\"@type\":\"ListItem\",\"position\":3,\"name\":\"\u0418\u043d\u043e\u0441\u0442\u0440\u0430\u043d\u043d\u044b\u0435 \u0436\u0435\u043d\u0438\u0445\u0438\"}]},{\"@type\":\"WebSite\",\"@id\":\"https:\\\/\\\/marriageagencyru.com\\\/#website\",\"url\":\"https:\\\/\\\/marriageagencyru.com\\\/\",\"name\":\"marriageagencyru.com\",\"description\":\"\u041c\u0435\u0436\u0434\u0443\u043d\u0430\u0440\u043e\u0434\u043d\u043e\u0435 \u0431\u0440\u0430\u0447\u043d\u043e\u0435 \u0430\u0433\u0435\u043d\u0442\u0441\u0442\u0432\u043e marriageagencyru | \u0420\u043e\u0441\u0441\u0438\u044f, \u0411\u0435\u043b\u0430\u0440\u0443\u0441\u044c, \u0423\u043a\u0440\u0430\u0438\u043d\u0430 | \u042d\u043b\u0438\u0442\u043d\u044b\u0435 \u0437\u043d\u0430\u043a\u043e\u043c\u0441\u0442\u0432\u0430 \u0432 \u041a\u0438\u0442\u0430\u0435\",\"alternateName\":\"\u0412\u044b\u0439\u0442\u0438 \u0437\u0430\u043c\u0443\u0436 \u0432 \u041a\u0438\u0442\u0430\u0439: \u0411\u0440\u0430\u0447\u043d\u043e\u0435 \u0430\u0433\u0435\u043d\u0442\u0441\u0442\u0432\u043e \u0434\u043b\u044f \u0420\u043e\u0441\u0441\u0438\u0438, \u0423\u043a\u0440\u0430\u0438\u043d\u044b \u0438 \u0411\u0435\u043b\u0430\u0440\u0443\u0441\u0438 | marriageagencyru\",\"potentialAction\":[{\"@type\":\"SearchAction\",\"target\":{\"@type\":\"EntryPoint\",\"urlTemplate\":\"https:\\\/\\\/marriageagencyru.com\\\/?s={search_term_string}\"},\"query-input\":{\"@type\":\"PropertyValueSpecification\",\"valueRequired\":true,\"valueName\":\"search_term_string\"}}],\"inLanguage\":\"de\"}]}<\/script>\n<!-- \/ Yoast SEO plugin. -->","yoast_head_json":{"title":"\u0418\u043d\u043e\u0441\u0442\u0440\u0430\u043d\u043d\u044b\u0435 \u0436\u0435\u043d\u0438\u0445\u0438 \u041c\u0435\u0436\u0434\u0443\u043d\u0430\u0440\u043e\u0434\u043d\u043e\u0435 \u0431\u0440\u0430\u0447\u043d\u043e\u0435 \u0430\u0433\u0435\u043d\u0442\u0441\u0442\u0432\u043e: \u0417\u043d\u0430\u043a\u043e\u043c\u0441\u0442\u0432\u0430 \u0420\u043e\u0441\u0441\u0438\u044f, \u0423\u043a\u0440\u0430\u0438\u043d\u0430, \u0411\u0435\u043b\u0430\u0440\u0443\u0441\u044c \u0438 \u041a\u0438\u0442\u0430\u0439","robots":{"index":"index","follow":"follow","max-snippet":"max-snippet:-1","max-image-preview":"max-image-preview:large","max-video-preview":"max-video-preview:-1"},"canonical":"https:\/\/marriageagencyru.com\/de\/produkt\/\u0438\u043d\u043e\u0441\u0442\u0440\u0430\u043d\u043d\u044b\u0435-\u0436\u0435\u043d\u0438\u0445\u0438\/","og_locale":"de_DE","og_type":"article","og_title":"\u0418\u043d\u043e\u0441\u0442\u0440\u0430\u043d\u043d\u044b\u0435 \u0436\u0435\u043d\u0438\u0445\u0438 \u041c\u0435\u0436\u0434\u0443\u043d\u0430\u0440\u043e\u0434\u043d\u043e\u0435 \u0431\u0440\u0430\u0447\u043d\u043e\u0435 \u0430\u0433\u0435\u043d\u0442\u0441\u0442\u0432\u043e: \u0417\u043d\u0430\u043a\u043e\u043c\u0441\u0442\u0432\u0430 \u0420\u043e\u0441\u0441\u0438\u044f, \u0423\u043a\u0440\u0430\u0438\u043d\u0430, \u0411\u0435\u043b\u0430\u0440\u0443\u0441\u044c \u0438 \u041a\u0438\u0442\u0430\u0439","og_description":"\u0410\u043a\u0446\u0435\u043d\u0442 \u043d\u0430 &#171;\u041a\u0430\u043c\u0435\u043d\u043d\u0443\u044e \u0441\u0442\u0435\u043d\u0443&#187; \u0438 \u0421\u0442\u0430\u0431\u0438\u043b\u044c\u043d\u043e\u0441\u0442\u044c (Stability &amp; Safety) \u042d\u0442\u043e\u0442 \u0442\u0435\u043a\u0441\u0442 \u043f\u043e\u0434\u043e\u0439\u0434\u0435\u0442 \u0434\u043b\u044f \u0434\u0435\u0432\u0443\u0448\u0435\u043a, \u043a\u043e\u0442\u043e\u0440\u044b\u0435 \u0438\u0449\u0443\u0442 \u0443\u0432\u0435\u0440\u0435\u043d\u043d\u043e\u0441\u0442\u044c \u0432 \u0437\u0430\u0432\u0442\u0440\u0430\u0448\u043d\u0435\u043c \u0434\u043d\u0435 \u0438 \u0443\u0441\u0442\u0430\u0432\u0448\u0438\u0445 \u043e\u0442 \u043d\u0435\u043e\u043f\u0440\u0435\u0434\u0435\u043b\u0435\u043d\u043d\u043e\u0441\u0442\u0438. \u0417\u0430\u0433\u043e\u043b\u043e\u0432\u043e\u043a: \u0412\u0430\u0448\u0435 \u0441\u043f\u043e\u043a\u043e\u0439\u043d\u043e\u0435 \u0431\u0443\u0434\u0443\u0449\u0435\u0435 \u0432 \u0441\u0435\u0440\u0434\u0446\u0435 \u0410\u0437\u0438\u0438. \u0421\u0435\u043c\u044c\u044f \u0432 \u0424\u043e\u0448\u0430\u043d\u0435. \u0412 \u043c\u0438\u0440\u0435, \u043f\u043e\u043b\u043d\u043e\u043c \u0445\u0430\u043e\u0441\u0430, \u0442\u0430\u043a \u0445\u043e\u0447\u0435\u0442\u0441\u044f \u043d\u0430\u0439\u0442\u0438 \u043c\u0435\u0441\u0442\u043e, \u0433\u0434\u0435 \u0431\u0435\u0437\u043e\u043f\u0430\u0441\u043d\u043e, \u0442\u0435\u043f\u043b\u043e \u0438 \u0441\u0442\u0430\u0431\u0438\u043b\u044c\u043d\u043e. \u041a\u0438\u0442\u0430\u0439 \u0441\u0435\u0433\u043e\u0434\u043d\u044f \u2014 \u044d\u0442\u043e \u043e\u0441\u0442\u0440\u043e\u0432\u043e\u043a \u043f\u0440\u043e\u0446\u0432\u0435\u0442\u0430\u043d\u0438\u044f. \u041f\u043e\u0447\u0435\u043c\u0443 \u0441\u0442\u043e\u0438\u0442 [&hellip;]","og_url":"https:\/\/marriageagencyru.com\/de\/produkt\/\u0438\u043d\u043e\u0441\u0442\u0440\u0430\u043d\u043d\u044b\u0435-\u0436\u0435\u043d\u0438\u0445\u0438\/","og_site_name":"marriageagencyru.com","og_image":[{"width":1024,"height":1024,"url":"https:\/\/marriageagencyru.com\/wp-content\/uploads\/2025\/12\/1.jpg","type":"image\/jpeg"}],"twitter_card":"summary_large_image","schema":{"@context":"https:\/\/schema.org","@graph":[{"@type":"WebPage","@id":"https:\/\/marriageagencyru.com\/product\/%d0%b8%d0%bd%d0%be%d1%81%d1%82%d1%80%d0%b0%d0%bd%d0%bd%d1%8b%d0%b5-%d0%b6%d0%b5%d0%bd%d0%b8%d1%85%d0%b8\/","url":"https:\/\/marriageagencyru.com\/product\/%d0%b8%d0%bd%d0%be%d1%81%d1%82%d1%80%d0%b0%d0%bd%d0%bd%d1%8b%d0%b5-%d0%b6%d0%b5%d0%bd%d0%b8%d1%85%d0%b8\/","name":"\u0418\u043d\u043e\u0441\u0442\u0440\u0430\u043d\u043d\u044b\u0435 \u0436\u0435\u043d\u0438\u0445\u0438 \u041c\u0435\u0436\u0434\u0443\u043d\u0430\u0440\u043e\u0434\u043d\u043e\u0435 \u0431\u0440\u0430\u0447\u043d\u043e\u0435 \u0430\u0433\u0435\u043d\u0442\u0441\u0442\u0432\u043e: \u0417\u043d\u0430\u043a\u043e\u043c\u0441\u0442\u0432\u0430 \u0420\u043e\u0441\u0441\u0438\u044f, \u0423\u043a\u0440\u0430\u0438\u043d\u0430, \u0411\u0435\u043b\u0430\u0440\u0443\u0441\u044c \u0438 \u041a\u0438\u0442\u0430\u0439","isPartOf":{"@id":"https:\/\/marriageagencyru.com\/#website"},"primaryImageOfPage":{"@id":"https:\/\/marriageagencyru.com\/product\/%d0%b8%d0%bd%d0%be%d1%81%d1%82%d1%80%d0%b0%d0%bd%d0%bd%d1%8b%d0%b5-%d0%b6%d0%b5%d0%bd%d0%b8%d1%85%d0%b8\/#primaryimage"},"image":{"@id":"https:\/\/marriageagencyru.com\/product\/%d0%b8%d0%bd%d0%be%d1%81%d1%82%d1%80%d0%b0%d0%bd%d0%bd%d1%8b%d0%b5-%d0%b6%d0%b5%d0%bd%d0%b8%d1%85%d0%b8\/#primaryimage"},"thumbnailUrl":"https:\/\/marriageagencyru.com\/wp-content\/uploads\/2025\/12\/1.jpg","datePublished":"2025-12-23T03:55:30+00:00","breadcrumb":{"@id":"https:\/\/marriageagencyru.com\/product\/%d0%b8%d0%bd%d0%be%d1%81%d1%82%d1%80%d0%b0%d0%bd%d0%bd%d1%8b%d0%b5-%d0%b6%d0%b5%d0%bd%d0%b8%d1%85%d0%b8\/#breadcrumb"},"inLanguage":"de","potentialAction":[{"@type":"ReadAction","target":["https:\/\/marriageagencyru.com\/product\/%d0%b8%d0%bd%d0%be%d1%81%d1%82%d1%80%d0%b0%d0%bd%d0%bd%d1%8b%d0%b5-%d0%b6%d0%b5%d0%bd%d0%b8%d1%85%d0%b8\/"]}]},{"@type":"ImageObject","inLanguage":"de","@id":"https:\/\/marriageagencyru.com\/product\/%d0%b8%d0%bd%d0%be%d1%81%d1%82%d1%80%d0%b0%d0%bd%d0%bd%d1%8b%d0%b5-%d0%b6%d0%b5%d0%bd%d0%b8%d1%85%d0%b8\/#primaryimage","url":"https:\/\/marriageagencyru.com\/wp-content\/uploads\/2025\/12\/1.jpg","contentUrl":"https:\/\/marriageagencyru.com\/wp-content\/uploads\/2025\/12\/1.jpg","width":1024,"height":1024},{"@type":"BreadcrumbList","@id":"https:\/\/marriageagencyru.com\/product\/%d0%b8%d0%bd%d0%be%d1%81%d1%82%d1%80%d0%b0%d0%bd%d0%bd%d1%8b%d0%b5-%d0%b6%d0%b5%d0%bd%d0%b8%d1%85%d0%b8\/#breadcrumb","itemListElement":[{"@type":"ListItem","position":1,"name":"Home","item":"https:\/\/marriageagencyru.com\/"},{"@type":"ListItem","position":2,"name":"Shop","item":"https:\/\/marriageagencyru.com\/shop\/"},{"@type":"ListItem","position":3,"name":"\u0418\u043d\u043e\u0441\u0442\u0440\u0430\u043d\u043d\u044b\u0435 \u0436\u0435\u043d\u0438\u0445\u0438"}]},{"@type":"WebSite","@id":"https:\/\/marriageagencyru.com\/#website","url":"https:\/\/marriageagencyru.com\/","name":"marriageagencyru.com","description":"Internationale Heiratsvermittlung marriageagencyru | Russland, Wei\u00dfrussland, Ukraine | Elite Dating in China","alternateName":"\u0412\u044b\u0439\u0442\u0438 \u0437\u0430\u043c\u0443\u0436 \u0432 \u041a\u0438\u0442\u0430\u0439: \u0411\u0440\u0430\u0447\u043d\u043e\u0435 \u0430\u0433\u0435\u043d\u0442\u0441\u0442\u0432\u043e \u0434\u043b\u044f \u0420\u043e\u0441\u0441\u0438\u0438, \u0423\u043a\u0440\u0430\u0438\u043d\u044b \u0438 \u0411\u0435\u043b\u0430\u0440\u0443\u0441\u0438 | marriageagencyru","potentialAction":[{"@type":"SearchAction","target":{"@type":"EntryPoint","urlTemplate":"https:\/\/marriageagencyru.com\/?s={search_term_string}"},"query-input":{"@type":"PropertyValueSpecification","valueRequired":true,"valueName":"search_term_string"}}],"inLanguage":"de"}]}},"_links":{"self":[{"href":"https:\/\/marriageagencyru.com\/de\/wp-json\/wp\/v2\/product\/72","targetHints":{"allow":["GET"]}}],"collection":[{"href":"https:\/\/marriageagencyru.com\/de\/wp-json\/wp\/v2\/product"}],"about":[{"href":"https:\/\/marriageagencyru.com\/de\/wp-json\/wp\/v2\/types\/product"}],"replies":[{"embeddable":true,"href":"https:\/\/marriageagencyru.com\/de\/wp-json\/wp\/v2\/comments?post=72"}],"wp:featuredmedia":[{"embeddable":true,"href":"https:\/\/marriageagencyru.com\/de\/wp-json\/wp\/v2\/media\/24"}],"wp:attachment":[{"href":"https:\/\/marriageagencyru.com\/de\/wp-json\/wp\/v2\/media?parent=72"}],"wp:term":[{"taxonomy":"product_brand","embeddable":true,"href":"https:\/\/marriageagencyru.com\/de\/wp-json\/wp\/v2\/product_brand?post=72"},{"taxonomy":"product_cat","embeddable":true,"href":"https:\/\/marriageagencyru.com\/de\/wp-json\/wp\/v2\/product_cat?post=72"},{"taxonomy":"product_tag","embeddable":true,"href":"https:\/\/marriageagencyru.com\/de\/wp-json\/wp\/v2\/product_tag?post=72"}],"curies":[{"name":"wp","href":"https:\/\/api.w.org\/{rel}","templated":true}]}}