{"id":394,"date":"2025-12-23T04:18:08","date_gmt":"2025-12-23T04:18:08","guid":{"rendered":"https:\/\/marriageagencyru.com\/product\/%d1%85%d1%82%d0%be-%d0%b2%d0%be%d0%bd%d0%b8-%d0%bd%d0%b0%d1%80%d0%b5%d1%87%d0%b5%d0%bd%d1%96-%d0%b7-%d1%84%d0%be%d1%88%d0%b0%d0%bd%d1%8f-%d1%84%d0%be%d1%82%d0%be\/"},"modified":"2025-12-23T04:18:08","modified_gmt":"2025-12-23T04:18:08","slug":"%d1%85%d1%82%d0%be-%d0%b2%d0%be%d0%bd%d0%b8-%d0%bd%d0%b0%d1%80%d0%b5%d1%87%d0%b5%d0%bd%d1%96-%d0%b7-%d1%84%d0%be%d1%88%d0%b0%d0%bd%d1%8f-%d1%84%d0%be%d1%82%d0%be","status":"publish","type":"product","link":"https:\/\/marriageagencyru.com\/de\/produkt\/%d1%85%d1%82%d0%be-%d0%b2%d0%be%d0%bd%d0%b8-%d0%bd%d0%b0%d1%80%d0%b5%d1%87%d0%b5%d0%bd%d1%96-%d0%b7-%d1%84%d0%be%d1%88%d0%b0%d0%bd%d1%8f-%d1%84%d0%be%d1%82%d0%be\/","title":{"rendered":"\u0425\u0442\u043e \u0432\u043e\u043d\u0438 \u2014 \u043d\u0430\u0440\u0435\u0447\u0435\u043d\u0456 \u0437 \u0424\u043e\u0448\u0430\u043d\u044f? (\u0424\u043e\u0442\u043e)."},"content":{"rendered":"<h3 data-path-to-node=\"25\">Rationaler Plan B (Rationaler Plan B)<\/h3>\n<p data-path-to-node=\"26\"><i data-path-to-node=\"26\" data-index-in-node=\"0\">Ruhiger, ausgewogener Text ohne zu viele Emotionen.<\/i><\/p>\n<p data-path-to-node=\"27\"><b data-path-to-node=\"27\" data-index-in-node=\"0\">Titel: Ihr pers\u00f6nlicher \u00abPlan B\u00bb in einem sicheren Land.<\/b><\/p>\n<p data-path-to-node=\"28\">Die Welt wird immer unberechenbarer. Eine kluge Frau hat immer Optionen. Die Liebe zu einem Ausl\u00e4nder aus einer stabilen Wirtschaft (China) ist heute eine strategisch gute Entscheidung.<\/p>\n<p data-path-to-node=\"29\"><b data-path-to-node=\"29\" data-index-in-node=\"0\">Warum Foshan?<\/b> Es ist das industrielle Zentrum der Welt. Hier gibt es Geld ohne Ende. Die M\u00e4nner hier sind auf Familie und Traditionen bedacht.<\/p>\n<p data-path-to-node=\"30\"><b data-path-to-node=\"30\" data-index-in-node=\"0\">Was MeetingBoth bietet:<\/b> Wir sind Ihr zuverl\u00e4ssiger Vermittler. Wir eliminieren ungeeignete, schlechte oder uninteressierte Kandidaten. Sie verbringen Ihre Zeit nur mit denjenigen, die wirklich bereit sind, sich zu bewerben.<\/p>\n<p data-path-to-node=\"31\"><b data-path-to-node=\"31\" data-index-in-node=\"0\">Umovi:<\/b><\/p>\n<ul data-path-to-node=\"32\">\n<li>\n<p data-path-to-node=\"32,0,0\">F\u00fcr M\u00e4dchen ist das kostenlos.<\/p>\n<\/li>\n<li>\n<p data-path-to-node=\"32,1,0\">Vertraulich.<\/p>\n<\/li>\n<li>\n<p data-path-to-node=\"32,2,0\">Nur offline (Live-Sitzungen).<\/p>\n<\/li>\n<\/ul>\n<p data-path-to-node=\"33\">Zabezpech sobie til.<\/p>\n<p data-path-to-node=\"34\">\ud83d\udc49 <b data-path-to-node=\"34\" data-index-in-node=\"3\">Nadsilay-Anwendung:<\/b> nolan@meetingboth.com<\/p>\n<hr data-path-to-node=\"35\" \/>\n<h3 data-path-to-node=\"36\">Option 20: Superkurz f\u00fcr Geschichten (visueller Teaser)<\/h3>\n<p data-path-to-node=\"37\"><i data-path-to-node=\"37\" data-index-in-node=\"0\">Text zum \u00dcberlagern eines sch\u00f6nen Bildes (z. B. eine Ansicht einer n\u00e4chtlichen Stadt oder ein Blumenstrau\u00df).<\/i><\/p>\n<p data-path-to-node=\"38\"><b data-path-to-node=\"38\" data-index-in-node=\"0\">\ud83c\udde8\ud83c\uddf3 WOLLEN WIR UNS TREFFEN? (China, Foshan)<\/b><\/p>\n<p data-path-to-node=\"39\">Wir suchen M\u00e4dchen f\u00fcr VIP-Dating!<\/p>\n<p data-path-to-node=\"40\">\u2728 <b data-path-to-node=\"40\" data-index-in-node=\"2\">F\u00fcr wen es gedacht ist:<\/b> Ukrainische Frauen bis zu 30 Jahren. \u2728 <b data-path-to-node=\"40\" data-index-in-node=\"36\">De:<\/b> \u043c. Foshan (Guangdong). \u2728 <b data-path-to-node=\"40\" data-index-in-node=\"63\">Wer ist benannt:<\/b> Gesch\u00e4ftsleute, Kunstm\u00e4zene. \u2728 <b data-path-to-node=\"40\" data-index-in-node=\"101\">Preis:<\/b> 0 UAH (von ihm bezahlt).<\/p>\n<p data-path-to-node=\"41\">Haben Sie genug von der Selbstversorgung? Willst du Stabilit\u00e4t? Klicken Sie auf 5 Fotos und schreiben Sie hier \u00abIch will nach China\u00bb:<\/p>\n<p data-path-to-node=\"42\"><b data-path-to-node=\"42\" data-index-in-node=\"0\">nolan@meetingboth.com<\/b><\/p>\n<p data-path-to-node=\"43\">P.S. Das ist dein Sternzeichen \u2728<\/p>","protected":false},"excerpt":{"rendered":"<p>\u0420\u0430\u0446\u0438\u043e\u043d\u0430\u043b\u044c\u043d\u044b\u0439 &#171;\u041f\u043b\u0430\u043d \u0411&#187; (Rational Plan B) \u0421\u043f\u043e\u043a\u043e\u0439\u043d\u044b\u0439, \u0432\u0437\u0432\u0435\u0448\u0435\u043d\u043d\u044b\u0439 \u0442\u0435\u043a\u0441\u0442 \u0431\u0435\u0437 \u043b\u0438\u0448\u043d\u0438\u0445 \u044d\u043c\u043e\u0446\u0438\u0439. \u0417\u0430\u0433\u043e\u043b\u043e\u0432\u043e\u043a: \u0422\u0432\u0456\u0439 \u043e\u0441\u043e\u0431\u0438\u0441\u0442\u0438\u0439 &#171;\u041f\u043b\u0430\u043d \u0411&#187; \u0443 \u0431\u0435\u0437\u043f\u0435\u0447\u043d\u0456\u0439 \u043a\u0440\u0430\u0457\u043d\u0456. \u0421\u0432\u0456\u0442 \u0441\u0442\u0430\u0454 \u0432\u0441\u0435 \u0431\u0456\u043b\u044c\u0448 \u043d\u0435\u043f\u0435\u0440\u0435\u0434\u0431\u0430\u0447\u0443\u0432\u0430\u043d\u0438\u043c. \u0420\u043e\u0437\u0443\u043c\u043d\u0430 \u0436\u0456\u043d\u043a\u0430 \u0437\u0430\u0432\u0436\u0434\u0438 \u043c\u0430\u0454 \u0432\u0430\u0440\u0456\u0430\u043d\u0442\u0438. \u0428\u043b\u044e\u0431 \u0437 \u0456\u043d\u043e\u0437\u0435\u043c\u0446\u0435\u043c \u0456\u0437 \u0441\u0442\u0430\u0431\u0456\u043b\u044c\u043d\u043e\u0457 \u0435\u043a\u043e\u043d\u043e\u043c\u0456\u043a\u0438 (\u041a\u0438\u0442\u0430\u0439) \u2014 \u0446\u0435 \u0441\u0442\u0440\u0430\u0442\u0435\u0433\u0456\u0447\u043d\u043e \u0432\u0456\u0440\u043d\u0435 \u0440\u0456\u0448\u0435\u043d\u043d\u044f \u0441\u044c\u043e\u0433\u043e\u0434\u043d\u0456. \u0427\u043e\u043c\u0443 \u0424\u043e\u0448\u0430\u043d\u044c? \u0426\u0435 \u043f\u0440\u043e\u043c\u0438\u0441\u043b\u043e\u0432\u0438\u0439 \u0446\u0435\u043d\u0442\u0440 \u0441\u0432\u0456\u0442\u0443. \u0422\u0443\u0442 \u0433\u0440\u043e\u0448\u0456 \u043d\u0435 \u0437\u0430\u043a\u0456\u043d\u0447\u0443\u044e\u0442\u044c\u0441\u044f. \u0427\u043e\u043b\u043e\u0432\u0456\u043a\u0438 \u0442\u0443\u0442 [&hellip;]<\/p>","protected":false},"featured_media":24,"comment_status":"open","ping_status":"closed","template":"","meta":{"_et_pb_use_builder":"","_et_pb_old_content":"","_et_gb_content_width":""},"product_brand":[],"product_cat":[],"product_tag":[],"class_list":{"0":"post-394","1":"product","2":"type-product","3":"status-publish","4":"has-post-thumbnail","7":"first","8":"instock","9":"shipping-taxable","10":"purchasable","11":"product-type-simple"},"yoast_head":"<!-- This site is optimized with the Yoast SEO plugin v26.6 - https:\/\/yoast.com\/wordpress\/plugins\/seo\/ -->\n<title>\u0425\u0442\u043e \u0432\u043e\u043d\u0438 \u2014 \u043d\u0430\u0440\u0435\u0447\u0435\u043d\u0456 \u0437 \u0424\u043e\u0448\u0430\u043d\u044f? (\u0424\u043e\u0442\u043e). \u041c\u0435\u0436\u0434\u0443\u043d\u0430\u0440\u043e\u0434\u043d\u043e\u0435 \u0431\u0440\u0430\u0447\u043d\u043e\u0435 \u0430\u0433\u0435\u043d\u0442\u0441\u0442\u0432\u043e: \u0417\u043d\u0430\u043a\u043e\u043c\u0441\u0442\u0432\u0430 \u0420\u043e\u0441\u0441\u0438\u044f, \u0423\u043a\u0440\u0430\u0438\u043d\u0430, \u0411\u0435\u043b\u0430\u0440\u0443\u0441\u044c \u0438 \u041a\u0438\u0442\u0430\u0439<\/title>\n<meta name=\"robots\" content=\"index, follow, max-snippet:-1, max-image-preview:large, max-video-preview:-1\" \/>\n<link rel=\"canonical\" href=\"https:\/\/marriageagencyru.com\/de\/produkt\/\u0445\u0442\u043e-\u0432\u043e\u043d\u0438-\u043d\u0430\u0440\u0435\u0447\u0435\u043d\u0456-\u0437-\u0444\u043e\u0448\u0430\u043d\u044f-\u0444\u043e\u0442\u043e\/\" \/>\n<meta property=\"og:locale\" content=\"de_DE\" \/>\n<meta property=\"og:type\" content=\"article\" \/>\n<meta property=\"og:title\" content=\"\u0425\u0442\u043e \u0432\u043e\u043d\u0438 \u2014 \u043d\u0430\u0440\u0435\u0447\u0435\u043d\u0456 \u0437 \u0424\u043e\u0448\u0430\u043d\u044f? (\u0424\u043e\u0442\u043e). \u041c\u0435\u0436\u0434\u0443\u043d\u0430\u0440\u043e\u0434\u043d\u043e\u0435 \u0431\u0440\u0430\u0447\u043d\u043e\u0435 \u0430\u0433\u0435\u043d\u0442\u0441\u0442\u0432\u043e: \u0417\u043d\u0430\u043a\u043e\u043c\u0441\u0442\u0432\u0430 \u0420\u043e\u0441\u0441\u0438\u044f, \u0423\u043a\u0440\u0430\u0438\u043d\u0430, \u0411\u0435\u043b\u0430\u0440\u0443\u0441\u044c \u0438 \u041a\u0438\u0442\u0430\u0439\" \/>\n<meta property=\"og:description\" content=\"\u0420\u0430\u0446\u0438\u043e\u043d\u0430\u043b\u044c\u043d\u044b\u0439 &#171;\u041f\u043b\u0430\u043d \u0411&#187; (Rational Plan B) \u0421\u043f\u043e\u043a\u043e\u0439\u043d\u044b\u0439, \u0432\u0437\u0432\u0435\u0448\u0435\u043d\u043d\u044b\u0439 \u0442\u0435\u043a\u0441\u0442 \u0431\u0435\u0437 \u043b\u0438\u0448\u043d\u0438\u0445 \u044d\u043c\u043e\u0446\u0438\u0439. \u0417\u0430\u0433\u043e\u043b\u043e\u0432\u043e\u043a: \u0422\u0432\u0456\u0439 \u043e\u0441\u043e\u0431\u0438\u0441\u0442\u0438\u0439 &#171;\u041f\u043b\u0430\u043d \u0411&#187; \u0443 \u0431\u0435\u0437\u043f\u0435\u0447\u043d\u0456\u0439 \u043a\u0440\u0430\u0457\u043d\u0456. \u0421\u0432\u0456\u0442 \u0441\u0442\u0430\u0454 \u0432\u0441\u0435 \u0431\u0456\u043b\u044c\u0448 \u043d\u0435\u043f\u0435\u0440\u0435\u0434\u0431\u0430\u0447\u0443\u0432\u0430\u043d\u0438\u043c. \u0420\u043e\u0437\u0443\u043c\u043d\u0430 \u0436\u0456\u043d\u043a\u0430 \u0437\u0430\u0432\u0436\u0434\u0438 \u043c\u0430\u0454 \u0432\u0430\u0440\u0456\u0430\u043d\u0442\u0438. \u0428\u043b\u044e\u0431 \u0437 \u0456\u043d\u043e\u0437\u0435\u043c\u0446\u0435\u043c \u0456\u0437 \u0441\u0442\u0430\u0431\u0456\u043b\u044c\u043d\u043e\u0457 \u0435\u043a\u043e\u043d\u043e\u043c\u0456\u043a\u0438 (\u041a\u0438\u0442\u0430\u0439) \u2014 \u0446\u0435 \u0441\u0442\u0440\u0430\u0442\u0435\u0433\u0456\u0447\u043d\u043e \u0432\u0456\u0440\u043d\u0435 \u0440\u0456\u0448\u0435\u043d\u043d\u044f \u0441\u044c\u043e\u0433\u043e\u0434\u043d\u0456. \u0427\u043e\u043c\u0443 \u0424\u043e\u0448\u0430\u043d\u044c? \u0426\u0435 \u043f\u0440\u043e\u043c\u0438\u0441\u043b\u043e\u0432\u0438\u0439 \u0446\u0435\u043d\u0442\u0440 \u0441\u0432\u0456\u0442\u0443. \u0422\u0443\u0442 \u0433\u0440\u043e\u0448\u0456 \u043d\u0435 \u0437\u0430\u043a\u0456\u043d\u0447\u0443\u044e\u0442\u044c\u0441\u044f. \u0427\u043e\u043b\u043e\u0432\u0456\u043a\u0438 \u0442\u0443\u0442 [&hellip;]\" \/>\n<meta property=\"og:url\" content=\"https:\/\/marriageagencyru.com\/de\/produkt\/\u0445\u0442\u043e-\u0432\u043e\u043d\u0438-\u043d\u0430\u0440\u0435\u0447\u0435\u043d\u0456-\u0437-\u0444\u043e\u0448\u0430\u043d\u044f-\u0444\u043e\u0442\u043e\/\" \/>\n<meta property=\"og:site_name\" content=\"marriageagencyru.com\" \/>\n<meta property=\"og:image\" content=\"https:\/\/marriageagencyru.com\/wp-content\/uploads\/2025\/12\/1.jpg\" \/>\n\t<meta property=\"og:image:width\" content=\"1024\" \/>\n\t<meta property=\"og:image:height\" content=\"1024\" \/>\n\t<meta property=\"og:image:type\" content=\"image\/jpeg\" \/>\n<meta name=\"twitter:card\" content=\"summary_large_image\" \/>\n<script type=\"application\/ld+json\" class=\"yoast-schema-graph\">{\"@context\":\"https:\/\/schema.org\",\"@graph\":[{\"@type\":\"WebPage\",\"@id\":\"https:\/\/marriageagencyru.com\/fr\/produit\/%d1%85%d1%82%d0%be-%d0%b2%d0%be%d0%bd%d0%b8-%d0%bd%d0%b0%d1%80%d0%b5%d1%87%d0%b5%d0%bd%d1%96-%d0%b7-%d1%84%d0%be%d1%88%d0%b0%d0%bd%d1%8f-%d1%84%d0%be%d1%82%d0%be\/\",\"url\":\"https:\/\/marriageagencyru.com\/fr\/produit\/%d1%85%d1%82%d0%be-%d0%b2%d0%be%d0%bd%d0%b8-%d0%bd%d0%b0%d1%80%d0%b5%d1%87%d0%b5%d0%bd%d1%96-%d0%b7-%d1%84%d0%be%d1%88%d0%b0%d0%bd%d1%8f-%d1%84%d0%be%d1%82%d0%be\/\",\"name\":\"\u0425\u0442\u043e \u0432\u043e\u043d\u0438 \u2014 \u043d\u0430\u0440\u0435\u0447\u0435\u043d\u0456 \u0437 \u0424\u043e\u0448\u0430\u043d\u044f? (\u0424\u043e\u0442\u043e). \u041c\u0435\u0436\u0434\u0443\u043d\u0430\u0440\u043e\u0434\u043d\u043e\u0435 \u0431\u0440\u0430\u0447\u043d\u043e\u0435 \u0430\u0433\u0435\u043d\u0442\u0441\u0442\u0432\u043e: \u0417\u043d\u0430\u043a\u043e\u043c\u0441\u0442\u0432\u0430 \u0420\u043e\u0441\u0441\u0438\u044f, \u0423\u043a\u0440\u0430\u0438\u043d\u0430, \u0411\u0435\u043b\u0430\u0440\u0443\u0441\u044c \u0438 \u041a\u0438\u0442\u0430\u0439\",\"isPartOf\":{\"@id\":\"https:\/\/marriageagencyru.com\/#website\"},\"primaryImageOfPage\":{\"@id\":\"https:\/\/marriageagencyru.com\/fr\/produit\/%d1%85%d1%82%d0%be-%d0%b2%d0%be%d0%bd%d0%b8-%d0%bd%d0%b0%d1%80%d0%b5%d1%87%d0%b5%d0%bd%d1%96-%d0%b7-%d1%84%d0%be%d1%88%d0%b0%d0%bd%d1%8f-%d1%84%d0%be%d1%82%d0%be\/#primaryimage\"},\"image\":{\"@id\":\"https:\/\/marriageagencyru.com\/fr\/produit\/%d1%85%d1%82%d0%be-%d0%b2%d0%be%d0%bd%d0%b8-%d0%bd%d0%b0%d1%80%d0%b5%d1%87%d0%b5%d0%bd%d1%96-%d0%b7-%d1%84%d0%be%d1%88%d0%b0%d0%bd%d1%8f-%d1%84%d0%be%d1%82%d0%be\/#primaryimage\"},\"thumbnailUrl\":\"https:\/\/marriageagencyru.com\/wp-content\/uploads\/2025\/12\/1.jpg\",\"datePublished\":\"2025-12-23T04:18:08+00:00\",\"breadcrumb\":{\"@id\":\"https:\/\/marriageagencyru.com\/fr\/produit\/%d1%85%d1%82%d0%be-%d0%b2%d0%be%d0%bd%d0%b8-%d0%bd%d0%b0%d1%80%d0%b5%d1%87%d0%b5%d0%bd%d1%96-%d0%b7-%d1%84%d0%be%d1%88%d0%b0%d0%bd%d1%8f-%d1%84%d0%be%d1%82%d0%be\/#breadcrumb\"},\"inLanguage\":\"de\",\"potentialAction\":[{\"@type\":\"ReadAction\",\"target\":[\"https:\/\/marriageagencyru.com\/fr\/produit\/%d1%85%d1%82%d0%be-%d0%b2%d0%be%d0%bd%d0%b8-%d0%bd%d0%b0%d1%80%d0%b5%d1%87%d0%b5%d0%bd%d1%96-%d0%b7-%d1%84%d0%be%d1%88%d0%b0%d0%bd%d1%8f-%d1%84%d0%be%d1%82%d0%be\/\"]}]},{\"@type\":\"ImageObject\",\"inLanguage\":\"de\",\"@id\":\"https:\/\/marriageagencyru.com\/fr\/produit\/%d1%85%d1%82%d0%be-%d0%b2%d0%be%d0%bd%d0%b8-%d0%bd%d0%b0%d1%80%d0%b5%d1%87%d0%b5%d0%bd%d1%96-%d0%b7-%d1%84%d0%be%d1%88%d0%b0%d0%bd%d1%8f-%d1%84%d0%be%d1%82%d0%be\/#primaryimage\",\"url\":\"https:\/\/marriageagencyru.com\/wp-content\/uploads\/2025\/12\/1.jpg\",\"contentUrl\":\"https:\/\/marriageagencyru.com\/wp-content\/uploads\/2025\/12\/1.jpg\",\"width\":1024,\"height\":1024},{\"@type\":\"BreadcrumbList\",\"@id\":\"https:\/\/marriageagencyru.com\/fr\/produit\/%d1%85%d1%82%d0%be-%d0%b2%d0%be%d0%bd%d0%b8-%d0%bd%d0%b0%d1%80%d0%b5%d1%87%d0%b5%d0%bd%d1%96-%d0%b7-%d1%84%d0%be%d1%88%d0%b0%d0%bd%d1%8f-%d1%84%d0%be%d1%82%d0%be\/#breadcrumb\",\"itemListElement\":[{\"@type\":\"ListItem\",\"position\":1,\"name\":\"Home\",\"item\":\"https:\/\/marriageagencyru.com\/\"},{\"@type\":\"ListItem\",\"position\":2,\"name\":\"Shop\",\"item\":\"https:\/\/marriageagencyru.com\/shop\/\"},{\"@type\":\"ListItem\",\"position\":3,\"name\":\"\u0425\u0442\u043e \u0432\u043e\u043d\u0438 \u2014 \u043d\u0430\u0440\u0435\u0447\u0435\u043d\u0456 \u0437 \u0424\u043e\u0448\u0430\u043d\u044f? (\u0424\u043e\u0442\u043e).\"}]},{\"@type\":\"WebSite\",\"@id\":\"https:\/\/marriageagencyru.com\/#website\",\"url\":\"https:\/\/marriageagencyru.com\/\",\"name\":\"marriageagencyru.com\",\"description\":\"\u041c\u0435\u0436\u0434\u0443\u043d\u0430\u0440\u043e\u0434\u043d\u043e\u0435 \u0431\u0440\u0430\u0447\u043d\u043e\u0435 \u0430\u0433\u0435\u043d\u0442\u0441\u0442\u0432\u043e marriageagencyru | \u0420\u043e\u0441\u0441\u0438\u044f, \u0411\u0435\u043b\u0430\u0440\u0443\u0441\u044c, \u0423\u043a\u0440\u0430\u0438\u043d\u0430 | \u042d\u043b\u0438\u0442\u043d\u044b\u0435 \u0437\u043d\u0430\u043a\u043e\u043c\u0441\u0442\u0432\u0430 \u0432 \u041a\u0438\u0442\u0430\u0435\",\"alternateName\":\"\u0412\u044b\u0439\u0442\u0438 \u0437\u0430\u043c\u0443\u0436 \u0432 \u041a\u0438\u0442\u0430\u0439: \u0411\u0440\u0430\u0447\u043d\u043e\u0435 \u0430\u0433\u0435\u043d\u0442\u0441\u0442\u0432\u043e \u0434\u043b\u044f \u0420\u043e\u0441\u0441\u0438\u0438, \u0423\u043a\u0440\u0430\u0438\u043d\u044b \u0438 \u0411\u0435\u043b\u0430\u0440\u0443\u0441\u0438 | marriageagencyru\",\"potentialAction\":[{\"@type\":\"SearchAction\",\"target\":{\"@type\":\"EntryPoint\",\"urlTemplate\":\"https:\/\/marriageagencyru.com\/?s={search_term_string}\"},\"query-input\":{\"@type\":\"PropertyValueSpecification\",\"valueRequired\":true,\"valueName\":\"search_term_string\"}}],\"inLanguage\":\"de\"}]}<\/script>\n<!-- \/ Yoast SEO plugin. -->","yoast_head_json":{"title":"\u0425\u0442\u043e \u0432\u043e\u043d\u0438 \u2014 \u043d\u0430\u0440\u0435\u0447\u0435\u043d\u0456 \u0437 \u0424\u043e\u0448\u0430\u043d\u044f? (\u0424\u043e\u0442\u043e). \u041c\u0435\u0436\u0434\u0443\u043d\u0430\u0440\u043e\u0434\u043d\u043e\u0435 \u0431\u0440\u0430\u0447\u043d\u043e\u0435 \u0430\u0433\u0435\u043d\u0442\u0441\u0442\u0432\u043e: \u0417\u043d\u0430\u043a\u043e\u043c\u0441\u0442\u0432\u0430 \u0420\u043e\u0441\u0441\u0438\u044f, \u0423\u043a\u0440\u0430\u0438\u043d\u0430, \u0411\u0435\u043b\u0430\u0440\u0443\u0441\u044c \u0438 \u041a\u0438\u0442\u0430\u0439","robots":{"index":"index","follow":"follow","max-snippet":"max-snippet:-1","max-image-preview":"max-image-preview:large","max-video-preview":"max-video-preview:-1"},"canonical":"https:\/\/marriageagencyru.com\/de\/produkt\/\u0445\u0442\u043e-\u0432\u043e\u043d\u0438-\u043d\u0430\u0440\u0435\u0447\u0435\u043d\u0456-\u0437-\u0444\u043e\u0448\u0430\u043d\u044f-\u0444\u043e\u0442\u043e\/","og_locale":"de_DE","og_type":"article","og_title":"\u0425\u0442\u043e \u0432\u043e\u043d\u0438 \u2014 \u043d\u0430\u0440\u0435\u0447\u0435\u043d\u0456 \u0437 \u0424\u043e\u0448\u0430\u043d\u044f? (\u0424\u043e\u0442\u043e). \u041c\u0435\u0436\u0434\u0443\u043d\u0430\u0440\u043e\u0434\u043d\u043e\u0435 \u0431\u0440\u0430\u0447\u043d\u043e\u0435 \u0430\u0433\u0435\u043d\u0442\u0441\u0442\u0432\u043e: \u0417\u043d\u0430\u043a\u043e\u043c\u0441\u0442\u0432\u0430 \u0420\u043e\u0441\u0441\u0438\u044f, \u0423\u043a\u0440\u0430\u0438\u043d\u0430, \u0411\u0435\u043b\u0430\u0440\u0443\u0441\u044c \u0438 \u041a\u0438\u0442\u0430\u0439","og_description":"\u0420\u0430\u0446\u0438\u043e\u043d\u0430\u043b\u044c\u043d\u044b\u0439 &#171;\u041f\u043b\u0430\u043d \u0411&#187; (Rational Plan B) \u0421\u043f\u043e\u043a\u043e\u0439\u043d\u044b\u0439, \u0432\u0437\u0432\u0435\u0448\u0435\u043d\u043d\u044b\u0439 \u0442\u0435\u043a\u0441\u0442 \u0431\u0435\u0437 \u043b\u0438\u0448\u043d\u0438\u0445 \u044d\u043c\u043e\u0446\u0438\u0439. \u0417\u0430\u0433\u043e\u043b\u043e\u0432\u043e\u043a: \u0422\u0432\u0456\u0439 \u043e\u0441\u043e\u0431\u0438\u0441\u0442\u0438\u0439 &#171;\u041f\u043b\u0430\u043d \u0411&#187; \u0443 \u0431\u0435\u0437\u043f\u0435\u0447\u043d\u0456\u0439 \u043a\u0440\u0430\u0457\u043d\u0456. \u0421\u0432\u0456\u0442 \u0441\u0442\u0430\u0454 \u0432\u0441\u0435 \u0431\u0456\u043b\u044c\u0448 \u043d\u0435\u043f\u0435\u0440\u0435\u0434\u0431\u0430\u0447\u0443\u0432\u0430\u043d\u0438\u043c. \u0420\u043e\u0437\u0443\u043c\u043d\u0430 \u0436\u0456\u043d\u043a\u0430 \u0437\u0430\u0432\u0436\u0434\u0438 \u043c\u0430\u0454 \u0432\u0430\u0440\u0456\u0430\u043d\u0442\u0438. \u0428\u043b\u044e\u0431 \u0437 \u0456\u043d\u043e\u0437\u0435\u043c\u0446\u0435\u043c \u0456\u0437 \u0441\u0442\u0430\u0431\u0456\u043b\u044c\u043d\u043e\u0457 \u0435\u043a\u043e\u043d\u043e\u043c\u0456\u043a\u0438 (\u041a\u0438\u0442\u0430\u0439) \u2014 \u0446\u0435 \u0441\u0442\u0440\u0430\u0442\u0435\u0433\u0456\u0447\u043d\u043e \u0432\u0456\u0440\u043d\u0435 \u0440\u0456\u0448\u0435\u043d\u043d\u044f \u0441\u044c\u043e\u0433\u043e\u0434\u043d\u0456. \u0427\u043e\u043c\u0443 \u0424\u043e\u0448\u0430\u043d\u044c? \u0426\u0435 \u043f\u0440\u043e\u043c\u0438\u0441\u043b\u043e\u0432\u0438\u0439 \u0446\u0435\u043d\u0442\u0440 \u0441\u0432\u0456\u0442\u0443. \u0422\u0443\u0442 \u0433\u0440\u043e\u0448\u0456 \u043d\u0435 \u0437\u0430\u043a\u0456\u043d\u0447\u0443\u044e\u0442\u044c\u0441\u044f. \u0427\u043e\u043b\u043e\u0432\u0456\u043a\u0438 \u0442\u0443\u0442 [&hellip;]","og_url":"https:\/\/marriageagencyru.com\/de\/produkt\/\u0445\u0442\u043e-\u0432\u043e\u043d\u0438-\u043d\u0430\u0440\u0435\u0447\u0435\u043d\u0456-\u0437-\u0444\u043e\u0448\u0430\u043d\u044f-\u0444\u043e\u0442\u043e\/","og_site_name":"marriageagencyru.com","og_image":[{"width":1024,"height":1024,"url":"https:\/\/marriageagencyru.com\/wp-content\/uploads\/2025\/12\/1.jpg","type":"image\/jpeg"}],"twitter_card":"summary_large_image","schema":{"@context":"https:\/\/schema.org","@graph":[{"@type":"WebPage","@id":"https:\/\/marriageagencyru.com\/fr\/produit\/%d1%85%d1%82%d0%be-%d0%b2%d0%be%d0%bd%d0%b8-%d0%bd%d0%b0%d1%80%d0%b5%d1%87%d0%b5%d0%bd%d1%96-%d0%b7-%d1%84%d0%be%d1%88%d0%b0%d0%bd%d1%8f-%d1%84%d0%be%d1%82%d0%be\/","url":"https:\/\/marriageagencyru.com\/fr\/produit\/%d1%85%d1%82%d0%be-%d0%b2%d0%be%d0%bd%d0%b8-%d0%bd%d0%b0%d1%80%d0%b5%d1%87%d0%b5%d0%bd%d1%96-%d0%b7-%d1%84%d0%be%d1%88%d0%b0%d0%bd%d1%8f-%d1%84%d0%be%d1%82%d0%be\/","name":"\u0425\u0442\u043e \u0432\u043e\u043d\u0438 \u2014 \u043d\u0430\u0440\u0435\u0447\u0435\u043d\u0456 \u0437 \u0424\u043e\u0448\u0430\u043d\u044f? (\u0424\u043e\u0442\u043e). \u041c\u0435\u0436\u0434\u0443\u043d\u0430\u0440\u043e\u0434\u043d\u043e\u0435 \u0431\u0440\u0430\u0447\u043d\u043e\u0435 \u0430\u0433\u0435\u043d\u0442\u0441\u0442\u0432\u043e: \u0417\u043d\u0430\u043a\u043e\u043c\u0441\u0442\u0432\u0430 \u0420\u043e\u0441\u0441\u0438\u044f, \u0423\u043a\u0440\u0430\u0438\u043d\u0430, \u0411\u0435\u043b\u0430\u0440\u0443\u0441\u044c \u0438 \u041a\u0438\u0442\u0430\u0439","isPartOf":{"@id":"https:\/\/marriageagencyru.com\/#website"},"primaryImageOfPage":{"@id":"https:\/\/marriageagencyru.com\/fr\/produit\/%d1%85%d1%82%d0%be-%d0%b2%d0%be%d0%bd%d0%b8-%d0%bd%d0%b0%d1%80%d0%b5%d1%87%d0%b5%d0%bd%d1%96-%d0%b7-%d1%84%d0%be%d1%88%d0%b0%d0%bd%d1%8f-%d1%84%d0%be%d1%82%d0%be\/#primaryimage"},"image":{"@id":"https:\/\/marriageagencyru.com\/fr\/produit\/%d1%85%d1%82%d0%be-%d0%b2%d0%be%d0%bd%d0%b8-%d0%bd%d0%b0%d1%80%d0%b5%d1%87%d0%b5%d0%bd%d1%96-%d0%b7-%d1%84%d0%be%d1%88%d0%b0%d0%bd%d1%8f-%d1%84%d0%be%d1%82%d0%be\/#primaryimage"},"thumbnailUrl":"https:\/\/marriageagencyru.com\/wp-content\/uploads\/2025\/12\/1.jpg","datePublished":"2025-12-23T04:18:08+00:00","breadcrumb":{"@id":"https:\/\/marriageagencyru.com\/fr\/produit\/%d1%85%d1%82%d0%be-%d0%b2%d0%be%d0%bd%d0%b8-%d0%bd%d0%b0%d1%80%d0%b5%d1%87%d0%b5%d0%bd%d1%96-%d0%b7-%d1%84%d0%be%d1%88%d0%b0%d0%bd%d1%8f-%d1%84%d0%be%d1%82%d0%be\/#breadcrumb"},"inLanguage":"de","potentialAction":[{"@type":"ReadAction","target":["https:\/\/marriageagencyru.com\/fr\/produit\/%d1%85%d1%82%d0%be-%d0%b2%d0%be%d0%bd%d0%b8-%d0%bd%d0%b0%d1%80%d0%b5%d1%87%d0%b5%d0%bd%d1%96-%d0%b7-%d1%84%d0%be%d1%88%d0%b0%d0%bd%d1%8f-%d1%84%d0%be%d1%82%d0%be\/"]}]},{"@type":"ImageObject","inLanguage":"de","@id":"https:\/\/marriageagencyru.com\/fr\/produit\/%d1%85%d1%82%d0%be-%d0%b2%d0%be%d0%bd%d0%b8-%d0%bd%d0%b0%d1%80%d0%b5%d1%87%d0%b5%d0%bd%d1%96-%d0%b7-%d1%84%d0%be%d1%88%d0%b0%d0%bd%d1%8f-%d1%84%d0%be%d1%82%d0%be\/#primaryimage","url":"https:\/\/marriageagencyru.com\/wp-content\/uploads\/2025\/12\/1.jpg","contentUrl":"https:\/\/marriageagencyru.com\/wp-content\/uploads\/2025\/12\/1.jpg","width":1024,"height":1024},{"@type":"BreadcrumbList","@id":"https:\/\/marriageagencyru.com\/fr\/produit\/%d1%85%d1%82%d0%be-%d0%b2%d0%be%d0%bd%d0%b8-%d0%bd%d0%b0%d1%80%d0%b5%d1%87%d0%b5%d0%bd%d1%96-%d0%b7-%d1%84%d0%be%d1%88%d0%b0%d0%bd%d1%8f-%d1%84%d0%be%d1%82%d0%be\/#breadcrumb","itemListElement":[{"@type":"ListItem","position":1,"name":"Home","item":"https:\/\/marriageagencyru.com\/"},{"@type":"ListItem","position":2,"name":"Shop","item":"https:\/\/marriageagencyru.com\/shop\/"},{"@type":"ListItem","position":3,"name":"\u0425\u0442\u043e \u0432\u043e\u043d\u0438 \u2014 \u043d\u0430\u0440\u0435\u0447\u0435\u043d\u0456 \u0437 \u0424\u043e\u0448\u0430\u043d\u044f? (\u0424\u043e\u0442\u043e)."}]},{"@type":"WebSite","@id":"https:\/\/marriageagencyru.com\/#website","url":"https:\/\/marriageagencyru.com\/","name":"marriageagencyru.com","description":"Internationale Heiratsvermittlung marriageagencyru | Russland, Wei\u00dfrussland, Ukraine | Elite Dating in China","alternateName":"\u0412\u044b\u0439\u0442\u0438 \u0437\u0430\u043c\u0443\u0436 \u0432 \u041a\u0438\u0442\u0430\u0439: \u0411\u0440\u0430\u0447\u043d\u043e\u0435 \u0430\u0433\u0435\u043d\u0442\u0441\u0442\u0432\u043e \u0434\u043b\u044f \u0420\u043e\u0441\u0441\u0438\u0438, \u0423\u043a\u0440\u0430\u0438\u043d\u044b \u0438 \u0411\u0435\u043b\u0430\u0440\u0443\u0441\u0438 | marriageagencyru","potentialAction":[{"@type":"SearchAction","target":{"@type":"EntryPoint","urlTemplate":"https:\/\/marriageagencyru.com\/?s={search_term_string}"},"query-input":{"@type":"PropertyValueSpecification","valueRequired":true,"valueName":"search_term_string"}}],"inLanguage":"de"}]}},"_links":{"self":[{"href":"https:\/\/marriageagencyru.com\/de\/wp-json\/wp\/v2\/product\/394","targetHints":{"allow":["GET"]}}],"collection":[{"href":"https:\/\/marriageagencyru.com\/de\/wp-json\/wp\/v2\/product"}],"about":[{"href":"https:\/\/marriageagencyru.com\/de\/wp-json\/wp\/v2\/types\/product"}],"replies":[{"embeddable":true,"href":"https:\/\/marriageagencyru.com\/de\/wp-json\/wp\/v2\/comments?post=394"}],"wp:featuredmedia":[{"embeddable":true,"href":"https:\/\/marriageagencyru.com\/de\/wp-json\/wp\/v2\/media\/24"}],"wp:attachment":[{"href":"https:\/\/marriageagencyru.com\/de\/wp-json\/wp\/v2\/media?parent=394"}],"wp:term":[{"taxonomy":"product_brand","embeddable":true,"href":"https:\/\/marriageagencyru.com\/de\/wp-json\/wp\/v2\/product_brand?post=394"},{"taxonomy":"product_cat","embeddable":true,"href":"https:\/\/marriageagencyru.com\/de\/wp-json\/wp\/v2\/product_cat?post=394"},{"taxonomy":"product_tag","embeddable":true,"href":"https:\/\/marriageagencyru.com\/de\/wp-json\/wp\/v2\/product_tag?post=394"}],"curies":[{"name":"wp","href":"https:\/\/api.w.org\/{rel}","templated":true}]}}