{"id":363,"date":"2025-12-23T04:16:44","date_gmt":"2025-12-23T04:16:44","guid":{"rendered":"https:\/\/marriageagencyru.com\/product\/%d1%88%d0%be%d0%bf%d1%96%d0%bd%d0%b3-%d1%83-%d0%b3%d0%be%d0%bd%d0%ba%d0%be%d0%bd%d0%b7%d1%96-%d0%b6%d0%b8%d1%82%d1%82%d1%8f-%d1%83-%d1%84%d0%be%d1%88%d0%b0%d0%bd%d1%96-%d1%82%d0%b2%d0%be%d1%8f\/"},"modified":"2025-12-23T04:16:44","modified_gmt":"2025-12-23T04:16:44","slug":"einkaufen-in-hongkong-ihr-leben-in-foshan","status":"publish","type":"product","link":"https:\/\/marriageagencyru.com\/de\/produkt\/einkaufen-in-hongkong-ihr-leben-in-foshan\/","title":{"rendered":"Einkaufen in Hongkong, leben in Foshan. Deine Realit\u00e4t."},"content":{"rendered":"<h3 data-path-to-node=\"3\">F\u00fcr diejenigen, die an Vertr\u00e4gen arbeiten (Schwerpunkt Kunst\/Modelle)<\/h3>\n<p data-path-to-node=\"4\"><i data-path-to-node=\"4\" data-index-in-node=\"0\">Ein sehr wichtiges Segment. Viele ukrainische Frauen arbeiten in China als T\u00e4nzerinnen, Models oder Lehrerinnen. Ihre Visa\/Vertr\u00e4ge laufen aus und sie wollen nicht in die Ungewissheit zur\u00fcckkehren.<\/i><\/p>\n<p data-path-to-node=\"5\"><b data-path-to-node=\"5\" data-index-in-node=\"0\">Titel: Ihr Vertrag ist abgelaufen? Bleiben Sie mit Ihrem neuen Status in China!<\/b><\/p>\n<p data-path-to-node=\"6\">Sie kennen China bereits. Sie sind an den Rhythmus, das schmackhafte Essen und die Sicherheit gew\u00f6hnt. Aber Arbeitsvisa laufen oft ab, und es ist be\u00e4ngstigend und wenig aussichtsreich, jetzt nach Hause zur\u00fcckzukehren.<\/p>\n<p data-path-to-node=\"7\">Es gibt einen anderen Weg. Werde ein Kumpel, nicht nur eine angeheuerte Arbeitskraft.<\/p>\n<p data-path-to-node=\"8\">Agentur <b data-path-to-node=\"8\" data-index-in-node=\"10\">MeetingBoth<\/b> (Foshan) hilft M\u00e4dchen, die bereits in Asien sind, sich ein Leben aufzubauen. Unsere Kunden sind seri\u00f6se Gesch\u00e4ftsleute auf der Suche nach einer europ\u00e4ischen Partnerin. Sie sind bereit, Ihre Visumsprobleme durch einen Liebhaber zu l\u00f6sen.<\/p>\n<p data-path-to-node=\"9\"><b data-path-to-node=\"9\" data-index-in-node=\"0\">Warum es gut ist:<\/b><\/p>\n<ol start=\"1\" data-path-to-node=\"10\">\n<li>\n<p data-path-to-node=\"10,0,0\">Sie m\u00fcssen nirgendwo hinfliegen (Sie sind bereits hier).<\/p>\n<\/li>\n<li>\n<p data-path-to-node=\"10,1,0\">Sie kennen die Mentalit\u00e4t (ein gro\u00dfes Plus).<\/p>\n<\/li>\n<li>\n<p data-path-to-node=\"10,2,0\">Du \u00e4nderst deinen Status von \u00abArbeitstier\u00bb zu \u00abEis\u00bb.<\/p>\n<\/li>\n<\/ol>\n<p data-path-to-node=\"11\">Kaufen Sie kein R\u00fcckfahrtticket. Finde dein Gl\u00fcck hier.<\/p>\n<p data-path-to-node=\"12\">\ud83d\udce9 <b data-path-to-node=\"12\" data-index-in-node=\"3\">Schreiben Sie uns:<\/b> nolan@meetingboth.com<\/p>\n<hr data-path-to-node=\"13\" \/>\n<h3 data-path-to-node=\"14\">Option 18: \u00abFilmisches\/Instagram-Leben\u00bb (Filmisches\/Instagram-Leben)<\/h3>\n<p data-path-to-node=\"15\"><i data-path-to-node=\"15\" data-index-in-node=\"0\">F\u00fcr Visuals und M\u00e4dchen, die auf Instagram aktiv sind.<\/i><\/p>\n<p data-path-to-node=\"16\"><b data-path-to-node=\"16\" data-index-in-node=\"0\">Bildunterschrift: Dein Leben verdient es, auf der yaskravi farbi zu sein.<\/b><\/p>\n<p data-path-to-node=\"17\">Tr\u00fcbe Wochentage, K\u00e4lte, Sparsamkeit... Haben Sie jemals davon getr\u00e4umt? Stellen Sie sich ein anderes Bild vor: ein subtropischer Park in Foshan, ein Einkaufsbummel in Hongkong am Wochenende, ein Abend in einem Panoramarestaurant mit einem Mann, der seine Augen nicht von Ihnen abwenden kann.<\/p>\n<p data-path-to-node=\"18\">Dies ist kein Film. Dies ist die Realit\u00e4t der Freunde m\u00e4chtiger chinesischer M\u00e4nner. Sie lieben es, ihre Ehefrauen zu verw\u00f6hnen. Sch\u00f6ne Kleider, sich um sie k\u00fcmmern, Reisen - f\u00fcr einen chinesischen Mann ist das eine Art, seine Liebe zu zeigen.<\/p>\n<p data-path-to-node=\"19\"><b data-path-to-node=\"19\" data-index-in-node=\"0\">Die Agentur MeetingBoth sucht die Hauptperson f\u00fcr diese Geschichte.<\/b><\/p>\n<ul data-path-to-node=\"20\">\n<li>\n<p data-path-to-node=\"20,0,0\">Alter: bis zu 30 Jahren.<\/p>\n<\/li>\n<li>\n<p data-path-to-node=\"20,1,0\">Zovnichnosti: privatabliva, fotogen.<\/p>\n<\/li>\n<li>\n<p data-path-to-node=\"20,2,0\">Standort: Foshan (China).<\/p>\n<\/li>\n<\/ul>\n<p data-path-to-node=\"21\">Die Castings des Namenswettbewerbs - <b data-path-to-node=\"21\" data-index-in-node=\"30\">unentgeltlich<\/b>.<\/p>\n<p data-path-to-node=\"22\">Schicken Sie Ihre besten Fotos ein. Vielleicht wird Ihr Kazka von einer einzigen Seite aus starten.<\/p>\n<p data-path-to-node=\"23\">\ud83d\udcf8 <b data-path-to-node=\"23\" data-index-in-node=\"3\">E-Mail:<\/b> nolan@meetingboth.com<\/p>","protected":false},"excerpt":{"rendered":"<p>\u0414\u043b\u044f \u0442\u0435\u0445, \u043a\u0442\u043e \u0440\u0430\u0431\u043e\u0442\u0430\u0435\u0442 \u043f\u043e \u043a\u043e\u043d\u0442\u0440\u0430\u043a\u0442\u0430\u043c (Arts\/Models Focus) \u041e\u0447\u0435\u043d\u044c \u0432\u0430\u0436\u043d\u044b\u0439 \u0441\u0435\u0433\u043c\u0435\u043d\u0442. \u041c\u043d\u043e\u0433\u043e \u0443\u043a\u0440\u0430\u0438\u043d\u043e\u043a \u0440\u0430\u0431\u043e\u0442\u0430\u044e\u0442 \u0432 \u041a\u0438\u0442\u0430\u0435 \u0442\u0430\u043d\u0446\u043e\u0432\u0449\u0438\u0446\u0430\u043c\u0438, \u043c\u043e\u0434\u0435\u043b\u044f\u043c\u0438 \u0438\u043b\u0438 \u0443\u0447\u0438\u0442\u0435\u043b\u044f\u043c\u0438. \u0423 \u043d\u0438\u0445 \u0437\u0430\u043a\u0430\u043d\u0447\u0438\u0432\u0430\u044e\u0442\u0441\u044f \u0432\u0438\u0437\u044b\/\u043a\u043e\u043d\u0442\u0440\u0430\u043a\u0442\u044b, \u0438 \u043e\u043d\u0438 \u043d\u0435 \u0445\u043e\u0442\u044f\u0442 \u0432\u043e\u0437\u0432\u0440\u0430\u0449\u0430\u0442\u044c\u0441\u044f \u0432 \u043d\u0435\u043e\u043f\u0440\u0435\u0434\u0435\u043b\u0435\u043d\u043d\u043e\u0441\u0442\u044c. \u0417\u0430\u0433\u043e\u043b\u043e\u0432\u043e\u043a: \u0422\u0432\u0456\u0439 \u043a\u043e\u043d\u0442\u0440\u0430\u043a\u0442 \u0437\u0430\u043a\u0456\u043d\u0447\u0443\u0454\u0442\u044c\u0441\u044f? \u0417\u0430\u043b\u0438\u0448\u0441\u044f \u0432 \u041a\u0438\u0442\u0430\u0457 \u0443 \u043d\u043e\u0432\u043e\u043c\u0443 \u0441\u0442\u0430\u0442\u0443\u0441\u0456! \u0422\u0438 \u0432\u0436\u0435 \u0437\u043d\u0430\u0454\u0448 \u041a\u0438\u0442\u0430\u0439. \u0422\u0438 \u0437\u0432\u0438\u043a\u043b\u0430 \u0434\u043e \u0446\u044c\u043e\u0433\u043e \u0440\u0438\u0442\u043c\u0443, \u0434\u043e \u0441\u043c\u0430\u0447\u043d\u043e\u0457 \u0457\u0436\u0456 \u0442\u0430 \u0431\u0435\u0437\u043f\u0435\u043a\u0438. [&hellip;]<\/p>","protected":false},"featured_media":127,"comment_status":"open","ping_status":"closed","template":"","meta":{"_et_pb_use_builder":"","_et_pb_old_content":"","_et_gb_content_width":""},"product_brand":[],"product_cat":[],"product_tag":[],"class_list":{"0":"post-363","1":"product","2":"type-product","3":"status-publish","4":"has-post-thumbnail","7":"first","8":"instock","9":"shipping-taxable","10":"purchasable","11":"product-type-simple"},"yoast_head":"<!-- This site is optimized with the Yoast SEO plugin v26.6 - https:\/\/yoast.com\/wordpress\/plugins\/seo\/ -->\n<title>\u0428\u043e\u043f\u0456\u043d\u0433 \u0443 \u0413\u043e\u043d\u043a\u043e\u043d\u0437\u0456, \u0436\u0438\u0442\u0442\u044f \u0443 \u0424\u043e\u0448\u0430\u043d\u0456. \u0422\u0432\u043e\u044f \u0440\u0435\u0430\u043b\u044c\u043d\u0456\u0441\u0442\u044c. \u041c\u0435\u0436\u0434\u0443\u043d\u0430\u0440\u043e\u0434\u043d\u043e\u0435 \u0431\u0440\u0430\u0447\u043d\u043e\u0435 \u0430\u0433\u0435\u043d\u0442\u0441\u0442\u0432\u043e: \u0417\u043d\u0430\u043a\u043e\u043c\u0441\u0442\u0432\u0430 \u0420\u043e\u0441\u0441\u0438\u044f, \u0423\u043a\u0440\u0430\u0438\u043d\u0430, \u0411\u0435\u043b\u0430\u0440\u0443\u0441\u044c \u0438 \u041a\u0438\u0442\u0430\u0439<\/title>\n<meta name=\"robots\" content=\"index, follow, max-snippet:-1, max-image-preview:large, max-video-preview:-1\" \/>\n<link rel=\"canonical\" href=\"https:\/\/marriageagencyru.com\/de\/produkt\/einkaufen-in-hongkong-ihr-leben-in-foshan\/\" \/>\n<meta property=\"og:locale\" content=\"de_DE\" \/>\n<meta property=\"og:type\" content=\"article\" \/>\n<meta property=\"og:title\" content=\"\u0428\u043e\u043f\u0456\u043d\u0433 \u0443 \u0413\u043e\u043d\u043a\u043e\u043d\u0437\u0456, \u0436\u0438\u0442\u0442\u044f \u0443 \u0424\u043e\u0448\u0430\u043d\u0456. \u0422\u0432\u043e\u044f \u0440\u0435\u0430\u043b\u044c\u043d\u0456\u0441\u0442\u044c. \u041c\u0435\u0436\u0434\u0443\u043d\u0430\u0440\u043e\u0434\u043d\u043e\u0435 \u0431\u0440\u0430\u0447\u043d\u043e\u0435 \u0430\u0433\u0435\u043d\u0442\u0441\u0442\u0432\u043e: \u0417\u043d\u0430\u043a\u043e\u043c\u0441\u0442\u0432\u0430 \u0420\u043e\u0441\u0441\u0438\u044f, \u0423\u043a\u0440\u0430\u0438\u043d\u0430, \u0411\u0435\u043b\u0430\u0440\u0443\u0441\u044c \u0438 \u041a\u0438\u0442\u0430\u0439\" \/>\n<meta property=\"og:description\" content=\"\u0414\u043b\u044f \u0442\u0435\u0445, \u043a\u0442\u043e \u0440\u0430\u0431\u043e\u0442\u0430\u0435\u0442 \u043f\u043e \u043a\u043e\u043d\u0442\u0440\u0430\u043a\u0442\u0430\u043c (Arts\/Models Focus) \u041e\u0447\u0435\u043d\u044c \u0432\u0430\u0436\u043d\u044b\u0439 \u0441\u0435\u0433\u043c\u0435\u043d\u0442. \u041c\u043d\u043e\u0433\u043e \u0443\u043a\u0440\u0430\u0438\u043d\u043e\u043a \u0440\u0430\u0431\u043e\u0442\u0430\u044e\u0442 \u0432 \u041a\u0438\u0442\u0430\u0435 \u0442\u0430\u043d\u0446\u043e\u0432\u0449\u0438\u0446\u0430\u043c\u0438, \u043c\u043e\u0434\u0435\u043b\u044f\u043c\u0438 \u0438\u043b\u0438 \u0443\u0447\u0438\u0442\u0435\u043b\u044f\u043c\u0438. \u0423 \u043d\u0438\u0445 \u0437\u0430\u043a\u0430\u043d\u0447\u0438\u0432\u0430\u044e\u0442\u0441\u044f \u0432\u0438\u0437\u044b\/\u043a\u043e\u043d\u0442\u0440\u0430\u043a\u0442\u044b, \u0438 \u043e\u043d\u0438 \u043d\u0435 \u0445\u043e\u0442\u044f\u0442 \u0432\u043e\u0437\u0432\u0440\u0430\u0449\u0430\u0442\u044c\u0441\u044f \u0432 \u043d\u0435\u043e\u043f\u0440\u0435\u0434\u0435\u043b\u0435\u043d\u043d\u043e\u0441\u0442\u044c. \u0417\u0430\u0433\u043e\u043b\u043e\u0432\u043e\u043a: \u0422\u0432\u0456\u0439 \u043a\u043e\u043d\u0442\u0440\u0430\u043a\u0442 \u0437\u0430\u043a\u0456\u043d\u0447\u0443\u0454\u0442\u044c\u0441\u044f? \u0417\u0430\u043b\u0438\u0448\u0441\u044f \u0432 \u041a\u0438\u0442\u0430\u0457 \u0443 \u043d\u043e\u0432\u043e\u043c\u0443 \u0441\u0442\u0430\u0442\u0443\u0441\u0456! \u0422\u0438 \u0432\u0436\u0435 \u0437\u043d\u0430\u0454\u0448 \u041a\u0438\u0442\u0430\u0439. \u0422\u0438 \u0437\u0432\u0438\u043a\u043b\u0430 \u0434\u043e \u0446\u044c\u043e\u0433\u043e \u0440\u0438\u0442\u043c\u0443, \u0434\u043e \u0441\u043c\u0430\u0447\u043d\u043e\u0457 \u0457\u0436\u0456 \u0442\u0430 \u0431\u0435\u0437\u043f\u0435\u043a\u0438. [&hellip;]\" \/>\n<meta property=\"og:url\" content=\"https:\/\/marriageagencyru.com\/de\/produkt\/einkaufen-in-hongkong-ihr-leben-in-foshan\/\" \/>\n<meta property=\"og:site_name\" content=\"marriageagencyru.com\" \/>\n<meta property=\"og:image\" content=\"https:\/\/marriageagencyru.com\/wp-content\/uploads\/2025\/12\/4.jpg\" \/>\n\t<meta property=\"og:image:width\" content=\"1024\" \/>\n\t<meta property=\"og:image:height\" content=\"1024\" \/>\n\t<meta property=\"og:image:type\" content=\"image\/jpeg\" \/>\n<meta name=\"twitter:card\" content=\"summary_large_image\" \/>\n<script type=\"application\/ld+json\" class=\"yoast-schema-graph\">{\"@context\":\"https:\/\/schema.org\",\"@graph\":[{\"@type\":\"WebPage\",\"@id\":\"https:\/\/marriageagencyru.com\/fr\/produit\/%d1%88%d0%be%d0%bf%d1%96%d0%bd%d0%b3-%d1%83-%d0%b3%d0%be%d0%bd%d0%ba%d0%be%d0%bd%d0%b7%d1%96-%d0%b6%d0%b8%d1%82%d1%82%d1%8f-%d1%83-%d1%84%d0%be%d1%88%d0%b0%d0%bd%d1%96-%d1%82%d0%b2%d0%be%d1%8f\/\",\"url\":\"https:\/\/marriageagencyru.com\/fr\/produit\/%d1%88%d0%be%d0%bf%d1%96%d0%bd%d0%b3-%d1%83-%d0%b3%d0%be%d0%bd%d0%ba%d0%be%d0%bd%d0%b7%d1%96-%d0%b6%d0%b8%d1%82%d1%82%d1%8f-%d1%83-%d1%84%d0%be%d1%88%d0%b0%d0%bd%d1%96-%d1%82%d0%b2%d0%be%d1%8f\/\",\"name\":\"\u0428\u043e\u043f\u0456\u043d\u0433 \u0443 \u0413\u043e\u043d\u043a\u043e\u043d\u0437\u0456, \u0436\u0438\u0442\u0442\u044f \u0443 \u0424\u043e\u0448\u0430\u043d\u0456. \u0422\u0432\u043e\u044f \u0440\u0435\u0430\u043b\u044c\u043d\u0456\u0441\u0442\u044c. \u041c\u0435\u0436\u0434\u0443\u043d\u0430\u0440\u043e\u0434\u043d\u043e\u0435 \u0431\u0440\u0430\u0447\u043d\u043e\u0435 \u0430\u0433\u0435\u043d\u0442\u0441\u0442\u0432\u043e: \u0417\u043d\u0430\u043a\u043e\u043c\u0441\u0442\u0432\u0430 \u0420\u043e\u0441\u0441\u0438\u044f, \u0423\u043a\u0440\u0430\u0438\u043d\u0430, \u0411\u0435\u043b\u0430\u0440\u0443\u0441\u044c \u0438 \u041a\u0438\u0442\u0430\u0439\",\"isPartOf\":{\"@id\":\"https:\/\/marriageagencyru.com\/#website\"},\"primaryImageOfPage\":{\"@id\":\"https:\/\/marriageagencyru.com\/fr\/produit\/%d1%88%d0%be%d0%bf%d1%96%d0%bd%d0%b3-%d1%83-%d0%b3%d0%be%d0%bd%d0%ba%d0%be%d0%bd%d0%b7%d1%96-%d0%b6%d0%b8%d1%82%d1%82%d1%8f-%d1%83-%d1%84%d0%be%d1%88%d0%b0%d0%bd%d1%96-%d1%82%d0%b2%d0%be%d1%8f\/#primaryimage\"},\"image\":{\"@id\":\"https:\/\/marriageagencyru.com\/fr\/produit\/%d1%88%d0%be%d0%bf%d1%96%d0%bd%d0%b3-%d1%83-%d0%b3%d0%be%d0%bd%d0%ba%d0%be%d0%bd%d0%b7%d1%96-%d0%b6%d0%b8%d1%82%d1%82%d1%8f-%d1%83-%d1%84%d0%be%d1%88%d0%b0%d0%bd%d1%96-%d1%82%d0%b2%d0%be%d1%8f\/#primaryimage\"},\"thumbnailUrl\":\"https:\/\/marriageagencyru.com\/wp-content\/uploads\/2025\/12\/4.jpg\",\"datePublished\":\"2025-12-23T04:16:44+00:00\",\"breadcrumb\":{\"@id\":\"https:\/\/marriageagencyru.com\/fr\/produit\/%d1%88%d0%be%d0%bf%d1%96%d0%bd%d0%b3-%d1%83-%d0%b3%d0%be%d0%bd%d0%ba%d0%be%d0%bd%d0%b7%d1%96-%d0%b6%d0%b8%d1%82%d1%82%d1%8f-%d1%83-%d1%84%d0%be%d1%88%d0%b0%d0%bd%d1%96-%d1%82%d0%b2%d0%be%d1%8f\/#breadcrumb\"},\"inLanguage\":\"de\",\"potentialAction\":[{\"@type\":\"ReadAction\",\"target\":[\"https:\/\/marriageagencyru.com\/fr\/produit\/%d1%88%d0%be%d0%bf%d1%96%d0%bd%d0%b3-%d1%83-%d0%b3%d0%be%d0%bd%d0%ba%d0%be%d0%bd%d0%b7%d1%96-%d0%b6%d0%b8%d1%82%d1%82%d1%8f-%d1%83-%d1%84%d0%be%d1%88%d0%b0%d0%bd%d1%96-%d1%82%d0%b2%d0%be%d1%8f\/\"]}]},{\"@type\":\"ImageObject\",\"inLanguage\":\"de\",\"@id\":\"https:\/\/marriageagencyru.com\/fr\/produit\/%d1%88%d0%be%d0%bf%d1%96%d0%bd%d0%b3-%d1%83-%d0%b3%d0%be%d0%bd%d0%ba%d0%be%d0%bd%d0%b7%d1%96-%d0%b6%d0%b8%d1%82%d1%82%d1%8f-%d1%83-%d1%84%d0%be%d1%88%d0%b0%d0%bd%d1%96-%d1%82%d0%b2%d0%be%d1%8f\/#primaryimage\",\"url\":\"https:\/\/marriageagencyru.com\/wp-content\/uploads\/2025\/12\/4.jpg\",\"contentUrl\":\"https:\/\/marriageagencyru.com\/wp-content\/uploads\/2025\/12\/4.jpg\",\"width\":1024,\"height\":1024},{\"@type\":\"BreadcrumbList\",\"@id\":\"https:\/\/marriageagencyru.com\/fr\/produit\/%d1%88%d0%be%d0%bf%d1%96%d0%bd%d0%b3-%d1%83-%d0%b3%d0%be%d0%bd%d0%ba%d0%be%d0%bd%d0%b7%d1%96-%d0%b6%d0%b8%d1%82%d1%82%d1%8f-%d1%83-%d1%84%d0%be%d1%88%d0%b0%d0%bd%d1%96-%d1%82%d0%b2%d0%be%d1%8f\/#breadcrumb\",\"itemListElement\":[{\"@type\":\"ListItem\",\"position\":1,\"name\":\"Home\",\"item\":\"https:\/\/marriageagencyru.com\/\"},{\"@type\":\"ListItem\",\"position\":2,\"name\":\"Shop\",\"item\":\"https:\/\/marriageagencyru.com\/shop\/\"},{\"@type\":\"ListItem\",\"position\":3,\"name\":\"\u0428\u043e\u043f\u0456\u043d\u0433 \u0443 \u0413\u043e\u043d\u043a\u043e\u043d\u0437\u0456, \u0436\u0438\u0442\u0442\u044f \u0443 \u0424\u043e\u0448\u0430\u043d\u0456. \u0422\u0432\u043e\u044f \u0440\u0435\u0430\u043b\u044c\u043d\u0456\u0441\u0442\u044c.\"}]},{\"@type\":\"WebSite\",\"@id\":\"https:\/\/marriageagencyru.com\/#website\",\"url\":\"https:\/\/marriageagencyru.com\/\",\"name\":\"marriageagencyru.com\",\"description\":\"\u041c\u0435\u0436\u0434\u0443\u043d\u0430\u0440\u043e\u0434\u043d\u043e\u0435 \u0431\u0440\u0430\u0447\u043d\u043e\u0435 \u0430\u0433\u0435\u043d\u0442\u0441\u0442\u0432\u043e marriageagencyru | \u0420\u043e\u0441\u0441\u0438\u044f, \u0411\u0435\u043b\u0430\u0440\u0443\u0441\u044c, \u0423\u043a\u0440\u0430\u0438\u043d\u0430 | \u042d\u043b\u0438\u0442\u043d\u044b\u0435 \u0437\u043d\u0430\u043a\u043e\u043c\u0441\u0442\u0432\u0430 \u0432 \u041a\u0438\u0442\u0430\u0435\",\"alternateName\":\"\u0412\u044b\u0439\u0442\u0438 \u0437\u0430\u043c\u0443\u0436 \u0432 \u041a\u0438\u0442\u0430\u0439: \u0411\u0440\u0430\u0447\u043d\u043e\u0435 \u0430\u0433\u0435\u043d\u0442\u0441\u0442\u0432\u043e \u0434\u043b\u044f \u0420\u043e\u0441\u0441\u0438\u0438, \u0423\u043a\u0440\u0430\u0438\u043d\u044b \u0438 \u0411\u0435\u043b\u0430\u0440\u0443\u0441\u0438 | marriageagencyru\",\"potentialAction\":[{\"@type\":\"SearchAction\",\"target\":{\"@type\":\"EntryPoint\",\"urlTemplate\":\"https:\/\/marriageagencyru.com\/?s={search_term_string}\"},\"query-input\":{\"@type\":\"PropertyValueSpecification\",\"valueRequired\":true,\"valueName\":\"search_term_string\"}}],\"inLanguage\":\"de\"}]}<\/script>\n<!-- \/ Yoast SEO plugin. -->","yoast_head_json":{"title":"Einkaufen in Hongkong, leben in Foshan. Ihre Realit\u00e4t. Internationale Heiratsvermittlung: Partnersuche in Russland, Ukraine, Wei\u00dfrussland und China","robots":{"index":"index","follow":"follow","max-snippet":"max-snippet:-1","max-image-preview":"max-image-preview:large","max-video-preview":"max-video-preview:-1"},"canonical":"https:\/\/marriageagencyru.com\/de\/produkt\/einkaufen-in-hongkong-ihr-leben-in-foshan\/","og_locale":"de_DE","og_type":"article","og_title":"\u0428\u043e\u043f\u0456\u043d\u0433 \u0443 \u0413\u043e\u043d\u043a\u043e\u043d\u0437\u0456, \u0436\u0438\u0442\u0442\u044f \u0443 \u0424\u043e\u0448\u0430\u043d\u0456. \u0422\u0432\u043e\u044f \u0440\u0435\u0430\u043b\u044c\u043d\u0456\u0441\u0442\u044c. \u041c\u0435\u0436\u0434\u0443\u043d\u0430\u0440\u043e\u0434\u043d\u043e\u0435 \u0431\u0440\u0430\u0447\u043d\u043e\u0435 \u0430\u0433\u0435\u043d\u0442\u0441\u0442\u0432\u043e: \u0417\u043d\u0430\u043a\u043e\u043c\u0441\u0442\u0432\u0430 \u0420\u043e\u0441\u0441\u0438\u044f, \u0423\u043a\u0440\u0430\u0438\u043d\u0430, \u0411\u0435\u043b\u0430\u0440\u0443\u0441\u044c \u0438 \u041a\u0438\u0442\u0430\u0439","og_description":"\u0414\u043b\u044f \u0442\u0435\u0445, \u043a\u0442\u043e \u0440\u0430\u0431\u043e\u0442\u0430\u0435\u0442 \u043f\u043e \u043a\u043e\u043d\u0442\u0440\u0430\u043a\u0442\u0430\u043c (Arts\/Models Focus) \u041e\u0447\u0435\u043d\u044c \u0432\u0430\u0436\u043d\u044b\u0439 \u0441\u0435\u0433\u043c\u0435\u043d\u0442. \u041c\u043d\u043e\u0433\u043e \u0443\u043a\u0440\u0430\u0438\u043d\u043e\u043a \u0440\u0430\u0431\u043e\u0442\u0430\u044e\u0442 \u0432 \u041a\u0438\u0442\u0430\u0435 \u0442\u0430\u043d\u0446\u043e\u0432\u0449\u0438\u0446\u0430\u043c\u0438, \u043c\u043e\u0434\u0435\u043b\u044f\u043c\u0438 \u0438\u043b\u0438 \u0443\u0447\u0438\u0442\u0435\u043b\u044f\u043c\u0438. \u0423 \u043d\u0438\u0445 \u0437\u0430\u043a\u0430\u043d\u0447\u0438\u0432\u0430\u044e\u0442\u0441\u044f \u0432\u0438\u0437\u044b\/\u043a\u043e\u043d\u0442\u0440\u0430\u043a\u0442\u044b, \u0438 \u043e\u043d\u0438 \u043d\u0435 \u0445\u043e\u0442\u044f\u0442 \u0432\u043e\u0437\u0432\u0440\u0430\u0449\u0430\u0442\u044c\u0441\u044f \u0432 \u043d\u0435\u043e\u043f\u0440\u0435\u0434\u0435\u043b\u0435\u043d\u043d\u043e\u0441\u0442\u044c. \u0417\u0430\u0433\u043e\u043b\u043e\u0432\u043e\u043a: \u0422\u0432\u0456\u0439 \u043a\u043e\u043d\u0442\u0440\u0430\u043a\u0442 \u0437\u0430\u043a\u0456\u043d\u0447\u0443\u0454\u0442\u044c\u0441\u044f? \u0417\u0430\u043b\u0438\u0448\u0441\u044f \u0432 \u041a\u0438\u0442\u0430\u0457 \u0443 \u043d\u043e\u0432\u043e\u043c\u0443 \u0441\u0442\u0430\u0442\u0443\u0441\u0456! \u0422\u0438 \u0432\u0436\u0435 \u0437\u043d\u0430\u0454\u0448 \u041a\u0438\u0442\u0430\u0439. \u0422\u0438 \u0437\u0432\u0438\u043a\u043b\u0430 \u0434\u043e \u0446\u044c\u043e\u0433\u043e \u0440\u0438\u0442\u043c\u0443, \u0434\u043e \u0441\u043c\u0430\u0447\u043d\u043e\u0457 \u0457\u0436\u0456 \u0442\u0430 \u0431\u0435\u0437\u043f\u0435\u043a\u0438. [&hellip;]","og_url":"https:\/\/marriageagencyru.com\/de\/produkt\/einkaufen-in-hongkong-ihr-leben-in-foshan\/","og_site_name":"marriageagencyru.com","og_image":[{"width":1024,"height":1024,"url":"https:\/\/marriageagencyru.com\/wp-content\/uploads\/2025\/12\/4.jpg","type":"image\/jpeg"}],"twitter_card":"summary_large_image","schema":{"@context":"https:\/\/schema.org","@graph":[{"@type":"WebPage","@id":"https:\/\/marriageagencyru.com\/fr\/produit\/%d1%88%d0%be%d0%bf%d1%96%d0%bd%d0%b3-%d1%83-%d0%b3%d0%be%d0%bd%d0%ba%d0%be%d0%bd%d0%b7%d1%96-%d0%b6%d0%b8%d1%82%d1%82%d1%8f-%d1%83-%d1%84%d0%be%d1%88%d0%b0%d0%bd%d1%96-%d1%82%d0%b2%d0%be%d1%8f\/","url":"https:\/\/marriageagencyru.com\/fr\/produit\/%d1%88%d0%be%d0%bf%d1%96%d0%bd%d0%b3-%d1%83-%d0%b3%d0%be%d0%bd%d0%ba%d0%be%d0%bd%d0%b7%d1%96-%d0%b6%d0%b8%d1%82%d1%82%d1%8f-%d1%83-%d1%84%d0%be%d1%88%d0%b0%d0%bd%d1%96-%d1%82%d0%b2%d0%be%d1%8f\/","name":"Einkaufen in Hongkong, leben in Foshan. Ihre Realit\u00e4t. Internationale Heiratsvermittlung: Partnersuche in Russland, Ukraine, Wei\u00dfrussland und China","isPartOf":{"@id":"https:\/\/marriageagencyru.com\/#website"},"primaryImageOfPage":{"@id":"https:\/\/marriageagencyru.com\/fr\/produit\/%d1%88%d0%be%d0%bf%d1%96%d0%bd%d0%b3-%d1%83-%d0%b3%d0%be%d0%bd%d0%ba%d0%be%d0%bd%d0%b7%d1%96-%d0%b6%d0%b8%d1%82%d1%82%d1%8f-%d1%83-%d1%84%d0%be%d1%88%d0%b0%d0%bd%d1%96-%d1%82%d0%b2%d0%be%d1%8f\/#primaryimage"},"image":{"@id":"https:\/\/marriageagencyru.com\/fr\/produit\/%d1%88%d0%be%d0%bf%d1%96%d0%bd%d0%b3-%d1%83-%d0%b3%d0%be%d0%bd%d0%ba%d0%be%d0%bd%d0%b7%d1%96-%d0%b6%d0%b8%d1%82%d1%82%d1%8f-%d1%83-%d1%84%d0%be%d1%88%d0%b0%d0%bd%d1%96-%d1%82%d0%b2%d0%be%d1%8f\/#primaryimage"},"thumbnailUrl":"https:\/\/marriageagencyru.com\/wp-content\/uploads\/2025\/12\/4.jpg","datePublished":"2025-12-23T04:16:44+00:00","breadcrumb":{"@id":"https:\/\/marriageagencyru.com\/fr\/produit\/%d1%88%d0%be%d0%bf%d1%96%d0%bd%d0%b3-%d1%83-%d0%b3%d0%be%d0%bd%d0%ba%d0%be%d0%bd%d0%b7%d1%96-%d0%b6%d0%b8%d1%82%d1%82%d1%8f-%d1%83-%d1%84%d0%be%d1%88%d0%b0%d0%bd%d1%96-%d1%82%d0%b2%d0%be%d1%8f\/#breadcrumb"},"inLanguage":"de","potentialAction":[{"@type":"ReadAction","target":["https:\/\/marriageagencyru.com\/fr\/produit\/%d1%88%d0%be%d0%bf%d1%96%d0%bd%d0%b3-%d1%83-%d0%b3%d0%be%d0%bd%d0%ba%d0%be%d0%bd%d0%b7%d1%96-%d0%b6%d0%b8%d1%82%d1%82%d1%8f-%d1%83-%d1%84%d0%be%d1%88%d0%b0%d0%bd%d1%96-%d1%82%d0%b2%d0%be%d1%8f\/"]}]},{"@type":"ImageObject","inLanguage":"de","@id":"https:\/\/marriageagencyru.com\/fr\/produit\/%d1%88%d0%be%d0%bf%d1%96%d0%bd%d0%b3-%d1%83-%d0%b3%d0%be%d0%bd%d0%ba%d0%be%d0%bd%d0%b7%d1%96-%d0%b6%d0%b8%d1%82%d1%82%d1%8f-%d1%83-%d1%84%d0%be%d1%88%d0%b0%d0%bd%d1%96-%d1%82%d0%b2%d0%be%d1%8f\/#primaryimage","url":"https:\/\/marriageagencyru.com\/wp-content\/uploads\/2025\/12\/4.jpg","contentUrl":"https:\/\/marriageagencyru.com\/wp-content\/uploads\/2025\/12\/4.jpg","width":1024,"height":1024},{"@type":"BreadcrumbList","@id":"https:\/\/marriageagencyru.com\/fr\/produit\/%d1%88%d0%be%d0%bf%d1%96%d0%bd%d0%b3-%d1%83-%d0%b3%d0%be%d0%bd%d0%ba%d0%be%d0%bd%d0%b7%d1%96-%d0%b6%d0%b8%d1%82%d1%82%d1%8f-%d1%83-%d1%84%d0%be%d1%88%d0%b0%d0%bd%d1%96-%d1%82%d0%b2%d0%be%d1%8f\/#breadcrumb","itemListElement":[{"@type":"ListItem","position":1,"name":"Home","item":"https:\/\/marriageagencyru.com\/"},{"@type":"ListItem","position":2,"name":"Shop","item":"https:\/\/marriageagencyru.com\/shop\/"},{"@type":"ListItem","position":3,"name":"\u0428\u043e\u043f\u0456\u043d\u0433 \u0443 \u0413\u043e\u043d\u043a\u043e\u043d\u0437\u0456, \u0436\u0438\u0442\u0442\u044f \u0443 \u0424\u043e\u0448\u0430\u043d\u0456. \u0422\u0432\u043e\u044f \u0440\u0435\u0430\u043b\u044c\u043d\u0456\u0441\u0442\u044c."}]},{"@type":"WebSite","@id":"https:\/\/marriageagencyru.com\/#website","url":"https:\/\/marriageagencyru.com\/","name":"marriageagencyru.com","description":"Internationale Heiratsvermittlung marriageagencyru | Russland, Wei\u00dfrussland, Ukraine | Elite Dating in China","alternateName":"\u0412\u044b\u0439\u0442\u0438 \u0437\u0430\u043c\u0443\u0436 \u0432 \u041a\u0438\u0442\u0430\u0439: \u0411\u0440\u0430\u0447\u043d\u043e\u0435 \u0430\u0433\u0435\u043d\u0442\u0441\u0442\u0432\u043e \u0434\u043b\u044f \u0420\u043e\u0441\u0441\u0438\u0438, \u0423\u043a\u0440\u0430\u0438\u043d\u044b \u0438 \u0411\u0435\u043b\u0430\u0440\u0443\u0441\u0438 | marriageagencyru","potentialAction":[{"@type":"SearchAction","target":{"@type":"EntryPoint","urlTemplate":"https:\/\/marriageagencyru.com\/?s={search_term_string}"},"query-input":{"@type":"PropertyValueSpecification","valueRequired":true,"valueName":"search_term_string"}}],"inLanguage":"de"}]}},"_links":{"self":[{"href":"https:\/\/marriageagencyru.com\/de\/wp-json\/wp\/v2\/product\/363","targetHints":{"allow":["GET"]}}],"collection":[{"href":"https:\/\/marriageagencyru.com\/de\/wp-json\/wp\/v2\/product"}],"about":[{"href":"https:\/\/marriageagencyru.com\/de\/wp-json\/wp\/v2\/types\/product"}],"replies":[{"embeddable":true,"href":"https:\/\/marriageagencyru.com\/de\/wp-json\/wp\/v2\/comments?post=363"}],"wp:featuredmedia":[{"embeddable":true,"href":"https:\/\/marriageagencyru.com\/de\/wp-json\/wp\/v2\/media\/127"}],"wp:attachment":[{"href":"https:\/\/marriageagencyru.com\/de\/wp-json\/wp\/v2\/media?parent=363"}],"wp:term":[{"taxonomy":"product_brand","embeddable":true,"href":"https:\/\/marriageagencyru.com\/de\/wp-json\/wp\/v2\/product_brand?post=363"},{"taxonomy":"product_cat","embeddable":true,"href":"https:\/\/marriageagencyru.com\/de\/wp-json\/wp\/v2\/product_cat?post=363"},{"taxonomy":"product_tag","embeddable":true,"href":"https:\/\/marriageagencyru.com\/de\/wp-json\/wp\/v2\/product_tag?post=363"}],"curies":[{"name":"wp","href":"https:\/\/api.w.org\/{rel}","templated":true}]}}