{"id":343,"date":"2025-12-23T04:15:36","date_gmt":"2025-12-23T04:15:36","guid":{"rendered":"https:\/\/marriageagencyru.com\/product\/%d0%ba%d0%b0%d1%81%d1%82%d0%b8%d0%bd%d0%b3-%d0%bd%d0%b0%d1%80%d0%b5%d1%87%d0%b5%d0%bd%d0%b8%d1%85-%d0%b4%d0%bb%d1%8f-%d0%b7%d0%b0%d0%bc%d0%be%d0%b6%d0%bd%d0%b8%d1%85-%d1%87%d0%be%d0%bb%d0%be%d0%b2\/"},"modified":"2025-12-23T04:15:36","modified_gmt":"2025-12-23T04:15:36","slug":"%d0%ba%d0%b0%d1%81%d1%82%d0%b8%d0%bd%d0%b3-%d0%bd%d0%b0%d1%80%d0%b5%d1%87%d0%b5%d0%bd%d0%b8%d1%85-%d0%b4%d0%bb%d1%8f-%d0%b7%d0%b0%d0%bc%d0%be%d0%b6%d0%bd%d0%b8%d1%85-%d1%87%d0%be%d0%bb%d0%be%d0%b2","status":"publish","type":"product","link":"https:\/\/marriageagencyru.com\/de\/produkt\/%d0%ba%d0%b0%d1%81%d1%82%d0%b8%d0%bd%d0%b3-%d0%bd%d0%b0%d1%80%d0%b5%d1%87%d0%b5%d0%bd%d0%b8%d1%85-%d0%b4%d0%bb%d1%8f-%d0%b7%d0%b0%d0%bc%d0%be%d0%b6%d0%bd%d0%b8%d1%85-%d1%87%d0%be%d0%bb%d0%be%d0%b2\/","title":{"rendered":"\u041a\u0430\u0441\u0442\u0438\u043d\u0433 \u043d\u0430\u0440\u0435\u0447\u0435\u043d\u0438\u0445 \u0434\u043b\u044f \u0437\u0430\u043c\u043e\u0436\u043d\u0438\u0445 \u0447\u043e\u043b\u043e\u0432\u0456\u043a\u0456\u0432 \u041a\u0438\u0442\u0430\u044e."},"content":{"rendered":"<h3 data-path-to-node=\"3\">Fokus auf Kinder und Bildung (Zukunft der Kinder)<\/h3>\n<p data-path-to-node=\"4\"><i data-path-to-node=\"4\" data-index-in-node=\"0\">Ukrainische Frauen sind sehr f\u00fcrsorgliche M\u00fctter. Das Argument einer wunderbaren Zukunft f\u00fcr Kinder in China ist eines der st\u00e4rksten.<\/i><\/p>\n<p data-path-to-node=\"5\"><b data-path-to-node=\"5\" data-index-in-node=\"0\">Titel: Die beste Zukunft f\u00fcr Ihre Kinder.<\/b><\/p>\n<p data-path-to-node=\"6\">Jede Frau, die eine Familie gr\u00fcndet, denkt an ihre Kinder. Wo werden sie sicher sein? Wo werden sie die beste Ausbildung erhalten? Die Antwort lautet China.<\/p>\n<p data-path-to-node=\"7\">Es gibt einen Kult der Kinder. Es gibt die modernsten Schulen und Universit\u00e4ten der Welt. Und das Wichtigste ist die Sicherheit. Sie m\u00fcssen sich keine Sorgen machen, wenn Ihr Kind auf der Stra\u00dfe spielt.<\/p>\n<p data-path-to-node=\"8\"><b data-path-to-node=\"8\" data-index-in-node=\"0\">In der Stadt Foshan holen wir M\u00e4nner ab, Iki:<\/b><\/p>\n<ul data-path-to-node=\"9\">\n<li>\n<p data-path-to-node=\"9,0,0\">Ich tr\u00e4ume davon, Vater zu werden.<\/p>\n<\/li>\n<li>\n<p data-path-to-node=\"9,1,0\">Bereit, den Kindern alles Gute zu geben (Privatschulen, movi, podorozhi).<\/p>\n<\/li>\n<li>\n<p data-path-to-node=\"9,2,0\">Sie halten Mestizenkinder (von einem europ\u00e4ischen und einem chinesischen Paar) f\u00fcr die sch\u00f6nsten und intelligentesten der Welt.<\/p>\n<\/li>\n<\/ul>\n<p data-path-to-node=\"10\">Wenn Sie Vertrauen in die Zukunft Ihrer Familie haben wollen - schreiben Sie uns. Agentur <b data-path-to-node=\"10\" data-index-in-node=\"85\">MeetingBoth<\/b>. F\u00fcr M\u00e4dchen unter 30 Jahren ist die Teilnahme kostenlos.<\/p>\n<p data-path-to-node=\"11\">\ud83d\udce9 <b data-path-to-node=\"11\" data-index-in-node=\"3\">E-Mail:<\/b> nolan@meetingboth.com<\/p>\n<hr data-path-to-node=\"12\" \/>\n<h3 data-path-to-node=\"13\">Option 14: \u00c4sthetik und \u00abGene\u00bb (Beautiful Genes)<\/h3>\n<p data-path-to-node=\"14\"><i data-path-to-node=\"14\" data-index-in-node=\"0\">In Asien glaubt man, dass Kinder aus gemischten Ehen am sch\u00f6nsten sind. Es ist sch\u00f6n f\u00fcr M\u00e4dchen zu wissen, dass ihre Gene gesch\u00e4tzt werden.<\/i><\/p>\n<p data-path-to-node=\"15\"><b data-path-to-node=\"15\" data-index-in-node=\"0\">Schlagzeile: Warum suchen chinesische Million\u00e4re nach ukrainischen Frauen?<\/b><\/p>\n<p data-path-to-node=\"16\">Das Geheimnis ist einfach: Sie tr\u00e4umen von sch\u00f6nen Kindern. In China gibt es die Vorstellung, dass Kinder, die mit europ\u00e4ischen Frauen (insbesondere slowenischen Frauen) Sex haben, das Beste von beiden V\u00e4tern bekommen: den Intellekt des Ostens und die Sch\u00f6nheit des Westens.<\/p>\n<p data-path-to-node=\"17\">Deshalb sind die M\u00e4nner von Foshan bereit, eine ukrainische Freundin in den Arm zu nehmen. F\u00fcr sie sind Sie ein Schatz. Ist das nicht die Einstellung, die Sie sich erhofft haben?<\/p>\n<p data-path-to-node=\"18\"><b data-path-to-node=\"18\" data-index-in-node=\"0\">Agentur MeetingBei beiden Angeboten:<\/b><\/p>\n<ul data-path-to-node=\"19\">\n<li>\n<p data-path-to-node=\"19,0,0\">Eine Muse f\u00fcr einen erfolgreichen Mann zu sein.<\/p>\n<\/li>\n<li>\n<p data-path-to-node=\"19,1,0\">Lebt in Wohlstand und Liebe.<\/p>\n<\/li>\n<li>\n<p data-path-to-node=\"19,2,0\">Mich als Frau und Mutter zu verwirklichen.<\/p>\n<\/li>\n<\/ul>\n<p data-path-to-node=\"20\">Wir chekaemo auf Ihrem Fragebogen, iakscho toby zu 30 rokiv und Sie sind bereit, seriosnye stosunkyv.<\/p>\n<p data-path-to-node=\"21\">\ud83d\udc49 <b data-path-to-node=\"21\" data-index-in-node=\"3\">Nadsilai Foto hier:<\/b> nolan@meetingboth.com<\/p>","protected":false},"excerpt":{"rendered":"<p>\u0410\u043a\u0446\u0435\u043d\u0442 \u043d\u0430 \u0434\u0435\u0442\u0435\u0439 \u0438 \u043e\u0431\u0440\u0430\u0437\u043e\u0432\u0430\u043d\u0438\u0435 (Future of Children) \u0423\u043a\u0440\u0430\u0438\u043d\u0441\u043a\u0438\u0435 \u0436\u0435\u043d\u0449\u0438\u043d\u044b \u043e\u0447\u0435\u043d\u044c \u0437\u0430\u0431\u043e\u0442\u043b\u0438\u0432\u044b\u0435 \u043c\u0430\u0442\u0435\u0440\u0438. \u0410\u0440\u0433\u0443\u043c\u0435\u043d\u0442 \u043e \u043f\u0440\u0435\u043a\u0440\u0430\u0441\u043d\u043e\u043c \u0431\u0443\u0434\u0443\u0449\u0435\u043c \u0434\u043b\u044f \u0434\u0435\u0442\u0435\u0439 \u0432 \u041a\u0438\u0442\u0430\u0435 \u2014 \u043e\u0434\u0438\u043d \u0438\u0437 \u0441\u0430\u043c\u044b\u0445 \u0441\u0438\u043b\u044c\u043d\u044b\u0445. \u0417\u0430\u0433\u043e\u043b\u043e\u0432\u043e\u043a: \u041d\u0430\u0439\u043a\u0440\u0430\u0449\u0435 \u043c\u0430\u0439\u0431\u0443\u0442\u043d\u0454 \u0434\u043b\u044f \u0442\u0432\u043e\u0457\u0445 \u0434\u0456\u0442\u0435\u0439. \u041a\u043e\u0436\u043d\u0430 \u0436\u0456\u043d\u043a\u0430, \u0441\u0442\u0432\u043e\u0440\u044e\u044e\u0447\u0438 \u0441\u0456\u043c&#8217;\u044e, \u0434\u0443\u043c\u0430\u0454 \u043f\u0440\u043e \u0434\u0456\u0442\u0435\u0439. \u0414\u0435 \u0457\u043c \u0431\u0443\u0434\u0435 \u0431\u0435\u0437\u043f\u0435\u0447\u043d\u043e? \u0414\u0435 \u0432\u043e\u043d\u0438 \u043e\u0442\u0440\u0438\u043c\u0430\u044e\u0442\u044c \u043d\u0430\u0439\u043a\u0440\u0430\u0449\u0443 \u043e\u0441\u0432\u0456\u0442\u0443? \u0412\u0456\u0434\u043f\u043e\u0432\u0456\u0434\u044c \u2014 \u041a\u0438\u0442\u0430\u0439. \u0422\u0443\u0442 \u043a\u0443\u043b\u044c\u0442 \u0434\u0456\u0442\u0435\u0439. \u0422\u0443\u0442 [&hellip;]<\/p>","protected":false},"featured_media":127,"comment_status":"open","ping_status":"closed","template":"","meta":{"_et_pb_use_builder":"","_et_pb_old_content":"","_et_gb_content_width":""},"product_brand":[],"product_cat":[],"product_tag":[],"class_list":{"0":"post-343","1":"product","2":"type-product","3":"status-publish","4":"has-post-thumbnail","7":"first","8":"instock","9":"shipping-taxable","10":"purchasable","11":"product-type-simple"},"yoast_head":"<!-- This site is optimized with the Yoast SEO plugin v27.4 - https:\/\/yoast.com\/product\/yoast-seo-wordpress\/ -->\n<title>\u041a\u0430\u0441\u0442\u0438\u043d\u0433 \u043d\u0430\u0440\u0435\u0447\u0435\u043d\u0438\u0445 \u0434\u043b\u044f \u0437\u0430\u043c\u043e\u0436\u043d\u0438\u0445 \u0447\u043e\u043b\u043e\u0432\u0456\u043a\u0456\u0432 \u041a\u0438\u0442\u0430\u044e. \u041c\u0435\u0436\u0434\u0443\u043d\u0430\u0440\u043e\u0434\u043d\u043e\u0435 \u0431\u0440\u0430\u0447\u043d\u043e\u0435 \u0430\u0433\u0435\u043d\u0442\u0441\u0442\u0432\u043e: \u0417\u043d\u0430\u043a\u043e\u043c\u0441\u0442\u0432\u0430 \u0420\u043e\u0441\u0441\u0438\u044f, \u0423\u043a\u0440\u0430\u0438\u043d\u0430, \u0411\u0435\u043b\u0430\u0440\u0443\u0441\u044c \u0438 \u041a\u0438\u0442\u0430\u0439<\/title>\n<meta name=\"robots\" content=\"index, follow, max-snippet:-1, max-image-preview:large, max-video-preview:-1\" \/>\n<link rel=\"canonical\" href=\"https:\/\/marriageagencyru.com\/de\/produkt\/\u043a\u0430\u0441\u0442\u0438\u043d\u0433-\u043d\u0430\u0440\u0435\u0447\u0435\u043d\u0438\u0445-\u0434\u043b\u044f-\u0437\u0430\u043c\u043e\u0436\u043d\u0438\u0445-\u0447\u043e\u043b\u043e\u0432\/\" \/>\n<meta property=\"og:locale\" content=\"de_DE\" \/>\n<meta property=\"og:type\" content=\"article\" \/>\n<meta property=\"og:title\" content=\"\u041a\u0430\u0441\u0442\u0438\u043d\u0433 \u043d\u0430\u0440\u0435\u0447\u0435\u043d\u0438\u0445 \u0434\u043b\u044f \u0437\u0430\u043c\u043e\u0436\u043d\u0438\u0445 \u0447\u043e\u043b\u043e\u0432\u0456\u043a\u0456\u0432 \u041a\u0438\u0442\u0430\u044e. \u041c\u0435\u0436\u0434\u0443\u043d\u0430\u0440\u043e\u0434\u043d\u043e\u0435 \u0431\u0440\u0430\u0447\u043d\u043e\u0435 \u0430\u0433\u0435\u043d\u0442\u0441\u0442\u0432\u043e: \u0417\u043d\u0430\u043a\u043e\u043c\u0441\u0442\u0432\u0430 \u0420\u043e\u0441\u0441\u0438\u044f, \u0423\u043a\u0440\u0430\u0438\u043d\u0430, \u0411\u0435\u043b\u0430\u0440\u0443\u0441\u044c \u0438 \u041a\u0438\u0442\u0430\u0439\" \/>\n<meta property=\"og:description\" content=\"\u0410\u043a\u0446\u0435\u043d\u0442 \u043d\u0430 \u0434\u0435\u0442\u0435\u0439 \u0438 \u043e\u0431\u0440\u0430\u0437\u043e\u0432\u0430\u043d\u0438\u0435 (Future of Children) \u0423\u043a\u0440\u0430\u0438\u043d\u0441\u043a\u0438\u0435 \u0436\u0435\u043d\u0449\u0438\u043d\u044b \u043e\u0447\u0435\u043d\u044c \u0437\u0430\u0431\u043e\u0442\u043b\u0438\u0432\u044b\u0435 \u043c\u0430\u0442\u0435\u0440\u0438. \u0410\u0440\u0433\u0443\u043c\u0435\u043d\u0442 \u043e \u043f\u0440\u0435\u043a\u0440\u0430\u0441\u043d\u043e\u043c \u0431\u0443\u0434\u0443\u0449\u0435\u043c \u0434\u043b\u044f \u0434\u0435\u0442\u0435\u0439 \u0432 \u041a\u0438\u0442\u0430\u0435 \u2014 \u043e\u0434\u0438\u043d \u0438\u0437 \u0441\u0430\u043c\u044b\u0445 \u0441\u0438\u043b\u044c\u043d\u044b\u0445. \u0417\u0430\u0433\u043e\u043b\u043e\u0432\u043e\u043a: \u041d\u0430\u0439\u043a\u0440\u0430\u0449\u0435 \u043c\u0430\u0439\u0431\u0443\u0442\u043d\u0454 \u0434\u043b\u044f \u0442\u0432\u043e\u0457\u0445 \u0434\u0456\u0442\u0435\u0439. \u041a\u043e\u0436\u043d\u0430 \u0436\u0456\u043d\u043a\u0430, \u0441\u0442\u0432\u043e\u0440\u044e\u044e\u0447\u0438 \u0441\u0456\u043c&#8217;\u044e, \u0434\u0443\u043c\u0430\u0454 \u043f\u0440\u043e \u0434\u0456\u0442\u0435\u0439. \u0414\u0435 \u0457\u043c \u0431\u0443\u0434\u0435 \u0431\u0435\u0437\u043f\u0435\u0447\u043d\u043e? \u0414\u0435 \u0432\u043e\u043d\u0438 \u043e\u0442\u0440\u0438\u043c\u0430\u044e\u0442\u044c \u043d\u0430\u0439\u043a\u0440\u0430\u0449\u0443 \u043e\u0441\u0432\u0456\u0442\u0443? \u0412\u0456\u0434\u043f\u043e\u0432\u0456\u0434\u044c \u2014 \u041a\u0438\u0442\u0430\u0439. \u0422\u0443\u0442 \u043a\u0443\u043b\u044c\u0442 \u0434\u0456\u0442\u0435\u0439. \u0422\u0443\u0442 [&hellip;]\" \/>\n<meta property=\"og:url\" content=\"https:\/\/marriageagencyru.com\/de\/produkt\/\u043a\u0430\u0441\u0442\u0438\u043d\u0433-\u043d\u0430\u0440\u0435\u0447\u0435\u043d\u0438\u0445-\u0434\u043b\u044f-\u0437\u0430\u043c\u043e\u0436\u043d\u0438\u0445-\u0447\u043e\u043b\u043e\u0432\/\" \/>\n<meta property=\"og:site_name\" content=\"marriageagencyru.com\" \/>\n<meta property=\"og:image\" content=\"https:\/\/marriageagencyru.com\/wp-content\/uploads\/2025\/12\/4.jpg\" \/>\n\t<meta property=\"og:image:width\" content=\"1024\" \/>\n\t<meta property=\"og:image:height\" content=\"1024\" \/>\n\t<meta property=\"og:image:type\" content=\"image\/jpeg\" \/>\n<meta name=\"twitter:card\" content=\"summary_large_image\" \/>\n<script type=\"application\/ld+json\" class=\"yoast-schema-graph\">{\"@context\":\"https:\\\/\\\/schema.org\",\"@graph\":[{\"@type\":\"WebPage\",\"@id\":\"https:\\\/\\\/marriageagencyru.com\\\/fr\\\/produit\\\/%d0%ba%d0%b0%d1%81%d1%82%d0%b8%d0%bd%d0%b3-%d0%bd%d0%b0%d1%80%d0%b5%d1%87%d0%b5%d0%bd%d0%b8%d1%85-%d0%b4%d0%bb%d1%8f-%d0%b7%d0%b0%d0%bc%d0%be%d0%b6%d0%bd%d0%b8%d1%85-%d1%87%d0%be%d0%bb%d0%be%d0%b2\\\/\",\"url\":\"https:\\\/\\\/marriageagencyru.com\\\/fr\\\/produit\\\/%d0%ba%d0%b0%d1%81%d1%82%d0%b8%d0%bd%d0%b3-%d0%bd%d0%b0%d1%80%d0%b5%d1%87%d0%b5%d0%bd%d0%b8%d1%85-%d0%b4%d0%bb%d1%8f-%d0%b7%d0%b0%d0%bc%d0%be%d0%b6%d0%bd%d0%b8%d1%85-%d1%87%d0%be%d0%bb%d0%be%d0%b2\\\/\",\"name\":\"\u041a\u0430\u0441\u0442\u0438\u043d\u0433 \u043d\u0430\u0440\u0435\u0447\u0435\u043d\u0438\u0445 \u0434\u043b\u044f \u0437\u0430\u043c\u043e\u0436\u043d\u0438\u0445 \u0447\u043e\u043b\u043e\u0432\u0456\u043a\u0456\u0432 \u041a\u0438\u0442\u0430\u044e. \u041c\u0435\u0436\u0434\u0443\u043d\u0430\u0440\u043e\u0434\u043d\u043e\u0435 \u0431\u0440\u0430\u0447\u043d\u043e\u0435 \u0430\u0433\u0435\u043d\u0442\u0441\u0442\u0432\u043e: \u0417\u043d\u0430\u043a\u043e\u043c\u0441\u0442\u0432\u0430 \u0420\u043e\u0441\u0441\u0438\u044f, \u0423\u043a\u0440\u0430\u0438\u043d\u0430, \u0411\u0435\u043b\u0430\u0440\u0443\u0441\u044c \u0438 \u041a\u0438\u0442\u0430\u0439\",\"isPartOf\":{\"@id\":\"https:\\\/\\\/marriageagencyru.com\\\/#website\"},\"primaryImageOfPage\":{\"@id\":\"https:\\\/\\\/marriageagencyru.com\\\/fr\\\/produit\\\/%d0%ba%d0%b0%d1%81%d1%82%d0%b8%d0%bd%d0%b3-%d0%bd%d0%b0%d1%80%d0%b5%d1%87%d0%b5%d0%bd%d0%b8%d1%85-%d0%b4%d0%bb%d1%8f-%d0%b7%d0%b0%d0%bc%d0%be%d0%b6%d0%bd%d0%b8%d1%85-%d1%87%d0%be%d0%bb%d0%be%d0%b2\\\/#primaryimage\"},\"image\":{\"@id\":\"https:\\\/\\\/marriageagencyru.com\\\/fr\\\/produit\\\/%d0%ba%d0%b0%d1%81%d1%82%d0%b8%d0%bd%d0%b3-%d0%bd%d0%b0%d1%80%d0%b5%d1%87%d0%b5%d0%bd%d0%b8%d1%85-%d0%b4%d0%bb%d1%8f-%d0%b7%d0%b0%d0%bc%d0%be%d0%b6%d0%bd%d0%b8%d1%85-%d1%87%d0%be%d0%bb%d0%be%d0%b2\\\/#primaryimage\"},\"thumbnailUrl\":\"https:\\\/\\\/marriageagencyru.com\\\/wp-content\\\/uploads\\\/2025\\\/12\\\/4.jpg\",\"datePublished\":\"2025-12-23T04:15:36+00:00\",\"breadcrumb\":{\"@id\":\"https:\\\/\\\/marriageagencyru.com\\\/fr\\\/produit\\\/%d0%ba%d0%b0%d1%81%d1%82%d0%b8%d0%bd%d0%b3-%d0%bd%d0%b0%d1%80%d0%b5%d1%87%d0%b5%d0%bd%d0%b8%d1%85-%d0%b4%d0%bb%d1%8f-%d0%b7%d0%b0%d0%bc%d0%be%d0%b6%d0%bd%d0%b8%d1%85-%d1%87%d0%be%d0%bb%d0%be%d0%b2\\\/#breadcrumb\"},\"inLanguage\":\"de\",\"potentialAction\":[{\"@type\":\"ReadAction\",\"target\":[\"https:\\\/\\\/marriageagencyru.com\\\/fr\\\/produit\\\/%d0%ba%d0%b0%d1%81%d1%82%d0%b8%d0%bd%d0%b3-%d0%bd%d0%b0%d1%80%d0%b5%d1%87%d0%b5%d0%bd%d0%b8%d1%85-%d0%b4%d0%bb%d1%8f-%d0%b7%d0%b0%d0%bc%d0%be%d0%b6%d0%bd%d0%b8%d1%85-%d1%87%d0%be%d0%bb%d0%be%d0%b2\\\/\"]}]},{\"@type\":\"ImageObject\",\"inLanguage\":\"de\",\"@id\":\"https:\\\/\\\/marriageagencyru.com\\\/fr\\\/produit\\\/%d0%ba%d0%b0%d1%81%d1%82%d0%b8%d0%bd%d0%b3-%d0%bd%d0%b0%d1%80%d0%b5%d1%87%d0%b5%d0%bd%d0%b8%d1%85-%d0%b4%d0%bb%d1%8f-%d0%b7%d0%b0%d0%bc%d0%be%d0%b6%d0%bd%d0%b8%d1%85-%d1%87%d0%be%d0%bb%d0%be%d0%b2\\\/#primaryimage\",\"url\":\"https:\\\/\\\/marriageagencyru.com\\\/wp-content\\\/uploads\\\/2025\\\/12\\\/4.jpg\",\"contentUrl\":\"https:\\\/\\\/marriageagencyru.com\\\/wp-content\\\/uploads\\\/2025\\\/12\\\/4.jpg\",\"width\":1024,\"height\":1024},{\"@type\":\"BreadcrumbList\",\"@id\":\"https:\\\/\\\/marriageagencyru.com\\\/fr\\\/produit\\\/%d0%ba%d0%b0%d1%81%d1%82%d0%b8%d0%bd%d0%b3-%d0%bd%d0%b0%d1%80%d0%b5%d1%87%d0%b5%d0%bd%d0%b8%d1%85-%d0%b4%d0%bb%d1%8f-%d0%b7%d0%b0%d0%bc%d0%be%d0%b6%d0%bd%d0%b8%d1%85-%d1%87%d0%be%d0%bb%d0%be%d0%b2\\\/#breadcrumb\",\"itemListElement\":[{\"@type\":\"ListItem\",\"position\":1,\"name\":\"Home\",\"item\":\"https:\\\/\\\/marriageagencyru.com\\\/\"},{\"@type\":\"ListItem\",\"position\":2,\"name\":\"Shop\",\"item\":\"https:\\\/\\\/marriageagencyru.com\\\/shop\\\/\"},{\"@type\":\"ListItem\",\"position\":3,\"name\":\"\u041a\u0430\u0441\u0442\u0438\u043d\u0433 \u043d\u0430\u0440\u0435\u0447\u0435\u043d\u0438\u0445 \u0434\u043b\u044f \u0437\u0430\u043c\u043e\u0436\u043d\u0438\u0445 \u0447\u043e\u043b\u043e\u0432\u0456\u043a\u0456\u0432 \u041a\u0438\u0442\u0430\u044e.\"}]},{\"@type\":\"WebSite\",\"@id\":\"https:\\\/\\\/marriageagencyru.com\\\/#website\",\"url\":\"https:\\\/\\\/marriageagencyru.com\\\/\",\"name\":\"marriageagencyru.com\",\"description\":\"\u041c\u0435\u0436\u0434\u0443\u043d\u0430\u0440\u043e\u0434\u043d\u043e\u0435 \u0431\u0440\u0430\u0447\u043d\u043e\u0435 \u0430\u0433\u0435\u043d\u0442\u0441\u0442\u0432\u043e marriageagencyru | \u0420\u043e\u0441\u0441\u0438\u044f, \u0411\u0435\u043b\u0430\u0440\u0443\u0441\u044c, \u0423\u043a\u0440\u0430\u0438\u043d\u0430 | \u042d\u043b\u0438\u0442\u043d\u044b\u0435 \u0437\u043d\u0430\u043a\u043e\u043c\u0441\u0442\u0432\u0430 \u0432 \u041a\u0438\u0442\u0430\u0435\",\"alternateName\":\"\u0412\u044b\u0439\u0442\u0438 \u0437\u0430\u043c\u0443\u0436 \u0432 \u041a\u0438\u0442\u0430\u0439: \u0411\u0440\u0430\u0447\u043d\u043e\u0435 \u0430\u0433\u0435\u043d\u0442\u0441\u0442\u0432\u043e \u0434\u043b\u044f \u0420\u043e\u0441\u0441\u0438\u0438, \u0423\u043a\u0440\u0430\u0438\u043d\u044b \u0438 \u0411\u0435\u043b\u0430\u0440\u0443\u0441\u0438 | marriageagencyru\",\"potentialAction\":[{\"@type\":\"SearchAction\",\"target\":{\"@type\":\"EntryPoint\",\"urlTemplate\":\"https:\\\/\\\/marriageagencyru.com\\\/?s={search_term_string}\"},\"query-input\":{\"@type\":\"PropertyValueSpecification\",\"valueRequired\":true,\"valueName\":\"search_term_string\"}}],\"inLanguage\":\"de\"}]}<\/script>\n<!-- \/ Yoast SEO plugin. -->","yoast_head_json":{"title":"\u041a\u0430\u0441\u0442\u0438\u043d\u0433 \u043d\u0430\u0440\u0435\u0447\u0435\u043d\u0438\u0445 \u0434\u043b\u044f \u0437\u0430\u043c\u043e\u0436\u043d\u0438\u0445 \u0447\u043e\u043b\u043e\u0432\u0456\u043a\u0456\u0432 \u041a\u0438\u0442\u0430\u044e. \u041c\u0435\u0436\u0434\u0443\u043d\u0430\u0440\u043e\u0434\u043d\u043e\u0435 \u0431\u0440\u0430\u0447\u043d\u043e\u0435 \u0430\u0433\u0435\u043d\u0442\u0441\u0442\u0432\u043e: \u0417\u043d\u0430\u043a\u043e\u043c\u0441\u0442\u0432\u0430 \u0420\u043e\u0441\u0441\u0438\u044f, \u0423\u043a\u0440\u0430\u0438\u043d\u0430, \u0411\u0435\u043b\u0430\u0440\u0443\u0441\u044c \u0438 \u041a\u0438\u0442\u0430\u0439","robots":{"index":"index","follow":"follow","max-snippet":"max-snippet:-1","max-image-preview":"max-image-preview:large","max-video-preview":"max-video-preview:-1"},"canonical":"https:\/\/marriageagencyru.com\/de\/produkt\/\u043a\u0430\u0441\u0442\u0438\u043d\u0433-\u043d\u0430\u0440\u0435\u0447\u0435\u043d\u0438\u0445-\u0434\u043b\u044f-\u0437\u0430\u043c\u043e\u0436\u043d\u0438\u0445-\u0447\u043e\u043b\u043e\u0432\/","og_locale":"de_DE","og_type":"article","og_title":"\u041a\u0430\u0441\u0442\u0438\u043d\u0433 \u043d\u0430\u0440\u0435\u0447\u0435\u043d\u0438\u0445 \u0434\u043b\u044f \u0437\u0430\u043c\u043e\u0436\u043d\u0438\u0445 \u0447\u043e\u043b\u043e\u0432\u0456\u043a\u0456\u0432 \u041a\u0438\u0442\u0430\u044e. \u041c\u0435\u0436\u0434\u0443\u043d\u0430\u0440\u043e\u0434\u043d\u043e\u0435 \u0431\u0440\u0430\u0447\u043d\u043e\u0435 \u0430\u0433\u0435\u043d\u0442\u0441\u0442\u0432\u043e: \u0417\u043d\u0430\u043a\u043e\u043c\u0441\u0442\u0432\u0430 \u0420\u043e\u0441\u0441\u0438\u044f, \u0423\u043a\u0440\u0430\u0438\u043d\u0430, \u0411\u0435\u043b\u0430\u0440\u0443\u0441\u044c \u0438 \u041a\u0438\u0442\u0430\u0439","og_description":"\u0410\u043a\u0446\u0435\u043d\u0442 \u043d\u0430 \u0434\u0435\u0442\u0435\u0439 \u0438 \u043e\u0431\u0440\u0430\u0437\u043e\u0432\u0430\u043d\u0438\u0435 (Future of Children) \u0423\u043a\u0440\u0430\u0438\u043d\u0441\u043a\u0438\u0435 \u0436\u0435\u043d\u0449\u0438\u043d\u044b \u043e\u0447\u0435\u043d\u044c \u0437\u0430\u0431\u043e\u0442\u043b\u0438\u0432\u044b\u0435 \u043c\u0430\u0442\u0435\u0440\u0438. \u0410\u0440\u0433\u0443\u043c\u0435\u043d\u0442 \u043e \u043f\u0440\u0435\u043a\u0440\u0430\u0441\u043d\u043e\u043c \u0431\u0443\u0434\u0443\u0449\u0435\u043c \u0434\u043b\u044f \u0434\u0435\u0442\u0435\u0439 \u0432 \u041a\u0438\u0442\u0430\u0435 \u2014 \u043e\u0434\u0438\u043d \u0438\u0437 \u0441\u0430\u043c\u044b\u0445 \u0441\u0438\u043b\u044c\u043d\u044b\u0445. \u0417\u0430\u0433\u043e\u043b\u043e\u0432\u043e\u043a: \u041d\u0430\u0439\u043a\u0440\u0430\u0449\u0435 \u043c\u0430\u0439\u0431\u0443\u0442\u043d\u0454 \u0434\u043b\u044f \u0442\u0432\u043e\u0457\u0445 \u0434\u0456\u0442\u0435\u0439. \u041a\u043e\u0436\u043d\u0430 \u0436\u0456\u043d\u043a\u0430, \u0441\u0442\u0432\u043e\u0440\u044e\u044e\u0447\u0438 \u0441\u0456\u043c&#8217;\u044e, \u0434\u0443\u043c\u0430\u0454 \u043f\u0440\u043e \u0434\u0456\u0442\u0435\u0439. \u0414\u0435 \u0457\u043c \u0431\u0443\u0434\u0435 \u0431\u0435\u0437\u043f\u0435\u0447\u043d\u043e? \u0414\u0435 \u0432\u043e\u043d\u0438 \u043e\u0442\u0440\u0438\u043c\u0430\u044e\u0442\u044c \u043d\u0430\u0439\u043a\u0440\u0430\u0449\u0443 \u043e\u0441\u0432\u0456\u0442\u0443? \u0412\u0456\u0434\u043f\u043e\u0432\u0456\u0434\u044c \u2014 \u041a\u0438\u0442\u0430\u0439. \u0422\u0443\u0442 \u043a\u0443\u043b\u044c\u0442 \u0434\u0456\u0442\u0435\u0439. \u0422\u0443\u0442 [&hellip;]","og_url":"https:\/\/marriageagencyru.com\/de\/produkt\/\u043a\u0430\u0441\u0442\u0438\u043d\u0433-\u043d\u0430\u0440\u0435\u0447\u0435\u043d\u0438\u0445-\u0434\u043b\u044f-\u0437\u0430\u043c\u043e\u0436\u043d\u0438\u0445-\u0447\u043e\u043b\u043e\u0432\/","og_site_name":"marriageagencyru.com","og_image":[{"width":1024,"height":1024,"url":"https:\/\/marriageagencyru.com\/wp-content\/uploads\/2025\/12\/4.jpg","type":"image\/jpeg"}],"twitter_card":"summary_large_image","schema":{"@context":"https:\/\/schema.org","@graph":[{"@type":"WebPage","@id":"https:\/\/marriageagencyru.com\/fr\/produit\/%d0%ba%d0%b0%d1%81%d1%82%d0%b8%d0%bd%d0%b3-%d0%bd%d0%b0%d1%80%d0%b5%d1%87%d0%b5%d0%bd%d0%b8%d1%85-%d0%b4%d0%bb%d1%8f-%d0%b7%d0%b0%d0%bc%d0%be%d0%b6%d0%bd%d0%b8%d1%85-%d1%87%d0%be%d0%bb%d0%be%d0%b2\/","url":"https:\/\/marriageagencyru.com\/fr\/produit\/%d0%ba%d0%b0%d1%81%d1%82%d0%b8%d0%bd%d0%b3-%d0%bd%d0%b0%d1%80%d0%b5%d1%87%d0%b5%d0%bd%d0%b8%d1%85-%d0%b4%d0%bb%d1%8f-%d0%b7%d0%b0%d0%bc%d0%be%d0%b6%d0%bd%d0%b8%d1%85-%d1%87%d0%be%d0%bb%d0%be%d0%b2\/","name":"\u041a\u0430\u0441\u0442\u0438\u043d\u0433 \u043d\u0430\u0440\u0435\u0447\u0435\u043d\u0438\u0445 \u0434\u043b\u044f \u0437\u0430\u043c\u043e\u0436\u043d\u0438\u0445 \u0447\u043e\u043b\u043e\u0432\u0456\u043a\u0456\u0432 \u041a\u0438\u0442\u0430\u044e. \u041c\u0435\u0436\u0434\u0443\u043d\u0430\u0440\u043e\u0434\u043d\u043e\u0435 \u0431\u0440\u0430\u0447\u043d\u043e\u0435 \u0430\u0433\u0435\u043d\u0442\u0441\u0442\u0432\u043e: \u0417\u043d\u0430\u043a\u043e\u043c\u0441\u0442\u0432\u0430 \u0420\u043e\u0441\u0441\u0438\u044f, \u0423\u043a\u0440\u0430\u0438\u043d\u0430, \u0411\u0435\u043b\u0430\u0440\u0443\u0441\u044c \u0438 \u041a\u0438\u0442\u0430\u0439","isPartOf":{"@id":"https:\/\/marriageagencyru.com\/#website"},"primaryImageOfPage":{"@id":"https:\/\/marriageagencyru.com\/fr\/produit\/%d0%ba%d0%b0%d1%81%d1%82%d0%b8%d0%bd%d0%b3-%d0%bd%d0%b0%d1%80%d0%b5%d1%87%d0%b5%d0%bd%d0%b8%d1%85-%d0%b4%d0%bb%d1%8f-%d0%b7%d0%b0%d0%bc%d0%be%d0%b6%d0%bd%d0%b8%d1%85-%d1%87%d0%be%d0%bb%d0%be%d0%b2\/#primaryimage"},"image":{"@id":"https:\/\/marriageagencyru.com\/fr\/produit\/%d0%ba%d0%b0%d1%81%d1%82%d0%b8%d0%bd%d0%b3-%d0%bd%d0%b0%d1%80%d0%b5%d1%87%d0%b5%d0%bd%d0%b8%d1%85-%d0%b4%d0%bb%d1%8f-%d0%b7%d0%b0%d0%bc%d0%be%d0%b6%d0%bd%d0%b8%d1%85-%d1%87%d0%be%d0%bb%d0%be%d0%b2\/#primaryimage"},"thumbnailUrl":"https:\/\/marriageagencyru.com\/wp-content\/uploads\/2025\/12\/4.jpg","datePublished":"2025-12-23T04:15:36+00:00","breadcrumb":{"@id":"https:\/\/marriageagencyru.com\/fr\/produit\/%d0%ba%d0%b0%d1%81%d1%82%d0%b8%d0%bd%d0%b3-%d0%bd%d0%b0%d1%80%d0%b5%d1%87%d0%b5%d0%bd%d0%b8%d1%85-%d0%b4%d0%bb%d1%8f-%d0%b7%d0%b0%d0%bc%d0%be%d0%b6%d0%bd%d0%b8%d1%85-%d1%87%d0%be%d0%bb%d0%be%d0%b2\/#breadcrumb"},"inLanguage":"de","potentialAction":[{"@type":"ReadAction","target":["https:\/\/marriageagencyru.com\/fr\/produit\/%d0%ba%d0%b0%d1%81%d1%82%d0%b8%d0%bd%d0%b3-%d0%bd%d0%b0%d1%80%d0%b5%d1%87%d0%b5%d0%bd%d0%b8%d1%85-%d0%b4%d0%bb%d1%8f-%d0%b7%d0%b0%d0%bc%d0%be%d0%b6%d0%bd%d0%b8%d1%85-%d1%87%d0%be%d0%bb%d0%be%d0%b2\/"]}]},{"@type":"ImageObject","inLanguage":"de","@id":"https:\/\/marriageagencyru.com\/fr\/produit\/%d0%ba%d0%b0%d1%81%d1%82%d0%b8%d0%bd%d0%b3-%d0%bd%d0%b0%d1%80%d0%b5%d1%87%d0%b5%d0%bd%d0%b8%d1%85-%d0%b4%d0%bb%d1%8f-%d0%b7%d0%b0%d0%bc%d0%be%d0%b6%d0%bd%d0%b8%d1%85-%d1%87%d0%be%d0%bb%d0%be%d0%b2\/#primaryimage","url":"https:\/\/marriageagencyru.com\/wp-content\/uploads\/2025\/12\/4.jpg","contentUrl":"https:\/\/marriageagencyru.com\/wp-content\/uploads\/2025\/12\/4.jpg","width":1024,"height":1024},{"@type":"BreadcrumbList","@id":"https:\/\/marriageagencyru.com\/fr\/produit\/%d0%ba%d0%b0%d1%81%d1%82%d0%b8%d0%bd%d0%b3-%d0%bd%d0%b0%d1%80%d0%b5%d1%87%d0%b5%d0%bd%d0%b8%d1%85-%d0%b4%d0%bb%d1%8f-%d0%b7%d0%b0%d0%bc%d0%be%d0%b6%d0%bd%d0%b8%d1%85-%d1%87%d0%be%d0%bb%d0%be%d0%b2\/#breadcrumb","itemListElement":[{"@type":"ListItem","position":1,"name":"Home","item":"https:\/\/marriageagencyru.com\/"},{"@type":"ListItem","position":2,"name":"Shop","item":"https:\/\/marriageagencyru.com\/shop\/"},{"@type":"ListItem","position":3,"name":"\u041a\u0430\u0441\u0442\u0438\u043d\u0433 \u043d\u0430\u0440\u0435\u0447\u0435\u043d\u0438\u0445 \u0434\u043b\u044f \u0437\u0430\u043c\u043e\u0436\u043d\u0438\u0445 \u0447\u043e\u043b\u043e\u0432\u0456\u043a\u0456\u0432 \u041a\u0438\u0442\u0430\u044e."}]},{"@type":"WebSite","@id":"https:\/\/marriageagencyru.com\/#website","url":"https:\/\/marriageagencyru.com\/","name":"marriageagencyru.com","description":"Internationale Heiratsvermittlung marriageagencyru | Russland, Wei\u00dfrussland, Ukraine | Elite Dating in China","alternateName":"\u0412\u044b\u0439\u0442\u0438 \u0437\u0430\u043c\u0443\u0436 \u0432 \u041a\u0438\u0442\u0430\u0439: \u0411\u0440\u0430\u0447\u043d\u043e\u0435 \u0430\u0433\u0435\u043d\u0442\u0441\u0442\u0432\u043e \u0434\u043b\u044f \u0420\u043e\u0441\u0441\u0438\u0438, \u0423\u043a\u0440\u0430\u0438\u043d\u044b \u0438 \u0411\u0435\u043b\u0430\u0440\u0443\u0441\u0438 | marriageagencyru","potentialAction":[{"@type":"SearchAction","target":{"@type":"EntryPoint","urlTemplate":"https:\/\/marriageagencyru.com\/?s={search_term_string}"},"query-input":{"@type":"PropertyValueSpecification","valueRequired":true,"valueName":"search_term_string"}}],"inLanguage":"de"}]}},"_links":{"self":[{"href":"https:\/\/marriageagencyru.com\/de\/wp-json\/wp\/v2\/product\/343","targetHints":{"allow":["GET"]}}],"collection":[{"href":"https:\/\/marriageagencyru.com\/de\/wp-json\/wp\/v2\/product"}],"about":[{"href":"https:\/\/marriageagencyru.com\/de\/wp-json\/wp\/v2\/types\/product"}],"replies":[{"embeddable":true,"href":"https:\/\/marriageagencyru.com\/de\/wp-json\/wp\/v2\/comments?post=343"}],"wp:featuredmedia":[{"embeddable":true,"href":"https:\/\/marriageagencyru.com\/de\/wp-json\/wp\/v2\/media\/127"}],"wp:attachment":[{"href":"https:\/\/marriageagencyru.com\/de\/wp-json\/wp\/v2\/media?parent=343"}],"wp:term":[{"taxonomy":"product_brand","embeddable":true,"href":"https:\/\/marriageagencyru.com\/de\/wp-json\/wp\/v2\/product_brand?post=343"},{"taxonomy":"product_cat","embeddable":true,"href":"https:\/\/marriageagencyru.com\/de\/wp-json\/wp\/v2\/product_cat?post=343"},{"taxonomy":"product_tag","embeddable":true,"href":"https:\/\/marriageagencyru.com\/de\/wp-json\/wp\/v2\/product_tag?post=343"}],"curies":[{"name":"wp","href":"https:\/\/api.w.org\/{rel}","templated":true}]}}